{"id":76396,"date":"2024-04-25T18:06:47","date_gmt":"2024-04-25T16:06:47","guid":{"rendered":"https:\/\/clavreuil-wordpress.logiciel-arteo.fr\/boissel-de-monville-thomas-charles-gaston-voyage-pittoresque-et-navigation-executee-sur-une-partie-du-rhone-reputee-non-navigable-moyens-de-rendre-ce-trajet-utile-au-commerce\/"},"modified":"2024-04-25T18:07:44","modified_gmt":"2024-04-25T16:07:44","slug":"boissel-de-monville-thomas-charles-gaston-voyage-pittoresque-et-navigation-executee-sur-une-partie-du-rhone-reputee-non-navigable-moyens-de-rendre-ce-trajet-utile-au-commerce","status":"publish","type":"product","link":"https:\/\/clavreuil-wordpress.logiciel-arteo.fr\/en\/boissel-de-monville-thomas-charles-gaston-voyage-pittoresque-et-navigation-executee-sur-une-partie-du-rhone-reputee-non-navigable-moyens-de-rendre-ce-trajet-utile-au-commerce\/","title":{"rendered":"BOISSEL DE MONVILLE Thomas-Charles-Gaston Voyage pittoresque et navigation..."},"content":{"rendered":"<p style=\"text-align:justify\">First edition, printed by the famous French economist Dupont de Nemours, journalist, politician, diplomat and entrepreneur, father of the physiocrat movement under the Ancien R&eacute;gime.<\/p>\n<p style=\"text-align:justify\">Thomas-Charles Gaston Boissel de Monville (1764-1832), a peer of France and a member of the Paris parliament in 1785, wrote two works on inland navigation, the first of which was Voyage pittoresque (the next, published in 1817, was devoted to the legislation of river navigation). In it, he studied the navigability of the Rh&ocirc;ne from Geneva to Seyssel (Haute-Savoie).<\/p>\n<p style=\"text-align:justify\">&quot;The Rh&ocirc;ne, the fastest river in the world, is nevertheless one of the most commercial&quot;.<\/p>\n<p style=\"text-align:justify\">To make navigation possible, Boissel de Monville carried out detailed surveys and proposed improvements to the river&#039;s course. He used a series of beautiful engraved plates to illustrate his points. The author himself travelled down the Rh&ocirc;ne from Fort l&#039;&Eacute;cluse to G&eacute;nissiat to prove that the river was definitely navigable. The fold-out map showing part of the course of the Rh&ocirc;ne is based on the one given by the famous cartographer Cassini. The following 17 plates, engraved from the author&#039;s drawings by Picquenot and other artists, illustrate bridges, waterways with shoreline and bank surveys, details of dam construction and picturesque views.<\/p>\n<p style=\"text-align:justify\">&quot;During the revolution he took the name of Roturier de Boissel, invented a new scythe for sawing wheat and perfected windmills&quot; (Grand Larousse).<\/p>\n<p style=\"text-align:justify\">A fine, complete copy.<\/p>\n","protected":false},"excerpt":{"rendered":"<p>4to (257 x 198 mm) 2 unn.l., 155 pp., 1 map and 17 engraved plates (most of them folding). Half calf, flat spine gilt, marbled edges (<em>contemporary binding<\/em>).<\/p>\n","protected":false},"featured_media":76377,"comment_status":"open","ping_status":"closed","template":"","meta":{"_acf_changed":false},"product_brand":[],"product_cat":[540],"product_tag":[1450,580,620],"class_list":{"0":"post-76396","1":"product","2":"type-product","3":"status-publish","4":"has-post-thumbnail","6":"product_cat-natural-history","7":"product_tag-first-edition","8":"product_tag-hydraulic","9":"product_tag-travel","10":"pa_auteur-thomas-charles-gaston-boissel-de-monville-2","11":"pa_type-de-livre-printed-book","13":"first","14":"instock","15":"shipping-taxable","16":"purchasable","17":"product-type-simple"},"acf":[],"yoast_head":"<!-- This site is optimized with the Yoast SEO plugin v24.3 - https:\/\/yoast.com\/wordpress\/plugins\/seo\/ -->\n<title>BOISSEL DE MONVILLE Thomas-Charles-Gaston Voyage pittoresque et navigation ex\u00e9cut\u00e9e sur une partie du Rh\u00f4ne, r\u00e9put\u00e9e non navigable. Moyens de rendre ce trajet utile au commerce. - Libairie Clavreuil<\/title>\n<meta name=\"robots\" content=\"noindex, follow, max-snippet:-1, max-image-preview:large, max-video-preview:-1\" \/>\n<meta property=\"og:locale\" content=\"en_US\" \/>\n<meta property=\"og:type\" content=\"article\" \/>\n<meta property=\"og:title\" content=\"BOISSEL DE MONVILLE Thomas-Charles-Gaston Voyage pittoresque et navigation ex\u00e9cut\u00e9e sur une partie du Rh\u00f4ne, r\u00e9put\u00e9e non navigable. Moyens de rendre ce trajet utile au commerce. - Libairie Clavreuil\" \/>\n<meta property=\"og:description\" content=\"4to (257 x 198 mm) 2 unn.l., 155 pp., 1 map and 17 engraved plates (most of them folding). Half calf, flat spine gilt, marbled edges (contemporary binding).\" \/>\n<meta property=\"og:url\" content=\"https:\/\/clavreuil-wordpress.logiciel-arteo.fr\/en\/boissel-de-monville-thomas-charles-gaston-voyage-pittoresque-et-navigation-executee-sur-une-partie-du-rhone-reputee-non-navigable-moyens-de-rendre-ce-trajet-utile-au-commerce\/\" \/>\n<meta property=\"og:site_name\" content=\"Libairie Clavreuil\" \/>\n<meta property=\"article:modified_time\" content=\"2024-04-25T16:07:44+00:00\" \/>\n<meta property=\"og:image\" content=\"https:\/\/clavreuil-wordpress.logiciel-arteo.fr\/wp-content\/uploads\/2024\/04\/thomas-charles-gaston-boissel-de-monville-voyage-pittoresque-et-navigation-executee-sur-une-partie-du-rhone-reputee-non-navigable-moyens-de-rendre-ce--768x1024.jpg\" \/>\n\t<meta property=\"og:image:width\" content=\"768\" \/>\n\t<meta property=\"og:image:height\" content=\"1024\" \/>\n\t<meta property=\"og:image:type\" content=\"image\/jpeg\" \/>\n<meta name=\"twitter:card\" content=\"summary_large_image\" \/>\n<meta name=\"twitter:label1\" content=\"Est. reading time\" \/>\n\t<meta name=\"twitter:data1\" content=\"1 minute\" \/>\n<script type=\"application\/ld+json\" class=\"yoast-schema-graph\">{\"@context\":\"https:\/\/schema.org\",\"@graph\":[{\"@type\":\"WebPage\",\"@id\":\"https:\/\/clavreuil-wordpress.logiciel-arteo.fr\/en\/boissel-de-monville-thomas-charles-gaston-voyage-pittoresque-et-navigation-executee-sur-une-partie-du-rhone-reputee-non-navigable-moyens-de-rendre-ce-trajet-utile-au-commerce\/\",\"url\":\"https:\/\/clavreuil-wordpress.logiciel-arteo.fr\/en\/boissel-de-monville-thomas-charles-gaston-voyage-pittoresque-et-navigation-executee-sur-une-partie-du-rhone-reputee-non-navigable-moyens-de-rendre-ce-trajet-utile-au-commerce\/\",\"name\":\"BOISSEL DE MONVILLE Thomas-Charles-Gaston Voyage pittoresque et navigation ex\u00e9cut\u00e9e sur une partie du Rh\u00f4ne, r\u00e9put\u00e9e non navigable. Moyens de rendre ce trajet utile au commerce. - Libairie Clavreuil\",\"isPartOf\":{\"@id\":\"https:\/\/clavreuil-wordpress.logiciel-arteo.fr\/#website\"},\"primaryImageOfPage\":{\"@id\":\"https:\/\/clavreuil-wordpress.logiciel-arteo.fr\/en\/boissel-de-monville-thomas-charles-gaston-voyage-pittoresque-et-navigation-executee-sur-une-partie-du-rhone-reputee-non-navigable-moyens-de-rendre-ce-trajet-utile-au-commerce\/#primaryimage\"},\"image\":{\"@id\":\"https:\/\/clavreuil-wordpress.logiciel-arteo.fr\/en\/boissel-de-monville-thomas-charles-gaston-voyage-pittoresque-et-navigation-executee-sur-une-partie-du-rhone-reputee-non-navigable-moyens-de-rendre-ce-trajet-utile-au-commerce\/#primaryimage\"},\"thumbnailUrl\":\"https:\/\/clavreuil-wordpress.logiciel-arteo.fr\/wp-content\/uploads\/2024\/04\/thomas-charles-gaston-boissel-de-monville-voyage-pittoresque-et-navigation-executee-sur-une-partie-du-rhone-reputee-non-navigable-moyens-de-rendre-ce-.jpg\",\"datePublished\":\"2024-04-25T16:06:47+00:00\",\"dateModified\":\"2024-04-25T16:07:44+00:00\",\"breadcrumb\":{\"@id\":\"https:\/\/clavreuil-wordpress.logiciel-arteo.fr\/en\/boissel-de-monville-thomas-charles-gaston-voyage-pittoresque-et-navigation-executee-sur-une-partie-du-rhone-reputee-non-navigable-moyens-de-rendre-ce-trajet-utile-au-commerce\/#breadcrumb\"},\"inLanguage\":\"en-US\",\"potentialAction\":[{\"@type\":\"ReadAction\",\"target\":[\"https:\/\/clavreuil-wordpress.logiciel-arteo.fr\/en\/boissel-de-monville-thomas-charles-gaston-voyage-pittoresque-et-navigation-executee-sur-une-partie-du-rhone-reputee-non-navigable-moyens-de-rendre-ce-trajet-utile-au-commerce\/\"]}]},{\"@type\":\"ImageObject\",\"inLanguage\":\"en-US\",\"@id\":\"https:\/\/clavreuil-wordpress.logiciel-arteo.fr\/en\/boissel-de-monville-thomas-charles-gaston-voyage-pittoresque-et-navigation-executee-sur-une-partie-du-rhone-reputee-non-navigable-moyens-de-rendre-ce-trajet-utile-au-commerce\/#primaryimage\",\"url\":\"https:\/\/clavreuil-wordpress.logiciel-arteo.fr\/wp-content\/uploads\/2024\/04\/thomas-charles-gaston-boissel-de-monville-voyage-pittoresque-et-navigation-executee-sur-une-partie-du-rhone-reputee-non-navigable-moyens-de-rendre-ce-.jpg\",\"contentUrl\":\"https:\/\/clavreuil-wordpress.logiciel-arteo.fr\/wp-content\/uploads\/2024\/04\/thomas-charles-gaston-boissel-de-monville-voyage-pittoresque-et-navigation-executee-sur-une-partie-du-rhone-reputee-non-navigable-moyens-de-rendre-ce-.jpg\",\"width\":1894,\"height\":2525},{\"@type\":\"BreadcrumbList\",\"@id\":\"https:\/\/clavreuil-wordpress.logiciel-arteo.fr\/en\/boissel-de-monville-thomas-charles-gaston-voyage-pittoresque-et-navigation-executee-sur-une-partie-du-rhone-reputee-non-navigable-moyens-de-rendre-ce-trajet-utile-au-commerce\/#breadcrumb\",\"itemListElement\":[{\"@type\":\"ListItem\",\"position\":1,\"name\":\"Accueil\",\"item\":\"https:\/\/clavreuil-wordpress.logiciel-arteo.fr\/\"},{\"@type\":\"ListItem\",\"position\":2,\"name\":\"All our books\",\"item\":\"https:\/\/clavreuil-wordpress.logiciel-arteo.fr\/en\/all-our-books\/\"},{\"@type\":\"ListItem\",\"position\":3,\"name\":\"BOISSEL DE MONVILLE Thomas-Charles-Gaston Voyage pittoresque et navigation...\"}]},{\"@type\":\"WebSite\",\"@id\":\"https:\/\/clavreuil-wordpress.logiciel-arteo.fr\/#website\",\"url\":\"https:\/\/clavreuil-wordpress.logiciel-arteo.fr\/\",\"name\":\"Libairie Clavreuil\",\"description\":\"\",\"publisher\":{\"@id\":\"https:\/\/clavreuil-wordpress.logiciel-arteo.fr\/#organization\"},\"potentialAction\":[{\"@type\":\"SearchAction\",\"target\":{\"@type\":\"EntryPoint\",\"urlTemplate\":\"https:\/\/clavreuil-wordpress.logiciel-arteo.fr\/?s={search_term_string}\"},\"query-input\":{\"@type\":\"PropertyValueSpecification\",\"valueRequired\":true,\"valueName\":\"search_term_string\"}}],\"inLanguage\":\"en-US\"},{\"@type\":\"Organization\",\"@id\":\"https:\/\/clavreuil-wordpress.logiciel-arteo.fr\/#organization\",\"name\":\"Libairie Clavreuil\",\"url\":\"https:\/\/clavreuil-wordpress.logiciel-arteo.fr\/\",\"logo\":{\"@type\":\"ImageObject\",\"inLanguage\":\"en-US\",\"@id\":\"https:\/\/clavreuil-wordpress.logiciel-arteo.fr\/#\/schema\/logo\/image\/\",\"url\":\"https:\/\/clavreuil-wordpress.logiciel-arteo.fr\/wp-content\/uploads\/2021\/05\/LOGO_PNG_DATE-_gold.png\",\"contentUrl\":\"https:\/\/clavreuil-wordpress.logiciel-arteo.fr\/wp-content\/uploads\/2021\/05\/LOGO_PNG_DATE-_gold.png\",\"width\":2083,\"height\":1917,\"caption\":\"Libairie Clavreuil\"},\"image\":{\"@id\":\"https:\/\/clavreuil-wordpress.logiciel-arteo.fr\/#\/schema\/logo\/image\/\"}}]}<\/script>\n<!-- \/ Yoast SEO plugin. -->","yoast_head_json":{"title":"BOISSEL DE MONVILLE Thomas-Charles-Gaston Voyage pittoresque et navigation ex\u00e9cut\u00e9e sur une partie du Rh\u00f4ne, r\u00e9put\u00e9e non navigable. Moyens de rendre ce trajet utile au commerce. - Libairie Clavreuil","robots":{"index":"noindex","follow":"follow","max-snippet":"max-snippet:-1","max-image-preview":"max-image-preview:large","max-video-preview":"max-video-preview:-1"},"og_locale":"en_US","og_type":"article","og_title":"BOISSEL DE MONVILLE Thomas-Charles-Gaston Voyage pittoresque et navigation ex\u00e9cut\u00e9e sur une partie du Rh\u00f4ne, r\u00e9put\u00e9e non navigable. Moyens de rendre ce trajet utile au commerce. - Libairie Clavreuil","og_description":"4to (257 x 198 mm) 2 unn.l., 155 pp., 1 map and 17 engraved plates (most of them folding). Half calf, flat spine gilt, marbled edges (contemporary binding).","og_url":"https:\/\/clavreuil-wordpress.logiciel-arteo.fr\/en\/boissel-de-monville-thomas-charles-gaston-voyage-pittoresque-et-navigation-executee-sur-une-partie-du-rhone-reputee-non-navigable-moyens-de-rendre-ce-trajet-utile-au-commerce\/","og_site_name":"Libairie Clavreuil","article_modified_time":"2024-04-25T16:07:44+00:00","og_image":[{"width":768,"height":1024,"url":"https:\/\/clavreuil-wordpress.logiciel-arteo.fr\/wp-content\/uploads\/2024\/04\/thomas-charles-gaston-boissel-de-monville-voyage-pittoresque-et-navigation-executee-sur-une-partie-du-rhone-reputee-non-navigable-moyens-de-rendre-ce--768x1024.jpg","type":"image\/jpeg"}],"twitter_card":"summary_large_image","twitter_misc":{"Est. reading time":"1 minute"},"schema":{"@context":"https:\/\/schema.org","@graph":[{"@type":"WebPage","@id":"https:\/\/clavreuil-wordpress.logiciel-arteo.fr\/en\/boissel-de-monville-thomas-charles-gaston-voyage-pittoresque-et-navigation-executee-sur-une-partie-du-rhone-reputee-non-navigable-moyens-de-rendre-ce-trajet-utile-au-commerce\/","url":"https:\/\/clavreuil-wordpress.logiciel-arteo.fr\/en\/boissel-de-monville-thomas-charles-gaston-voyage-pittoresque-et-navigation-executee-sur-une-partie-du-rhone-reputee-non-navigable-moyens-de-rendre-ce-trajet-utile-au-commerce\/","name":"BOISSEL DE MONVILLE Thomas-Charles-Gaston Voyage pittoresque et navigation ex\u00e9cut\u00e9e sur une partie du Rh\u00f4ne, r\u00e9put\u00e9e non navigable. Moyens de rendre ce trajet utile au commerce. - Libairie Clavreuil","isPartOf":{"@id":"https:\/\/clavreuil-wordpress.logiciel-arteo.fr\/#website"},"primaryImageOfPage":{"@id":"https:\/\/clavreuil-wordpress.logiciel-arteo.fr\/en\/boissel-de-monville-thomas-charles-gaston-voyage-pittoresque-et-navigation-executee-sur-une-partie-du-rhone-reputee-non-navigable-moyens-de-rendre-ce-trajet-utile-au-commerce\/#primaryimage"},"image":{"@id":"https:\/\/clavreuil-wordpress.logiciel-arteo.fr\/en\/boissel-de-monville-thomas-charles-gaston-voyage-pittoresque-et-navigation-executee-sur-une-partie-du-rhone-reputee-non-navigable-moyens-de-rendre-ce-trajet-utile-au-commerce\/#primaryimage"},"thumbnailUrl":"https:\/\/clavreuil-wordpress.logiciel-arteo.fr\/wp-content\/uploads\/2024\/04\/thomas-charles-gaston-boissel-de-monville-voyage-pittoresque-et-navigation-executee-sur-une-partie-du-rhone-reputee-non-navigable-moyens-de-rendre-ce-.jpg","datePublished":"2024-04-25T16:06:47+00:00","dateModified":"2024-04-25T16:07:44+00:00","breadcrumb":{"@id":"https:\/\/clavreuil-wordpress.logiciel-arteo.fr\/en\/boissel-de-monville-thomas-charles-gaston-voyage-pittoresque-et-navigation-executee-sur-une-partie-du-rhone-reputee-non-navigable-moyens-de-rendre-ce-trajet-utile-au-commerce\/#breadcrumb"},"inLanguage":"en-US","potentialAction":[{"@type":"ReadAction","target":["https:\/\/clavreuil-wordpress.logiciel-arteo.fr\/en\/boissel-de-monville-thomas-charles-gaston-voyage-pittoresque-et-navigation-executee-sur-une-partie-du-rhone-reputee-non-navigable-moyens-de-rendre-ce-trajet-utile-au-commerce\/"]}]},{"@type":"ImageObject","inLanguage":"en-US","@id":"https:\/\/clavreuil-wordpress.logiciel-arteo.fr\/en\/boissel-de-monville-thomas-charles-gaston-voyage-pittoresque-et-navigation-executee-sur-une-partie-du-rhone-reputee-non-navigable-moyens-de-rendre-ce-trajet-utile-au-commerce\/#primaryimage","url":"https:\/\/clavreuil-wordpress.logiciel-arteo.fr\/wp-content\/uploads\/2024\/04\/thomas-charles-gaston-boissel-de-monville-voyage-pittoresque-et-navigation-executee-sur-une-partie-du-rhone-reputee-non-navigable-moyens-de-rendre-ce-.jpg","contentUrl":"https:\/\/clavreuil-wordpress.logiciel-arteo.fr\/wp-content\/uploads\/2024\/04\/thomas-charles-gaston-boissel-de-monville-voyage-pittoresque-et-navigation-executee-sur-une-partie-du-rhone-reputee-non-navigable-moyens-de-rendre-ce-.jpg","width":1894,"height":2525},{"@type":"BreadcrumbList","@id":"https:\/\/clavreuil-wordpress.logiciel-arteo.fr\/en\/boissel-de-monville-thomas-charles-gaston-voyage-pittoresque-et-navigation-executee-sur-une-partie-du-rhone-reputee-non-navigable-moyens-de-rendre-ce-trajet-utile-au-commerce\/#breadcrumb","itemListElement":[{"@type":"ListItem","position":1,"name":"Accueil","item":"https:\/\/clavreuil-wordpress.logiciel-arteo.fr\/"},{"@type":"ListItem","position":2,"name":"All our books","item":"https:\/\/clavreuil-wordpress.logiciel-arteo.fr\/en\/all-our-books\/"},{"@type":"ListItem","position":3,"name":"BOISSEL DE MONVILLE Thomas-Charles-Gaston Voyage pittoresque et navigation..."}]},{"@type":"WebSite","@id":"https:\/\/clavreuil-wordpress.logiciel-arteo.fr\/#website","url":"https:\/\/clavreuil-wordpress.logiciel-arteo.fr\/","name":"Libairie Clavreuil","description":"","publisher":{"@id":"https:\/\/clavreuil-wordpress.logiciel-arteo.fr\/#organization"},"potentialAction":[{"@type":"SearchAction","target":{"@type":"EntryPoint","urlTemplate":"https:\/\/clavreuil-wordpress.logiciel-arteo.fr\/?s={search_term_string}"},"query-input":{"@type":"PropertyValueSpecification","valueRequired":true,"valueName":"search_term_string"}}],"inLanguage":"en-US"},{"@type":"Organization","@id":"https:\/\/clavreuil-wordpress.logiciel-arteo.fr\/#organization","name":"Libairie Clavreuil","url":"https:\/\/clavreuil-wordpress.logiciel-arteo.fr\/","logo":{"@type":"ImageObject","inLanguage":"en-US","@id":"https:\/\/clavreuil-wordpress.logiciel-arteo.fr\/#\/schema\/logo\/image\/","url":"https:\/\/clavreuil-wordpress.logiciel-arteo.fr\/wp-content\/uploads\/2021\/05\/LOGO_PNG_DATE-_gold.png","contentUrl":"https:\/\/clavreuil-wordpress.logiciel-arteo.fr\/wp-content\/uploads\/2021\/05\/LOGO_PNG_DATE-_gold.png","width":2083,"height":1917,"caption":"Libairie Clavreuil"},"image":{"@id":"https:\/\/clavreuil-wordpress.logiciel-arteo.fr\/#\/schema\/logo\/image\/"}}]}},"_links":{"self":[{"href":"https:\/\/clavreuil-wordpress.logiciel-arteo.fr\/en\/wp-json\/wp\/v2\/product\/76396","targetHints":{"allow":["GET"]}}],"collection":[{"href":"https:\/\/clavreuil-wordpress.logiciel-arteo.fr\/en\/wp-json\/wp\/v2\/product"}],"about":[{"href":"https:\/\/clavreuil-wordpress.logiciel-arteo.fr\/en\/wp-json\/wp\/v2\/types\/product"}],"replies":[{"embeddable":true,"href":"https:\/\/clavreuil-wordpress.logiciel-arteo.fr\/en\/wp-json\/wp\/v2\/comments?post=76396"}],"wp:featuredmedia":[{"embeddable":true,"href":"https:\/\/clavreuil-wordpress.logiciel-arteo.fr\/en\/wp-json\/wp\/v2\/media\/76377"}],"wp:attachment":[{"href":"https:\/\/clavreuil-wordpress.logiciel-arteo.fr\/en\/wp-json\/wp\/v2\/media?parent=76396"}],"wp:term":[{"taxonomy":"product_brand","embeddable":true,"href":"https:\/\/clavreuil-wordpress.logiciel-arteo.fr\/en\/wp-json\/wp\/v2\/product_brand?post=76396"},{"taxonomy":"product_cat","embeddable":true,"href":"https:\/\/clavreuil-wordpress.logiciel-arteo.fr\/en\/wp-json\/wp\/v2\/product_cat?post=76396"},{"taxonomy":"product_tag","embeddable":true,"href":"https:\/\/clavreuil-wordpress.logiciel-arteo.fr\/en\/wp-json\/wp\/v2\/product_tag?post=76396"}],"curies":[{"name":"wp","href":"https:\/\/api.w.org\/{rel}","templated":true}]}}