{"id":76404,"date":"2024-04-25T18:09:03","date_gmt":"2024-04-25T16:09:03","guid":{"rendered":"https:\/\/clavreuil-wordpress.logiciel-arteo.fr\/fourcroy-antoine-francois-systeme-des-connaissances-chimiques-et-de-leurs-applications-aux-phenomenes-de-la-nature-et-de-lart\/"},"modified":"2024-04-25T18:09:37","modified_gmt":"2024-04-25T16:09:37","slug":"fourcroy-antoine-francois-systeme-des-connaissances-chimiques-et-de-leurs-applications-aux-phenomenes-de-la-nature-et-de-lart","status":"publish","type":"product","link":"https:\/\/clavreuil-wordpress.logiciel-arteo.fr\/en\/fourcroy-antoine-francois-systeme-des-connaissances-chimiques-et-de-leurs-applications-aux-phenomenes-de-la-nature-et-de-lart\/","title":{"rendered":"FOURCROY Antoine-Fran\u00e7ois Syst\u00e8me des connaissances chimiques, et de..."},"content":{"rendered":"<p style=\"text-align:justify\"><em>Duveen, 226; Smeaton, pp. 76-77; Ferguson I, 228.<\/em><\/p>\n<p>First edition, second issue in 8vo format.<\/p>\n<p>Considered &quot;the greatest monument to the science of chemistry in the eighteenth century&quot;, the work begins with a history of chemistry.<\/p>\n<p><strong>[Joined, unformily bound]:<\/strong><\/p>\n<p><strong>SAME. <\/strong>Philosophie chimique, ou v&eacute;rit&eacute;s fondamentales de la chimie moderne. <em>Paris, Tourneisen, 1806<\/em>. In-8 of III to IX (the half-title is missing), 376 pp.<\/p>\n<p><em>Duveen, 227.<\/em><\/p>\n<p>Third edition.<\/p>\n<p>&quot;This is the last and much enlarged edition of this famous book, which was translated into most European languages&quot; (Duveen).<\/p>\n<p>A fine copy some fine restorations to the bindings.<\/p>\n","protected":false},"excerpt":{"rendered":"<p>11 volumes in-8 (213 x 139 mm) de 2 unn.l., CLXXVI, 219 pp. for the volume I; 2 unn.l., 352 pp. for the volume II; 2 unn.l., 344 pp. and 1 nn.l. for the volume III; 2 unn.l., 323 pp. for the volume IV; 2 unn.l., 396 pp., 1 nn.l. for the volume V; 2 unn.l., 341 pp. for the volume VI; 2 unn.l., 376 pp., 1 nn.l. for the volume VII; 2 unn.l., 330 pp., 1 nn.l. for the volume VIII; 2 unn.l., 402 pp. wrongly numbered 447 for the volume IX; 2 ff., 420 pp. for the volume X; 2 unn.l., 205 pp. wrongly numbered 195 and 1 nn.l. for the volume XI. Marbled sheep, spine gilt with amphorae and raised bands (<em>contemporary binding<\/em>).<\/p>\n","protected":false},"featured_media":76397,"comment_status":"open","ping_status":"closed","template":"","meta":{"_acf_changed":false},"product_brand":[],"product_cat":[550],"product_tag":[1324,1450,1327,1315],"class_list":{"0":"post-76404","1":"product","2":"type-product","3":"status-publish","4":"has-post-thumbnail","6":"product_cat-science","7":"product_tag-chemistry","8":"product_tag-first-edition","9":"product_tag-history-of-science","10":"product_tag-science","11":"pa_auteur-antoine-francois-fourcroy-2","12":"pa_type-de-livre-printed-book","14":"first","15":"instock","16":"shipping-taxable","17":"purchasable","18":"product-type-simple"},"acf":[],"yoast_head":"<!-- This site is optimized with the Yoast SEO plugin v24.3 - https:\/\/yoast.com\/wordpress\/plugins\/seo\/ -->\n<title>FOURCROY Antoine-Fran\u00e7ois Syst\u00e8me des connaissances chimiques, et de leurs applications aux ph\u00e9nom\u00e8nes de la nature et de l&#039;art. - Libairie Clavreuil<\/title>\n<meta name=\"robots\" content=\"noindex, follow, max-snippet:-1, max-image-preview:large, max-video-preview:-1\" \/>\n<meta property=\"og:locale\" content=\"en_US\" \/>\n<meta property=\"og:type\" content=\"article\" \/>\n<meta property=\"og:title\" content=\"FOURCROY Antoine-Fran\u00e7ois Syst\u00e8me des connaissances chimiques, et de leurs applications aux ph\u00e9nom\u00e8nes de la nature et de l&#039;art. - Libairie Clavreuil\" \/>\n<meta property=\"og:description\" content=\"11 volumes in-8 (213 x 139 mm) de 2 unn.l., CLXXVI, 219 pp. for the volume I; 2 unn.l., 352 pp. for the volume II; 2 unn.l., 344 pp. and 1 nn.l. for the volume III; 2 unn.l., 323 pp. for the volume IV; 2 unn.l., 396 pp., 1 nn.l. for the volume V; 2 unn.l., 341 pp. for the volume VI; 2 unn.l., 376 pp., 1 nn.l. for the volume VII; 2 unn.l., 330 pp., 1 nn.l. for the volume VIII; 2 unn.l., 402 pp. wrongly numbered 447 for the volume IX; 2 ff., 420 pp. for the volume X; 2 unn.l., 205 pp. wrongly numbered 195 and 1 nn.l. for the volume XI. Marbled sheep, spine gilt with amphorae and raised bands (contemporary binding).\" \/>\n<meta property=\"og:url\" content=\"https:\/\/clavreuil-wordpress.logiciel-arteo.fr\/en\/fourcroy-antoine-francois-systeme-des-connaissances-chimiques-et-de-leurs-applications-aux-phenomenes-de-la-nature-et-de-lart\/\" \/>\n<meta property=\"og:site_name\" content=\"Libairie Clavreuil\" \/>\n<meta property=\"article:modified_time\" content=\"2024-04-25T16:09:37+00:00\" \/>\n<meta property=\"og:image\" content=\"https:\/\/clavreuil-wordpress.logiciel-arteo.fr\/wp-content\/uploads\/2024\/04\/antoine-francois-fourcroy-systeme-des-connaissances-chimiques-et-de-leurs-applications-aux-phenomenes-de-la-nature-et-de-l-art-3670-65fc7188499ed-scaled.jpg\" \/>\n\t<meta property=\"og:image:width\" content=\"1920\" \/>\n\t<meta property=\"og:image:height\" content=\"2560\" \/>\n\t<meta property=\"og:image:type\" content=\"image\/jpeg\" \/>\n<meta name=\"twitter:card\" content=\"summary_large_image\" \/>\n<script type=\"application\/ld+json\" class=\"yoast-schema-graph\">{\"@context\":\"https:\/\/schema.org\",\"@graph\":[{\"@type\":\"WebPage\",\"@id\":\"https:\/\/clavreuil-wordpress.logiciel-arteo.fr\/en\/fourcroy-antoine-francois-systeme-des-connaissances-chimiques-et-de-leurs-applications-aux-phenomenes-de-la-nature-et-de-lart\/\",\"url\":\"https:\/\/clavreuil-wordpress.logiciel-arteo.fr\/en\/fourcroy-antoine-francois-systeme-des-connaissances-chimiques-et-de-leurs-applications-aux-phenomenes-de-la-nature-et-de-lart\/\",\"name\":\"FOURCROY Antoine-Fran\u00e7ois Syst\u00e8me des connaissances chimiques, et de leurs applications aux ph\u00e9nom\u00e8nes de la nature et de l'art. - Libairie Clavreuil\",\"isPartOf\":{\"@id\":\"https:\/\/clavreuil-wordpress.logiciel-arteo.fr\/#website\"},\"primaryImageOfPage\":{\"@id\":\"https:\/\/clavreuil-wordpress.logiciel-arteo.fr\/en\/fourcroy-antoine-francois-systeme-des-connaissances-chimiques-et-de-leurs-applications-aux-phenomenes-de-la-nature-et-de-lart\/#primaryimage\"},\"image\":{\"@id\":\"https:\/\/clavreuil-wordpress.logiciel-arteo.fr\/en\/fourcroy-antoine-francois-systeme-des-connaissances-chimiques-et-de-leurs-applications-aux-phenomenes-de-la-nature-et-de-lart\/#primaryimage\"},\"thumbnailUrl\":\"https:\/\/clavreuil-wordpress.logiciel-arteo.fr\/wp-content\/uploads\/2024\/04\/antoine-francois-fourcroy-systeme-des-connaissances-chimiques-et-de-leurs-applications-aux-phenomenes-de-la-nature-et-de-l-art-3670-65fc7188499ed-scaled.jpg\",\"datePublished\":\"2024-04-25T16:09:03+00:00\",\"dateModified\":\"2024-04-25T16:09:37+00:00\",\"breadcrumb\":{\"@id\":\"https:\/\/clavreuil-wordpress.logiciel-arteo.fr\/en\/fourcroy-antoine-francois-systeme-des-connaissances-chimiques-et-de-leurs-applications-aux-phenomenes-de-la-nature-et-de-lart\/#breadcrumb\"},\"inLanguage\":\"en-US\",\"potentialAction\":[{\"@type\":\"ReadAction\",\"target\":[\"https:\/\/clavreuil-wordpress.logiciel-arteo.fr\/en\/fourcroy-antoine-francois-systeme-des-connaissances-chimiques-et-de-leurs-applications-aux-phenomenes-de-la-nature-et-de-lart\/\"]}]},{\"@type\":\"ImageObject\",\"inLanguage\":\"en-US\",\"@id\":\"https:\/\/clavreuil-wordpress.logiciel-arteo.fr\/en\/fourcroy-antoine-francois-systeme-des-connaissances-chimiques-et-de-leurs-applications-aux-phenomenes-de-la-nature-et-de-lart\/#primaryimage\",\"url\":\"https:\/\/clavreuil-wordpress.logiciel-arteo.fr\/wp-content\/uploads\/2024\/04\/antoine-francois-fourcroy-systeme-des-connaissances-chimiques-et-de-leurs-applications-aux-phenomenes-de-la-nature-et-de-l-art-3670-65fc7188499ed-scaled.jpg\",\"contentUrl\":\"https:\/\/clavreuil-wordpress.logiciel-arteo.fr\/wp-content\/uploads\/2024\/04\/antoine-francois-fourcroy-systeme-des-connaissances-chimiques-et-de-leurs-applications-aux-phenomenes-de-la-nature-et-de-l-art-3670-65fc7188499ed-scaled.jpg\",\"width\":1920,\"height\":2560},{\"@type\":\"BreadcrumbList\",\"@id\":\"https:\/\/clavreuil-wordpress.logiciel-arteo.fr\/en\/fourcroy-antoine-francois-systeme-des-connaissances-chimiques-et-de-leurs-applications-aux-phenomenes-de-la-nature-et-de-lart\/#breadcrumb\",\"itemListElement\":[{\"@type\":\"ListItem\",\"position\":1,\"name\":\"Accueil\",\"item\":\"https:\/\/clavreuil-wordpress.logiciel-arteo.fr\/\"},{\"@type\":\"ListItem\",\"position\":2,\"name\":\"All our books\",\"item\":\"https:\/\/clavreuil-wordpress.logiciel-arteo.fr\/en\/all-our-books\/\"},{\"@type\":\"ListItem\",\"position\":3,\"name\":\"FOURCROY Antoine-Fran\u00e7ois Syst\u00e8me des connaissances chimiques, et de...\"}]},{\"@type\":\"WebSite\",\"@id\":\"https:\/\/clavreuil-wordpress.logiciel-arteo.fr\/#website\",\"url\":\"https:\/\/clavreuil-wordpress.logiciel-arteo.fr\/\",\"name\":\"Libairie Clavreuil\",\"description\":\"\",\"publisher\":{\"@id\":\"https:\/\/clavreuil-wordpress.logiciel-arteo.fr\/#organization\"},\"potentialAction\":[{\"@type\":\"SearchAction\",\"target\":{\"@type\":\"EntryPoint\",\"urlTemplate\":\"https:\/\/clavreuil-wordpress.logiciel-arteo.fr\/?s={search_term_string}\"},\"query-input\":{\"@type\":\"PropertyValueSpecification\",\"valueRequired\":true,\"valueName\":\"search_term_string\"}}],\"inLanguage\":\"en-US\"},{\"@type\":\"Organization\",\"@id\":\"https:\/\/clavreuil-wordpress.logiciel-arteo.fr\/#organization\",\"name\":\"Libairie Clavreuil\",\"url\":\"https:\/\/clavreuil-wordpress.logiciel-arteo.fr\/\",\"logo\":{\"@type\":\"ImageObject\",\"inLanguage\":\"en-US\",\"@id\":\"https:\/\/clavreuil-wordpress.logiciel-arteo.fr\/#\/schema\/logo\/image\/\",\"url\":\"https:\/\/clavreuil-wordpress.logiciel-arteo.fr\/wp-content\/uploads\/2021\/05\/LOGO_PNG_DATE-_gold.png\",\"contentUrl\":\"https:\/\/clavreuil-wordpress.logiciel-arteo.fr\/wp-content\/uploads\/2021\/05\/LOGO_PNG_DATE-_gold.png\",\"width\":2083,\"height\":1917,\"caption\":\"Libairie Clavreuil\"},\"image\":{\"@id\":\"https:\/\/clavreuil-wordpress.logiciel-arteo.fr\/#\/schema\/logo\/image\/\"}}]}<\/script>\n<!-- \/ Yoast SEO plugin. -->","yoast_head_json":{"title":"FOURCROY Antoine-Fran\u00e7ois Syst\u00e8me des connaissances chimiques, et de leurs applications aux ph\u00e9nom\u00e8nes de la nature et de l'art. - Libairie Clavreuil","robots":{"index":"noindex","follow":"follow","max-snippet":"max-snippet:-1","max-image-preview":"max-image-preview:large","max-video-preview":"max-video-preview:-1"},"og_locale":"en_US","og_type":"article","og_title":"FOURCROY Antoine-Fran\u00e7ois Syst\u00e8me des connaissances chimiques, et de leurs applications aux ph\u00e9nom\u00e8nes de la nature et de l'art. - Libairie Clavreuil","og_description":"11 volumes in-8 (213 x 139 mm) de 2 unn.l., CLXXVI, 219 pp. for the volume I; 2 unn.l., 352 pp. for the volume II; 2 unn.l., 344 pp. and 1 nn.l. for the volume III; 2 unn.l., 323 pp. for the volume IV; 2 unn.l., 396 pp., 1 nn.l. for the volume V; 2 unn.l., 341 pp. for the volume VI; 2 unn.l., 376 pp., 1 nn.l. for the volume VII; 2 unn.l., 330 pp., 1 nn.l. for the volume VIII; 2 unn.l., 402 pp. wrongly numbered 447 for the volume IX; 2 ff., 420 pp. for the volume X; 2 unn.l., 205 pp. wrongly numbered 195 and 1 nn.l. for the volume XI. Marbled sheep, spine gilt with amphorae and raised bands (contemporary binding).","og_url":"https:\/\/clavreuil-wordpress.logiciel-arteo.fr\/en\/fourcroy-antoine-francois-systeme-des-connaissances-chimiques-et-de-leurs-applications-aux-phenomenes-de-la-nature-et-de-lart\/","og_site_name":"Libairie Clavreuil","article_modified_time":"2024-04-25T16:09:37+00:00","og_image":[{"width":1920,"height":2560,"url":"https:\/\/clavreuil-wordpress.logiciel-arteo.fr\/wp-content\/uploads\/2024\/04\/antoine-francois-fourcroy-systeme-des-connaissances-chimiques-et-de-leurs-applications-aux-phenomenes-de-la-nature-et-de-l-art-3670-65fc7188499ed-scaled.jpg","type":"image\/jpeg"}],"twitter_card":"summary_large_image","schema":{"@context":"https:\/\/schema.org","@graph":[{"@type":"WebPage","@id":"https:\/\/clavreuil-wordpress.logiciel-arteo.fr\/en\/fourcroy-antoine-francois-systeme-des-connaissances-chimiques-et-de-leurs-applications-aux-phenomenes-de-la-nature-et-de-lart\/","url":"https:\/\/clavreuil-wordpress.logiciel-arteo.fr\/en\/fourcroy-antoine-francois-systeme-des-connaissances-chimiques-et-de-leurs-applications-aux-phenomenes-de-la-nature-et-de-lart\/","name":"FOURCROY Antoine-Fran\u00e7ois Syst\u00e8me des connaissances chimiques, et de leurs applications aux ph\u00e9nom\u00e8nes de la nature et de l'art. - Libairie Clavreuil","isPartOf":{"@id":"https:\/\/clavreuil-wordpress.logiciel-arteo.fr\/#website"},"primaryImageOfPage":{"@id":"https:\/\/clavreuil-wordpress.logiciel-arteo.fr\/en\/fourcroy-antoine-francois-systeme-des-connaissances-chimiques-et-de-leurs-applications-aux-phenomenes-de-la-nature-et-de-lart\/#primaryimage"},"image":{"@id":"https:\/\/clavreuil-wordpress.logiciel-arteo.fr\/en\/fourcroy-antoine-francois-systeme-des-connaissances-chimiques-et-de-leurs-applications-aux-phenomenes-de-la-nature-et-de-lart\/#primaryimage"},"thumbnailUrl":"https:\/\/clavreuil-wordpress.logiciel-arteo.fr\/wp-content\/uploads\/2024\/04\/antoine-francois-fourcroy-systeme-des-connaissances-chimiques-et-de-leurs-applications-aux-phenomenes-de-la-nature-et-de-l-art-3670-65fc7188499ed-scaled.jpg","datePublished":"2024-04-25T16:09:03+00:00","dateModified":"2024-04-25T16:09:37+00:00","breadcrumb":{"@id":"https:\/\/clavreuil-wordpress.logiciel-arteo.fr\/en\/fourcroy-antoine-francois-systeme-des-connaissances-chimiques-et-de-leurs-applications-aux-phenomenes-de-la-nature-et-de-lart\/#breadcrumb"},"inLanguage":"en-US","potentialAction":[{"@type":"ReadAction","target":["https:\/\/clavreuil-wordpress.logiciel-arteo.fr\/en\/fourcroy-antoine-francois-systeme-des-connaissances-chimiques-et-de-leurs-applications-aux-phenomenes-de-la-nature-et-de-lart\/"]}]},{"@type":"ImageObject","inLanguage":"en-US","@id":"https:\/\/clavreuil-wordpress.logiciel-arteo.fr\/en\/fourcroy-antoine-francois-systeme-des-connaissances-chimiques-et-de-leurs-applications-aux-phenomenes-de-la-nature-et-de-lart\/#primaryimage","url":"https:\/\/clavreuil-wordpress.logiciel-arteo.fr\/wp-content\/uploads\/2024\/04\/antoine-francois-fourcroy-systeme-des-connaissances-chimiques-et-de-leurs-applications-aux-phenomenes-de-la-nature-et-de-l-art-3670-65fc7188499ed-scaled.jpg","contentUrl":"https:\/\/clavreuil-wordpress.logiciel-arteo.fr\/wp-content\/uploads\/2024\/04\/antoine-francois-fourcroy-systeme-des-connaissances-chimiques-et-de-leurs-applications-aux-phenomenes-de-la-nature-et-de-l-art-3670-65fc7188499ed-scaled.jpg","width":1920,"height":2560},{"@type":"BreadcrumbList","@id":"https:\/\/clavreuil-wordpress.logiciel-arteo.fr\/en\/fourcroy-antoine-francois-systeme-des-connaissances-chimiques-et-de-leurs-applications-aux-phenomenes-de-la-nature-et-de-lart\/#breadcrumb","itemListElement":[{"@type":"ListItem","position":1,"name":"Accueil","item":"https:\/\/clavreuil-wordpress.logiciel-arteo.fr\/"},{"@type":"ListItem","position":2,"name":"All our books","item":"https:\/\/clavreuil-wordpress.logiciel-arteo.fr\/en\/all-our-books\/"},{"@type":"ListItem","position":3,"name":"FOURCROY Antoine-Fran\u00e7ois Syst\u00e8me des connaissances chimiques, et de..."}]},{"@type":"WebSite","@id":"https:\/\/clavreuil-wordpress.logiciel-arteo.fr\/#website","url":"https:\/\/clavreuil-wordpress.logiciel-arteo.fr\/","name":"Libairie Clavreuil","description":"","publisher":{"@id":"https:\/\/clavreuil-wordpress.logiciel-arteo.fr\/#organization"},"potentialAction":[{"@type":"SearchAction","target":{"@type":"EntryPoint","urlTemplate":"https:\/\/clavreuil-wordpress.logiciel-arteo.fr\/?s={search_term_string}"},"query-input":{"@type":"PropertyValueSpecification","valueRequired":true,"valueName":"search_term_string"}}],"inLanguage":"en-US"},{"@type":"Organization","@id":"https:\/\/clavreuil-wordpress.logiciel-arteo.fr\/#organization","name":"Libairie Clavreuil","url":"https:\/\/clavreuil-wordpress.logiciel-arteo.fr\/","logo":{"@type":"ImageObject","inLanguage":"en-US","@id":"https:\/\/clavreuil-wordpress.logiciel-arteo.fr\/#\/schema\/logo\/image\/","url":"https:\/\/clavreuil-wordpress.logiciel-arteo.fr\/wp-content\/uploads\/2021\/05\/LOGO_PNG_DATE-_gold.png","contentUrl":"https:\/\/clavreuil-wordpress.logiciel-arteo.fr\/wp-content\/uploads\/2021\/05\/LOGO_PNG_DATE-_gold.png","width":2083,"height":1917,"caption":"Libairie Clavreuil"},"image":{"@id":"https:\/\/clavreuil-wordpress.logiciel-arteo.fr\/#\/schema\/logo\/image\/"}}]}},"_links":{"self":[{"href":"https:\/\/clavreuil-wordpress.logiciel-arteo.fr\/en\/wp-json\/wp\/v2\/product\/76404","targetHints":{"allow":["GET"]}}],"collection":[{"href":"https:\/\/clavreuil-wordpress.logiciel-arteo.fr\/en\/wp-json\/wp\/v2\/product"}],"about":[{"href":"https:\/\/clavreuil-wordpress.logiciel-arteo.fr\/en\/wp-json\/wp\/v2\/types\/product"}],"replies":[{"embeddable":true,"href":"https:\/\/clavreuil-wordpress.logiciel-arteo.fr\/en\/wp-json\/wp\/v2\/comments?post=76404"}],"wp:featuredmedia":[{"embeddable":true,"href":"https:\/\/clavreuil-wordpress.logiciel-arteo.fr\/en\/wp-json\/wp\/v2\/media\/76397"}],"wp:attachment":[{"href":"https:\/\/clavreuil-wordpress.logiciel-arteo.fr\/en\/wp-json\/wp\/v2\/media?parent=76404"}],"wp:term":[{"taxonomy":"product_brand","embeddable":true,"href":"https:\/\/clavreuil-wordpress.logiciel-arteo.fr\/en\/wp-json\/wp\/v2\/product_brand?post=76404"},{"taxonomy":"product_cat","embeddable":true,"href":"https:\/\/clavreuil-wordpress.logiciel-arteo.fr\/en\/wp-json\/wp\/v2\/product_cat?post=76404"},{"taxonomy":"product_tag","embeddable":true,"href":"https:\/\/clavreuil-wordpress.logiciel-arteo.fr\/en\/wp-json\/wp\/v2\/product_tag?post=76404"}],"curies":[{"name":"wp","href":"https:\/\/api.w.org\/{rel}","templated":true}]}}