{"id":76428,"date":"2024-04-25T18:39:20","date_gmt":"2024-04-25T16:39:20","guid":{"rendered":"https:\/\/clavreuil-wordpress.logiciel-arteo.fr\/menage-gilles-dictionnaire-etymologique-ou-origines-de-la-langue-francaise-nouvelle-edition-revue-augmentee-par-lauteur-avec-les-origines-francoises-de-m-de-caseneuve-un-discours-sur-la\/"},"modified":"2024-04-25T18:39:52","modified_gmt":"2024-04-25T16:39:52","slug":"menage-gilles-dictionnaire-etymologique-ou-origines-de-la-langue-francaise-nouvelle-edition-revue-augmentee-par-lauteur-avec-les-origines-francoises-de-m-de-caseneuve-un-discours-sur-la","status":"publish","type":"product","link":"https:\/\/clavreuil-wordpress.logiciel-arteo.fr\/en\/menage-gilles-dictionnaire-etymologique-ou-origines-de-la-langue-francaise-nouvelle-edition-revue-augmentee-par-lauteur-avec-les-origines-francoises-de-m-de-caseneuve-un-discours-sur-la\/","title":{"rendered":"M\u00c9NAGE Gilles Dictionnaire etymologique, ou Origines de la..."},"content":{"rendered":"<p style=\"text-align:justify\"><em>Brunet, III, 1615.<\/em><\/p>\n<p style=\"text-align:justify\">Second edition of the <em>Origines de la langue fran&ccedil;aise<\/em> by the poet and critic Gilles M&eacute;nage (1613-1692). The second part, preceded by a special title page, contains<em> Les Origines fran&ccedil;oises<\/em> by Pierre de Caseneuve, revised by Simon de Valh&eacute;bert. It is decorated with a copper-engraved headband by S. Le Clerc, bearing the arms of the dedicatee J&eacute;r&ocirc;me Bignon (1589-1656), jurist, Conseiller d&#039;&Eacute;tat and Master of the Librairie.<\/p>\n<p>M&eacute;nage&#039;s <em>Dictionnaire Etymologique <\/em>is now considered to be the first major French dictionary. This second edition, published posthumously after its author&#039;s notes, contains for the first time the augmentations given by Simon de Valh&eacute;bert.<\/p>\n<p>A very good copy, despite a few slightly browned leaves, with the binding skilfully restored.<\/p>\n","protected":false},"excerpt":{"rendered":"<p>2 parts in 1 folio volume (371 x 232 mm) of 56 unn.l., 740 pp. for the first part; 6 unn.l., 101 pp., 1 nn.l. for the second part. Red morocco, covers decorated in the Duseuil style, spine gilt with raised bands, gilt edges over marbling (<em>contemporary binding<\/em>).<\/p>\n","protected":false},"featured_media":76423,"comment_status":"open","ping_status":"closed","template":"","meta":{"_acf_changed":false},"product_brand":[],"product_cat":[544],"product_tag":[1244],"class_list":{"0":"post-76428","1":"product","2":"type-product","3":"status-publish","4":"has-post-thumbnail","6":"product_cat-literature","7":"product_tag-17th-century-literature","8":"pa_auteur-gilles-menage-2","9":"pa_type-de-livre-printed-book","11":"first","12":"instock","13":"shipping-taxable","14":"purchasable","15":"product-type-simple"},"acf":[],"yoast_head":"<!-- This site is optimized with the Yoast SEO plugin v24.3 - https:\/\/yoast.com\/wordpress\/plugins\/seo\/ -->\n<title>M\u00c9NAGE Gilles Dictionnaire etymologique, ou Origines de la langue fran\u00e7aise. Nouvelle \u00e9dition revue &amp; augment\u00e9e par l&#039;auteur. Avec les origines fran\u00e7oises de M. de Caseneuve; un discours sur la sciences des etymologies, par le P. Besnier, &amp; une liste des noms des saints... par M. l&#039;abb\u00e9 Chastelain. - Libairie Clavreuil<\/title>\n<meta name=\"robots\" content=\"noindex, follow, max-snippet:-1, max-image-preview:large, max-video-preview:-1\" \/>\n<meta property=\"og:locale\" content=\"en_US\" \/>\n<meta property=\"og:type\" content=\"article\" \/>\n<meta property=\"og:title\" content=\"M\u00c9NAGE Gilles Dictionnaire etymologique, ou Origines de la langue fran\u00e7aise. Nouvelle \u00e9dition revue &amp; augment\u00e9e par l&#039;auteur. Avec les origines fran\u00e7oises de M. de Caseneuve; un discours sur la sciences des etymologies, par le P. Besnier, &amp; une liste des noms des saints... par M. l&#039;abb\u00e9 Chastelain. - Libairie Clavreuil\" \/>\n<meta property=\"og:description\" content=\"2 parts in 1 folio volume (371 x 232 mm) of 56 unn.l., 740 pp. for the first part; 6 unn.l., 101 pp., 1 nn.l. for the second part. Red morocco, covers decorated in the Duseuil style, spine gilt with raised bands, gilt edges over marbling (contemporary binding).\" \/>\n<meta property=\"og:url\" content=\"https:\/\/clavreuil-wordpress.logiciel-arteo.fr\/en\/menage-gilles-dictionnaire-etymologique-ou-origines-de-la-langue-francaise-nouvelle-edition-revue-augmentee-par-lauteur-avec-les-origines-francoises-de-m-de-caseneuve-un-discours-sur-la\/\" \/>\n<meta property=\"og:site_name\" content=\"Libairie Clavreuil\" \/>\n<meta property=\"article:modified_time\" content=\"2024-04-25T16:39:52+00:00\" \/>\n<meta property=\"og:image\" content=\"https:\/\/clavreuil-wordpress.logiciel-arteo.fr\/wp-content\/uploads\/2024\/04\/gilles-menage-dictionnaire-etymologique-ou-origines-de-la-langue-francaise-nouvelle-edition-revue-augmentee-par-l-auteur-avec-les-origines-francoises--scaled.jpg\" \/>\n\t<meta property=\"og:image:width\" content=\"1670\" \/>\n\t<meta property=\"og:image:height\" content=\"2560\" \/>\n\t<meta property=\"og:image:type\" content=\"image\/jpeg\" \/>\n<meta name=\"twitter:card\" content=\"summary_large_image\" \/>\n<meta name=\"twitter:label1\" content=\"Est. reading time\" \/>\n\t<meta name=\"twitter:data1\" content=\"1 minute\" \/>\n<script type=\"application\/ld+json\" class=\"yoast-schema-graph\">{\"@context\":\"https:\/\/schema.org\",\"@graph\":[{\"@type\":\"WebPage\",\"@id\":\"https:\/\/clavreuil-wordpress.logiciel-arteo.fr\/en\/menage-gilles-dictionnaire-etymologique-ou-origines-de-la-langue-francaise-nouvelle-edition-revue-augmentee-par-lauteur-avec-les-origines-francoises-de-m-de-caseneuve-un-discours-sur-la\/\",\"url\":\"https:\/\/clavreuil-wordpress.logiciel-arteo.fr\/en\/menage-gilles-dictionnaire-etymologique-ou-origines-de-la-langue-francaise-nouvelle-edition-revue-augmentee-par-lauteur-avec-les-origines-francoises-de-m-de-caseneuve-un-discours-sur-la\/\",\"name\":\"M\u00c9NAGE Gilles Dictionnaire etymologique, ou Origines de la langue fran\u00e7aise. Nouvelle \u00e9dition revue &amp; augment\u00e9e par l'auteur. Avec les origines fran\u00e7oises de M. de Caseneuve; un discours sur la sciences des etymologies, par le P. Besnier, &amp; une liste des noms des saints... par M. l'abb\u00e9 Chastelain. - Libairie Clavreuil\",\"isPartOf\":{\"@id\":\"https:\/\/clavreuil-wordpress.logiciel-arteo.fr\/#website\"},\"primaryImageOfPage\":{\"@id\":\"https:\/\/clavreuil-wordpress.logiciel-arteo.fr\/en\/menage-gilles-dictionnaire-etymologique-ou-origines-de-la-langue-francaise-nouvelle-edition-revue-augmentee-par-lauteur-avec-les-origines-francoises-de-m-de-caseneuve-un-discours-sur-la\/#primaryimage\"},\"image\":{\"@id\":\"https:\/\/clavreuil-wordpress.logiciel-arteo.fr\/en\/menage-gilles-dictionnaire-etymologique-ou-origines-de-la-langue-francaise-nouvelle-edition-revue-augmentee-par-lauteur-avec-les-origines-francoises-de-m-de-caseneuve-un-discours-sur-la\/#primaryimage\"},\"thumbnailUrl\":\"https:\/\/clavreuil-wordpress.logiciel-arteo.fr\/wp-content\/uploads\/2024\/04\/gilles-menage-dictionnaire-etymologique-ou-origines-de-la-langue-francaise-nouvelle-edition-revue-augmentee-par-l-auteur-avec-les-origines-francoises--scaled.jpg\",\"datePublished\":\"2024-04-25T16:39:20+00:00\",\"dateModified\":\"2024-04-25T16:39:52+00:00\",\"breadcrumb\":{\"@id\":\"https:\/\/clavreuil-wordpress.logiciel-arteo.fr\/en\/menage-gilles-dictionnaire-etymologique-ou-origines-de-la-langue-francaise-nouvelle-edition-revue-augmentee-par-lauteur-avec-les-origines-francoises-de-m-de-caseneuve-un-discours-sur-la\/#breadcrumb\"},\"inLanguage\":\"en-US\",\"potentialAction\":[{\"@type\":\"ReadAction\",\"target\":[\"https:\/\/clavreuil-wordpress.logiciel-arteo.fr\/en\/menage-gilles-dictionnaire-etymologique-ou-origines-de-la-langue-francaise-nouvelle-edition-revue-augmentee-par-lauteur-avec-les-origines-francoises-de-m-de-caseneuve-un-discours-sur-la\/\"]}]},{\"@type\":\"ImageObject\",\"inLanguage\":\"en-US\",\"@id\":\"https:\/\/clavreuil-wordpress.logiciel-arteo.fr\/en\/menage-gilles-dictionnaire-etymologique-ou-origines-de-la-langue-francaise-nouvelle-edition-revue-augmentee-par-lauteur-avec-les-origines-francoises-de-m-de-caseneuve-un-discours-sur-la\/#primaryimage\",\"url\":\"https:\/\/clavreuil-wordpress.logiciel-arteo.fr\/wp-content\/uploads\/2024\/04\/gilles-menage-dictionnaire-etymologique-ou-origines-de-la-langue-francaise-nouvelle-edition-revue-augmentee-par-l-auteur-avec-les-origines-francoises--scaled.jpg\",\"contentUrl\":\"https:\/\/clavreuil-wordpress.logiciel-arteo.fr\/wp-content\/uploads\/2024\/04\/gilles-menage-dictionnaire-etymologique-ou-origines-de-la-langue-francaise-nouvelle-edition-revue-augmentee-par-l-auteur-avec-les-origines-francoises--scaled.jpg\",\"width\":1670,\"height\":2560},{\"@type\":\"BreadcrumbList\",\"@id\":\"https:\/\/clavreuil-wordpress.logiciel-arteo.fr\/en\/menage-gilles-dictionnaire-etymologique-ou-origines-de-la-langue-francaise-nouvelle-edition-revue-augmentee-par-lauteur-avec-les-origines-francoises-de-m-de-caseneuve-un-discours-sur-la\/#breadcrumb\",\"itemListElement\":[{\"@type\":\"ListItem\",\"position\":1,\"name\":\"Accueil\",\"item\":\"https:\/\/clavreuil-wordpress.logiciel-arteo.fr\/\"},{\"@type\":\"ListItem\",\"position\":2,\"name\":\"All our books\",\"item\":\"https:\/\/clavreuil-wordpress.logiciel-arteo.fr\/en\/all-our-books\/\"},{\"@type\":\"ListItem\",\"position\":3,\"name\":\"M\u00c9NAGE Gilles Dictionnaire etymologique, ou Origines de la...\"}]},{\"@type\":\"WebSite\",\"@id\":\"https:\/\/clavreuil-wordpress.logiciel-arteo.fr\/#website\",\"url\":\"https:\/\/clavreuil-wordpress.logiciel-arteo.fr\/\",\"name\":\"Libairie Clavreuil\",\"description\":\"\",\"publisher\":{\"@id\":\"https:\/\/clavreuil-wordpress.logiciel-arteo.fr\/#organization\"},\"potentialAction\":[{\"@type\":\"SearchAction\",\"target\":{\"@type\":\"EntryPoint\",\"urlTemplate\":\"https:\/\/clavreuil-wordpress.logiciel-arteo.fr\/?s={search_term_string}\"},\"query-input\":{\"@type\":\"PropertyValueSpecification\",\"valueRequired\":true,\"valueName\":\"search_term_string\"}}],\"inLanguage\":\"en-US\"},{\"@type\":\"Organization\",\"@id\":\"https:\/\/clavreuil-wordpress.logiciel-arteo.fr\/#organization\",\"name\":\"Libairie Clavreuil\",\"url\":\"https:\/\/clavreuil-wordpress.logiciel-arteo.fr\/\",\"logo\":{\"@type\":\"ImageObject\",\"inLanguage\":\"en-US\",\"@id\":\"https:\/\/clavreuil-wordpress.logiciel-arteo.fr\/#\/schema\/logo\/image\/\",\"url\":\"https:\/\/clavreuil-wordpress.logiciel-arteo.fr\/wp-content\/uploads\/2021\/05\/LOGO_PNG_DATE-_gold.png\",\"contentUrl\":\"https:\/\/clavreuil-wordpress.logiciel-arteo.fr\/wp-content\/uploads\/2021\/05\/LOGO_PNG_DATE-_gold.png\",\"width\":2083,\"height\":1917,\"caption\":\"Libairie Clavreuil\"},\"image\":{\"@id\":\"https:\/\/clavreuil-wordpress.logiciel-arteo.fr\/#\/schema\/logo\/image\/\"}}]}<\/script>\n<!-- \/ Yoast SEO plugin. -->","yoast_head_json":{"title":"M\u00c9NAGE Gilles Dictionnaire etymologique, ou Origines de la langue fran\u00e7aise. Nouvelle \u00e9dition revue &amp; augment\u00e9e par l'auteur. Avec les origines fran\u00e7oises de M. de Caseneuve; un discours sur la sciences des etymologies, par le P. Besnier, &amp; une liste des noms des saints... par M. l'abb\u00e9 Chastelain. - Libairie Clavreuil","robots":{"index":"noindex","follow":"follow","max-snippet":"max-snippet:-1","max-image-preview":"max-image-preview:large","max-video-preview":"max-video-preview:-1"},"og_locale":"en_US","og_type":"article","og_title":"M\u00c9NAGE Gilles Dictionnaire etymologique, ou Origines de la langue fran\u00e7aise. Nouvelle \u00e9dition revue &amp; augment\u00e9e par l'auteur. Avec les origines fran\u00e7oises de M. de Caseneuve; un discours sur la sciences des etymologies, par le P. Besnier, &amp; une liste des noms des saints... par M. l'abb\u00e9 Chastelain. - Libairie Clavreuil","og_description":"2 parts in 1 folio volume (371 x 232 mm) of 56 unn.l., 740 pp. for the first part; 6 unn.l., 101 pp., 1 nn.l. for the second part. Red morocco, covers decorated in the Duseuil style, spine gilt with raised bands, gilt edges over marbling (contemporary binding).","og_url":"https:\/\/clavreuil-wordpress.logiciel-arteo.fr\/en\/menage-gilles-dictionnaire-etymologique-ou-origines-de-la-langue-francaise-nouvelle-edition-revue-augmentee-par-lauteur-avec-les-origines-francoises-de-m-de-caseneuve-un-discours-sur-la\/","og_site_name":"Libairie Clavreuil","article_modified_time":"2024-04-25T16:39:52+00:00","og_image":[{"width":1670,"height":2560,"url":"https:\/\/clavreuil-wordpress.logiciel-arteo.fr\/wp-content\/uploads\/2024\/04\/gilles-menage-dictionnaire-etymologique-ou-origines-de-la-langue-francaise-nouvelle-edition-revue-augmentee-par-l-auteur-avec-les-origines-francoises--scaled.jpg","type":"image\/jpeg"}],"twitter_card":"summary_large_image","twitter_misc":{"Est. reading time":"1 minute"},"schema":{"@context":"https:\/\/schema.org","@graph":[{"@type":"WebPage","@id":"https:\/\/clavreuil-wordpress.logiciel-arteo.fr\/en\/menage-gilles-dictionnaire-etymologique-ou-origines-de-la-langue-francaise-nouvelle-edition-revue-augmentee-par-lauteur-avec-les-origines-francoises-de-m-de-caseneuve-un-discours-sur-la\/","url":"https:\/\/clavreuil-wordpress.logiciel-arteo.fr\/en\/menage-gilles-dictionnaire-etymologique-ou-origines-de-la-langue-francaise-nouvelle-edition-revue-augmentee-par-lauteur-avec-les-origines-francoises-de-m-de-caseneuve-un-discours-sur-la\/","name":"M\u00c9NAGE Gilles Dictionnaire etymologique, ou Origines de la langue fran\u00e7aise. Nouvelle \u00e9dition revue &amp; augment\u00e9e par l'auteur. Avec les origines fran\u00e7oises de M. de Caseneuve; un discours sur la sciences des etymologies, par le P. Besnier, &amp; une liste des noms des saints... par M. l'abb\u00e9 Chastelain. - Libairie Clavreuil","isPartOf":{"@id":"https:\/\/clavreuil-wordpress.logiciel-arteo.fr\/#website"},"primaryImageOfPage":{"@id":"https:\/\/clavreuil-wordpress.logiciel-arteo.fr\/en\/menage-gilles-dictionnaire-etymologique-ou-origines-de-la-langue-francaise-nouvelle-edition-revue-augmentee-par-lauteur-avec-les-origines-francoises-de-m-de-caseneuve-un-discours-sur-la\/#primaryimage"},"image":{"@id":"https:\/\/clavreuil-wordpress.logiciel-arteo.fr\/en\/menage-gilles-dictionnaire-etymologique-ou-origines-de-la-langue-francaise-nouvelle-edition-revue-augmentee-par-lauteur-avec-les-origines-francoises-de-m-de-caseneuve-un-discours-sur-la\/#primaryimage"},"thumbnailUrl":"https:\/\/clavreuil-wordpress.logiciel-arteo.fr\/wp-content\/uploads\/2024\/04\/gilles-menage-dictionnaire-etymologique-ou-origines-de-la-langue-francaise-nouvelle-edition-revue-augmentee-par-l-auteur-avec-les-origines-francoises--scaled.jpg","datePublished":"2024-04-25T16:39:20+00:00","dateModified":"2024-04-25T16:39:52+00:00","breadcrumb":{"@id":"https:\/\/clavreuil-wordpress.logiciel-arteo.fr\/en\/menage-gilles-dictionnaire-etymologique-ou-origines-de-la-langue-francaise-nouvelle-edition-revue-augmentee-par-lauteur-avec-les-origines-francoises-de-m-de-caseneuve-un-discours-sur-la\/#breadcrumb"},"inLanguage":"en-US","potentialAction":[{"@type":"ReadAction","target":["https:\/\/clavreuil-wordpress.logiciel-arteo.fr\/en\/menage-gilles-dictionnaire-etymologique-ou-origines-de-la-langue-francaise-nouvelle-edition-revue-augmentee-par-lauteur-avec-les-origines-francoises-de-m-de-caseneuve-un-discours-sur-la\/"]}]},{"@type":"ImageObject","inLanguage":"en-US","@id":"https:\/\/clavreuil-wordpress.logiciel-arteo.fr\/en\/menage-gilles-dictionnaire-etymologique-ou-origines-de-la-langue-francaise-nouvelle-edition-revue-augmentee-par-lauteur-avec-les-origines-francoises-de-m-de-caseneuve-un-discours-sur-la\/#primaryimage","url":"https:\/\/clavreuil-wordpress.logiciel-arteo.fr\/wp-content\/uploads\/2024\/04\/gilles-menage-dictionnaire-etymologique-ou-origines-de-la-langue-francaise-nouvelle-edition-revue-augmentee-par-l-auteur-avec-les-origines-francoises--scaled.jpg","contentUrl":"https:\/\/clavreuil-wordpress.logiciel-arteo.fr\/wp-content\/uploads\/2024\/04\/gilles-menage-dictionnaire-etymologique-ou-origines-de-la-langue-francaise-nouvelle-edition-revue-augmentee-par-l-auteur-avec-les-origines-francoises--scaled.jpg","width":1670,"height":2560},{"@type":"BreadcrumbList","@id":"https:\/\/clavreuil-wordpress.logiciel-arteo.fr\/en\/menage-gilles-dictionnaire-etymologique-ou-origines-de-la-langue-francaise-nouvelle-edition-revue-augmentee-par-lauteur-avec-les-origines-francoises-de-m-de-caseneuve-un-discours-sur-la\/#breadcrumb","itemListElement":[{"@type":"ListItem","position":1,"name":"Accueil","item":"https:\/\/clavreuil-wordpress.logiciel-arteo.fr\/"},{"@type":"ListItem","position":2,"name":"All our books","item":"https:\/\/clavreuil-wordpress.logiciel-arteo.fr\/en\/all-our-books\/"},{"@type":"ListItem","position":3,"name":"M\u00c9NAGE Gilles Dictionnaire etymologique, ou Origines de la..."}]},{"@type":"WebSite","@id":"https:\/\/clavreuil-wordpress.logiciel-arteo.fr\/#website","url":"https:\/\/clavreuil-wordpress.logiciel-arteo.fr\/","name":"Libairie Clavreuil","description":"","publisher":{"@id":"https:\/\/clavreuil-wordpress.logiciel-arteo.fr\/#organization"},"potentialAction":[{"@type":"SearchAction","target":{"@type":"EntryPoint","urlTemplate":"https:\/\/clavreuil-wordpress.logiciel-arteo.fr\/?s={search_term_string}"},"query-input":{"@type":"PropertyValueSpecification","valueRequired":true,"valueName":"search_term_string"}}],"inLanguage":"en-US"},{"@type":"Organization","@id":"https:\/\/clavreuil-wordpress.logiciel-arteo.fr\/#organization","name":"Libairie Clavreuil","url":"https:\/\/clavreuil-wordpress.logiciel-arteo.fr\/","logo":{"@type":"ImageObject","inLanguage":"en-US","@id":"https:\/\/clavreuil-wordpress.logiciel-arteo.fr\/#\/schema\/logo\/image\/","url":"https:\/\/clavreuil-wordpress.logiciel-arteo.fr\/wp-content\/uploads\/2021\/05\/LOGO_PNG_DATE-_gold.png","contentUrl":"https:\/\/clavreuil-wordpress.logiciel-arteo.fr\/wp-content\/uploads\/2021\/05\/LOGO_PNG_DATE-_gold.png","width":2083,"height":1917,"caption":"Libairie Clavreuil"},"image":{"@id":"https:\/\/clavreuil-wordpress.logiciel-arteo.fr\/#\/schema\/logo\/image\/"}}]}},"_links":{"self":[{"href":"https:\/\/clavreuil-wordpress.logiciel-arteo.fr\/en\/wp-json\/wp\/v2\/product\/76428","targetHints":{"allow":["GET"]}}],"collection":[{"href":"https:\/\/clavreuil-wordpress.logiciel-arteo.fr\/en\/wp-json\/wp\/v2\/product"}],"about":[{"href":"https:\/\/clavreuil-wordpress.logiciel-arteo.fr\/en\/wp-json\/wp\/v2\/types\/product"}],"replies":[{"embeddable":true,"href":"https:\/\/clavreuil-wordpress.logiciel-arteo.fr\/en\/wp-json\/wp\/v2\/comments?post=76428"}],"wp:featuredmedia":[{"embeddable":true,"href":"https:\/\/clavreuil-wordpress.logiciel-arteo.fr\/en\/wp-json\/wp\/v2\/media\/76423"}],"wp:attachment":[{"href":"https:\/\/clavreuil-wordpress.logiciel-arteo.fr\/en\/wp-json\/wp\/v2\/media?parent=76428"}],"wp:term":[{"taxonomy":"product_brand","embeddable":true,"href":"https:\/\/clavreuil-wordpress.logiciel-arteo.fr\/en\/wp-json\/wp\/v2\/product_brand?post=76428"},{"taxonomy":"product_cat","embeddable":true,"href":"https:\/\/clavreuil-wordpress.logiciel-arteo.fr\/en\/wp-json\/wp\/v2\/product_cat?post=76428"},{"taxonomy":"product_tag","embeddable":true,"href":"https:\/\/clavreuil-wordpress.logiciel-arteo.fr\/en\/wp-json\/wp\/v2\/product_tag?post=76428"}],"curies":[{"name":"wp","href":"https:\/\/api.w.org\/{rel}","templated":true}]}}