{"id":76438,"date":"2024-04-25T18:40:09","date_gmt":"2024-04-25T16:40:09","guid":{"rendered":"https:\/\/clavreuil-wordpress.logiciel-arteo.fr\/le-clerc-jean-histoire-des-provinces-des-pais-bas-depuis-la-naissance-de-la-republique-jusqua-la-paix-dutrecht-le-traite-de-la-barriere-conclu-en-1715-avec-les-principales-medailles-et-le\/"},"modified":"2024-04-25T18:40:56","modified_gmt":"2024-04-25T16:40:56","slug":"le-clerc-jean-histoire-des-provinces-des-pais-bas-depuis-la-naissance-de-la-republique-jusqua-la-paix-dutrecht-le-traite-de-la-barriere-conclu-en-1715-avec-les-principales-medailles-et-le","status":"publish","type":"product","link":"https:\/\/clavreuil-wordpress.logiciel-arteo.fr\/en\/le-clerc-jean-histoire-des-provinces-des-pais-bas-depuis-la-naissance-de-la-republique-jusqua-la-paix-dutrecht-le-traite-de-la-barriere-conclu-en-1715-avec-les-principales-medailles-et-le\/","title":{"rendered":"LE CLERC Jean Histoire des Provinces des Pa\u00efs-Bas,..."},"content":{"rendered":"<p style=\"text-align:justify\">Qu&eacute;rard, V, 47.<\/p>\n<p style=\"text-align:justify\">Second edition, increased by the important fourth part.<\/p>\n<p style=\"text-align:justify\">Dated 1736, it is entirely devoted to antique medals. The illustration consists of 3 engraved frontispieces, a large fold-out map of the United Provinces of the Netherlands by Chatelain, a large plate illustrating &quot;La Grande salle d&#039;audience de La Haye&quot;, a vignette repeated on each title, and 103 plates of medals.<\/p>\n<p style=\"text-align:justify\">This vast history of the revolutions of the Netherlands relates events from 1566 to 1618, the year of the birth of the Republic created by the seven united provinces.<\/p>\n<p style=\"text-align:justify\">Spine faded, some spotting or scuffing, 2 corners dulled. Nevertheless a very good and complete copy.<\/p>\n<p style=\"text-align:justify\">Provenance: Rohan-Chabot library (arms).<\/p>\n","protected":false},"excerpt":{"rendered":"<p>4 volumes in 2 folio volumes (391 x 249 mm) with an allegorical frontispiece engraved by Picart and dated 1722, 10 unn.l., 342 pp. 1 large engraved folding map, 1 large double-page plate engraved by Marot for volume I; frontispiece engraved by Munichusen after Laresse, 3 unn.l., 419 pp. for volume II; frontispiece engraved by Blooteling after Schellinkx, 2 unn.l., 495 pp, 419 pp. for volume II; frontispiece engraved by Blooteling after Schellinkx, 2 unn.l., 495 pp. (miscalculated 473), 10 unn.l. (index) for volume III; 3 unn.l., 208 pp. with 396 engraved medal illustrations printed on 103 leaves. Polished calf, Rohan-Chabot coat of arms at the corners, spine gilt with raised bands, red edges (<em>contemporary binding<\/em>).<\/p>\n","protected":false},"featured_media":76429,"comment_status":"open","ping_status":"closed","template":"","meta":{"_acf_changed":false},"product_brand":[],"product_cat":[552],"product_tag":[1213,1394],"class_list":{"0":"post-76438","1":"product","2":"type-product","3":"status-publish","4":"has-post-thumbnail","6":"product_cat-travel","7":"product_tag-history","8":"product_tag-northern-europe","9":"pa_auteur-jean-le-clerc-2","10":"pa_type-de-livre-printed-book","12":"first","13":"instock","14":"shipping-taxable","15":"purchasable","16":"product-type-simple"},"acf":[],"yoast_head":"<!-- This site is optimized with the Yoast SEO plugin v24.3 - https:\/\/yoast.com\/wordpress\/plugins\/seo\/ -->\n<title>LE CLERC Jean Histoire des Provinces des Pa\u00efs-Bas, depuis la naissance de la r\u00e9publique jusqu&#039;\u00e0 la Paix d&#039;Utrecht &amp; le Trait\u00e9 de la Barri\u00e8re conclu en 1715. Avec les principales m\u00e9dailles et leur explication. Seconde \u00e9dition, revue &amp; corrig\u00e9e. - Libairie Clavreuil<\/title>\n<meta name=\"robots\" content=\"noindex, follow, max-snippet:-1, max-image-preview:large, max-video-preview:-1\" \/>\n<meta property=\"og:locale\" content=\"en_US\" \/>\n<meta property=\"og:type\" content=\"article\" \/>\n<meta property=\"og:title\" content=\"LE CLERC Jean Histoire des Provinces des Pa\u00efs-Bas, depuis la naissance de la r\u00e9publique jusqu&#039;\u00e0 la Paix d&#039;Utrecht &amp; le Trait\u00e9 de la Barri\u00e8re conclu en 1715. Avec les principales m\u00e9dailles et leur explication. Seconde \u00e9dition, revue &amp; corrig\u00e9e. - Libairie Clavreuil\" \/>\n<meta property=\"og:description\" content=\"4 volumes in 2 folio volumes (391 x 249 mm) with an allegorical frontispiece engraved by Picart and dated 1722, 10 unn.l., 342 pp. 1 large engraved folding map, 1 large double-page plate engraved by Marot for volume I; frontispiece engraved by Munichusen after Laresse, 3 unn.l., 419 pp. for volume II; frontispiece engraved by Blooteling after Schellinkx, 2 unn.l., 495 pp, 419 pp. for volume II; frontispiece engraved by Blooteling after Schellinkx, 2 unn.l., 495 pp. (miscalculated 473), 10 unn.l. (index) for volume III; 3 unn.l., 208 pp. with 396 engraved medal illustrations printed on 103 leaves. Polished calf, Rohan-Chabot coat of arms at the corners, spine gilt with raised bands, red edges (contemporary binding).\" \/>\n<meta property=\"og:url\" content=\"https:\/\/clavreuil-wordpress.logiciel-arteo.fr\/en\/le-clerc-jean-histoire-des-provinces-des-pais-bas-depuis-la-naissance-de-la-republique-jusqua-la-paix-dutrecht-le-traite-de-la-barriere-conclu-en-1715-avec-les-principales-medailles-et-le\/\" \/>\n<meta property=\"og:site_name\" content=\"Libairie Clavreuil\" \/>\n<meta property=\"article:modified_time\" content=\"2024-04-25T16:40:56+00:00\" \/>\n<meta property=\"og:image\" content=\"https:\/\/clavreuil-wordpress.logiciel-arteo.fr\/wp-content\/uploads\/2024\/04\/jean-le-clerc-histoire-des-provinces-des-pais-bas-depuis-la-naissance-de-la-republique-jusqu-a-la-paix-d-utrecht-le-traite-de-la-barriere-conclu-en-17-scaled.jpg\" \/>\n\t<meta property=\"og:image:width\" content=\"1728\" \/>\n\t<meta property=\"og:image:height\" content=\"2560\" \/>\n\t<meta property=\"og:image:type\" content=\"image\/jpeg\" \/>\n<meta name=\"twitter:card\" content=\"summary_large_image\" \/>\n<meta name=\"twitter:label1\" content=\"Est. reading time\" \/>\n\t<meta name=\"twitter:data1\" content=\"1 minute\" \/>\n<script type=\"application\/ld+json\" class=\"yoast-schema-graph\">{\"@context\":\"https:\/\/schema.org\",\"@graph\":[{\"@type\":\"WebPage\",\"@id\":\"https:\/\/clavreuil-wordpress.logiciel-arteo.fr\/en\/le-clerc-jean-histoire-des-provinces-des-pais-bas-depuis-la-naissance-de-la-republique-jusqua-la-paix-dutrecht-le-traite-de-la-barriere-conclu-en-1715-avec-les-principales-medailles-et-le\/\",\"url\":\"https:\/\/clavreuil-wordpress.logiciel-arteo.fr\/en\/le-clerc-jean-histoire-des-provinces-des-pais-bas-depuis-la-naissance-de-la-republique-jusqua-la-paix-dutrecht-le-traite-de-la-barriere-conclu-en-1715-avec-les-principales-medailles-et-le\/\",\"name\":\"LE CLERC Jean Histoire des Provinces des Pa\u00efs-Bas, depuis la naissance de la r\u00e9publique jusqu'\u00e0 la Paix d'Utrecht &amp; le Trait\u00e9 de la Barri\u00e8re conclu en 1715. Avec les principales m\u00e9dailles et leur explication. Seconde \u00e9dition, revue &amp; corrig\u00e9e. - Libairie Clavreuil\",\"isPartOf\":{\"@id\":\"https:\/\/clavreuil-wordpress.logiciel-arteo.fr\/#website\"},\"primaryImageOfPage\":{\"@id\":\"https:\/\/clavreuil-wordpress.logiciel-arteo.fr\/en\/le-clerc-jean-histoire-des-provinces-des-pais-bas-depuis-la-naissance-de-la-republique-jusqua-la-paix-dutrecht-le-traite-de-la-barriere-conclu-en-1715-avec-les-principales-medailles-et-le\/#primaryimage\"},\"image\":{\"@id\":\"https:\/\/clavreuil-wordpress.logiciel-arteo.fr\/en\/le-clerc-jean-histoire-des-provinces-des-pais-bas-depuis-la-naissance-de-la-republique-jusqua-la-paix-dutrecht-le-traite-de-la-barriere-conclu-en-1715-avec-les-principales-medailles-et-le\/#primaryimage\"},\"thumbnailUrl\":\"https:\/\/clavreuil-wordpress.logiciel-arteo.fr\/wp-content\/uploads\/2024\/04\/jean-le-clerc-histoire-des-provinces-des-pais-bas-depuis-la-naissance-de-la-republique-jusqu-a-la-paix-d-utrecht-le-traite-de-la-barriere-conclu-en-17-scaled.jpg\",\"datePublished\":\"2024-04-25T16:40:09+00:00\",\"dateModified\":\"2024-04-25T16:40:56+00:00\",\"breadcrumb\":{\"@id\":\"https:\/\/clavreuil-wordpress.logiciel-arteo.fr\/en\/le-clerc-jean-histoire-des-provinces-des-pais-bas-depuis-la-naissance-de-la-republique-jusqua-la-paix-dutrecht-le-traite-de-la-barriere-conclu-en-1715-avec-les-principales-medailles-et-le\/#breadcrumb\"},\"inLanguage\":\"en-US\",\"potentialAction\":[{\"@type\":\"ReadAction\",\"target\":[\"https:\/\/clavreuil-wordpress.logiciel-arteo.fr\/en\/le-clerc-jean-histoire-des-provinces-des-pais-bas-depuis-la-naissance-de-la-republique-jusqua-la-paix-dutrecht-le-traite-de-la-barriere-conclu-en-1715-avec-les-principales-medailles-et-le\/\"]}]},{\"@type\":\"ImageObject\",\"inLanguage\":\"en-US\",\"@id\":\"https:\/\/clavreuil-wordpress.logiciel-arteo.fr\/en\/le-clerc-jean-histoire-des-provinces-des-pais-bas-depuis-la-naissance-de-la-republique-jusqua-la-paix-dutrecht-le-traite-de-la-barriere-conclu-en-1715-avec-les-principales-medailles-et-le\/#primaryimage\",\"url\":\"https:\/\/clavreuil-wordpress.logiciel-arteo.fr\/wp-content\/uploads\/2024\/04\/jean-le-clerc-histoire-des-provinces-des-pais-bas-depuis-la-naissance-de-la-republique-jusqu-a-la-paix-d-utrecht-le-traite-de-la-barriere-conclu-en-17-scaled.jpg\",\"contentUrl\":\"https:\/\/clavreuil-wordpress.logiciel-arteo.fr\/wp-content\/uploads\/2024\/04\/jean-le-clerc-histoire-des-provinces-des-pais-bas-depuis-la-naissance-de-la-republique-jusqu-a-la-paix-d-utrecht-le-traite-de-la-barriere-conclu-en-17-scaled.jpg\",\"width\":1728,\"height\":2560},{\"@type\":\"BreadcrumbList\",\"@id\":\"https:\/\/clavreuil-wordpress.logiciel-arteo.fr\/en\/le-clerc-jean-histoire-des-provinces-des-pais-bas-depuis-la-naissance-de-la-republique-jusqua-la-paix-dutrecht-le-traite-de-la-barriere-conclu-en-1715-avec-les-principales-medailles-et-le\/#breadcrumb\",\"itemListElement\":[{\"@type\":\"ListItem\",\"position\":1,\"name\":\"Accueil\",\"item\":\"https:\/\/clavreuil-wordpress.logiciel-arteo.fr\/\"},{\"@type\":\"ListItem\",\"position\":2,\"name\":\"All our books\",\"item\":\"https:\/\/clavreuil-wordpress.logiciel-arteo.fr\/en\/all-our-books\/\"},{\"@type\":\"ListItem\",\"position\":3,\"name\":\"LE CLERC Jean Histoire des Provinces des Pa\u00efs-Bas,...\"}]},{\"@type\":\"WebSite\",\"@id\":\"https:\/\/clavreuil-wordpress.logiciel-arteo.fr\/#website\",\"url\":\"https:\/\/clavreuil-wordpress.logiciel-arteo.fr\/\",\"name\":\"Libairie Clavreuil\",\"description\":\"\",\"publisher\":{\"@id\":\"https:\/\/clavreuil-wordpress.logiciel-arteo.fr\/#organization\"},\"potentialAction\":[{\"@type\":\"SearchAction\",\"target\":{\"@type\":\"EntryPoint\",\"urlTemplate\":\"https:\/\/clavreuil-wordpress.logiciel-arteo.fr\/?s={search_term_string}\"},\"query-input\":{\"@type\":\"PropertyValueSpecification\",\"valueRequired\":true,\"valueName\":\"search_term_string\"}}],\"inLanguage\":\"en-US\"},{\"@type\":\"Organization\",\"@id\":\"https:\/\/clavreuil-wordpress.logiciel-arteo.fr\/#organization\",\"name\":\"Libairie Clavreuil\",\"url\":\"https:\/\/clavreuil-wordpress.logiciel-arteo.fr\/\",\"logo\":{\"@type\":\"ImageObject\",\"inLanguage\":\"en-US\",\"@id\":\"https:\/\/clavreuil-wordpress.logiciel-arteo.fr\/#\/schema\/logo\/image\/\",\"url\":\"https:\/\/clavreuil-wordpress.logiciel-arteo.fr\/wp-content\/uploads\/2021\/05\/LOGO_PNG_DATE-_gold.png\",\"contentUrl\":\"https:\/\/clavreuil-wordpress.logiciel-arteo.fr\/wp-content\/uploads\/2021\/05\/LOGO_PNG_DATE-_gold.png\",\"width\":2083,\"height\":1917,\"caption\":\"Libairie Clavreuil\"},\"image\":{\"@id\":\"https:\/\/clavreuil-wordpress.logiciel-arteo.fr\/#\/schema\/logo\/image\/\"}}]}<\/script>\n<!-- \/ Yoast SEO plugin. -->","yoast_head_json":{"title":"LE CLERC Jean Histoire des Provinces des Pa\u00efs-Bas, depuis la naissance de la r\u00e9publique jusqu'\u00e0 la Paix d'Utrecht &amp; le Trait\u00e9 de la Barri\u00e8re conclu en 1715. Avec les principales m\u00e9dailles et leur explication. Seconde \u00e9dition, revue &amp; corrig\u00e9e. - Libairie Clavreuil","robots":{"index":"noindex","follow":"follow","max-snippet":"max-snippet:-1","max-image-preview":"max-image-preview:large","max-video-preview":"max-video-preview:-1"},"og_locale":"en_US","og_type":"article","og_title":"LE CLERC Jean Histoire des Provinces des Pa\u00efs-Bas, depuis la naissance de la r\u00e9publique jusqu'\u00e0 la Paix d'Utrecht &amp; le Trait\u00e9 de la Barri\u00e8re conclu en 1715. Avec les principales m\u00e9dailles et leur explication. Seconde \u00e9dition, revue &amp; corrig\u00e9e. - Libairie Clavreuil","og_description":"4 volumes in 2 folio volumes (391 x 249 mm) with an allegorical frontispiece engraved by Picart and dated 1722, 10 unn.l., 342 pp. 1 large engraved folding map, 1 large double-page plate engraved by Marot for volume I; frontispiece engraved by Munichusen after Laresse, 3 unn.l., 419 pp. for volume II; frontispiece engraved by Blooteling after Schellinkx, 2 unn.l., 495 pp, 419 pp. for volume II; frontispiece engraved by Blooteling after Schellinkx, 2 unn.l., 495 pp. (miscalculated 473), 10 unn.l. (index) for volume III; 3 unn.l., 208 pp. with 396 engraved medal illustrations printed on 103 leaves. Polished calf, Rohan-Chabot coat of arms at the corners, spine gilt with raised bands, red edges (contemporary binding).","og_url":"https:\/\/clavreuil-wordpress.logiciel-arteo.fr\/en\/le-clerc-jean-histoire-des-provinces-des-pais-bas-depuis-la-naissance-de-la-republique-jusqua-la-paix-dutrecht-le-traite-de-la-barriere-conclu-en-1715-avec-les-principales-medailles-et-le\/","og_site_name":"Libairie Clavreuil","article_modified_time":"2024-04-25T16:40:56+00:00","og_image":[{"width":1728,"height":2560,"url":"https:\/\/clavreuil-wordpress.logiciel-arteo.fr\/wp-content\/uploads\/2024\/04\/jean-le-clerc-histoire-des-provinces-des-pais-bas-depuis-la-naissance-de-la-republique-jusqu-a-la-paix-d-utrecht-le-traite-de-la-barriere-conclu-en-17-scaled.jpg","type":"image\/jpeg"}],"twitter_card":"summary_large_image","twitter_misc":{"Est. reading time":"1 minute"},"schema":{"@context":"https:\/\/schema.org","@graph":[{"@type":"WebPage","@id":"https:\/\/clavreuil-wordpress.logiciel-arteo.fr\/en\/le-clerc-jean-histoire-des-provinces-des-pais-bas-depuis-la-naissance-de-la-republique-jusqua-la-paix-dutrecht-le-traite-de-la-barriere-conclu-en-1715-avec-les-principales-medailles-et-le\/","url":"https:\/\/clavreuil-wordpress.logiciel-arteo.fr\/en\/le-clerc-jean-histoire-des-provinces-des-pais-bas-depuis-la-naissance-de-la-republique-jusqua-la-paix-dutrecht-le-traite-de-la-barriere-conclu-en-1715-avec-les-principales-medailles-et-le\/","name":"LE CLERC Jean Histoire des Provinces des Pa\u00efs-Bas, depuis la naissance de la r\u00e9publique jusqu'\u00e0 la Paix d'Utrecht &amp; le Trait\u00e9 de la Barri\u00e8re conclu en 1715. Avec les principales m\u00e9dailles et leur explication. Seconde \u00e9dition, revue &amp; corrig\u00e9e. - Libairie Clavreuil","isPartOf":{"@id":"https:\/\/clavreuil-wordpress.logiciel-arteo.fr\/#website"},"primaryImageOfPage":{"@id":"https:\/\/clavreuil-wordpress.logiciel-arteo.fr\/en\/le-clerc-jean-histoire-des-provinces-des-pais-bas-depuis-la-naissance-de-la-republique-jusqua-la-paix-dutrecht-le-traite-de-la-barriere-conclu-en-1715-avec-les-principales-medailles-et-le\/#primaryimage"},"image":{"@id":"https:\/\/clavreuil-wordpress.logiciel-arteo.fr\/en\/le-clerc-jean-histoire-des-provinces-des-pais-bas-depuis-la-naissance-de-la-republique-jusqua-la-paix-dutrecht-le-traite-de-la-barriere-conclu-en-1715-avec-les-principales-medailles-et-le\/#primaryimage"},"thumbnailUrl":"https:\/\/clavreuil-wordpress.logiciel-arteo.fr\/wp-content\/uploads\/2024\/04\/jean-le-clerc-histoire-des-provinces-des-pais-bas-depuis-la-naissance-de-la-republique-jusqu-a-la-paix-d-utrecht-le-traite-de-la-barriere-conclu-en-17-scaled.jpg","datePublished":"2024-04-25T16:40:09+00:00","dateModified":"2024-04-25T16:40:56+00:00","breadcrumb":{"@id":"https:\/\/clavreuil-wordpress.logiciel-arteo.fr\/en\/le-clerc-jean-histoire-des-provinces-des-pais-bas-depuis-la-naissance-de-la-republique-jusqua-la-paix-dutrecht-le-traite-de-la-barriere-conclu-en-1715-avec-les-principales-medailles-et-le\/#breadcrumb"},"inLanguage":"en-US","potentialAction":[{"@type":"ReadAction","target":["https:\/\/clavreuil-wordpress.logiciel-arteo.fr\/en\/le-clerc-jean-histoire-des-provinces-des-pais-bas-depuis-la-naissance-de-la-republique-jusqua-la-paix-dutrecht-le-traite-de-la-barriere-conclu-en-1715-avec-les-principales-medailles-et-le\/"]}]},{"@type":"ImageObject","inLanguage":"en-US","@id":"https:\/\/clavreuil-wordpress.logiciel-arteo.fr\/en\/le-clerc-jean-histoire-des-provinces-des-pais-bas-depuis-la-naissance-de-la-republique-jusqua-la-paix-dutrecht-le-traite-de-la-barriere-conclu-en-1715-avec-les-principales-medailles-et-le\/#primaryimage","url":"https:\/\/clavreuil-wordpress.logiciel-arteo.fr\/wp-content\/uploads\/2024\/04\/jean-le-clerc-histoire-des-provinces-des-pais-bas-depuis-la-naissance-de-la-republique-jusqu-a-la-paix-d-utrecht-le-traite-de-la-barriere-conclu-en-17-scaled.jpg","contentUrl":"https:\/\/clavreuil-wordpress.logiciel-arteo.fr\/wp-content\/uploads\/2024\/04\/jean-le-clerc-histoire-des-provinces-des-pais-bas-depuis-la-naissance-de-la-republique-jusqu-a-la-paix-d-utrecht-le-traite-de-la-barriere-conclu-en-17-scaled.jpg","width":1728,"height":2560},{"@type":"BreadcrumbList","@id":"https:\/\/clavreuil-wordpress.logiciel-arteo.fr\/en\/le-clerc-jean-histoire-des-provinces-des-pais-bas-depuis-la-naissance-de-la-republique-jusqua-la-paix-dutrecht-le-traite-de-la-barriere-conclu-en-1715-avec-les-principales-medailles-et-le\/#breadcrumb","itemListElement":[{"@type":"ListItem","position":1,"name":"Accueil","item":"https:\/\/clavreuil-wordpress.logiciel-arteo.fr\/"},{"@type":"ListItem","position":2,"name":"All our books","item":"https:\/\/clavreuil-wordpress.logiciel-arteo.fr\/en\/all-our-books\/"},{"@type":"ListItem","position":3,"name":"LE CLERC Jean Histoire des Provinces des Pa\u00efs-Bas,..."}]},{"@type":"WebSite","@id":"https:\/\/clavreuil-wordpress.logiciel-arteo.fr\/#website","url":"https:\/\/clavreuil-wordpress.logiciel-arteo.fr\/","name":"Libairie Clavreuil","description":"","publisher":{"@id":"https:\/\/clavreuil-wordpress.logiciel-arteo.fr\/#organization"},"potentialAction":[{"@type":"SearchAction","target":{"@type":"EntryPoint","urlTemplate":"https:\/\/clavreuil-wordpress.logiciel-arteo.fr\/?s={search_term_string}"},"query-input":{"@type":"PropertyValueSpecification","valueRequired":true,"valueName":"search_term_string"}}],"inLanguage":"en-US"},{"@type":"Organization","@id":"https:\/\/clavreuil-wordpress.logiciel-arteo.fr\/#organization","name":"Libairie Clavreuil","url":"https:\/\/clavreuil-wordpress.logiciel-arteo.fr\/","logo":{"@type":"ImageObject","inLanguage":"en-US","@id":"https:\/\/clavreuil-wordpress.logiciel-arteo.fr\/#\/schema\/logo\/image\/","url":"https:\/\/clavreuil-wordpress.logiciel-arteo.fr\/wp-content\/uploads\/2021\/05\/LOGO_PNG_DATE-_gold.png","contentUrl":"https:\/\/clavreuil-wordpress.logiciel-arteo.fr\/wp-content\/uploads\/2021\/05\/LOGO_PNG_DATE-_gold.png","width":2083,"height":1917,"caption":"Libairie Clavreuil"},"image":{"@id":"https:\/\/clavreuil-wordpress.logiciel-arteo.fr\/#\/schema\/logo\/image\/"}}]}},"_links":{"self":[{"href":"https:\/\/clavreuil-wordpress.logiciel-arteo.fr\/en\/wp-json\/wp\/v2\/product\/76438","targetHints":{"allow":["GET"]}}],"collection":[{"href":"https:\/\/clavreuil-wordpress.logiciel-arteo.fr\/en\/wp-json\/wp\/v2\/product"}],"about":[{"href":"https:\/\/clavreuil-wordpress.logiciel-arteo.fr\/en\/wp-json\/wp\/v2\/types\/product"}],"replies":[{"embeddable":true,"href":"https:\/\/clavreuil-wordpress.logiciel-arteo.fr\/en\/wp-json\/wp\/v2\/comments?post=76438"}],"wp:featuredmedia":[{"embeddable":true,"href":"https:\/\/clavreuil-wordpress.logiciel-arteo.fr\/en\/wp-json\/wp\/v2\/media\/76429"}],"wp:attachment":[{"href":"https:\/\/clavreuil-wordpress.logiciel-arteo.fr\/en\/wp-json\/wp\/v2\/media?parent=76438"}],"wp:term":[{"taxonomy":"product_brand","embeddable":true,"href":"https:\/\/clavreuil-wordpress.logiciel-arteo.fr\/en\/wp-json\/wp\/v2\/product_brand?post=76438"},{"taxonomy":"product_cat","embeddable":true,"href":"https:\/\/clavreuil-wordpress.logiciel-arteo.fr\/en\/wp-json\/wp\/v2\/product_cat?post=76438"},{"taxonomy":"product_tag","embeddable":true,"href":"https:\/\/clavreuil-wordpress.logiciel-arteo.fr\/en\/wp-json\/wp\/v2\/product_tag?post=76438"}],"curies":[{"name":"wp","href":"https:\/\/api.w.org\/{rel}","templated":true}]}}