{"id":76444,"date":"2024-04-25T18:41:09","date_gmt":"2024-04-25T16:41:09","guid":{"rendered":"https:\/\/clavreuil-wordpress.logiciel-arteo.fr\/moreri-louis-le-grand-dictionnaire-historique-ou-le-melange-curieux-de-lhistoire-sacree-et-profane-dix-huitieme-et-derniere-edition-revue-corrigee-augmentee-tres-considerablement-8-volum\/"},"modified":"2024-04-25T18:41:40","modified_gmt":"2024-04-25T16:41:40","slug":"moreri-louis-le-grand-dictionnaire-historique-ou-le-melange-curieux-de-lhistoire-sacree-et-profane-dix-huitieme-et-derniere-edition-revue-corrigee-augmentee-tres-considerablement-8-volum","status":"publish","type":"product","link":"https:\/\/clavreuil-wordpress.logiciel-arteo.fr\/en\/moreri-louis-le-grand-dictionnaire-historique-ou-le-melange-curieux-de-lhistoire-sacree-et-profane-dix-huitieme-et-derniere-edition-revue-corrigee-augmentee-tres-considerablement-8-volum\/","title":{"rendered":"MORERI Louis Le Grand dictionnaire historique, ou Le..."},"content":{"rendered":"<p style=\"text-align:justify\"><em>PMM, 155, a (for the original 1674 edition in a single volume).<\/em><\/p>\n<p style=\"text-align:justify\">A very fine edition, with the two volumes of supplements.<\/p>\n<p style=\"text-align:justify\">Mor&eacute;ri&#039;s <em>Grand dictionnaire <\/em>was a great success in the book trade. It went through 20 successive editions before being replaced by Diderot and d&#039;Alembert&#039;s famous Encyclop&eacute;die, to which it was an important addition.<\/p>\n<p style=\"text-align:justify\">&quot;The age of enlightenment produced a spate of encyclopaedias which are either still worth consulting as representing the range of contemporary knowledge and trend of contemporary thought&hellip; The Abb&eacute; Mor&eacute;ri deliberately designed his book as an apologia and defence of his church. It is also noteworthy for its emphasis on historical and biographical entries which for a long time were neglected by other compilers such as Bayle, Harris, and Chambers. Mor&eacute;ri&rsquo;s &lsquo;Great Historical Encyclopaedia&rsquo; had by 1759 gone through twenty editions before it was ousted by the Encyclop&eacute;die. A useful reminder of the strength of the traditional, anti-rationalist force in the &lsquo;age of reason&#039;&quot;(PMM).<\/p>\n<p style=\"text-align:justify\">Some minor binding defects, wear, scuffing or spotting; small worm work at the beginning of volume VI.<\/p>\n<p style=\"text-align:justify\">Provenance: Rohan-Chabot library (arms).<\/p>\n","protected":false},"excerpt":{"rendered":"<p>10 folio volumes (400 x 246 mm) with engraved frontispiece, XXI, 808 pp. for volume I ; 1 unn.l., 536, 358 pp. for volume II ; 1 unn.l., pp. [359]-760, 179, 216 pp. for volume III ; 1 unn.l., 223, 271, 242 pp. for volume IV ; 1 unn.l., 225, 51, 320, 110 pp. [additions to letters A-L] for volume V ; 1 unn.l., 514, 131, 102 pp. for volume VI ; 1 unn.l., 408, 27, 240, 214 pp. for volume VII ; 1 unn.l., pp. [215]-430, 271, 205, 130 pp. for volume VIII ; 2 unn.l., 901, 59 pp. for Supplement I ; 1 unn.l., 135, 823 pp. for Supplement II. Polished calf, Rohan-Chabot coat of arms at the corners, spine gilt with raised bands, red edges (<em>contemporary binding<\/em>).<\/p>\n","protected":false},"featured_media":76439,"comment_status":"open","ping_status":"closed","template":"","meta":{"_acf_changed":false},"product_brand":[],"product_cat":[544],"product_tag":[1245,1270,1267,1213],"class_list":{"0":"post-76444","1":"product","2":"type-product","3":"status-publish","4":"has-post-thumbnail","6":"product_cat-literature","7":"product_tag-18th-century-literature","8":"product_tag-armoured","9":"product_tag-binding","10":"product_tag-history","11":"pa_auteur-louis-moreri-2","12":"pa_type-de-livre-printed-book","14":"first","15":"instock","16":"shipping-taxable","17":"purchasable","18":"product-type-simple"},"acf":[],"yoast_head":"<!-- This site is optimized with the Yoast SEO plugin v24.3 - https:\/\/yoast.com\/wordpress\/plugins\/seo\/ -->\n<title>MORERI Louis Le Grand dictionnaire historique, ou Le M\u00e9lange curieux de l&#039;histoire sacr\u00e9e et profane. Dix-huiti\u00e8me et derni\u00e8re \u00e9dition, revue, corrig\u00e9e &amp; augment\u00e9e tr\u00e8s consid\u00e9rablement. 8 volumes. [Et:] Nouveau Suppl\u00e9ment. 2 volumes. - Libairie Clavreuil<\/title>\n<meta name=\"robots\" content=\"noindex, follow, max-snippet:-1, max-image-preview:large, max-video-preview:-1\" \/>\n<meta property=\"og:locale\" content=\"en_US\" \/>\n<meta property=\"og:type\" content=\"article\" \/>\n<meta property=\"og:title\" content=\"MORERI Louis Le Grand dictionnaire historique, ou Le M\u00e9lange curieux de l&#039;histoire sacr\u00e9e et profane. Dix-huiti\u00e8me et derni\u00e8re \u00e9dition, revue, corrig\u00e9e &amp; augment\u00e9e tr\u00e8s consid\u00e9rablement. 8 volumes. [Et:] Nouveau Suppl\u00e9ment. 2 volumes. - Libairie Clavreuil\" \/>\n<meta property=\"og:description\" content=\"10 folio volumes (400 x 246 mm) with engraved frontispiece, XXI, 808 pp. for volume I ; 1 unn.l., 536, 358 pp. for volume II ; 1 unn.l., pp. [359]-760, 179, 216 pp. for volume III ; 1 unn.l., 223, 271, 242 pp. for volume IV ; 1 unn.l., 225, 51, 320, 110 pp. [additions to letters A-L] for volume V ; 1 unn.l., 514, 131, 102 pp. for volume VI ; 1 unn.l., 408, 27, 240, 214 pp. for volume VII ; 1 unn.l., pp. [215]-430, 271, 205, 130 pp. for volume VIII ; 2 unn.l., 901, 59 pp. for Supplement I ; 1 unn.l., 135, 823 pp. for Supplement II. Polished calf, Rohan-Chabot coat of arms at the corners, spine gilt with raised bands, red edges (contemporary binding).\" \/>\n<meta property=\"og:url\" content=\"https:\/\/clavreuil-wordpress.logiciel-arteo.fr\/en\/moreri-louis-le-grand-dictionnaire-historique-ou-le-melange-curieux-de-lhistoire-sacree-et-profane-dix-huitieme-et-derniere-edition-revue-corrigee-augmentee-tres-considerablement-8-volum\/\" \/>\n<meta property=\"og:site_name\" content=\"Libairie Clavreuil\" \/>\n<meta property=\"article:modified_time\" content=\"2024-04-25T16:41:40+00:00\" \/>\n<meta property=\"og:image\" content=\"https:\/\/clavreuil-wordpress.logiciel-arteo.fr\/wp-content\/uploads\/2024\/04\/louis-moreri-le-grand-dictionnaire-historique-ou-le-melange-curieux-de-l-histoire-sacree-et-profane-dix-huitieme-et-derniere-edition-revue-corrigee-au-scaled.jpg\" \/>\n\t<meta property=\"og:image:width\" content=\"1547\" \/>\n\t<meta property=\"og:image:height\" content=\"2560\" \/>\n\t<meta property=\"og:image:type\" content=\"image\/jpeg\" \/>\n<meta name=\"twitter:card\" content=\"summary_large_image\" \/>\n<meta name=\"twitter:label1\" content=\"Est. reading time\" \/>\n\t<meta name=\"twitter:data1\" content=\"1 minute\" \/>\n<script type=\"application\/ld+json\" class=\"yoast-schema-graph\">{\"@context\":\"https:\/\/schema.org\",\"@graph\":[{\"@type\":\"WebPage\",\"@id\":\"https:\/\/clavreuil-wordpress.logiciel-arteo.fr\/en\/moreri-louis-le-grand-dictionnaire-historique-ou-le-melange-curieux-de-lhistoire-sacree-et-profane-dix-huitieme-et-derniere-edition-revue-corrigee-augmentee-tres-considerablement-8-volum\/\",\"url\":\"https:\/\/clavreuil-wordpress.logiciel-arteo.fr\/en\/moreri-louis-le-grand-dictionnaire-historique-ou-le-melange-curieux-de-lhistoire-sacree-et-profane-dix-huitieme-et-derniere-edition-revue-corrigee-augmentee-tres-considerablement-8-volum\/\",\"name\":\"MORERI Louis Le Grand dictionnaire historique, ou Le M\u00e9lange curieux de l'histoire sacr\u00e9e et profane. Dix-huiti\u00e8me et derni\u00e8re \u00e9dition, revue, corrig\u00e9e &amp; augment\u00e9e tr\u00e8s consid\u00e9rablement. 8 volumes. [Et:] Nouveau Suppl\u00e9ment. 2 volumes. - Libairie Clavreuil\",\"isPartOf\":{\"@id\":\"https:\/\/clavreuil-wordpress.logiciel-arteo.fr\/#website\"},\"primaryImageOfPage\":{\"@id\":\"https:\/\/clavreuil-wordpress.logiciel-arteo.fr\/en\/moreri-louis-le-grand-dictionnaire-historique-ou-le-melange-curieux-de-lhistoire-sacree-et-profane-dix-huitieme-et-derniere-edition-revue-corrigee-augmentee-tres-considerablement-8-volum\/#primaryimage\"},\"image\":{\"@id\":\"https:\/\/clavreuil-wordpress.logiciel-arteo.fr\/en\/moreri-louis-le-grand-dictionnaire-historique-ou-le-melange-curieux-de-lhistoire-sacree-et-profane-dix-huitieme-et-derniere-edition-revue-corrigee-augmentee-tres-considerablement-8-volum\/#primaryimage\"},\"thumbnailUrl\":\"https:\/\/clavreuil-wordpress.logiciel-arteo.fr\/wp-content\/uploads\/2024\/04\/louis-moreri-le-grand-dictionnaire-historique-ou-le-melange-curieux-de-l-histoire-sacree-et-profane-dix-huitieme-et-derniere-edition-revue-corrigee-au-scaled.jpg\",\"datePublished\":\"2024-04-25T16:41:09+00:00\",\"dateModified\":\"2024-04-25T16:41:40+00:00\",\"breadcrumb\":{\"@id\":\"https:\/\/clavreuil-wordpress.logiciel-arteo.fr\/en\/moreri-louis-le-grand-dictionnaire-historique-ou-le-melange-curieux-de-lhistoire-sacree-et-profane-dix-huitieme-et-derniere-edition-revue-corrigee-augmentee-tres-considerablement-8-volum\/#breadcrumb\"},\"inLanguage\":\"en-US\",\"potentialAction\":[{\"@type\":\"ReadAction\",\"target\":[\"https:\/\/clavreuil-wordpress.logiciel-arteo.fr\/en\/moreri-louis-le-grand-dictionnaire-historique-ou-le-melange-curieux-de-lhistoire-sacree-et-profane-dix-huitieme-et-derniere-edition-revue-corrigee-augmentee-tres-considerablement-8-volum\/\"]}]},{\"@type\":\"ImageObject\",\"inLanguage\":\"en-US\",\"@id\":\"https:\/\/clavreuil-wordpress.logiciel-arteo.fr\/en\/moreri-louis-le-grand-dictionnaire-historique-ou-le-melange-curieux-de-lhistoire-sacree-et-profane-dix-huitieme-et-derniere-edition-revue-corrigee-augmentee-tres-considerablement-8-volum\/#primaryimage\",\"url\":\"https:\/\/clavreuil-wordpress.logiciel-arteo.fr\/wp-content\/uploads\/2024\/04\/louis-moreri-le-grand-dictionnaire-historique-ou-le-melange-curieux-de-l-histoire-sacree-et-profane-dix-huitieme-et-derniere-edition-revue-corrigee-au-scaled.jpg\",\"contentUrl\":\"https:\/\/clavreuil-wordpress.logiciel-arteo.fr\/wp-content\/uploads\/2024\/04\/louis-moreri-le-grand-dictionnaire-historique-ou-le-melange-curieux-de-l-histoire-sacree-et-profane-dix-huitieme-et-derniere-edition-revue-corrigee-au-scaled.jpg\",\"width\":1547,\"height\":2560},{\"@type\":\"BreadcrumbList\",\"@id\":\"https:\/\/clavreuil-wordpress.logiciel-arteo.fr\/en\/moreri-louis-le-grand-dictionnaire-historique-ou-le-melange-curieux-de-lhistoire-sacree-et-profane-dix-huitieme-et-derniere-edition-revue-corrigee-augmentee-tres-considerablement-8-volum\/#breadcrumb\",\"itemListElement\":[{\"@type\":\"ListItem\",\"position\":1,\"name\":\"Accueil\",\"item\":\"https:\/\/clavreuil-wordpress.logiciel-arteo.fr\/\"},{\"@type\":\"ListItem\",\"position\":2,\"name\":\"All our books\",\"item\":\"https:\/\/clavreuil-wordpress.logiciel-arteo.fr\/en\/all-our-books\/\"},{\"@type\":\"ListItem\",\"position\":3,\"name\":\"MORERI Louis Le Grand dictionnaire historique, ou Le...\"}]},{\"@type\":\"WebSite\",\"@id\":\"https:\/\/clavreuil-wordpress.logiciel-arteo.fr\/#website\",\"url\":\"https:\/\/clavreuil-wordpress.logiciel-arteo.fr\/\",\"name\":\"Libairie Clavreuil\",\"description\":\"\",\"publisher\":{\"@id\":\"https:\/\/clavreuil-wordpress.logiciel-arteo.fr\/#organization\"},\"potentialAction\":[{\"@type\":\"SearchAction\",\"target\":{\"@type\":\"EntryPoint\",\"urlTemplate\":\"https:\/\/clavreuil-wordpress.logiciel-arteo.fr\/?s={search_term_string}\"},\"query-input\":{\"@type\":\"PropertyValueSpecification\",\"valueRequired\":true,\"valueName\":\"search_term_string\"}}],\"inLanguage\":\"en-US\"},{\"@type\":\"Organization\",\"@id\":\"https:\/\/clavreuil-wordpress.logiciel-arteo.fr\/#organization\",\"name\":\"Libairie Clavreuil\",\"url\":\"https:\/\/clavreuil-wordpress.logiciel-arteo.fr\/\",\"logo\":{\"@type\":\"ImageObject\",\"inLanguage\":\"en-US\",\"@id\":\"https:\/\/clavreuil-wordpress.logiciel-arteo.fr\/#\/schema\/logo\/image\/\",\"url\":\"https:\/\/clavreuil-wordpress.logiciel-arteo.fr\/wp-content\/uploads\/2021\/05\/LOGO_PNG_DATE-_gold.png\",\"contentUrl\":\"https:\/\/clavreuil-wordpress.logiciel-arteo.fr\/wp-content\/uploads\/2021\/05\/LOGO_PNG_DATE-_gold.png\",\"width\":2083,\"height\":1917,\"caption\":\"Libairie Clavreuil\"},\"image\":{\"@id\":\"https:\/\/clavreuil-wordpress.logiciel-arteo.fr\/#\/schema\/logo\/image\/\"}}]}<\/script>\n<!-- \/ Yoast SEO plugin. -->","yoast_head_json":{"title":"MORERI Louis Le Grand dictionnaire historique, ou Le M\u00e9lange curieux de l'histoire sacr\u00e9e et profane. Dix-huiti\u00e8me et derni\u00e8re \u00e9dition, revue, corrig\u00e9e &amp; augment\u00e9e tr\u00e8s consid\u00e9rablement. 8 volumes. [Et:] Nouveau Suppl\u00e9ment. 2 volumes. - Libairie Clavreuil","robots":{"index":"noindex","follow":"follow","max-snippet":"max-snippet:-1","max-image-preview":"max-image-preview:large","max-video-preview":"max-video-preview:-1"},"og_locale":"en_US","og_type":"article","og_title":"MORERI Louis Le Grand dictionnaire historique, ou Le M\u00e9lange curieux de l'histoire sacr\u00e9e et profane. Dix-huiti\u00e8me et derni\u00e8re \u00e9dition, revue, corrig\u00e9e &amp; augment\u00e9e tr\u00e8s consid\u00e9rablement. 8 volumes. [Et:] Nouveau Suppl\u00e9ment. 2 volumes. - Libairie Clavreuil","og_description":"10 folio volumes (400 x 246 mm) with engraved frontispiece, XXI, 808 pp. for volume I ; 1 unn.l., 536, 358 pp. for volume II ; 1 unn.l., pp. [359]-760, 179, 216 pp. for volume III ; 1 unn.l., 223, 271, 242 pp. for volume IV ; 1 unn.l., 225, 51, 320, 110 pp. [additions to letters A-L] for volume V ; 1 unn.l., 514, 131, 102 pp. for volume VI ; 1 unn.l., 408, 27, 240, 214 pp. for volume VII ; 1 unn.l., pp. [215]-430, 271, 205, 130 pp. for volume VIII ; 2 unn.l., 901, 59 pp. for Supplement I ; 1 unn.l., 135, 823 pp. for Supplement II. Polished calf, Rohan-Chabot coat of arms at the corners, spine gilt with raised bands, red edges (contemporary binding).","og_url":"https:\/\/clavreuil-wordpress.logiciel-arteo.fr\/en\/moreri-louis-le-grand-dictionnaire-historique-ou-le-melange-curieux-de-lhistoire-sacree-et-profane-dix-huitieme-et-derniere-edition-revue-corrigee-augmentee-tres-considerablement-8-volum\/","og_site_name":"Libairie Clavreuil","article_modified_time":"2024-04-25T16:41:40+00:00","og_image":[{"width":1547,"height":2560,"url":"https:\/\/clavreuil-wordpress.logiciel-arteo.fr\/wp-content\/uploads\/2024\/04\/louis-moreri-le-grand-dictionnaire-historique-ou-le-melange-curieux-de-l-histoire-sacree-et-profane-dix-huitieme-et-derniere-edition-revue-corrigee-au-scaled.jpg","type":"image\/jpeg"}],"twitter_card":"summary_large_image","twitter_misc":{"Est. reading time":"1 minute"},"schema":{"@context":"https:\/\/schema.org","@graph":[{"@type":"WebPage","@id":"https:\/\/clavreuil-wordpress.logiciel-arteo.fr\/en\/moreri-louis-le-grand-dictionnaire-historique-ou-le-melange-curieux-de-lhistoire-sacree-et-profane-dix-huitieme-et-derniere-edition-revue-corrigee-augmentee-tres-considerablement-8-volum\/","url":"https:\/\/clavreuil-wordpress.logiciel-arteo.fr\/en\/moreri-louis-le-grand-dictionnaire-historique-ou-le-melange-curieux-de-lhistoire-sacree-et-profane-dix-huitieme-et-derniere-edition-revue-corrigee-augmentee-tres-considerablement-8-volum\/","name":"MORERI Louis Le Grand dictionnaire historique, ou Le M\u00e9lange curieux de l'histoire sacr\u00e9e et profane. Dix-huiti\u00e8me et derni\u00e8re \u00e9dition, revue, corrig\u00e9e &amp; augment\u00e9e tr\u00e8s consid\u00e9rablement. 8 volumes. [Et:] Nouveau Suppl\u00e9ment. 2 volumes. - Libairie Clavreuil","isPartOf":{"@id":"https:\/\/clavreuil-wordpress.logiciel-arteo.fr\/#website"},"primaryImageOfPage":{"@id":"https:\/\/clavreuil-wordpress.logiciel-arteo.fr\/en\/moreri-louis-le-grand-dictionnaire-historique-ou-le-melange-curieux-de-lhistoire-sacree-et-profane-dix-huitieme-et-derniere-edition-revue-corrigee-augmentee-tres-considerablement-8-volum\/#primaryimage"},"image":{"@id":"https:\/\/clavreuil-wordpress.logiciel-arteo.fr\/en\/moreri-louis-le-grand-dictionnaire-historique-ou-le-melange-curieux-de-lhistoire-sacree-et-profane-dix-huitieme-et-derniere-edition-revue-corrigee-augmentee-tres-considerablement-8-volum\/#primaryimage"},"thumbnailUrl":"https:\/\/clavreuil-wordpress.logiciel-arteo.fr\/wp-content\/uploads\/2024\/04\/louis-moreri-le-grand-dictionnaire-historique-ou-le-melange-curieux-de-l-histoire-sacree-et-profane-dix-huitieme-et-derniere-edition-revue-corrigee-au-scaled.jpg","datePublished":"2024-04-25T16:41:09+00:00","dateModified":"2024-04-25T16:41:40+00:00","breadcrumb":{"@id":"https:\/\/clavreuil-wordpress.logiciel-arteo.fr\/en\/moreri-louis-le-grand-dictionnaire-historique-ou-le-melange-curieux-de-lhistoire-sacree-et-profane-dix-huitieme-et-derniere-edition-revue-corrigee-augmentee-tres-considerablement-8-volum\/#breadcrumb"},"inLanguage":"en-US","potentialAction":[{"@type":"ReadAction","target":["https:\/\/clavreuil-wordpress.logiciel-arteo.fr\/en\/moreri-louis-le-grand-dictionnaire-historique-ou-le-melange-curieux-de-lhistoire-sacree-et-profane-dix-huitieme-et-derniere-edition-revue-corrigee-augmentee-tres-considerablement-8-volum\/"]}]},{"@type":"ImageObject","inLanguage":"en-US","@id":"https:\/\/clavreuil-wordpress.logiciel-arteo.fr\/en\/moreri-louis-le-grand-dictionnaire-historique-ou-le-melange-curieux-de-lhistoire-sacree-et-profane-dix-huitieme-et-derniere-edition-revue-corrigee-augmentee-tres-considerablement-8-volum\/#primaryimage","url":"https:\/\/clavreuil-wordpress.logiciel-arteo.fr\/wp-content\/uploads\/2024\/04\/louis-moreri-le-grand-dictionnaire-historique-ou-le-melange-curieux-de-l-histoire-sacree-et-profane-dix-huitieme-et-derniere-edition-revue-corrigee-au-scaled.jpg","contentUrl":"https:\/\/clavreuil-wordpress.logiciel-arteo.fr\/wp-content\/uploads\/2024\/04\/louis-moreri-le-grand-dictionnaire-historique-ou-le-melange-curieux-de-l-histoire-sacree-et-profane-dix-huitieme-et-derniere-edition-revue-corrigee-au-scaled.jpg","width":1547,"height":2560},{"@type":"BreadcrumbList","@id":"https:\/\/clavreuil-wordpress.logiciel-arteo.fr\/en\/moreri-louis-le-grand-dictionnaire-historique-ou-le-melange-curieux-de-lhistoire-sacree-et-profane-dix-huitieme-et-derniere-edition-revue-corrigee-augmentee-tres-considerablement-8-volum\/#breadcrumb","itemListElement":[{"@type":"ListItem","position":1,"name":"Accueil","item":"https:\/\/clavreuil-wordpress.logiciel-arteo.fr\/"},{"@type":"ListItem","position":2,"name":"All our books","item":"https:\/\/clavreuil-wordpress.logiciel-arteo.fr\/en\/all-our-books\/"},{"@type":"ListItem","position":3,"name":"MORERI Louis Le Grand dictionnaire historique, ou Le..."}]},{"@type":"WebSite","@id":"https:\/\/clavreuil-wordpress.logiciel-arteo.fr\/#website","url":"https:\/\/clavreuil-wordpress.logiciel-arteo.fr\/","name":"Libairie Clavreuil","description":"","publisher":{"@id":"https:\/\/clavreuil-wordpress.logiciel-arteo.fr\/#organization"},"potentialAction":[{"@type":"SearchAction","target":{"@type":"EntryPoint","urlTemplate":"https:\/\/clavreuil-wordpress.logiciel-arteo.fr\/?s={search_term_string}"},"query-input":{"@type":"PropertyValueSpecification","valueRequired":true,"valueName":"search_term_string"}}],"inLanguage":"en-US"},{"@type":"Organization","@id":"https:\/\/clavreuil-wordpress.logiciel-arteo.fr\/#organization","name":"Libairie Clavreuil","url":"https:\/\/clavreuil-wordpress.logiciel-arteo.fr\/","logo":{"@type":"ImageObject","inLanguage":"en-US","@id":"https:\/\/clavreuil-wordpress.logiciel-arteo.fr\/#\/schema\/logo\/image\/","url":"https:\/\/clavreuil-wordpress.logiciel-arteo.fr\/wp-content\/uploads\/2021\/05\/LOGO_PNG_DATE-_gold.png","contentUrl":"https:\/\/clavreuil-wordpress.logiciel-arteo.fr\/wp-content\/uploads\/2021\/05\/LOGO_PNG_DATE-_gold.png","width":2083,"height":1917,"caption":"Libairie Clavreuil"},"image":{"@id":"https:\/\/clavreuil-wordpress.logiciel-arteo.fr\/#\/schema\/logo\/image\/"}}]}},"_links":{"self":[{"href":"https:\/\/clavreuil-wordpress.logiciel-arteo.fr\/en\/wp-json\/wp\/v2\/product\/76444","targetHints":{"allow":["GET"]}}],"collection":[{"href":"https:\/\/clavreuil-wordpress.logiciel-arteo.fr\/en\/wp-json\/wp\/v2\/product"}],"about":[{"href":"https:\/\/clavreuil-wordpress.logiciel-arteo.fr\/en\/wp-json\/wp\/v2\/types\/product"}],"replies":[{"embeddable":true,"href":"https:\/\/clavreuil-wordpress.logiciel-arteo.fr\/en\/wp-json\/wp\/v2\/comments?post=76444"}],"wp:featuredmedia":[{"embeddable":true,"href":"https:\/\/clavreuil-wordpress.logiciel-arteo.fr\/en\/wp-json\/wp\/v2\/media\/76439"}],"wp:attachment":[{"href":"https:\/\/clavreuil-wordpress.logiciel-arteo.fr\/en\/wp-json\/wp\/v2\/media?parent=76444"}],"wp:term":[{"taxonomy":"product_brand","embeddable":true,"href":"https:\/\/clavreuil-wordpress.logiciel-arteo.fr\/en\/wp-json\/wp\/v2\/product_brand?post=76444"},{"taxonomy":"product_cat","embeddable":true,"href":"https:\/\/clavreuil-wordpress.logiciel-arteo.fr\/en\/wp-json\/wp\/v2\/product_cat?post=76444"},{"taxonomy":"product_tag","embeddable":true,"href":"https:\/\/clavreuil-wordpress.logiciel-arteo.fr\/en\/wp-json\/wp\/v2\/product_tag?post=76444"}],"curies":[{"name":"wp","href":"https:\/\/api.w.org\/{rel}","templated":true}]}}