{"id":76480,"date":"2024-04-25T18:48:17","date_gmt":"2024-04-25T16:48:17","guid":{"rendered":"https:\/\/clavreuil-wordpress.logiciel-arteo.fr\/pecquet-loix-forestieres-de-france-commentaire-historique-et-raisonne-sur-lordonnance-de-1669-les-reglemens-anterieurs-ceux-qui-lont-suivie-auquel-on-a-joint-une-bibliotheque-des-auteur\/"},"modified":"2024-04-25T18:48:46","modified_gmt":"2024-04-25T16:48:46","slug":"pecquet-loix-forestieres-de-france-commentaire-historique-et-raisonne-sur-lordonnance-de-1669-les-reglemens-anterieurs-ceux-qui-lont-suivie-auquel-on-a-joint-une-bibliotheque-des-auteur","status":"publish","type":"product","link":"https:\/\/clavreuil-wordpress.logiciel-arteo.fr\/en\/pecquet-loix-forestieres-de-france-commentaire-historique-et-raisonne-sur-lordonnance-de-1669-les-reglemens-anterieurs-ceux-qui-lont-suivie-auquel-on-a-joint-une-bibliotheque-des-auteur\/","title":{"rendered":"PECQUET Loix foresti\u00e8res de France, commentaire historique et..."},"content":{"rendered":"<p><em>Thi&eacute;baud 716.<\/em><\/p>\n<p>First edition of this collection of forest laws based on the Royal decree of 1669.<\/p>\n<p>This book also contains one of the earliest bibliographies on hunting literature covering works from 1486 to 1750.<\/p>\n<p>Good copy.<\/p>\n","protected":false},"excerpt":{"rendered":"<p>2 volumes 4to (245 x 186 mm) 2 un.ll. XXII, 672 pp. for volume I; 2 un.ll., 352 pp., 1 un.l. (privilege and approbation) for volume II. Contemporary mottled calf, spine gilt with raised bands.<\/p>\n","protected":false},"featured_media":76475,"comment_status":"open","ping_status":"closed","template":"","meta":{"_acf_changed":false},"product_brand":[],"product_cat":[540],"product_tag":[1450,566],"class_list":{"0":"post-76480","1":"product","2":"type-product","3":"status-publish","4":"has-post-thumbnail","6":"product_cat-natural-history","7":"product_tag-first-edition","8":"product_tag-hunting","9":"pa_auteur-pecquet-2","10":"pa_type-de-livre-printed-book","12":"first","13":"instock","14":"shipping-taxable","15":"purchasable","16":"product-type-simple"},"acf":[],"yoast_head":"<!-- This site is optimized with the Yoast SEO plugin v24.3 - https:\/\/yoast.com\/wordpress\/plugins\/seo\/ -->\n<title>PECQUET  Loix foresti\u00e8res de France, commentaire historique et raisonn\u00e9 sur l&#039;Ordonnance de 1669, les R\u00e8glemens ant\u00e9rieurs, &amp; ceux qui l&#039;ont suivie; auquel on a joint une Biblioth\u00e8que des Auteurs qui ont \u00e9crit sur les mati\u00e8res d&#039;Eaux &amp; For\u00eats. - Libairie Clavreuil<\/title>\n<meta name=\"robots\" content=\"noindex, follow, max-snippet:-1, max-image-preview:large, max-video-preview:-1\" \/>\n<meta property=\"og:locale\" content=\"en_US\" \/>\n<meta property=\"og:type\" content=\"article\" \/>\n<meta property=\"og:title\" content=\"PECQUET  Loix foresti\u00e8res de France, commentaire historique et raisonn\u00e9 sur l&#039;Ordonnance de 1669, les R\u00e8glemens ant\u00e9rieurs, &amp; ceux qui l&#039;ont suivie; auquel on a joint une Biblioth\u00e8que des Auteurs qui ont \u00e9crit sur les mati\u00e8res d&#039;Eaux &amp; For\u00eats. - Libairie Clavreuil\" \/>\n<meta property=\"og:description\" content=\"2 volumes 4to (245 x 186 mm) 2 un.ll. XXII, 672 pp. for volume I; 2 un.ll., 352 pp., 1 un.l. (privilege and approbation) for volume II. Contemporary mottled calf, spine gilt with raised bands.\" \/>\n<meta property=\"og:url\" content=\"https:\/\/clavreuil-wordpress.logiciel-arteo.fr\/en\/pecquet-loix-forestieres-de-france-commentaire-historique-et-raisonne-sur-lordonnance-de-1669-les-reglemens-anterieurs-ceux-qui-lont-suivie-auquel-on-a-joint-une-bibliotheque-des-auteur\/\" \/>\n<meta property=\"og:site_name\" content=\"Libairie Clavreuil\" \/>\n<meta property=\"article:modified_time\" content=\"2024-04-25T16:48:46+00:00\" \/>\n<meta property=\"og:image\" content=\"https:\/\/clavreuil-wordpress.logiciel-arteo.fr\/wp-content\/uploads\/2024\/04\/pecquet-loix-forestieres-de-france-commentaire-historique-et-raisonne-sur-l-ordonnance-de-1669-les-reglemens-anterieurs-ceux-qui-l-ont-suivie-auquel-o-scaled.jpg\" \/>\n\t<meta property=\"og:image:width\" content=\"1920\" \/>\n\t<meta property=\"og:image:height\" content=\"2560\" \/>\n\t<meta property=\"og:image:type\" content=\"image\/jpeg\" \/>\n<meta name=\"twitter:card\" content=\"summary_large_image\" \/>\n<script type=\"application\/ld+json\" class=\"yoast-schema-graph\">{\"@context\":\"https:\/\/schema.org\",\"@graph\":[{\"@type\":\"WebPage\",\"@id\":\"https:\/\/clavreuil-wordpress.logiciel-arteo.fr\/en\/pecquet-loix-forestieres-de-france-commentaire-historique-et-raisonne-sur-lordonnance-de-1669-les-reglemens-anterieurs-ceux-qui-lont-suivie-auquel-on-a-joint-une-bibliotheque-des-auteur\/\",\"url\":\"https:\/\/clavreuil-wordpress.logiciel-arteo.fr\/en\/pecquet-loix-forestieres-de-france-commentaire-historique-et-raisonne-sur-lordonnance-de-1669-les-reglemens-anterieurs-ceux-qui-lont-suivie-auquel-on-a-joint-une-bibliotheque-des-auteur\/\",\"name\":\"PECQUET Loix foresti\u00e8res de France, commentaire historique et raisonn\u00e9 sur l'Ordonnance de 1669, les R\u00e8glemens ant\u00e9rieurs, &amp; ceux qui l'ont suivie; auquel on a joint une Biblioth\u00e8que des Auteurs qui ont \u00e9crit sur les mati\u00e8res d'Eaux &amp; For\u00eats. - Libairie Clavreuil\",\"isPartOf\":{\"@id\":\"https:\/\/clavreuil-wordpress.logiciel-arteo.fr\/#website\"},\"primaryImageOfPage\":{\"@id\":\"https:\/\/clavreuil-wordpress.logiciel-arteo.fr\/en\/pecquet-loix-forestieres-de-france-commentaire-historique-et-raisonne-sur-lordonnance-de-1669-les-reglemens-anterieurs-ceux-qui-lont-suivie-auquel-on-a-joint-une-bibliotheque-des-auteur\/#primaryimage\"},\"image\":{\"@id\":\"https:\/\/clavreuil-wordpress.logiciel-arteo.fr\/en\/pecquet-loix-forestieres-de-france-commentaire-historique-et-raisonne-sur-lordonnance-de-1669-les-reglemens-anterieurs-ceux-qui-lont-suivie-auquel-on-a-joint-une-bibliotheque-des-auteur\/#primaryimage\"},\"thumbnailUrl\":\"https:\/\/clavreuil-wordpress.logiciel-arteo.fr\/wp-content\/uploads\/2024\/04\/pecquet-loix-forestieres-de-france-commentaire-historique-et-raisonne-sur-l-ordonnance-de-1669-les-reglemens-anterieurs-ceux-qui-l-ont-suivie-auquel-o-scaled.jpg\",\"datePublished\":\"2024-04-25T16:48:17+00:00\",\"dateModified\":\"2024-04-25T16:48:46+00:00\",\"breadcrumb\":{\"@id\":\"https:\/\/clavreuil-wordpress.logiciel-arteo.fr\/en\/pecquet-loix-forestieres-de-france-commentaire-historique-et-raisonne-sur-lordonnance-de-1669-les-reglemens-anterieurs-ceux-qui-lont-suivie-auquel-on-a-joint-une-bibliotheque-des-auteur\/#breadcrumb\"},\"inLanguage\":\"en-US\",\"potentialAction\":[{\"@type\":\"ReadAction\",\"target\":[\"https:\/\/clavreuil-wordpress.logiciel-arteo.fr\/en\/pecquet-loix-forestieres-de-france-commentaire-historique-et-raisonne-sur-lordonnance-de-1669-les-reglemens-anterieurs-ceux-qui-lont-suivie-auquel-on-a-joint-une-bibliotheque-des-auteur\/\"]}]},{\"@type\":\"ImageObject\",\"inLanguage\":\"en-US\",\"@id\":\"https:\/\/clavreuil-wordpress.logiciel-arteo.fr\/en\/pecquet-loix-forestieres-de-france-commentaire-historique-et-raisonne-sur-lordonnance-de-1669-les-reglemens-anterieurs-ceux-qui-lont-suivie-auquel-on-a-joint-une-bibliotheque-des-auteur\/#primaryimage\",\"url\":\"https:\/\/clavreuil-wordpress.logiciel-arteo.fr\/wp-content\/uploads\/2024\/04\/pecquet-loix-forestieres-de-france-commentaire-historique-et-raisonne-sur-l-ordonnance-de-1669-les-reglemens-anterieurs-ceux-qui-l-ont-suivie-auquel-o-scaled.jpg\",\"contentUrl\":\"https:\/\/clavreuil-wordpress.logiciel-arteo.fr\/wp-content\/uploads\/2024\/04\/pecquet-loix-forestieres-de-france-commentaire-historique-et-raisonne-sur-l-ordonnance-de-1669-les-reglemens-anterieurs-ceux-qui-l-ont-suivie-auquel-o-scaled.jpg\",\"width\":1920,\"height\":2560},{\"@type\":\"BreadcrumbList\",\"@id\":\"https:\/\/clavreuil-wordpress.logiciel-arteo.fr\/en\/pecquet-loix-forestieres-de-france-commentaire-historique-et-raisonne-sur-lordonnance-de-1669-les-reglemens-anterieurs-ceux-qui-lont-suivie-auquel-on-a-joint-une-bibliotheque-des-auteur\/#breadcrumb\",\"itemListElement\":[{\"@type\":\"ListItem\",\"position\":1,\"name\":\"Accueil\",\"item\":\"https:\/\/clavreuil-wordpress.logiciel-arteo.fr\/\"},{\"@type\":\"ListItem\",\"position\":2,\"name\":\"All our books\",\"item\":\"https:\/\/clavreuil-wordpress.logiciel-arteo.fr\/en\/all-our-books\/\"},{\"@type\":\"ListItem\",\"position\":3,\"name\":\"PECQUET Loix foresti\u00e8res de France, commentaire historique et...\"}]},{\"@type\":\"WebSite\",\"@id\":\"https:\/\/clavreuil-wordpress.logiciel-arteo.fr\/#website\",\"url\":\"https:\/\/clavreuil-wordpress.logiciel-arteo.fr\/\",\"name\":\"Libairie Clavreuil\",\"description\":\"\",\"publisher\":{\"@id\":\"https:\/\/clavreuil-wordpress.logiciel-arteo.fr\/#organization\"},\"potentialAction\":[{\"@type\":\"SearchAction\",\"target\":{\"@type\":\"EntryPoint\",\"urlTemplate\":\"https:\/\/clavreuil-wordpress.logiciel-arteo.fr\/?s={search_term_string}\"},\"query-input\":{\"@type\":\"PropertyValueSpecification\",\"valueRequired\":true,\"valueName\":\"search_term_string\"}}],\"inLanguage\":\"en-US\"},{\"@type\":\"Organization\",\"@id\":\"https:\/\/clavreuil-wordpress.logiciel-arteo.fr\/#organization\",\"name\":\"Libairie Clavreuil\",\"url\":\"https:\/\/clavreuil-wordpress.logiciel-arteo.fr\/\",\"logo\":{\"@type\":\"ImageObject\",\"inLanguage\":\"en-US\",\"@id\":\"https:\/\/clavreuil-wordpress.logiciel-arteo.fr\/#\/schema\/logo\/image\/\",\"url\":\"https:\/\/clavreuil-wordpress.logiciel-arteo.fr\/wp-content\/uploads\/2021\/05\/LOGO_PNG_DATE-_gold.png\",\"contentUrl\":\"https:\/\/clavreuil-wordpress.logiciel-arteo.fr\/wp-content\/uploads\/2021\/05\/LOGO_PNG_DATE-_gold.png\",\"width\":2083,\"height\":1917,\"caption\":\"Libairie Clavreuil\"},\"image\":{\"@id\":\"https:\/\/clavreuil-wordpress.logiciel-arteo.fr\/#\/schema\/logo\/image\/\"}}]}<\/script>\n<!-- \/ Yoast SEO plugin. -->","yoast_head_json":{"title":"PECQUET  Loix foresti\u00e8res de France, commentaire historique et raisonn\u00e9 sur l'Ordonnance de 1669, les R\u00e8glemens ant\u00e9rieurs, &amp; ceux qui l'ont suivie; auquel on a joint une Biblioth\u00e8que des Auteurs qui ont \u00e9crit sur les mati\u00e8res d'Eaux &amp; For\u00eats. - Libairie Clavreuil","robots":{"index":"noindex","follow":"follow","max-snippet":"max-snippet:-1","max-image-preview":"max-image-preview:large","max-video-preview":"max-video-preview:-1"},"og_locale":"en_US","og_type":"article","og_title":"PECQUET  Loix foresti\u00e8res de France, commentaire historique et raisonn\u00e9 sur l'Ordonnance de 1669, les R\u00e8glemens ant\u00e9rieurs, &amp; ceux qui l'ont suivie; auquel on a joint une Biblioth\u00e8que des Auteurs qui ont \u00e9crit sur les mati\u00e8res d'Eaux &amp; For\u00eats. - Libairie Clavreuil","og_description":"2 volumes 4to (245 x 186 mm) 2 un.ll. XXII, 672 pp. for volume I; 2 un.ll., 352 pp., 1 un.l. (privilege and approbation) for volume II. Contemporary mottled calf, spine gilt with raised bands.","og_url":"https:\/\/clavreuil-wordpress.logiciel-arteo.fr\/en\/pecquet-loix-forestieres-de-france-commentaire-historique-et-raisonne-sur-lordonnance-de-1669-les-reglemens-anterieurs-ceux-qui-lont-suivie-auquel-on-a-joint-une-bibliotheque-des-auteur\/","og_site_name":"Libairie Clavreuil","article_modified_time":"2024-04-25T16:48:46+00:00","og_image":[{"width":1920,"height":2560,"url":"https:\/\/clavreuil-wordpress.logiciel-arteo.fr\/wp-content\/uploads\/2024\/04\/pecquet-loix-forestieres-de-france-commentaire-historique-et-raisonne-sur-l-ordonnance-de-1669-les-reglemens-anterieurs-ceux-qui-l-ont-suivie-auquel-o-scaled.jpg","type":"image\/jpeg"}],"twitter_card":"summary_large_image","schema":{"@context":"https:\/\/schema.org","@graph":[{"@type":"WebPage","@id":"https:\/\/clavreuil-wordpress.logiciel-arteo.fr\/en\/pecquet-loix-forestieres-de-france-commentaire-historique-et-raisonne-sur-lordonnance-de-1669-les-reglemens-anterieurs-ceux-qui-lont-suivie-auquel-on-a-joint-une-bibliotheque-des-auteur\/","url":"https:\/\/clavreuil-wordpress.logiciel-arteo.fr\/en\/pecquet-loix-forestieres-de-france-commentaire-historique-et-raisonne-sur-lordonnance-de-1669-les-reglemens-anterieurs-ceux-qui-lont-suivie-auquel-on-a-joint-une-bibliotheque-des-auteur\/","name":"PECQUET Loix foresti\u00e8res de France, commentaire historique et raisonn\u00e9 sur l'Ordonnance de 1669, les R\u00e8glemens ant\u00e9rieurs, &amp; ceux qui l'ont suivie; auquel on a joint une Biblioth\u00e8que des Auteurs qui ont \u00e9crit sur les mati\u00e8res d'Eaux &amp; For\u00eats. - Libairie Clavreuil","isPartOf":{"@id":"https:\/\/clavreuil-wordpress.logiciel-arteo.fr\/#website"},"primaryImageOfPage":{"@id":"https:\/\/clavreuil-wordpress.logiciel-arteo.fr\/en\/pecquet-loix-forestieres-de-france-commentaire-historique-et-raisonne-sur-lordonnance-de-1669-les-reglemens-anterieurs-ceux-qui-lont-suivie-auquel-on-a-joint-une-bibliotheque-des-auteur\/#primaryimage"},"image":{"@id":"https:\/\/clavreuil-wordpress.logiciel-arteo.fr\/en\/pecquet-loix-forestieres-de-france-commentaire-historique-et-raisonne-sur-lordonnance-de-1669-les-reglemens-anterieurs-ceux-qui-lont-suivie-auquel-on-a-joint-une-bibliotheque-des-auteur\/#primaryimage"},"thumbnailUrl":"https:\/\/clavreuil-wordpress.logiciel-arteo.fr\/wp-content\/uploads\/2024\/04\/pecquet-loix-forestieres-de-france-commentaire-historique-et-raisonne-sur-l-ordonnance-de-1669-les-reglemens-anterieurs-ceux-qui-l-ont-suivie-auquel-o-scaled.jpg","datePublished":"2024-04-25T16:48:17+00:00","dateModified":"2024-04-25T16:48:46+00:00","breadcrumb":{"@id":"https:\/\/clavreuil-wordpress.logiciel-arteo.fr\/en\/pecquet-loix-forestieres-de-france-commentaire-historique-et-raisonne-sur-lordonnance-de-1669-les-reglemens-anterieurs-ceux-qui-lont-suivie-auquel-on-a-joint-une-bibliotheque-des-auteur\/#breadcrumb"},"inLanguage":"en-US","potentialAction":[{"@type":"ReadAction","target":["https:\/\/clavreuil-wordpress.logiciel-arteo.fr\/en\/pecquet-loix-forestieres-de-france-commentaire-historique-et-raisonne-sur-lordonnance-de-1669-les-reglemens-anterieurs-ceux-qui-lont-suivie-auquel-on-a-joint-une-bibliotheque-des-auteur\/"]}]},{"@type":"ImageObject","inLanguage":"en-US","@id":"https:\/\/clavreuil-wordpress.logiciel-arteo.fr\/en\/pecquet-loix-forestieres-de-france-commentaire-historique-et-raisonne-sur-lordonnance-de-1669-les-reglemens-anterieurs-ceux-qui-lont-suivie-auquel-on-a-joint-une-bibliotheque-des-auteur\/#primaryimage","url":"https:\/\/clavreuil-wordpress.logiciel-arteo.fr\/wp-content\/uploads\/2024\/04\/pecquet-loix-forestieres-de-france-commentaire-historique-et-raisonne-sur-l-ordonnance-de-1669-les-reglemens-anterieurs-ceux-qui-l-ont-suivie-auquel-o-scaled.jpg","contentUrl":"https:\/\/clavreuil-wordpress.logiciel-arteo.fr\/wp-content\/uploads\/2024\/04\/pecquet-loix-forestieres-de-france-commentaire-historique-et-raisonne-sur-l-ordonnance-de-1669-les-reglemens-anterieurs-ceux-qui-l-ont-suivie-auquel-o-scaled.jpg","width":1920,"height":2560},{"@type":"BreadcrumbList","@id":"https:\/\/clavreuil-wordpress.logiciel-arteo.fr\/en\/pecquet-loix-forestieres-de-france-commentaire-historique-et-raisonne-sur-lordonnance-de-1669-les-reglemens-anterieurs-ceux-qui-lont-suivie-auquel-on-a-joint-une-bibliotheque-des-auteur\/#breadcrumb","itemListElement":[{"@type":"ListItem","position":1,"name":"Accueil","item":"https:\/\/clavreuil-wordpress.logiciel-arteo.fr\/"},{"@type":"ListItem","position":2,"name":"All our books","item":"https:\/\/clavreuil-wordpress.logiciel-arteo.fr\/en\/all-our-books\/"},{"@type":"ListItem","position":3,"name":"PECQUET Loix foresti\u00e8res de France, commentaire historique et..."}]},{"@type":"WebSite","@id":"https:\/\/clavreuil-wordpress.logiciel-arteo.fr\/#website","url":"https:\/\/clavreuil-wordpress.logiciel-arteo.fr\/","name":"Libairie Clavreuil","description":"","publisher":{"@id":"https:\/\/clavreuil-wordpress.logiciel-arteo.fr\/#organization"},"potentialAction":[{"@type":"SearchAction","target":{"@type":"EntryPoint","urlTemplate":"https:\/\/clavreuil-wordpress.logiciel-arteo.fr\/?s={search_term_string}"},"query-input":{"@type":"PropertyValueSpecification","valueRequired":true,"valueName":"search_term_string"}}],"inLanguage":"en-US"},{"@type":"Organization","@id":"https:\/\/clavreuil-wordpress.logiciel-arteo.fr\/#organization","name":"Libairie Clavreuil","url":"https:\/\/clavreuil-wordpress.logiciel-arteo.fr\/","logo":{"@type":"ImageObject","inLanguage":"en-US","@id":"https:\/\/clavreuil-wordpress.logiciel-arteo.fr\/#\/schema\/logo\/image\/","url":"https:\/\/clavreuil-wordpress.logiciel-arteo.fr\/wp-content\/uploads\/2021\/05\/LOGO_PNG_DATE-_gold.png","contentUrl":"https:\/\/clavreuil-wordpress.logiciel-arteo.fr\/wp-content\/uploads\/2021\/05\/LOGO_PNG_DATE-_gold.png","width":2083,"height":1917,"caption":"Libairie Clavreuil"},"image":{"@id":"https:\/\/clavreuil-wordpress.logiciel-arteo.fr\/#\/schema\/logo\/image\/"}}]}},"_links":{"self":[{"href":"https:\/\/clavreuil-wordpress.logiciel-arteo.fr\/en\/wp-json\/wp\/v2\/product\/76480","targetHints":{"allow":["GET"]}}],"collection":[{"href":"https:\/\/clavreuil-wordpress.logiciel-arteo.fr\/en\/wp-json\/wp\/v2\/product"}],"about":[{"href":"https:\/\/clavreuil-wordpress.logiciel-arteo.fr\/en\/wp-json\/wp\/v2\/types\/product"}],"replies":[{"embeddable":true,"href":"https:\/\/clavreuil-wordpress.logiciel-arteo.fr\/en\/wp-json\/wp\/v2\/comments?post=76480"}],"wp:featuredmedia":[{"embeddable":true,"href":"https:\/\/clavreuil-wordpress.logiciel-arteo.fr\/en\/wp-json\/wp\/v2\/media\/76475"}],"wp:attachment":[{"href":"https:\/\/clavreuil-wordpress.logiciel-arteo.fr\/en\/wp-json\/wp\/v2\/media?parent=76480"}],"wp:term":[{"taxonomy":"product_brand","embeddable":true,"href":"https:\/\/clavreuil-wordpress.logiciel-arteo.fr\/en\/wp-json\/wp\/v2\/product_brand?post=76480"},{"taxonomy":"product_cat","embeddable":true,"href":"https:\/\/clavreuil-wordpress.logiciel-arteo.fr\/en\/wp-json\/wp\/v2\/product_cat?post=76480"},{"taxonomy":"product_tag","embeddable":true,"href":"https:\/\/clavreuil-wordpress.logiciel-arteo.fr\/en\/wp-json\/wp\/v2\/product_tag?post=76480"}],"curies":[{"name":"wp","href":"https:\/\/api.w.org\/{rel}","templated":true}]}}