{"id":76522,"date":"2024-04-25T18:55:36","date_gmt":"2024-04-25T16:55:36","guid":{"rendered":"https:\/\/clavreuil-wordpress.logiciel-arteo.fr\/le-verrier-de-la-conterie-jean-baptiste-jacques-ecole-de-la-chasse-aux-chiens-courants-precede-dune-bibliotheque-historique-critique-des-thereuticographes\/"},"modified":"2024-04-25T18:56:18","modified_gmt":"2024-04-25T16:56:18","slug":"le-verrier-de-la-conterie-jean-baptiste-jacques-ecole-de-la-chasse-aux-chiens-courants-precede-dune-bibliotheque-historique-critique-des-thereuticographes","status":"publish","type":"product","link":"https:\/\/clavreuil-wordpress.logiciel-arteo.fr\/en\/le-verrier-de-la-conterie-jean-baptiste-jacques-ecole-de-la-chasse-aux-chiens-courants-precede-dune-bibliotheque-historique-critique-des-thereuticographes\/","title":{"rendered":"LE VERRIER DE LA CONTERIE Jean Baptiste Jacques..."},"content":{"rendered":"<p><em>Thi&eacute;baud, 589 ; Schwerdt, I, 313; Souhart, 298-299 (&quot;ouvrage classique par excellence&quot;).<\/em><\/p>\n<p>First edition.<\/p>\n<p>It includes the important description of<em> Biblioth&egrave;que historique des auteurs qui ont trait&eacute; de la chasse<\/em> is written by the brothers Lallemant, the printers and editors of this book. Of the 16 plates &#8211; all are wood cuts &#8211; 13 are folding. They depict various animals (including deer, boards, wolfs, etc.), their foot prints and droppings. This copy is extra illustrated with one plate, inserted at page 79 depicting a deer.<\/p>\n<p>&quot;This instructive book ranks with the classics on hunting and is especially valuable on account of the &#039;Biblioth&egrave;que historique et critique&#8230;&#039; to which frequent reference is made in these notes&quot; (Schwerdt).<\/p>\n<p>Good copy, the respective title-pages are bound in reverse order.<\/p>\n<p>Provenance: P.P. Cannac (copper engraved book-plate) &#8212; Biblioth&egrave;que d&#039;Hauteville (label).<\/p>\n","protected":false},"excerpt":{"rendered":"<p>One volume, bound in two, 8vo (192 x 116 mm) CCXXVI pp., 1 nn.l. (approbation) for volume I; 1 nn.l., VIII, 396pp., 14 engraved pages with musical scores, 16 woodcut plates, for volume II. Contemporary mottled sheep, spine gilt with raised bands, red edges.<\/p>\n","protected":false},"featured_media":76511,"comment_status":"open","ping_status":"closed","template":"","meta":{"_acf_changed":false},"product_brand":[],"product_cat":[534],"product_tag":[1450,566],"class_list":{"0":"post-76522","1":"product","2":"type-product","3":"status-publish","4":"has-post-thumbnail","6":"product_cat-hunting","7":"product_tag-first-edition","8":"product_tag-hunting","9":"pa_auteur-jean-baptiste-jacques-le-verrier-de-la-conterie-2","10":"pa_type-de-livre-printed-book","12":"first","13":"instock","14":"shipping-taxable","15":"purchasable","16":"product-type-simple"},"acf":[],"yoast_head":"<!-- This site is optimized with the Yoast SEO plugin v24.3 - https:\/\/yoast.com\/wordpress\/plugins\/seo\/ -->\n<title>LE VERRIER DE LA CONTERIE Jean Baptiste Jacques Ecole de la Chasse aux chiens courants. Pr\u00e9c\u00e9d\u00e9 d&#039;une biblioth\u00e8que historique &amp; critique des th\u00e9reuticographes. - Libairie Clavreuil<\/title>\n<meta name=\"robots\" content=\"noindex, follow, max-snippet:-1, max-image-preview:large, max-video-preview:-1\" \/>\n<meta property=\"og:locale\" content=\"en_US\" \/>\n<meta property=\"og:type\" content=\"article\" \/>\n<meta property=\"og:title\" content=\"LE VERRIER DE LA CONTERIE Jean Baptiste Jacques Ecole de la Chasse aux chiens courants. Pr\u00e9c\u00e9d\u00e9 d&#039;une biblioth\u00e8que historique &amp; critique des th\u00e9reuticographes. - Libairie Clavreuil\" \/>\n<meta property=\"og:description\" content=\"One volume, bound in two, 8vo (192 x 116 mm) CCXXVI pp., 1 nn.l. (approbation) for volume I; 1 nn.l., VIII, 396pp., 14 engraved pages with musical scores, 16 woodcut plates, for volume II. Contemporary mottled sheep, spine gilt with raised bands, red edges.\" \/>\n<meta property=\"og:url\" content=\"https:\/\/clavreuil-wordpress.logiciel-arteo.fr\/en\/le-verrier-de-la-conterie-jean-baptiste-jacques-ecole-de-la-chasse-aux-chiens-courants-precede-dune-bibliotheque-historique-critique-des-thereuticographes\/\" \/>\n<meta property=\"og:site_name\" content=\"Libairie Clavreuil\" \/>\n<meta property=\"article:modified_time\" content=\"2024-04-25T16:56:18+00:00\" \/>\n<meta property=\"og:image\" content=\"https:\/\/clavreuil-wordpress.logiciel-arteo.fr\/wp-content\/uploads\/2024\/04\/jean-baptiste-jacques-le-verrier-de-la-conterie-ecole-de-la-chasse-aux-chiens-courants-precede-d-une-bibliotheque-historique-critique-des-thereuticogr-scaled.jpg\" \/>\n\t<meta property=\"og:image:width\" content=\"1920\" \/>\n\t<meta property=\"og:image:height\" content=\"2560\" \/>\n\t<meta property=\"og:image:type\" content=\"image\/jpeg\" \/>\n<meta name=\"twitter:card\" content=\"summary_large_image\" \/>\n<meta name=\"twitter:label1\" content=\"Est. reading time\" \/>\n\t<meta name=\"twitter:data1\" content=\"1 minute\" \/>\n<script type=\"application\/ld+json\" class=\"yoast-schema-graph\">{\"@context\":\"https:\/\/schema.org\",\"@graph\":[{\"@type\":\"WebPage\",\"@id\":\"https:\/\/clavreuil-wordpress.logiciel-arteo.fr\/en\/le-verrier-de-la-conterie-jean-baptiste-jacques-ecole-de-la-chasse-aux-chiens-courants-precede-dune-bibliotheque-historique-critique-des-thereuticographes\/\",\"url\":\"https:\/\/clavreuil-wordpress.logiciel-arteo.fr\/en\/le-verrier-de-la-conterie-jean-baptiste-jacques-ecole-de-la-chasse-aux-chiens-courants-precede-dune-bibliotheque-historique-critique-des-thereuticographes\/\",\"name\":\"LE VERRIER DE LA CONTERIE Jean Baptiste Jacques Ecole de la Chasse aux chiens courants. Pr\u00e9c\u00e9d\u00e9 d'une biblioth\u00e8que historique &amp; critique des th\u00e9reuticographes. - Libairie Clavreuil\",\"isPartOf\":{\"@id\":\"https:\/\/clavreuil-wordpress.logiciel-arteo.fr\/#website\"},\"primaryImageOfPage\":{\"@id\":\"https:\/\/clavreuil-wordpress.logiciel-arteo.fr\/en\/le-verrier-de-la-conterie-jean-baptiste-jacques-ecole-de-la-chasse-aux-chiens-courants-precede-dune-bibliotheque-historique-critique-des-thereuticographes\/#primaryimage\"},\"image\":{\"@id\":\"https:\/\/clavreuil-wordpress.logiciel-arteo.fr\/en\/le-verrier-de-la-conterie-jean-baptiste-jacques-ecole-de-la-chasse-aux-chiens-courants-precede-dune-bibliotheque-historique-critique-des-thereuticographes\/#primaryimage\"},\"thumbnailUrl\":\"https:\/\/clavreuil-wordpress.logiciel-arteo.fr\/wp-content\/uploads\/2024\/04\/jean-baptiste-jacques-le-verrier-de-la-conterie-ecole-de-la-chasse-aux-chiens-courants-precede-d-une-bibliotheque-historique-critique-des-thereuticogr-scaled.jpg\",\"datePublished\":\"2024-04-25T16:55:36+00:00\",\"dateModified\":\"2024-04-25T16:56:18+00:00\",\"breadcrumb\":{\"@id\":\"https:\/\/clavreuil-wordpress.logiciel-arteo.fr\/en\/le-verrier-de-la-conterie-jean-baptiste-jacques-ecole-de-la-chasse-aux-chiens-courants-precede-dune-bibliotheque-historique-critique-des-thereuticographes\/#breadcrumb\"},\"inLanguage\":\"en-US\",\"potentialAction\":[{\"@type\":\"ReadAction\",\"target\":[\"https:\/\/clavreuil-wordpress.logiciel-arteo.fr\/en\/le-verrier-de-la-conterie-jean-baptiste-jacques-ecole-de-la-chasse-aux-chiens-courants-precede-dune-bibliotheque-historique-critique-des-thereuticographes\/\"]}]},{\"@type\":\"ImageObject\",\"inLanguage\":\"en-US\",\"@id\":\"https:\/\/clavreuil-wordpress.logiciel-arteo.fr\/en\/le-verrier-de-la-conterie-jean-baptiste-jacques-ecole-de-la-chasse-aux-chiens-courants-precede-dune-bibliotheque-historique-critique-des-thereuticographes\/#primaryimage\",\"url\":\"https:\/\/clavreuil-wordpress.logiciel-arteo.fr\/wp-content\/uploads\/2024\/04\/jean-baptiste-jacques-le-verrier-de-la-conterie-ecole-de-la-chasse-aux-chiens-courants-precede-d-une-bibliotheque-historique-critique-des-thereuticogr-scaled.jpg\",\"contentUrl\":\"https:\/\/clavreuil-wordpress.logiciel-arteo.fr\/wp-content\/uploads\/2024\/04\/jean-baptiste-jacques-le-verrier-de-la-conterie-ecole-de-la-chasse-aux-chiens-courants-precede-d-une-bibliotheque-historique-critique-des-thereuticogr-scaled.jpg\",\"width\":1920,\"height\":2560},{\"@type\":\"BreadcrumbList\",\"@id\":\"https:\/\/clavreuil-wordpress.logiciel-arteo.fr\/en\/le-verrier-de-la-conterie-jean-baptiste-jacques-ecole-de-la-chasse-aux-chiens-courants-precede-dune-bibliotheque-historique-critique-des-thereuticographes\/#breadcrumb\",\"itemListElement\":[{\"@type\":\"ListItem\",\"position\":1,\"name\":\"Accueil\",\"item\":\"https:\/\/clavreuil-wordpress.logiciel-arteo.fr\/\"},{\"@type\":\"ListItem\",\"position\":2,\"name\":\"All our books\",\"item\":\"https:\/\/clavreuil-wordpress.logiciel-arteo.fr\/en\/all-our-books\/\"},{\"@type\":\"ListItem\",\"position\":3,\"name\":\"LE VERRIER DE LA CONTERIE Jean Baptiste Jacques...\"}]},{\"@type\":\"WebSite\",\"@id\":\"https:\/\/clavreuil-wordpress.logiciel-arteo.fr\/#website\",\"url\":\"https:\/\/clavreuil-wordpress.logiciel-arteo.fr\/\",\"name\":\"Libairie Clavreuil\",\"description\":\"\",\"publisher\":{\"@id\":\"https:\/\/clavreuil-wordpress.logiciel-arteo.fr\/#organization\"},\"potentialAction\":[{\"@type\":\"SearchAction\",\"target\":{\"@type\":\"EntryPoint\",\"urlTemplate\":\"https:\/\/clavreuil-wordpress.logiciel-arteo.fr\/?s={search_term_string}\"},\"query-input\":{\"@type\":\"PropertyValueSpecification\",\"valueRequired\":true,\"valueName\":\"search_term_string\"}}],\"inLanguage\":\"en-US\"},{\"@type\":\"Organization\",\"@id\":\"https:\/\/clavreuil-wordpress.logiciel-arteo.fr\/#organization\",\"name\":\"Libairie Clavreuil\",\"url\":\"https:\/\/clavreuil-wordpress.logiciel-arteo.fr\/\",\"logo\":{\"@type\":\"ImageObject\",\"inLanguage\":\"en-US\",\"@id\":\"https:\/\/clavreuil-wordpress.logiciel-arteo.fr\/#\/schema\/logo\/image\/\",\"url\":\"https:\/\/clavreuil-wordpress.logiciel-arteo.fr\/wp-content\/uploads\/2021\/05\/LOGO_PNG_DATE-_gold.png\",\"contentUrl\":\"https:\/\/clavreuil-wordpress.logiciel-arteo.fr\/wp-content\/uploads\/2021\/05\/LOGO_PNG_DATE-_gold.png\",\"width\":2083,\"height\":1917,\"caption\":\"Libairie Clavreuil\"},\"image\":{\"@id\":\"https:\/\/clavreuil-wordpress.logiciel-arteo.fr\/#\/schema\/logo\/image\/\"}}]}<\/script>\n<!-- \/ Yoast SEO plugin. -->","yoast_head_json":{"title":"LE VERRIER DE LA CONTERIE Jean Baptiste Jacques Ecole de la Chasse aux chiens courants. Pr\u00e9c\u00e9d\u00e9 d'une biblioth\u00e8que historique &amp; critique des th\u00e9reuticographes. - Libairie Clavreuil","robots":{"index":"noindex","follow":"follow","max-snippet":"max-snippet:-1","max-image-preview":"max-image-preview:large","max-video-preview":"max-video-preview:-1"},"og_locale":"en_US","og_type":"article","og_title":"LE VERRIER DE LA CONTERIE Jean Baptiste Jacques Ecole de la Chasse aux chiens courants. Pr\u00e9c\u00e9d\u00e9 d'une biblioth\u00e8que historique &amp; critique des th\u00e9reuticographes. - Libairie Clavreuil","og_description":"One volume, bound in two, 8vo (192 x 116 mm) CCXXVI pp., 1 nn.l. (approbation) for volume I; 1 nn.l., VIII, 396pp., 14 engraved pages with musical scores, 16 woodcut plates, for volume II. Contemporary mottled sheep, spine gilt with raised bands, red edges.","og_url":"https:\/\/clavreuil-wordpress.logiciel-arteo.fr\/en\/le-verrier-de-la-conterie-jean-baptiste-jacques-ecole-de-la-chasse-aux-chiens-courants-precede-dune-bibliotheque-historique-critique-des-thereuticographes\/","og_site_name":"Libairie Clavreuil","article_modified_time":"2024-04-25T16:56:18+00:00","og_image":[{"width":1920,"height":2560,"url":"https:\/\/clavreuil-wordpress.logiciel-arteo.fr\/wp-content\/uploads\/2024\/04\/jean-baptiste-jacques-le-verrier-de-la-conterie-ecole-de-la-chasse-aux-chiens-courants-precede-d-une-bibliotheque-historique-critique-des-thereuticogr-scaled.jpg","type":"image\/jpeg"}],"twitter_card":"summary_large_image","twitter_misc":{"Est. reading time":"1 minute"},"schema":{"@context":"https:\/\/schema.org","@graph":[{"@type":"WebPage","@id":"https:\/\/clavreuil-wordpress.logiciel-arteo.fr\/en\/le-verrier-de-la-conterie-jean-baptiste-jacques-ecole-de-la-chasse-aux-chiens-courants-precede-dune-bibliotheque-historique-critique-des-thereuticographes\/","url":"https:\/\/clavreuil-wordpress.logiciel-arteo.fr\/en\/le-verrier-de-la-conterie-jean-baptiste-jacques-ecole-de-la-chasse-aux-chiens-courants-precede-dune-bibliotheque-historique-critique-des-thereuticographes\/","name":"LE VERRIER DE LA CONTERIE Jean Baptiste Jacques Ecole de la Chasse aux chiens courants. Pr\u00e9c\u00e9d\u00e9 d'une biblioth\u00e8que historique &amp; critique des th\u00e9reuticographes. - Libairie Clavreuil","isPartOf":{"@id":"https:\/\/clavreuil-wordpress.logiciel-arteo.fr\/#website"},"primaryImageOfPage":{"@id":"https:\/\/clavreuil-wordpress.logiciel-arteo.fr\/en\/le-verrier-de-la-conterie-jean-baptiste-jacques-ecole-de-la-chasse-aux-chiens-courants-precede-dune-bibliotheque-historique-critique-des-thereuticographes\/#primaryimage"},"image":{"@id":"https:\/\/clavreuil-wordpress.logiciel-arteo.fr\/en\/le-verrier-de-la-conterie-jean-baptiste-jacques-ecole-de-la-chasse-aux-chiens-courants-precede-dune-bibliotheque-historique-critique-des-thereuticographes\/#primaryimage"},"thumbnailUrl":"https:\/\/clavreuil-wordpress.logiciel-arteo.fr\/wp-content\/uploads\/2024\/04\/jean-baptiste-jacques-le-verrier-de-la-conterie-ecole-de-la-chasse-aux-chiens-courants-precede-d-une-bibliotheque-historique-critique-des-thereuticogr-scaled.jpg","datePublished":"2024-04-25T16:55:36+00:00","dateModified":"2024-04-25T16:56:18+00:00","breadcrumb":{"@id":"https:\/\/clavreuil-wordpress.logiciel-arteo.fr\/en\/le-verrier-de-la-conterie-jean-baptiste-jacques-ecole-de-la-chasse-aux-chiens-courants-precede-dune-bibliotheque-historique-critique-des-thereuticographes\/#breadcrumb"},"inLanguage":"en-US","potentialAction":[{"@type":"ReadAction","target":["https:\/\/clavreuil-wordpress.logiciel-arteo.fr\/en\/le-verrier-de-la-conterie-jean-baptiste-jacques-ecole-de-la-chasse-aux-chiens-courants-precede-dune-bibliotheque-historique-critique-des-thereuticographes\/"]}]},{"@type":"ImageObject","inLanguage":"en-US","@id":"https:\/\/clavreuil-wordpress.logiciel-arteo.fr\/en\/le-verrier-de-la-conterie-jean-baptiste-jacques-ecole-de-la-chasse-aux-chiens-courants-precede-dune-bibliotheque-historique-critique-des-thereuticographes\/#primaryimage","url":"https:\/\/clavreuil-wordpress.logiciel-arteo.fr\/wp-content\/uploads\/2024\/04\/jean-baptiste-jacques-le-verrier-de-la-conterie-ecole-de-la-chasse-aux-chiens-courants-precede-d-une-bibliotheque-historique-critique-des-thereuticogr-scaled.jpg","contentUrl":"https:\/\/clavreuil-wordpress.logiciel-arteo.fr\/wp-content\/uploads\/2024\/04\/jean-baptiste-jacques-le-verrier-de-la-conterie-ecole-de-la-chasse-aux-chiens-courants-precede-d-une-bibliotheque-historique-critique-des-thereuticogr-scaled.jpg","width":1920,"height":2560},{"@type":"BreadcrumbList","@id":"https:\/\/clavreuil-wordpress.logiciel-arteo.fr\/en\/le-verrier-de-la-conterie-jean-baptiste-jacques-ecole-de-la-chasse-aux-chiens-courants-precede-dune-bibliotheque-historique-critique-des-thereuticographes\/#breadcrumb","itemListElement":[{"@type":"ListItem","position":1,"name":"Accueil","item":"https:\/\/clavreuil-wordpress.logiciel-arteo.fr\/"},{"@type":"ListItem","position":2,"name":"All our books","item":"https:\/\/clavreuil-wordpress.logiciel-arteo.fr\/en\/all-our-books\/"},{"@type":"ListItem","position":3,"name":"LE VERRIER DE LA CONTERIE Jean Baptiste Jacques..."}]},{"@type":"WebSite","@id":"https:\/\/clavreuil-wordpress.logiciel-arteo.fr\/#website","url":"https:\/\/clavreuil-wordpress.logiciel-arteo.fr\/","name":"Libairie Clavreuil","description":"","publisher":{"@id":"https:\/\/clavreuil-wordpress.logiciel-arteo.fr\/#organization"},"potentialAction":[{"@type":"SearchAction","target":{"@type":"EntryPoint","urlTemplate":"https:\/\/clavreuil-wordpress.logiciel-arteo.fr\/?s={search_term_string}"},"query-input":{"@type":"PropertyValueSpecification","valueRequired":true,"valueName":"search_term_string"}}],"inLanguage":"en-US"},{"@type":"Organization","@id":"https:\/\/clavreuil-wordpress.logiciel-arteo.fr\/#organization","name":"Libairie Clavreuil","url":"https:\/\/clavreuil-wordpress.logiciel-arteo.fr\/","logo":{"@type":"ImageObject","inLanguage":"en-US","@id":"https:\/\/clavreuil-wordpress.logiciel-arteo.fr\/#\/schema\/logo\/image\/","url":"https:\/\/clavreuil-wordpress.logiciel-arteo.fr\/wp-content\/uploads\/2021\/05\/LOGO_PNG_DATE-_gold.png","contentUrl":"https:\/\/clavreuil-wordpress.logiciel-arteo.fr\/wp-content\/uploads\/2021\/05\/LOGO_PNG_DATE-_gold.png","width":2083,"height":1917,"caption":"Libairie Clavreuil"},"image":{"@id":"https:\/\/clavreuil-wordpress.logiciel-arteo.fr\/#\/schema\/logo\/image\/"}}]}},"_links":{"self":[{"href":"https:\/\/clavreuil-wordpress.logiciel-arteo.fr\/en\/wp-json\/wp\/v2\/product\/76522","targetHints":{"allow":["GET"]}}],"collection":[{"href":"https:\/\/clavreuil-wordpress.logiciel-arteo.fr\/en\/wp-json\/wp\/v2\/product"}],"about":[{"href":"https:\/\/clavreuil-wordpress.logiciel-arteo.fr\/en\/wp-json\/wp\/v2\/types\/product"}],"replies":[{"embeddable":true,"href":"https:\/\/clavreuil-wordpress.logiciel-arteo.fr\/en\/wp-json\/wp\/v2\/comments?post=76522"}],"wp:featuredmedia":[{"embeddable":true,"href":"https:\/\/clavreuil-wordpress.logiciel-arteo.fr\/en\/wp-json\/wp\/v2\/media\/76511"}],"wp:attachment":[{"href":"https:\/\/clavreuil-wordpress.logiciel-arteo.fr\/en\/wp-json\/wp\/v2\/media?parent=76522"}],"wp:term":[{"taxonomy":"product_brand","embeddable":true,"href":"https:\/\/clavreuil-wordpress.logiciel-arteo.fr\/en\/wp-json\/wp\/v2\/product_brand?post=76522"},{"taxonomy":"product_cat","embeddable":true,"href":"https:\/\/clavreuil-wordpress.logiciel-arteo.fr\/en\/wp-json\/wp\/v2\/product_cat?post=76522"},{"taxonomy":"product_tag","embeddable":true,"href":"https:\/\/clavreuil-wordpress.logiciel-arteo.fr\/en\/wp-json\/wp\/v2\/product_tag?post=76522"}],"curies":[{"name":"wp","href":"https:\/\/api.w.org\/{rel}","templated":true}]}}