{"id":76540,"date":"2024-04-25T18:57:17","date_gmt":"2024-04-25T16:57:17","guid":{"rendered":"https:\/\/clavreuil-wordpress.logiciel-arteo.fr\/menon-la-science-du-maitre-dhotel-confiseur-a-lusage-des-officiers-avec-des-observations-sur-la-connoissance-des-proprietes-des-fruits-suite-du-maitre-dhotel-cuisinier\/"},"modified":"2024-04-25T18:57:52","modified_gmt":"2024-04-25T16:57:52","slug":"menon-la-science-du-maitre-dhotel-confiseur-a-lusage-des-officiers-avec-des-observations-sur-la-connoissance-des-proprietes-des-fruits-suite-du-maitre-dhotel-cuisinier","status":"publish","type":"product","link":"https:\/\/clavreuil-wordpress.logiciel-arteo.fr\/en\/menon-la-science-du-maitre-dhotel-confiseur-a-lusage-des-officiers-avec-des-observations-sur-la-connoissance-des-proprietes-des-fruits-suite-du-maitre-dhotel-cuisinier\/","title":{"rendered":"MENON La Science du ma\u00eetre d&#8217;h\u00f4tel confiseur \u00e0..."},"content":{"rendered":"<p style=\"text-align:justify\"><em>Bitting 320 ; Simon, 1040 ; Vicaire 591 ; voir Oberl&eacute; (Bacchus et Comus), n&deg; 120 (&eacute;d. de 1776).<\/em><\/p>\n<p style=\"text-align:justify\">Third edition, identical to the original of 1750 with the same collation except for the X pages of preface, of this important treatise on gastronomy.<\/p>\n<p style=\"text-align:justify\">&quot;Menon reprend le projet de Massialot qui, en 1690-1691, joignit &agrave; son Cuisinier royal et bourgeois des Nouvelles instructions pour les confitures. Il d&eacute;fend l&#039;office &#039;moderne&#039; pour les recettes &agrave; base de fruits et de fleurs et le d&eacute;cor de table. Plus de six cents recettes suivent au mieux les productions saisonni&egrave;res. Fruits et fleurs sont pr&eacute;c&eacute;d&eacute;s d&#039;observations sur leurs vari&eacute;t&eacute;s, leurs qualit&eacute;s gustatives et di&eacute;t&eacute;tiques. Viennent ensuite des recettes de marmelades, confitures, glaces, mousses, cr&egrave;mes, ratafias, biscuits, etc. L&#039;aspect d&eacute;coratif de la table est d&eacute;velopp&eacute; avec, &agrave; l&#039;occasion, des instructions pour le pastillage et les sabl&eacute;s color&eacute;s. Trois d&eacute;pliants repr&eacute;sentent le d&eacute;cor central de tables rectangulaires servies &agrave; treize, vingt, trente ou cinquante couverts&quot; (Livres en bouche, Biblioth&egrave;que de l&#039;Arsenal, Paris 2002, n&deg; 209 pour l&#039;&eacute;dition de 1750).<\/p>\n<p style=\"text-align:justify\">Traces of waterstain in the right-hand corner towards the end.<\/p>\n<p style=\"text-align:justify\">Skilful restoration to corners and headpiece.<\/p>\n","protected":false},"excerpt":{"rendered":"<p>12mo (167 x 93 mm), X pp., 1 nn.l., 525 pp., 13 unn.l., 5 folding plates. Rooted sheep, flat spine gilt&nbsp;<em>(contemporary binding<\/em>).<\/p>\n","protected":false},"featured_media":76531,"comment_status":"open","ping_status":"closed","template":"","meta":{"_acf_changed":false},"product_brand":[],"product_cat":[538],"product_tag":[588],"class_list":{"0":"post-76540","1":"product","2":"type-product","3":"status-publish","4":"has-post-thumbnail","6":"product_cat-gastronomy","7":"product_tag-gastronomy","8":"pa_auteur-menon-2","10":"first","11":"instock","12":"shipping-taxable","13":"purchasable","14":"product-type-simple"},"acf":[],"yoast_head":"<!-- This site is optimized with the Yoast SEO plugin v24.3 - https:\/\/yoast.com\/wordpress\/plugins\/seo\/ -->\n<title>MENON  La Science du ma\u00eetre d&#039;h\u00f4tel confiseur \u00e0 l&#039;usage des officiers, avec des observations sur la connoissance &amp; des propri\u00e9t\u00e9s des fruits... Suite du ma\u00eetre d&#039;h\u00f4tel cuisinier. - Libairie Clavreuil<\/title>\n<meta name=\"robots\" content=\"noindex, follow, max-snippet:-1, max-image-preview:large, max-video-preview:-1\" \/>\n<meta property=\"og:locale\" content=\"en_US\" \/>\n<meta property=\"og:type\" content=\"article\" \/>\n<meta property=\"og:title\" content=\"MENON  La Science du ma\u00eetre d&#039;h\u00f4tel confiseur \u00e0 l&#039;usage des officiers, avec des observations sur la connoissance &amp; des propri\u00e9t\u00e9s des fruits... Suite du ma\u00eetre d&#039;h\u00f4tel cuisinier. - Libairie Clavreuil\" \/>\n<meta property=\"og:description\" content=\"12mo (167 x 93 mm), X pp., 1 nn.l., 525 pp., 13 unn.l., 5 folding plates. Rooted sheep, flat spine gilt&nbsp;(contemporary binding).\" \/>\n<meta property=\"og:url\" content=\"https:\/\/clavreuil-wordpress.logiciel-arteo.fr\/en\/menon-la-science-du-maitre-dhotel-confiseur-a-lusage-des-officiers-avec-des-observations-sur-la-connoissance-des-proprietes-des-fruits-suite-du-maitre-dhotel-cuisinier\/\" \/>\n<meta property=\"og:site_name\" content=\"Libairie Clavreuil\" \/>\n<meta property=\"article:modified_time\" content=\"2024-04-25T16:57:52+00:00\" \/>\n<meta property=\"og:image\" content=\"https:\/\/clavreuil-wordpress.logiciel-arteo.fr\/wp-content\/uploads\/2024\/04\/menon-la-science-du-maitre-d-hotel-confiseur-a-l-usage-des-officiers-avec-des-observations-sur-la-connoissance-des-proprietes-des-fruits-suite-du-mait-scaled.jpg\" \/>\n\t<meta property=\"og:image:width\" content=\"2560\" \/>\n\t<meta property=\"og:image:height\" content=\"2009\" \/>\n\t<meta property=\"og:image:type\" content=\"image\/jpeg\" \/>\n<meta name=\"twitter:card\" content=\"summary_large_image\" \/>\n<meta name=\"twitter:label1\" content=\"Est. reading time\" \/>\n\t<meta name=\"twitter:data1\" content=\"1 minute\" \/>\n<script type=\"application\/ld+json\" class=\"yoast-schema-graph\">{\"@context\":\"https:\/\/schema.org\",\"@graph\":[{\"@type\":\"WebPage\",\"@id\":\"https:\/\/clavreuil-wordpress.logiciel-arteo.fr\/en\/menon-la-science-du-maitre-dhotel-confiseur-a-lusage-des-officiers-avec-des-observations-sur-la-connoissance-des-proprietes-des-fruits-suite-du-maitre-dhotel-cuisinier\/\",\"url\":\"https:\/\/clavreuil-wordpress.logiciel-arteo.fr\/en\/menon-la-science-du-maitre-dhotel-confiseur-a-lusage-des-officiers-avec-des-observations-sur-la-connoissance-des-proprietes-des-fruits-suite-du-maitre-dhotel-cuisinier\/\",\"name\":\"MENON La Science du ma\u00eetre d'h\u00f4tel confiseur \u00e0 l'usage des officiers, avec des observations sur la connoissance &amp; des propri\u00e9t\u00e9s des fruits... Suite du ma\u00eetre d'h\u00f4tel cuisinier. - Libairie Clavreuil\",\"isPartOf\":{\"@id\":\"https:\/\/clavreuil-wordpress.logiciel-arteo.fr\/#website\"},\"primaryImageOfPage\":{\"@id\":\"https:\/\/clavreuil-wordpress.logiciel-arteo.fr\/en\/menon-la-science-du-maitre-dhotel-confiseur-a-lusage-des-officiers-avec-des-observations-sur-la-connoissance-des-proprietes-des-fruits-suite-du-maitre-dhotel-cuisinier\/#primaryimage\"},\"image\":{\"@id\":\"https:\/\/clavreuil-wordpress.logiciel-arteo.fr\/en\/menon-la-science-du-maitre-dhotel-confiseur-a-lusage-des-officiers-avec-des-observations-sur-la-connoissance-des-proprietes-des-fruits-suite-du-maitre-dhotel-cuisinier\/#primaryimage\"},\"thumbnailUrl\":\"https:\/\/clavreuil-wordpress.logiciel-arteo.fr\/wp-content\/uploads\/2024\/04\/menon-la-science-du-maitre-d-hotel-confiseur-a-l-usage-des-officiers-avec-des-observations-sur-la-connoissance-des-proprietes-des-fruits-suite-du-mait-scaled.jpg\",\"datePublished\":\"2024-04-25T16:57:17+00:00\",\"dateModified\":\"2024-04-25T16:57:52+00:00\",\"breadcrumb\":{\"@id\":\"https:\/\/clavreuil-wordpress.logiciel-arteo.fr\/en\/menon-la-science-du-maitre-dhotel-confiseur-a-lusage-des-officiers-avec-des-observations-sur-la-connoissance-des-proprietes-des-fruits-suite-du-maitre-dhotel-cuisinier\/#breadcrumb\"},\"inLanguage\":\"en-US\",\"potentialAction\":[{\"@type\":\"ReadAction\",\"target\":[\"https:\/\/clavreuil-wordpress.logiciel-arteo.fr\/en\/menon-la-science-du-maitre-dhotel-confiseur-a-lusage-des-officiers-avec-des-observations-sur-la-connoissance-des-proprietes-des-fruits-suite-du-maitre-dhotel-cuisinier\/\"]}]},{\"@type\":\"ImageObject\",\"inLanguage\":\"en-US\",\"@id\":\"https:\/\/clavreuil-wordpress.logiciel-arteo.fr\/en\/menon-la-science-du-maitre-dhotel-confiseur-a-lusage-des-officiers-avec-des-observations-sur-la-connoissance-des-proprietes-des-fruits-suite-du-maitre-dhotel-cuisinier\/#primaryimage\",\"url\":\"https:\/\/clavreuil-wordpress.logiciel-arteo.fr\/wp-content\/uploads\/2024\/04\/menon-la-science-du-maitre-d-hotel-confiseur-a-l-usage-des-officiers-avec-des-observations-sur-la-connoissance-des-proprietes-des-fruits-suite-du-mait-scaled.jpg\",\"contentUrl\":\"https:\/\/clavreuil-wordpress.logiciel-arteo.fr\/wp-content\/uploads\/2024\/04\/menon-la-science-du-maitre-d-hotel-confiseur-a-l-usage-des-officiers-avec-des-observations-sur-la-connoissance-des-proprietes-des-fruits-suite-du-mait-scaled.jpg\",\"width\":2560,\"height\":2009},{\"@type\":\"BreadcrumbList\",\"@id\":\"https:\/\/clavreuil-wordpress.logiciel-arteo.fr\/en\/menon-la-science-du-maitre-dhotel-confiseur-a-lusage-des-officiers-avec-des-observations-sur-la-connoissance-des-proprietes-des-fruits-suite-du-maitre-dhotel-cuisinier\/#breadcrumb\",\"itemListElement\":[{\"@type\":\"ListItem\",\"position\":1,\"name\":\"Accueil\",\"item\":\"https:\/\/clavreuil-wordpress.logiciel-arteo.fr\/\"},{\"@type\":\"ListItem\",\"position\":2,\"name\":\"All our books\",\"item\":\"https:\/\/clavreuil-wordpress.logiciel-arteo.fr\/en\/all-our-books\/\"},{\"@type\":\"ListItem\",\"position\":3,\"name\":\"MENON La Science du ma\u00eetre d&#8217;h\u00f4tel confiseur \u00e0...\"}]},{\"@type\":\"WebSite\",\"@id\":\"https:\/\/clavreuil-wordpress.logiciel-arteo.fr\/#website\",\"url\":\"https:\/\/clavreuil-wordpress.logiciel-arteo.fr\/\",\"name\":\"Libairie Clavreuil\",\"description\":\"\",\"publisher\":{\"@id\":\"https:\/\/clavreuil-wordpress.logiciel-arteo.fr\/#organization\"},\"potentialAction\":[{\"@type\":\"SearchAction\",\"target\":{\"@type\":\"EntryPoint\",\"urlTemplate\":\"https:\/\/clavreuil-wordpress.logiciel-arteo.fr\/?s={search_term_string}\"},\"query-input\":{\"@type\":\"PropertyValueSpecification\",\"valueRequired\":true,\"valueName\":\"search_term_string\"}}],\"inLanguage\":\"en-US\"},{\"@type\":\"Organization\",\"@id\":\"https:\/\/clavreuil-wordpress.logiciel-arteo.fr\/#organization\",\"name\":\"Libairie Clavreuil\",\"url\":\"https:\/\/clavreuil-wordpress.logiciel-arteo.fr\/\",\"logo\":{\"@type\":\"ImageObject\",\"inLanguage\":\"en-US\",\"@id\":\"https:\/\/clavreuil-wordpress.logiciel-arteo.fr\/#\/schema\/logo\/image\/\",\"url\":\"https:\/\/clavreuil-wordpress.logiciel-arteo.fr\/wp-content\/uploads\/2021\/05\/LOGO_PNG_DATE-_gold.png\",\"contentUrl\":\"https:\/\/clavreuil-wordpress.logiciel-arteo.fr\/wp-content\/uploads\/2021\/05\/LOGO_PNG_DATE-_gold.png\",\"width\":2083,\"height\":1917,\"caption\":\"Libairie Clavreuil\"},\"image\":{\"@id\":\"https:\/\/clavreuil-wordpress.logiciel-arteo.fr\/#\/schema\/logo\/image\/\"}}]}<\/script>\n<!-- \/ Yoast SEO plugin. -->","yoast_head_json":{"title":"MENON  La Science du ma\u00eetre d'h\u00f4tel confiseur \u00e0 l'usage des officiers, avec des observations sur la connoissance &amp; des propri\u00e9t\u00e9s des fruits... Suite du ma\u00eetre d'h\u00f4tel cuisinier. - Libairie Clavreuil","robots":{"index":"noindex","follow":"follow","max-snippet":"max-snippet:-1","max-image-preview":"max-image-preview:large","max-video-preview":"max-video-preview:-1"},"og_locale":"en_US","og_type":"article","og_title":"MENON  La Science du ma\u00eetre d'h\u00f4tel confiseur \u00e0 l'usage des officiers, avec des observations sur la connoissance &amp; des propri\u00e9t\u00e9s des fruits... Suite du ma\u00eetre d'h\u00f4tel cuisinier. - Libairie Clavreuil","og_description":"12mo (167 x 93 mm), X pp., 1 nn.l., 525 pp., 13 unn.l., 5 folding plates. Rooted sheep, flat spine gilt&nbsp;(contemporary binding).","og_url":"https:\/\/clavreuil-wordpress.logiciel-arteo.fr\/en\/menon-la-science-du-maitre-dhotel-confiseur-a-lusage-des-officiers-avec-des-observations-sur-la-connoissance-des-proprietes-des-fruits-suite-du-maitre-dhotel-cuisinier\/","og_site_name":"Libairie Clavreuil","article_modified_time":"2024-04-25T16:57:52+00:00","og_image":[{"width":2560,"height":2009,"url":"https:\/\/clavreuil-wordpress.logiciel-arteo.fr\/wp-content\/uploads\/2024\/04\/menon-la-science-du-maitre-d-hotel-confiseur-a-l-usage-des-officiers-avec-des-observations-sur-la-connoissance-des-proprietes-des-fruits-suite-du-mait-scaled.jpg","type":"image\/jpeg"}],"twitter_card":"summary_large_image","twitter_misc":{"Est. reading time":"1 minute"},"schema":{"@context":"https:\/\/schema.org","@graph":[{"@type":"WebPage","@id":"https:\/\/clavreuil-wordpress.logiciel-arteo.fr\/en\/menon-la-science-du-maitre-dhotel-confiseur-a-lusage-des-officiers-avec-des-observations-sur-la-connoissance-des-proprietes-des-fruits-suite-du-maitre-dhotel-cuisinier\/","url":"https:\/\/clavreuil-wordpress.logiciel-arteo.fr\/en\/menon-la-science-du-maitre-dhotel-confiseur-a-lusage-des-officiers-avec-des-observations-sur-la-connoissance-des-proprietes-des-fruits-suite-du-maitre-dhotel-cuisinier\/","name":"MENON La Science du ma\u00eetre d'h\u00f4tel confiseur \u00e0 l'usage des officiers, avec des observations sur la connoissance &amp; des propri\u00e9t\u00e9s des fruits... Suite du ma\u00eetre d'h\u00f4tel cuisinier. - Libairie Clavreuil","isPartOf":{"@id":"https:\/\/clavreuil-wordpress.logiciel-arteo.fr\/#website"},"primaryImageOfPage":{"@id":"https:\/\/clavreuil-wordpress.logiciel-arteo.fr\/en\/menon-la-science-du-maitre-dhotel-confiseur-a-lusage-des-officiers-avec-des-observations-sur-la-connoissance-des-proprietes-des-fruits-suite-du-maitre-dhotel-cuisinier\/#primaryimage"},"image":{"@id":"https:\/\/clavreuil-wordpress.logiciel-arteo.fr\/en\/menon-la-science-du-maitre-dhotel-confiseur-a-lusage-des-officiers-avec-des-observations-sur-la-connoissance-des-proprietes-des-fruits-suite-du-maitre-dhotel-cuisinier\/#primaryimage"},"thumbnailUrl":"https:\/\/clavreuil-wordpress.logiciel-arteo.fr\/wp-content\/uploads\/2024\/04\/menon-la-science-du-maitre-d-hotel-confiseur-a-l-usage-des-officiers-avec-des-observations-sur-la-connoissance-des-proprietes-des-fruits-suite-du-mait-scaled.jpg","datePublished":"2024-04-25T16:57:17+00:00","dateModified":"2024-04-25T16:57:52+00:00","breadcrumb":{"@id":"https:\/\/clavreuil-wordpress.logiciel-arteo.fr\/en\/menon-la-science-du-maitre-dhotel-confiseur-a-lusage-des-officiers-avec-des-observations-sur-la-connoissance-des-proprietes-des-fruits-suite-du-maitre-dhotel-cuisinier\/#breadcrumb"},"inLanguage":"en-US","potentialAction":[{"@type":"ReadAction","target":["https:\/\/clavreuil-wordpress.logiciel-arteo.fr\/en\/menon-la-science-du-maitre-dhotel-confiseur-a-lusage-des-officiers-avec-des-observations-sur-la-connoissance-des-proprietes-des-fruits-suite-du-maitre-dhotel-cuisinier\/"]}]},{"@type":"ImageObject","inLanguage":"en-US","@id":"https:\/\/clavreuil-wordpress.logiciel-arteo.fr\/en\/menon-la-science-du-maitre-dhotel-confiseur-a-lusage-des-officiers-avec-des-observations-sur-la-connoissance-des-proprietes-des-fruits-suite-du-maitre-dhotel-cuisinier\/#primaryimage","url":"https:\/\/clavreuil-wordpress.logiciel-arteo.fr\/wp-content\/uploads\/2024\/04\/menon-la-science-du-maitre-d-hotel-confiseur-a-l-usage-des-officiers-avec-des-observations-sur-la-connoissance-des-proprietes-des-fruits-suite-du-mait-scaled.jpg","contentUrl":"https:\/\/clavreuil-wordpress.logiciel-arteo.fr\/wp-content\/uploads\/2024\/04\/menon-la-science-du-maitre-d-hotel-confiseur-a-l-usage-des-officiers-avec-des-observations-sur-la-connoissance-des-proprietes-des-fruits-suite-du-mait-scaled.jpg","width":2560,"height":2009},{"@type":"BreadcrumbList","@id":"https:\/\/clavreuil-wordpress.logiciel-arteo.fr\/en\/menon-la-science-du-maitre-dhotel-confiseur-a-lusage-des-officiers-avec-des-observations-sur-la-connoissance-des-proprietes-des-fruits-suite-du-maitre-dhotel-cuisinier\/#breadcrumb","itemListElement":[{"@type":"ListItem","position":1,"name":"Accueil","item":"https:\/\/clavreuil-wordpress.logiciel-arteo.fr\/"},{"@type":"ListItem","position":2,"name":"All our books","item":"https:\/\/clavreuil-wordpress.logiciel-arteo.fr\/en\/all-our-books\/"},{"@type":"ListItem","position":3,"name":"MENON La Science du ma\u00eetre d&#8217;h\u00f4tel confiseur \u00e0..."}]},{"@type":"WebSite","@id":"https:\/\/clavreuil-wordpress.logiciel-arteo.fr\/#website","url":"https:\/\/clavreuil-wordpress.logiciel-arteo.fr\/","name":"Libairie Clavreuil","description":"","publisher":{"@id":"https:\/\/clavreuil-wordpress.logiciel-arteo.fr\/#organization"},"potentialAction":[{"@type":"SearchAction","target":{"@type":"EntryPoint","urlTemplate":"https:\/\/clavreuil-wordpress.logiciel-arteo.fr\/?s={search_term_string}"},"query-input":{"@type":"PropertyValueSpecification","valueRequired":true,"valueName":"search_term_string"}}],"inLanguage":"en-US"},{"@type":"Organization","@id":"https:\/\/clavreuil-wordpress.logiciel-arteo.fr\/#organization","name":"Libairie Clavreuil","url":"https:\/\/clavreuil-wordpress.logiciel-arteo.fr\/","logo":{"@type":"ImageObject","inLanguage":"en-US","@id":"https:\/\/clavreuil-wordpress.logiciel-arteo.fr\/#\/schema\/logo\/image\/","url":"https:\/\/clavreuil-wordpress.logiciel-arteo.fr\/wp-content\/uploads\/2021\/05\/LOGO_PNG_DATE-_gold.png","contentUrl":"https:\/\/clavreuil-wordpress.logiciel-arteo.fr\/wp-content\/uploads\/2021\/05\/LOGO_PNG_DATE-_gold.png","width":2083,"height":1917,"caption":"Libairie Clavreuil"},"image":{"@id":"https:\/\/clavreuil-wordpress.logiciel-arteo.fr\/#\/schema\/logo\/image\/"}}]}},"_links":{"self":[{"href":"https:\/\/clavreuil-wordpress.logiciel-arteo.fr\/en\/wp-json\/wp\/v2\/product\/76540","targetHints":{"allow":["GET"]}}],"collection":[{"href":"https:\/\/clavreuil-wordpress.logiciel-arteo.fr\/en\/wp-json\/wp\/v2\/product"}],"about":[{"href":"https:\/\/clavreuil-wordpress.logiciel-arteo.fr\/en\/wp-json\/wp\/v2\/types\/product"}],"replies":[{"embeddable":true,"href":"https:\/\/clavreuil-wordpress.logiciel-arteo.fr\/en\/wp-json\/wp\/v2\/comments?post=76540"}],"wp:featuredmedia":[{"embeddable":true,"href":"https:\/\/clavreuil-wordpress.logiciel-arteo.fr\/en\/wp-json\/wp\/v2\/media\/76531"}],"wp:attachment":[{"href":"https:\/\/clavreuil-wordpress.logiciel-arteo.fr\/en\/wp-json\/wp\/v2\/media?parent=76540"}],"wp:term":[{"taxonomy":"product_brand","embeddable":true,"href":"https:\/\/clavreuil-wordpress.logiciel-arteo.fr\/en\/wp-json\/wp\/v2\/product_brand?post=76540"},{"taxonomy":"product_cat","embeddable":true,"href":"https:\/\/clavreuil-wordpress.logiciel-arteo.fr\/en\/wp-json\/wp\/v2\/product_cat?post=76540"},{"taxonomy":"product_tag","embeddable":true,"href":"https:\/\/clavreuil-wordpress.logiciel-arteo.fr\/en\/wp-json\/wp\/v2\/product_tag?post=76540"}],"curies":[{"name":"wp","href":"https:\/\/api.w.org\/{rel}","templated":true}]}}