{"id":76570,"date":"2024-04-25T19:00:19","date_gmt":"2024-04-25T17:00:19","guid":{"rendered":"https:\/\/clavreuil-wordpress.logiciel-arteo.fr\/cussac-j-theorie-generale-de-toutes-les-chasses-au-fusil-a-courre-et-a-tir-pour-le-gibier-a-poil-et-a-plume-et-des-grandes-chasses-royales-contenant-un-traite-sur-les-proprietes-du-fusil-de-chass\/"},"modified":"2024-04-25T19:00:58","modified_gmt":"2024-04-25T17:00:58","slug":"cussac-j-theorie-generale-de-toutes-les-chasses-au-fusil-a-courre-et-a-tir-pour-le-gibier-a-poil-et-a-plume-et-des-grandes-chasses-royales-contenant-un-traite-sur-les-proprietes-du-fusil-de-chass","status":"publish","type":"product","link":"https:\/\/clavreuil-wordpress.logiciel-arteo.fr\/en\/cussac-j-theorie-generale-de-toutes-les-chasses-au-fusil-a-courre-et-a-tir-pour-le-gibier-a-poil-et-a-plume-et-des-grandes-chasses-royales-contenant-un-traite-sur-les-proprietes-du-fusil-de-chass\/","title":{"rendered":"CUSSAC J Th\u00e9orie g\u00e9n\u00e9rale de toutes les chasses..."},"content":{"rendered":"<p><em>Thiebaud, 242. <\/em><\/p>\n<p>First edition of this work attributed to J.P.R. Cussac of which 66 pages contain a highly interesting dictionary of hunting terms (Vocabulaire des termes de v&eacute;nerie, de fauconnerie et de toute esp&egrave;ce de chasse).<\/p>\n<p>Good copy.<\/p>\n","protected":false},"excerpt":{"rendered":"<p>12mo (170 x 102 mm) engraved frontispiece, 2 un.ll., XII, 488 pp. (misnumbered 484), 28 pp. of muscal scores, 4 engraved folding plates. Contemporary boards.<\/p>\n","protected":false},"featured_media":76561,"comment_status":"open","ping_status":"closed","template":"","meta":{"_acf_changed":false},"product_brand":[],"product_cat":[534],"product_tag":[1450,566],"class_list":{"0":"post-76570","1":"product","2":"type-product","3":"status-publish","4":"has-post-thumbnail","6":"product_cat-hunting","7":"product_tag-first-edition","8":"product_tag-hunting","9":"pa_auteur-j-cussac-2","10":"pa_type-de-livre-printed-book","12":"first","13":"instock","14":"shipping-taxable","15":"purchasable","16":"product-type-simple"},"acf":[],"yoast_head":"<!-- This site is optimized with the Yoast SEO plugin v24.3 - https:\/\/yoast.com\/wordpress\/plugins\/seo\/ -->\n<title>CUSSAC J Th\u00e9orie g\u00e9n\u00e9rale de toutes les chasses au fusil, \u00e0 courre et \u00e0 tir, pour le gibier \u00e0 poil et \u00e0 plume, et des grandes chasses royales, contenant un Trait\u00e9 sur les propri\u00e9t\u00e9s du fusil de chasse, soit moderne soit \u00e0 piston; un Vocabulaire des termes de v\u00e9nerie, de fauconnerie et de chasse; la mani\u00e8re de dresser les chiens et de les gu\u00e9rir de leurs maladies... - Libairie Clavreuil<\/title>\n<meta name=\"robots\" content=\"noindex, follow, max-snippet:-1, max-image-preview:large, max-video-preview:-1\" \/>\n<meta property=\"og:locale\" content=\"en_US\" \/>\n<meta property=\"og:type\" content=\"article\" \/>\n<meta property=\"og:title\" content=\"CUSSAC J Th\u00e9orie g\u00e9n\u00e9rale de toutes les chasses au fusil, \u00e0 courre et \u00e0 tir, pour le gibier \u00e0 poil et \u00e0 plume, et des grandes chasses royales, contenant un Trait\u00e9 sur les propri\u00e9t\u00e9s du fusil de chasse, soit moderne soit \u00e0 piston; un Vocabulaire des termes de v\u00e9nerie, de fauconnerie et de chasse; la mani\u00e8re de dresser les chiens et de les gu\u00e9rir de leurs maladies... - Libairie Clavreuil\" \/>\n<meta property=\"og:description\" content=\"12mo (170 x 102 mm) engraved frontispiece, 2 un.ll., XII, 488 pp. (misnumbered 484), 28 pp. of muscal scores, 4 engraved folding plates. Contemporary boards.\" \/>\n<meta property=\"og:url\" content=\"https:\/\/clavreuil-wordpress.logiciel-arteo.fr\/en\/cussac-j-theorie-generale-de-toutes-les-chasses-au-fusil-a-courre-et-a-tir-pour-le-gibier-a-poil-et-a-plume-et-des-grandes-chasses-royales-contenant-un-traite-sur-les-proprietes-du-fusil-de-chass\/\" \/>\n<meta property=\"og:site_name\" content=\"Libairie Clavreuil\" \/>\n<meta property=\"article:modified_time\" content=\"2024-04-25T17:00:58+00:00\" \/>\n<meta property=\"og:image\" content=\"https:\/\/clavreuil-wordpress.logiciel-arteo.fr\/wp-content\/uploads\/2024\/04\/j-cussac-theorie-generale-de-toutes-les-chasses-au-fusil-a-courre-et-a-tir-pour-le-gibier-a-poil-et-a-plume-et-des-grandes-chasses-royales-contenant-u-scaled.jpg\" \/>\n\t<meta property=\"og:image:width\" content=\"2560\" \/>\n\t<meta property=\"og:image:height\" content=\"1556\" \/>\n\t<meta property=\"og:image:type\" content=\"image\/jpeg\" \/>\n<meta name=\"twitter:card\" content=\"summary_large_image\" \/>\n<script type=\"application\/ld+json\" class=\"yoast-schema-graph\">{\"@context\":\"https:\/\/schema.org\",\"@graph\":[{\"@type\":\"WebPage\",\"@id\":\"https:\/\/clavreuil-wordpress.logiciel-arteo.fr\/en\/cussac-j-theorie-generale-de-toutes-les-chasses-au-fusil-a-courre-et-a-tir-pour-le-gibier-a-poil-et-a-plume-et-des-grandes-chasses-royales-contenant-un-traite-sur-les-proprietes-du-fusil-de-chass\/\",\"url\":\"https:\/\/clavreuil-wordpress.logiciel-arteo.fr\/en\/cussac-j-theorie-generale-de-toutes-les-chasses-au-fusil-a-courre-et-a-tir-pour-le-gibier-a-poil-et-a-plume-et-des-grandes-chasses-royales-contenant-un-traite-sur-les-proprietes-du-fusil-de-chass\/\",\"name\":\"CUSSAC J Th\u00e9orie g\u00e9n\u00e9rale de toutes les chasses au fusil, \u00e0 courre et \u00e0 tir, pour le gibier \u00e0 poil et \u00e0 plume, et des grandes chasses royales, contenant un Trait\u00e9 sur les propri\u00e9t\u00e9s du fusil de chasse, soit moderne soit \u00e0 piston; un Vocabulaire des termes de v\u00e9nerie, de fauconnerie et de chasse; la mani\u00e8re de dresser les chiens et de les gu\u00e9rir de leurs maladies... - Libairie Clavreuil\",\"isPartOf\":{\"@id\":\"https:\/\/clavreuil-wordpress.logiciel-arteo.fr\/#website\"},\"primaryImageOfPage\":{\"@id\":\"https:\/\/clavreuil-wordpress.logiciel-arteo.fr\/en\/cussac-j-theorie-generale-de-toutes-les-chasses-au-fusil-a-courre-et-a-tir-pour-le-gibier-a-poil-et-a-plume-et-des-grandes-chasses-royales-contenant-un-traite-sur-les-proprietes-du-fusil-de-chass\/#primaryimage\"},\"image\":{\"@id\":\"https:\/\/clavreuil-wordpress.logiciel-arteo.fr\/en\/cussac-j-theorie-generale-de-toutes-les-chasses-au-fusil-a-courre-et-a-tir-pour-le-gibier-a-poil-et-a-plume-et-des-grandes-chasses-royales-contenant-un-traite-sur-les-proprietes-du-fusil-de-chass\/#primaryimage\"},\"thumbnailUrl\":\"https:\/\/clavreuil-wordpress.logiciel-arteo.fr\/wp-content\/uploads\/2024\/04\/j-cussac-theorie-generale-de-toutes-les-chasses-au-fusil-a-courre-et-a-tir-pour-le-gibier-a-poil-et-a-plume-et-des-grandes-chasses-royales-contenant-u-scaled.jpg\",\"datePublished\":\"2024-04-25T17:00:19+00:00\",\"dateModified\":\"2024-04-25T17:00:58+00:00\",\"breadcrumb\":{\"@id\":\"https:\/\/clavreuil-wordpress.logiciel-arteo.fr\/en\/cussac-j-theorie-generale-de-toutes-les-chasses-au-fusil-a-courre-et-a-tir-pour-le-gibier-a-poil-et-a-plume-et-des-grandes-chasses-royales-contenant-un-traite-sur-les-proprietes-du-fusil-de-chass\/#breadcrumb\"},\"inLanguage\":\"en-US\",\"potentialAction\":[{\"@type\":\"ReadAction\",\"target\":[\"https:\/\/clavreuil-wordpress.logiciel-arteo.fr\/en\/cussac-j-theorie-generale-de-toutes-les-chasses-au-fusil-a-courre-et-a-tir-pour-le-gibier-a-poil-et-a-plume-et-des-grandes-chasses-royales-contenant-un-traite-sur-les-proprietes-du-fusil-de-chass\/\"]}]},{\"@type\":\"ImageObject\",\"inLanguage\":\"en-US\",\"@id\":\"https:\/\/clavreuil-wordpress.logiciel-arteo.fr\/en\/cussac-j-theorie-generale-de-toutes-les-chasses-au-fusil-a-courre-et-a-tir-pour-le-gibier-a-poil-et-a-plume-et-des-grandes-chasses-royales-contenant-un-traite-sur-les-proprietes-du-fusil-de-chass\/#primaryimage\",\"url\":\"https:\/\/clavreuil-wordpress.logiciel-arteo.fr\/wp-content\/uploads\/2024\/04\/j-cussac-theorie-generale-de-toutes-les-chasses-au-fusil-a-courre-et-a-tir-pour-le-gibier-a-poil-et-a-plume-et-des-grandes-chasses-royales-contenant-u-scaled.jpg\",\"contentUrl\":\"https:\/\/clavreuil-wordpress.logiciel-arteo.fr\/wp-content\/uploads\/2024\/04\/j-cussac-theorie-generale-de-toutes-les-chasses-au-fusil-a-courre-et-a-tir-pour-le-gibier-a-poil-et-a-plume-et-des-grandes-chasses-royales-contenant-u-scaled.jpg\",\"width\":2560,\"height\":1556},{\"@type\":\"BreadcrumbList\",\"@id\":\"https:\/\/clavreuil-wordpress.logiciel-arteo.fr\/en\/cussac-j-theorie-generale-de-toutes-les-chasses-au-fusil-a-courre-et-a-tir-pour-le-gibier-a-poil-et-a-plume-et-des-grandes-chasses-royales-contenant-un-traite-sur-les-proprietes-du-fusil-de-chass\/#breadcrumb\",\"itemListElement\":[{\"@type\":\"ListItem\",\"position\":1,\"name\":\"Accueil\",\"item\":\"https:\/\/clavreuil-wordpress.logiciel-arteo.fr\/\"},{\"@type\":\"ListItem\",\"position\":2,\"name\":\"All our books\",\"item\":\"https:\/\/clavreuil-wordpress.logiciel-arteo.fr\/en\/all-our-books\/\"},{\"@type\":\"ListItem\",\"position\":3,\"name\":\"CUSSAC J Th\u00e9orie g\u00e9n\u00e9rale de toutes les chasses...\"}]},{\"@type\":\"WebSite\",\"@id\":\"https:\/\/clavreuil-wordpress.logiciel-arteo.fr\/#website\",\"url\":\"https:\/\/clavreuil-wordpress.logiciel-arteo.fr\/\",\"name\":\"Libairie Clavreuil\",\"description\":\"\",\"publisher\":{\"@id\":\"https:\/\/clavreuil-wordpress.logiciel-arteo.fr\/#organization\"},\"potentialAction\":[{\"@type\":\"SearchAction\",\"target\":{\"@type\":\"EntryPoint\",\"urlTemplate\":\"https:\/\/clavreuil-wordpress.logiciel-arteo.fr\/?s={search_term_string}\"},\"query-input\":{\"@type\":\"PropertyValueSpecification\",\"valueRequired\":true,\"valueName\":\"search_term_string\"}}],\"inLanguage\":\"en-US\"},{\"@type\":\"Organization\",\"@id\":\"https:\/\/clavreuil-wordpress.logiciel-arteo.fr\/#organization\",\"name\":\"Libairie Clavreuil\",\"url\":\"https:\/\/clavreuil-wordpress.logiciel-arteo.fr\/\",\"logo\":{\"@type\":\"ImageObject\",\"inLanguage\":\"en-US\",\"@id\":\"https:\/\/clavreuil-wordpress.logiciel-arteo.fr\/#\/schema\/logo\/image\/\",\"url\":\"https:\/\/clavreuil-wordpress.logiciel-arteo.fr\/wp-content\/uploads\/2021\/05\/LOGO_PNG_DATE-_gold.png\",\"contentUrl\":\"https:\/\/clavreuil-wordpress.logiciel-arteo.fr\/wp-content\/uploads\/2021\/05\/LOGO_PNG_DATE-_gold.png\",\"width\":2083,\"height\":1917,\"caption\":\"Libairie Clavreuil\"},\"image\":{\"@id\":\"https:\/\/clavreuil-wordpress.logiciel-arteo.fr\/#\/schema\/logo\/image\/\"}}]}<\/script>\n<!-- \/ Yoast SEO plugin. -->","yoast_head_json":{"title":"CUSSAC J Th\u00e9orie g\u00e9n\u00e9rale de toutes les chasses au fusil, \u00e0 courre et \u00e0 tir, pour le gibier \u00e0 poil et \u00e0 plume, et des grandes chasses royales, contenant un Trait\u00e9 sur les propri\u00e9t\u00e9s du fusil de chasse, soit moderne soit \u00e0 piston; un Vocabulaire des termes de v\u00e9nerie, de fauconnerie et de chasse; la mani\u00e8re de dresser les chiens et de les gu\u00e9rir de leurs maladies... - Libairie Clavreuil","robots":{"index":"noindex","follow":"follow","max-snippet":"max-snippet:-1","max-image-preview":"max-image-preview:large","max-video-preview":"max-video-preview:-1"},"og_locale":"en_US","og_type":"article","og_title":"CUSSAC J Th\u00e9orie g\u00e9n\u00e9rale de toutes les chasses au fusil, \u00e0 courre et \u00e0 tir, pour le gibier \u00e0 poil et \u00e0 plume, et des grandes chasses royales, contenant un Trait\u00e9 sur les propri\u00e9t\u00e9s du fusil de chasse, soit moderne soit \u00e0 piston; un Vocabulaire des termes de v\u00e9nerie, de fauconnerie et de chasse; la mani\u00e8re de dresser les chiens et de les gu\u00e9rir de leurs maladies... - Libairie Clavreuil","og_description":"12mo (170 x 102 mm) engraved frontispiece, 2 un.ll., XII, 488 pp. (misnumbered 484), 28 pp. of muscal scores, 4 engraved folding plates. Contemporary boards.","og_url":"https:\/\/clavreuil-wordpress.logiciel-arteo.fr\/en\/cussac-j-theorie-generale-de-toutes-les-chasses-au-fusil-a-courre-et-a-tir-pour-le-gibier-a-poil-et-a-plume-et-des-grandes-chasses-royales-contenant-un-traite-sur-les-proprietes-du-fusil-de-chass\/","og_site_name":"Libairie Clavreuil","article_modified_time":"2024-04-25T17:00:58+00:00","og_image":[{"width":2560,"height":1556,"url":"https:\/\/clavreuil-wordpress.logiciel-arteo.fr\/wp-content\/uploads\/2024\/04\/j-cussac-theorie-generale-de-toutes-les-chasses-au-fusil-a-courre-et-a-tir-pour-le-gibier-a-poil-et-a-plume-et-des-grandes-chasses-royales-contenant-u-scaled.jpg","type":"image\/jpeg"}],"twitter_card":"summary_large_image","schema":{"@context":"https:\/\/schema.org","@graph":[{"@type":"WebPage","@id":"https:\/\/clavreuil-wordpress.logiciel-arteo.fr\/en\/cussac-j-theorie-generale-de-toutes-les-chasses-au-fusil-a-courre-et-a-tir-pour-le-gibier-a-poil-et-a-plume-et-des-grandes-chasses-royales-contenant-un-traite-sur-les-proprietes-du-fusil-de-chass\/","url":"https:\/\/clavreuil-wordpress.logiciel-arteo.fr\/en\/cussac-j-theorie-generale-de-toutes-les-chasses-au-fusil-a-courre-et-a-tir-pour-le-gibier-a-poil-et-a-plume-et-des-grandes-chasses-royales-contenant-un-traite-sur-les-proprietes-du-fusil-de-chass\/","name":"CUSSAC J Th\u00e9orie g\u00e9n\u00e9rale de toutes les chasses au fusil, \u00e0 courre et \u00e0 tir, pour le gibier \u00e0 poil et \u00e0 plume, et des grandes chasses royales, contenant un Trait\u00e9 sur les propri\u00e9t\u00e9s du fusil de chasse, soit moderne soit \u00e0 piston; un Vocabulaire des termes de v\u00e9nerie, de fauconnerie et de chasse; la mani\u00e8re de dresser les chiens et de les gu\u00e9rir de leurs maladies... - Libairie Clavreuil","isPartOf":{"@id":"https:\/\/clavreuil-wordpress.logiciel-arteo.fr\/#website"},"primaryImageOfPage":{"@id":"https:\/\/clavreuil-wordpress.logiciel-arteo.fr\/en\/cussac-j-theorie-generale-de-toutes-les-chasses-au-fusil-a-courre-et-a-tir-pour-le-gibier-a-poil-et-a-plume-et-des-grandes-chasses-royales-contenant-un-traite-sur-les-proprietes-du-fusil-de-chass\/#primaryimage"},"image":{"@id":"https:\/\/clavreuil-wordpress.logiciel-arteo.fr\/en\/cussac-j-theorie-generale-de-toutes-les-chasses-au-fusil-a-courre-et-a-tir-pour-le-gibier-a-poil-et-a-plume-et-des-grandes-chasses-royales-contenant-un-traite-sur-les-proprietes-du-fusil-de-chass\/#primaryimage"},"thumbnailUrl":"https:\/\/clavreuil-wordpress.logiciel-arteo.fr\/wp-content\/uploads\/2024\/04\/j-cussac-theorie-generale-de-toutes-les-chasses-au-fusil-a-courre-et-a-tir-pour-le-gibier-a-poil-et-a-plume-et-des-grandes-chasses-royales-contenant-u-scaled.jpg","datePublished":"2024-04-25T17:00:19+00:00","dateModified":"2024-04-25T17:00:58+00:00","breadcrumb":{"@id":"https:\/\/clavreuil-wordpress.logiciel-arteo.fr\/en\/cussac-j-theorie-generale-de-toutes-les-chasses-au-fusil-a-courre-et-a-tir-pour-le-gibier-a-poil-et-a-plume-et-des-grandes-chasses-royales-contenant-un-traite-sur-les-proprietes-du-fusil-de-chass\/#breadcrumb"},"inLanguage":"en-US","potentialAction":[{"@type":"ReadAction","target":["https:\/\/clavreuil-wordpress.logiciel-arteo.fr\/en\/cussac-j-theorie-generale-de-toutes-les-chasses-au-fusil-a-courre-et-a-tir-pour-le-gibier-a-poil-et-a-plume-et-des-grandes-chasses-royales-contenant-un-traite-sur-les-proprietes-du-fusil-de-chass\/"]}]},{"@type":"ImageObject","inLanguage":"en-US","@id":"https:\/\/clavreuil-wordpress.logiciel-arteo.fr\/en\/cussac-j-theorie-generale-de-toutes-les-chasses-au-fusil-a-courre-et-a-tir-pour-le-gibier-a-poil-et-a-plume-et-des-grandes-chasses-royales-contenant-un-traite-sur-les-proprietes-du-fusil-de-chass\/#primaryimage","url":"https:\/\/clavreuil-wordpress.logiciel-arteo.fr\/wp-content\/uploads\/2024\/04\/j-cussac-theorie-generale-de-toutes-les-chasses-au-fusil-a-courre-et-a-tir-pour-le-gibier-a-poil-et-a-plume-et-des-grandes-chasses-royales-contenant-u-scaled.jpg","contentUrl":"https:\/\/clavreuil-wordpress.logiciel-arteo.fr\/wp-content\/uploads\/2024\/04\/j-cussac-theorie-generale-de-toutes-les-chasses-au-fusil-a-courre-et-a-tir-pour-le-gibier-a-poil-et-a-plume-et-des-grandes-chasses-royales-contenant-u-scaled.jpg","width":2560,"height":1556},{"@type":"BreadcrumbList","@id":"https:\/\/clavreuil-wordpress.logiciel-arteo.fr\/en\/cussac-j-theorie-generale-de-toutes-les-chasses-au-fusil-a-courre-et-a-tir-pour-le-gibier-a-poil-et-a-plume-et-des-grandes-chasses-royales-contenant-un-traite-sur-les-proprietes-du-fusil-de-chass\/#breadcrumb","itemListElement":[{"@type":"ListItem","position":1,"name":"Accueil","item":"https:\/\/clavreuil-wordpress.logiciel-arteo.fr\/"},{"@type":"ListItem","position":2,"name":"All our books","item":"https:\/\/clavreuil-wordpress.logiciel-arteo.fr\/en\/all-our-books\/"},{"@type":"ListItem","position":3,"name":"CUSSAC J Th\u00e9orie g\u00e9n\u00e9rale de toutes les chasses..."}]},{"@type":"WebSite","@id":"https:\/\/clavreuil-wordpress.logiciel-arteo.fr\/#website","url":"https:\/\/clavreuil-wordpress.logiciel-arteo.fr\/","name":"Libairie Clavreuil","description":"","publisher":{"@id":"https:\/\/clavreuil-wordpress.logiciel-arteo.fr\/#organization"},"potentialAction":[{"@type":"SearchAction","target":{"@type":"EntryPoint","urlTemplate":"https:\/\/clavreuil-wordpress.logiciel-arteo.fr\/?s={search_term_string}"},"query-input":{"@type":"PropertyValueSpecification","valueRequired":true,"valueName":"search_term_string"}}],"inLanguage":"en-US"},{"@type":"Organization","@id":"https:\/\/clavreuil-wordpress.logiciel-arteo.fr\/#organization","name":"Libairie Clavreuil","url":"https:\/\/clavreuil-wordpress.logiciel-arteo.fr\/","logo":{"@type":"ImageObject","inLanguage":"en-US","@id":"https:\/\/clavreuil-wordpress.logiciel-arteo.fr\/#\/schema\/logo\/image\/","url":"https:\/\/clavreuil-wordpress.logiciel-arteo.fr\/wp-content\/uploads\/2021\/05\/LOGO_PNG_DATE-_gold.png","contentUrl":"https:\/\/clavreuil-wordpress.logiciel-arteo.fr\/wp-content\/uploads\/2021\/05\/LOGO_PNG_DATE-_gold.png","width":2083,"height":1917,"caption":"Libairie Clavreuil"},"image":{"@id":"https:\/\/clavreuil-wordpress.logiciel-arteo.fr\/#\/schema\/logo\/image\/"}}]}},"_links":{"self":[{"href":"https:\/\/clavreuil-wordpress.logiciel-arteo.fr\/en\/wp-json\/wp\/v2\/product\/76570","targetHints":{"allow":["GET"]}}],"collection":[{"href":"https:\/\/clavreuil-wordpress.logiciel-arteo.fr\/en\/wp-json\/wp\/v2\/product"}],"about":[{"href":"https:\/\/clavreuil-wordpress.logiciel-arteo.fr\/en\/wp-json\/wp\/v2\/types\/product"}],"replies":[{"embeddable":true,"href":"https:\/\/clavreuil-wordpress.logiciel-arteo.fr\/en\/wp-json\/wp\/v2\/comments?post=76570"}],"wp:featuredmedia":[{"embeddable":true,"href":"https:\/\/clavreuil-wordpress.logiciel-arteo.fr\/en\/wp-json\/wp\/v2\/media\/76561"}],"wp:attachment":[{"href":"https:\/\/clavreuil-wordpress.logiciel-arteo.fr\/en\/wp-json\/wp\/v2\/media?parent=76570"}],"wp:term":[{"taxonomy":"product_brand","embeddable":true,"href":"https:\/\/clavreuil-wordpress.logiciel-arteo.fr\/en\/wp-json\/wp\/v2\/product_brand?post=76570"},{"taxonomy":"product_cat","embeddable":true,"href":"https:\/\/clavreuil-wordpress.logiciel-arteo.fr\/en\/wp-json\/wp\/v2\/product_cat?post=76570"},{"taxonomy":"product_tag","embeddable":true,"href":"https:\/\/clavreuil-wordpress.logiciel-arteo.fr\/en\/wp-json\/wp\/v2\/product_tag?post=76570"}],"curies":[{"name":"wp","href":"https:\/\/api.w.org\/{rel}","templated":true}]}}