{"id":76592,"date":"2024-04-25T19:01:10","date_gmt":"2024-04-25T17:01:10","guid":{"rendered":"https:\/\/clavreuil-wordpress.logiciel-arteo.fr\/goury-de-champgrand-traite-de-venerie-et-de-chasse-scavoir-du-cerf-du-daim-du-chevreuil-du-lievre-du-sanglier-du-loup-traite-de-chasse-scavoir-au-fusil-pieges-et-filets-c\/"},"modified":"2024-04-25T19:02:18","modified_gmt":"2024-04-25T17:02:18","slug":"goury-de-champgrand-traite-de-venerie-et-de-chasse-scavoir-du-cerf-du-daim-du-chevreuil-du-lievre-du-sanglier-du-loup-traite-de-chasse-scavoir-au-fusil-pieges-et-filets-c","status":"publish","type":"product","link":"https:\/\/clavreuil-wordpress.logiciel-arteo.fr\/en\/goury-de-champgrand-traite-de-venerie-et-de-chasse-scavoir-du-cerf-du-daim-du-chevreuil-du-lievre-du-sanglier-du-loup-traite-de-chasse-scavoir-au-fusil-pieges-et-filets-c\/","title":{"rendered":"GOURY de CHAMPGRAND Trait\u00e9 de v\u00e9nerie et de..."},"content":{"rendered":"<p><em>Thi&eacute;baud, 469 ; Schwerdt, 214.<\/em><\/p>\n<p>First edition.<\/p>\n<p>Part one deals with dog hunting, part two on shooting, trapping, and catching with the help of nets. The book concludes with an important article on falconry and a dictionary of sporting terms. The fine plates are engraved by Louis Halbou.<\/p>\n<p>&quot;C&rsquo;est &agrave; peu pr&egrave;s le seul ouvrage cyn&eacute;g&eacute;tique illustr&eacute; qui ait &eacute;t&eacute; publi&eacute; en France au XVIIIe si&egrave;cle, il est assez recherch&eacute; pour cette raison&quot; (Thi&eacute;baud).<\/p>\n<p>Good copy in its first binding.<\/p>\n<p>Provenance : Castellanye Deandigneyo (bookplate).<\/p>\n","protected":false},"excerpt":{"rendered":"<p>2 parts in one volume, 4to (249 x 197 mm) XII, 98 pp., 2 un.ll. for part I; pp. 99 &#8211; 208, 1 un.l. (privilege), 39 engraved and numbered plates for part II. Ccontemporary marbled calf, spine gilt with raised bands.<\/p>\n","protected":false},"featured_media":76571,"comment_status":"open","ping_status":"closed","template":"","meta":{"_acf_changed":false},"product_brand":[],"product_cat":[534],"product_tag":[1450,566],"class_list":{"0":"post-76592","1":"product","2":"type-product","3":"status-publish","4":"has-post-thumbnail","6":"product_cat-hunting","7":"product_tag-first-edition","8":"product_tag-hunting","9":"pa_auteur-goury-de-champgrand-2","10":"pa_type-de-livre-printed-book","12":"first","13":"instock","14":"shipping-taxable","15":"purchasable","16":"product-type-simple"},"acf":[],"yoast_head":"<!-- This site is optimized with the Yoast SEO plugin v24.3 - https:\/\/yoast.com\/wordpress\/plugins\/seo\/ -->\n<title>GOURY de CHAMPGRAND  Trait\u00e9 de v\u00e9nerie et de chasse. S\u00e7avoir: Du cerf. Du daim. Du chevreuil. Du li\u00e8vre. Du sanglier. Du loup[\u2026]. Trait\u00e9 de chasse. S\u00e7avoir: Au fusil. Pi\u00e8ges et filets, &amp;c. De la pip\u00e9e. Essais de fauconnerie[\u2026]. De l\u2019autourserie... - Libairie Clavreuil<\/title>\n<meta name=\"robots\" content=\"noindex, follow, max-snippet:-1, max-image-preview:large, max-video-preview:-1\" \/>\n<meta property=\"og:locale\" content=\"en_US\" \/>\n<meta property=\"og:type\" content=\"article\" \/>\n<meta property=\"og:title\" content=\"GOURY de CHAMPGRAND  Trait\u00e9 de v\u00e9nerie et de chasse. S\u00e7avoir: Du cerf. Du daim. Du chevreuil. Du li\u00e8vre. Du sanglier. Du loup[\u2026]. Trait\u00e9 de chasse. S\u00e7avoir: Au fusil. Pi\u00e8ges et filets, &amp;c. De la pip\u00e9e. Essais de fauconnerie[\u2026]. De l\u2019autourserie... - Libairie Clavreuil\" \/>\n<meta property=\"og:description\" content=\"2 parts in one volume, 4to (249 x 197 mm) XII, 98 pp., 2 un.ll. for part I; pp. 99 - 208, 1 un.l. (privilege), 39 engraved and numbered plates for part II. Ccontemporary marbled calf, spine gilt with raised bands.\" \/>\n<meta property=\"og:url\" content=\"https:\/\/clavreuil-wordpress.logiciel-arteo.fr\/en\/goury-de-champgrand-traite-de-venerie-et-de-chasse-scavoir-du-cerf-du-daim-du-chevreuil-du-lievre-du-sanglier-du-loup-traite-de-chasse-scavoir-au-fusil-pieges-et-filets-c\/\" \/>\n<meta property=\"og:site_name\" content=\"Libairie Clavreuil\" \/>\n<meta property=\"article:modified_time\" content=\"2024-04-25T17:02:18+00:00\" \/>\n<meta property=\"og:image\" content=\"https:\/\/clavreuil-wordpress.logiciel-arteo.fr\/wp-content\/uploads\/2024\/04\/goury-de-champgrand-traite-de-venerie-et-de-chasse-scavoir-du-cerf-du-daim-du-chevreuil-du-lievre-du-sanglier-du-loup-traite-de-chasse-scavoir-au-fusi-scaled.jpg\" \/>\n\t<meta property=\"og:image:width\" content=\"1920\" \/>\n\t<meta property=\"og:image:height\" content=\"2560\" \/>\n\t<meta property=\"og:image:type\" content=\"image\/jpeg\" \/>\n<meta name=\"twitter:card\" content=\"summary_large_image\" \/>\n<meta name=\"twitter:label1\" content=\"Est. reading time\" \/>\n\t<meta name=\"twitter:data1\" content=\"1 minute\" \/>\n<script type=\"application\/ld+json\" class=\"yoast-schema-graph\">{\"@context\":\"https:\/\/schema.org\",\"@graph\":[{\"@type\":\"WebPage\",\"@id\":\"https:\/\/clavreuil-wordpress.logiciel-arteo.fr\/en\/goury-de-champgrand-traite-de-venerie-et-de-chasse-scavoir-du-cerf-du-daim-du-chevreuil-du-lievre-du-sanglier-du-loup-traite-de-chasse-scavoir-au-fusil-pieges-et-filets-c\/\",\"url\":\"https:\/\/clavreuil-wordpress.logiciel-arteo.fr\/en\/goury-de-champgrand-traite-de-venerie-et-de-chasse-scavoir-du-cerf-du-daim-du-chevreuil-du-lievre-du-sanglier-du-loup-traite-de-chasse-scavoir-au-fusil-pieges-et-filets-c\/\",\"name\":\"GOURY de CHAMPGRAND Trait\u00e9 de v\u00e9nerie et de chasse. S\u00e7avoir: Du cerf. Du daim. Du chevreuil. Du li\u00e8vre. Du sanglier. Du loup[\u2026]. Trait\u00e9 de chasse. S\u00e7avoir: Au fusil. Pi\u00e8ges et filets, &amp;c. De la pip\u00e9e. Essais de fauconnerie[\u2026]. De l\u2019autourserie... - Libairie Clavreuil\",\"isPartOf\":{\"@id\":\"https:\/\/clavreuil-wordpress.logiciel-arteo.fr\/#website\"},\"primaryImageOfPage\":{\"@id\":\"https:\/\/clavreuil-wordpress.logiciel-arteo.fr\/en\/goury-de-champgrand-traite-de-venerie-et-de-chasse-scavoir-du-cerf-du-daim-du-chevreuil-du-lievre-du-sanglier-du-loup-traite-de-chasse-scavoir-au-fusil-pieges-et-filets-c\/#primaryimage\"},\"image\":{\"@id\":\"https:\/\/clavreuil-wordpress.logiciel-arteo.fr\/en\/goury-de-champgrand-traite-de-venerie-et-de-chasse-scavoir-du-cerf-du-daim-du-chevreuil-du-lievre-du-sanglier-du-loup-traite-de-chasse-scavoir-au-fusil-pieges-et-filets-c\/#primaryimage\"},\"thumbnailUrl\":\"https:\/\/clavreuil-wordpress.logiciel-arteo.fr\/wp-content\/uploads\/2024\/04\/goury-de-champgrand-traite-de-venerie-et-de-chasse-scavoir-du-cerf-du-daim-du-chevreuil-du-lievre-du-sanglier-du-loup-traite-de-chasse-scavoir-au-fusi-scaled.jpg\",\"datePublished\":\"2024-04-25T17:01:10+00:00\",\"dateModified\":\"2024-04-25T17:02:18+00:00\",\"breadcrumb\":{\"@id\":\"https:\/\/clavreuil-wordpress.logiciel-arteo.fr\/en\/goury-de-champgrand-traite-de-venerie-et-de-chasse-scavoir-du-cerf-du-daim-du-chevreuil-du-lievre-du-sanglier-du-loup-traite-de-chasse-scavoir-au-fusil-pieges-et-filets-c\/#breadcrumb\"},\"inLanguage\":\"en-US\",\"potentialAction\":[{\"@type\":\"ReadAction\",\"target\":[\"https:\/\/clavreuil-wordpress.logiciel-arteo.fr\/en\/goury-de-champgrand-traite-de-venerie-et-de-chasse-scavoir-du-cerf-du-daim-du-chevreuil-du-lievre-du-sanglier-du-loup-traite-de-chasse-scavoir-au-fusil-pieges-et-filets-c\/\"]}]},{\"@type\":\"ImageObject\",\"inLanguage\":\"en-US\",\"@id\":\"https:\/\/clavreuil-wordpress.logiciel-arteo.fr\/en\/goury-de-champgrand-traite-de-venerie-et-de-chasse-scavoir-du-cerf-du-daim-du-chevreuil-du-lievre-du-sanglier-du-loup-traite-de-chasse-scavoir-au-fusil-pieges-et-filets-c\/#primaryimage\",\"url\":\"https:\/\/clavreuil-wordpress.logiciel-arteo.fr\/wp-content\/uploads\/2024\/04\/goury-de-champgrand-traite-de-venerie-et-de-chasse-scavoir-du-cerf-du-daim-du-chevreuil-du-lievre-du-sanglier-du-loup-traite-de-chasse-scavoir-au-fusi-scaled.jpg\",\"contentUrl\":\"https:\/\/clavreuil-wordpress.logiciel-arteo.fr\/wp-content\/uploads\/2024\/04\/goury-de-champgrand-traite-de-venerie-et-de-chasse-scavoir-du-cerf-du-daim-du-chevreuil-du-lievre-du-sanglier-du-loup-traite-de-chasse-scavoir-au-fusi-scaled.jpg\",\"width\":1920,\"height\":2560},{\"@type\":\"BreadcrumbList\",\"@id\":\"https:\/\/clavreuil-wordpress.logiciel-arteo.fr\/en\/goury-de-champgrand-traite-de-venerie-et-de-chasse-scavoir-du-cerf-du-daim-du-chevreuil-du-lievre-du-sanglier-du-loup-traite-de-chasse-scavoir-au-fusil-pieges-et-filets-c\/#breadcrumb\",\"itemListElement\":[{\"@type\":\"ListItem\",\"position\":1,\"name\":\"Accueil\",\"item\":\"https:\/\/clavreuil-wordpress.logiciel-arteo.fr\/\"},{\"@type\":\"ListItem\",\"position\":2,\"name\":\"All our books\",\"item\":\"https:\/\/clavreuil-wordpress.logiciel-arteo.fr\/en\/all-our-books\/\"},{\"@type\":\"ListItem\",\"position\":3,\"name\":\"GOURY de CHAMPGRAND Trait\u00e9 de v\u00e9nerie et de...\"}]},{\"@type\":\"WebSite\",\"@id\":\"https:\/\/clavreuil-wordpress.logiciel-arteo.fr\/#website\",\"url\":\"https:\/\/clavreuil-wordpress.logiciel-arteo.fr\/\",\"name\":\"Libairie Clavreuil\",\"description\":\"\",\"publisher\":{\"@id\":\"https:\/\/clavreuil-wordpress.logiciel-arteo.fr\/#organization\"},\"potentialAction\":[{\"@type\":\"SearchAction\",\"target\":{\"@type\":\"EntryPoint\",\"urlTemplate\":\"https:\/\/clavreuil-wordpress.logiciel-arteo.fr\/?s={search_term_string}\"},\"query-input\":{\"@type\":\"PropertyValueSpecification\",\"valueRequired\":true,\"valueName\":\"search_term_string\"}}],\"inLanguage\":\"en-US\"},{\"@type\":\"Organization\",\"@id\":\"https:\/\/clavreuil-wordpress.logiciel-arteo.fr\/#organization\",\"name\":\"Libairie Clavreuil\",\"url\":\"https:\/\/clavreuil-wordpress.logiciel-arteo.fr\/\",\"logo\":{\"@type\":\"ImageObject\",\"inLanguage\":\"en-US\",\"@id\":\"https:\/\/clavreuil-wordpress.logiciel-arteo.fr\/#\/schema\/logo\/image\/\",\"url\":\"https:\/\/clavreuil-wordpress.logiciel-arteo.fr\/wp-content\/uploads\/2021\/05\/LOGO_PNG_DATE-_gold.png\",\"contentUrl\":\"https:\/\/clavreuil-wordpress.logiciel-arteo.fr\/wp-content\/uploads\/2021\/05\/LOGO_PNG_DATE-_gold.png\",\"width\":2083,\"height\":1917,\"caption\":\"Libairie Clavreuil\"},\"image\":{\"@id\":\"https:\/\/clavreuil-wordpress.logiciel-arteo.fr\/#\/schema\/logo\/image\/\"}}]}<\/script>\n<!-- \/ Yoast SEO plugin. -->","yoast_head_json":{"title":"GOURY de CHAMPGRAND  Trait\u00e9 de v\u00e9nerie et de chasse. S\u00e7avoir: Du cerf. Du daim. Du chevreuil. Du li\u00e8vre. Du sanglier. Du loup[\u2026]. Trait\u00e9 de chasse. S\u00e7avoir: Au fusil. Pi\u00e8ges et filets, &amp;c. De la pip\u00e9e. Essais de fauconnerie[\u2026]. De l\u2019autourserie... - Libairie Clavreuil","robots":{"index":"noindex","follow":"follow","max-snippet":"max-snippet:-1","max-image-preview":"max-image-preview:large","max-video-preview":"max-video-preview:-1"},"og_locale":"en_US","og_type":"article","og_title":"GOURY de CHAMPGRAND  Trait\u00e9 de v\u00e9nerie et de chasse. S\u00e7avoir: Du cerf. Du daim. Du chevreuil. Du li\u00e8vre. Du sanglier. Du loup[\u2026]. Trait\u00e9 de chasse. S\u00e7avoir: Au fusil. Pi\u00e8ges et filets, &amp;c. De la pip\u00e9e. Essais de fauconnerie[\u2026]. De l\u2019autourserie... - Libairie Clavreuil","og_description":"2 parts in one volume, 4to (249 x 197 mm) XII, 98 pp., 2 un.ll. for part I; pp. 99 - 208, 1 un.l. (privilege), 39 engraved and numbered plates for part II. Ccontemporary marbled calf, spine gilt with raised bands.","og_url":"https:\/\/clavreuil-wordpress.logiciel-arteo.fr\/en\/goury-de-champgrand-traite-de-venerie-et-de-chasse-scavoir-du-cerf-du-daim-du-chevreuil-du-lievre-du-sanglier-du-loup-traite-de-chasse-scavoir-au-fusil-pieges-et-filets-c\/","og_site_name":"Libairie Clavreuil","article_modified_time":"2024-04-25T17:02:18+00:00","og_image":[{"width":1920,"height":2560,"url":"https:\/\/clavreuil-wordpress.logiciel-arteo.fr\/wp-content\/uploads\/2024\/04\/goury-de-champgrand-traite-de-venerie-et-de-chasse-scavoir-du-cerf-du-daim-du-chevreuil-du-lievre-du-sanglier-du-loup-traite-de-chasse-scavoir-au-fusi-scaled.jpg","type":"image\/jpeg"}],"twitter_card":"summary_large_image","twitter_misc":{"Est. reading time":"1 minute"},"schema":{"@context":"https:\/\/schema.org","@graph":[{"@type":"WebPage","@id":"https:\/\/clavreuil-wordpress.logiciel-arteo.fr\/en\/goury-de-champgrand-traite-de-venerie-et-de-chasse-scavoir-du-cerf-du-daim-du-chevreuil-du-lievre-du-sanglier-du-loup-traite-de-chasse-scavoir-au-fusil-pieges-et-filets-c\/","url":"https:\/\/clavreuil-wordpress.logiciel-arteo.fr\/en\/goury-de-champgrand-traite-de-venerie-et-de-chasse-scavoir-du-cerf-du-daim-du-chevreuil-du-lievre-du-sanglier-du-loup-traite-de-chasse-scavoir-au-fusil-pieges-et-filets-c\/","name":"GOURY de CHAMPGRAND Trait\u00e9 de v\u00e9nerie et de chasse. S\u00e7avoir: Du cerf. Du daim. Du chevreuil. Du li\u00e8vre. Du sanglier. Du loup[\u2026]. Trait\u00e9 de chasse. S\u00e7avoir: Au fusil. Pi\u00e8ges et filets, &amp;c. De la pip\u00e9e. Essais de fauconnerie[\u2026]. De l\u2019autourserie... - Libairie Clavreuil","isPartOf":{"@id":"https:\/\/clavreuil-wordpress.logiciel-arteo.fr\/#website"},"primaryImageOfPage":{"@id":"https:\/\/clavreuil-wordpress.logiciel-arteo.fr\/en\/goury-de-champgrand-traite-de-venerie-et-de-chasse-scavoir-du-cerf-du-daim-du-chevreuil-du-lievre-du-sanglier-du-loup-traite-de-chasse-scavoir-au-fusil-pieges-et-filets-c\/#primaryimage"},"image":{"@id":"https:\/\/clavreuil-wordpress.logiciel-arteo.fr\/en\/goury-de-champgrand-traite-de-venerie-et-de-chasse-scavoir-du-cerf-du-daim-du-chevreuil-du-lievre-du-sanglier-du-loup-traite-de-chasse-scavoir-au-fusil-pieges-et-filets-c\/#primaryimage"},"thumbnailUrl":"https:\/\/clavreuil-wordpress.logiciel-arteo.fr\/wp-content\/uploads\/2024\/04\/goury-de-champgrand-traite-de-venerie-et-de-chasse-scavoir-du-cerf-du-daim-du-chevreuil-du-lievre-du-sanglier-du-loup-traite-de-chasse-scavoir-au-fusi-scaled.jpg","datePublished":"2024-04-25T17:01:10+00:00","dateModified":"2024-04-25T17:02:18+00:00","breadcrumb":{"@id":"https:\/\/clavreuil-wordpress.logiciel-arteo.fr\/en\/goury-de-champgrand-traite-de-venerie-et-de-chasse-scavoir-du-cerf-du-daim-du-chevreuil-du-lievre-du-sanglier-du-loup-traite-de-chasse-scavoir-au-fusil-pieges-et-filets-c\/#breadcrumb"},"inLanguage":"en-US","potentialAction":[{"@type":"ReadAction","target":["https:\/\/clavreuil-wordpress.logiciel-arteo.fr\/en\/goury-de-champgrand-traite-de-venerie-et-de-chasse-scavoir-du-cerf-du-daim-du-chevreuil-du-lievre-du-sanglier-du-loup-traite-de-chasse-scavoir-au-fusil-pieges-et-filets-c\/"]}]},{"@type":"ImageObject","inLanguage":"en-US","@id":"https:\/\/clavreuil-wordpress.logiciel-arteo.fr\/en\/goury-de-champgrand-traite-de-venerie-et-de-chasse-scavoir-du-cerf-du-daim-du-chevreuil-du-lievre-du-sanglier-du-loup-traite-de-chasse-scavoir-au-fusil-pieges-et-filets-c\/#primaryimage","url":"https:\/\/clavreuil-wordpress.logiciel-arteo.fr\/wp-content\/uploads\/2024\/04\/goury-de-champgrand-traite-de-venerie-et-de-chasse-scavoir-du-cerf-du-daim-du-chevreuil-du-lievre-du-sanglier-du-loup-traite-de-chasse-scavoir-au-fusi-scaled.jpg","contentUrl":"https:\/\/clavreuil-wordpress.logiciel-arteo.fr\/wp-content\/uploads\/2024\/04\/goury-de-champgrand-traite-de-venerie-et-de-chasse-scavoir-du-cerf-du-daim-du-chevreuil-du-lievre-du-sanglier-du-loup-traite-de-chasse-scavoir-au-fusi-scaled.jpg","width":1920,"height":2560},{"@type":"BreadcrumbList","@id":"https:\/\/clavreuil-wordpress.logiciel-arteo.fr\/en\/goury-de-champgrand-traite-de-venerie-et-de-chasse-scavoir-du-cerf-du-daim-du-chevreuil-du-lievre-du-sanglier-du-loup-traite-de-chasse-scavoir-au-fusil-pieges-et-filets-c\/#breadcrumb","itemListElement":[{"@type":"ListItem","position":1,"name":"Accueil","item":"https:\/\/clavreuil-wordpress.logiciel-arteo.fr\/"},{"@type":"ListItem","position":2,"name":"All our books","item":"https:\/\/clavreuil-wordpress.logiciel-arteo.fr\/en\/all-our-books\/"},{"@type":"ListItem","position":3,"name":"GOURY de CHAMPGRAND Trait\u00e9 de v\u00e9nerie et de..."}]},{"@type":"WebSite","@id":"https:\/\/clavreuil-wordpress.logiciel-arteo.fr\/#website","url":"https:\/\/clavreuil-wordpress.logiciel-arteo.fr\/","name":"Libairie Clavreuil","description":"","publisher":{"@id":"https:\/\/clavreuil-wordpress.logiciel-arteo.fr\/#organization"},"potentialAction":[{"@type":"SearchAction","target":{"@type":"EntryPoint","urlTemplate":"https:\/\/clavreuil-wordpress.logiciel-arteo.fr\/?s={search_term_string}"},"query-input":{"@type":"PropertyValueSpecification","valueRequired":true,"valueName":"search_term_string"}}],"inLanguage":"en-US"},{"@type":"Organization","@id":"https:\/\/clavreuil-wordpress.logiciel-arteo.fr\/#organization","name":"Libairie Clavreuil","url":"https:\/\/clavreuil-wordpress.logiciel-arteo.fr\/","logo":{"@type":"ImageObject","inLanguage":"en-US","@id":"https:\/\/clavreuil-wordpress.logiciel-arteo.fr\/#\/schema\/logo\/image\/","url":"https:\/\/clavreuil-wordpress.logiciel-arteo.fr\/wp-content\/uploads\/2021\/05\/LOGO_PNG_DATE-_gold.png","contentUrl":"https:\/\/clavreuil-wordpress.logiciel-arteo.fr\/wp-content\/uploads\/2021\/05\/LOGO_PNG_DATE-_gold.png","width":2083,"height":1917,"caption":"Libairie Clavreuil"},"image":{"@id":"https:\/\/clavreuil-wordpress.logiciel-arteo.fr\/#\/schema\/logo\/image\/"}}]}},"_links":{"self":[{"href":"https:\/\/clavreuil-wordpress.logiciel-arteo.fr\/en\/wp-json\/wp\/v2\/product\/76592","targetHints":{"allow":["GET"]}}],"collection":[{"href":"https:\/\/clavreuil-wordpress.logiciel-arteo.fr\/en\/wp-json\/wp\/v2\/product"}],"about":[{"href":"https:\/\/clavreuil-wordpress.logiciel-arteo.fr\/en\/wp-json\/wp\/v2\/types\/product"}],"replies":[{"embeddable":true,"href":"https:\/\/clavreuil-wordpress.logiciel-arteo.fr\/en\/wp-json\/wp\/v2\/comments?post=76592"}],"wp:featuredmedia":[{"embeddable":true,"href":"https:\/\/clavreuil-wordpress.logiciel-arteo.fr\/en\/wp-json\/wp\/v2\/media\/76571"}],"wp:attachment":[{"href":"https:\/\/clavreuil-wordpress.logiciel-arteo.fr\/en\/wp-json\/wp\/v2\/media?parent=76592"}],"wp:term":[{"taxonomy":"product_brand","embeddable":true,"href":"https:\/\/clavreuil-wordpress.logiciel-arteo.fr\/en\/wp-json\/wp\/v2\/product_brand?post=76592"},{"taxonomy":"product_cat","embeddable":true,"href":"https:\/\/clavreuil-wordpress.logiciel-arteo.fr\/en\/wp-json\/wp\/v2\/product_cat?post=76592"},{"taxonomy":"product_tag","embeddable":true,"href":"https:\/\/clavreuil-wordpress.logiciel-arteo.fr\/en\/wp-json\/wp\/v2\/product_tag?post=76592"}],"curies":[{"name":"wp","href":"https:\/\/api.w.org\/{rel}","templated":true}]}}