{"id":76662,"date":"2024-04-25T19:16:59","date_gmt":"2024-04-25T17:16:59","guid":{"rendered":"https:\/\/clavreuil-wordpress.logiciel-arteo.fr\/faujas-de-saint-fond-barthelemy-mineralogie-des-volcans-ou-description-de-toutes-les-substances-produites-ou-rejetees-par-les-fonds-souterrains\/"},"modified":"2024-04-25T19:17:38","modified_gmt":"2024-04-25T17:17:38","slug":"faujas-de-saint-fond-barthelemy-mineralogie-des-volcans-ou-description-de-toutes-les-substances-produites-ou-rejetees-par-les-fonds-souterrains","status":"publish","type":"product","link":"https:\/\/clavreuil-wordpress.logiciel-arteo.fr\/en\/faujas-de-saint-fond-barthelemy-mineralogie-des-volcans-ou-description-de-toutes-les-substances-produites-ou-rejetees-par-les-fonds-souterrains\/","title":{"rendered":"FAUJAS DE SAINT-FOND Barth\u00e9l\u00e9my Min\u00e9ralogie des volcans ou..."},"content":{"rendered":"<p style=\"text-align:justify\"><em>Hoover coll., 293; Neville, 447.<\/em><\/p>\n<p style=\"text-align:justify\">First edition.<\/p>\n<p style=\"text-align:justify\">The last 75 pages are exclusively devoted to volcanic minerals from the Aetna, sent by the scientist Dolomieu together with samples.<\/p>\n<p style=\"text-align:justify\">&quot;An important study describing the types of minerals and chemicals produced by volcanoes. The author, who first recognized the volcanic origin of basalt, discusses the crystallography of the minerals therein, as well as the morphology of basaltic masses. Plates II and III illustrate columnar basalt buttes near Pradelle in the Massif Central. Various analytical chemical tests used by the author in his investigations on basalt, lavas, and other igneous rocks are described. The book is well documented by references to contemporary literature. Very scarce&rdquo; (Neville).<\/p>\n<p style=\"text-align:justify\">This collection was intended to be added to the collection that Faujas had constituted for the &quot;Cabinet du Roi&quot; and is still preserved today at the Museum d&#039;histoire naturelle in Paris.<\/p>\n<p style=\"text-align:justify\">The three plates show the structure and formations of basalt.&nbsp;<\/p>\n<p style=\"text-align:justify\">A good copy.<\/p>\n","protected":false},"excerpt":{"rendered":"<p>8vo (195 x 123 mm) of 511 pp., 3 engraved plates. Marbled calf, spine gilt with raised bands, red edges (<em>contemporary binding<\/em>).<\/p>\n","protected":false},"featured_media":76653,"comment_status":"open","ping_status":"closed","template":"","meta":{"_acf_changed":false},"product_brand":[],"product_cat":[540],"product_tag":[1450,1332,554,1334],"class_list":{"0":"post-76662","1":"product","2":"type-product","3":"status-publish","4":"has-post-thumbnail","6":"product_cat-natural-history","7":"product_tag-first-edition","8":"product_tag-general-mineralogy","9":"product_tag-mineralogy","10":"product_tag-vulcanology","11":"pa_auteur-barthelemy-faujas-de-saint-fond-2","12":"pa_type-de-livre-printed-book","14":"first","15":"instock","16":"shipping-taxable","17":"purchasable","18":"product-type-simple"},"acf":[],"yoast_head":"<!-- This site is optimized with the Yoast SEO plugin v24.3 - https:\/\/yoast.com\/wordpress\/plugins\/seo\/ -->\n<title>FAUJAS DE SAINT-FOND Barth\u00e9l\u00e9my Min\u00e9ralogie des volcans ou description de toutes les substances produites ou rejet\u00e9es par les fonds souterrains. - Libairie Clavreuil<\/title>\n<meta name=\"robots\" content=\"noindex, follow, max-snippet:-1, max-image-preview:large, max-video-preview:-1\" \/>\n<meta property=\"og:locale\" content=\"en_US\" \/>\n<meta property=\"og:type\" content=\"article\" \/>\n<meta property=\"og:title\" content=\"FAUJAS DE SAINT-FOND Barth\u00e9l\u00e9my Min\u00e9ralogie des volcans ou description de toutes les substances produites ou rejet\u00e9es par les fonds souterrains. - Libairie Clavreuil\" \/>\n<meta property=\"og:description\" content=\"8vo (195 x 123 mm) of 511 pp., 3 engraved plates. Marbled calf, spine gilt with raised bands, red edges (contemporary binding).\" \/>\n<meta property=\"og:url\" content=\"https:\/\/clavreuil-wordpress.logiciel-arteo.fr\/en\/faujas-de-saint-fond-barthelemy-mineralogie-des-volcans-ou-description-de-toutes-les-substances-produites-ou-rejetees-par-les-fonds-souterrains\/\" \/>\n<meta property=\"og:site_name\" content=\"Libairie Clavreuil\" \/>\n<meta property=\"article:modified_time\" content=\"2024-04-25T17:17:38+00:00\" \/>\n<meta property=\"og:image\" content=\"https:\/\/clavreuil-wordpress.logiciel-arteo.fr\/wp-content\/uploads\/2024\/04\/barthelemy-faujas-de-saint-fond-mineralogie-des-volcans-ou-description-de-toutes-les-substances-produites-ou-rejetees-par-les-fonds-souterrains-5660-6-scaled.jpg\" \/>\n\t<meta property=\"og:image:width\" content=\"1921\" \/>\n\t<meta property=\"og:image:height\" content=\"2560\" \/>\n\t<meta property=\"og:image:type\" content=\"image\/jpeg\" \/>\n<meta name=\"twitter:card\" content=\"summary_large_image\" \/>\n<meta name=\"twitter:label1\" content=\"Est. reading time\" \/>\n\t<meta name=\"twitter:data1\" content=\"1 minute\" \/>\n<script type=\"application\/ld+json\" class=\"yoast-schema-graph\">{\"@context\":\"https:\/\/schema.org\",\"@graph\":[{\"@type\":\"WebPage\",\"@id\":\"https:\/\/clavreuil-wordpress.logiciel-arteo.fr\/en\/faujas-de-saint-fond-barthelemy-mineralogie-des-volcans-ou-description-de-toutes-les-substances-produites-ou-rejetees-par-les-fonds-souterrains\/\",\"url\":\"https:\/\/clavreuil-wordpress.logiciel-arteo.fr\/en\/faujas-de-saint-fond-barthelemy-mineralogie-des-volcans-ou-description-de-toutes-les-substances-produites-ou-rejetees-par-les-fonds-souterrains\/\",\"name\":\"FAUJAS DE SAINT-FOND Barth\u00e9l\u00e9my Min\u00e9ralogie des volcans ou description de toutes les substances produites ou rejet\u00e9es par les fonds souterrains. - Libairie Clavreuil\",\"isPartOf\":{\"@id\":\"https:\/\/clavreuil-wordpress.logiciel-arteo.fr\/#website\"},\"primaryImageOfPage\":{\"@id\":\"https:\/\/clavreuil-wordpress.logiciel-arteo.fr\/en\/faujas-de-saint-fond-barthelemy-mineralogie-des-volcans-ou-description-de-toutes-les-substances-produites-ou-rejetees-par-les-fonds-souterrains\/#primaryimage\"},\"image\":{\"@id\":\"https:\/\/clavreuil-wordpress.logiciel-arteo.fr\/en\/faujas-de-saint-fond-barthelemy-mineralogie-des-volcans-ou-description-de-toutes-les-substances-produites-ou-rejetees-par-les-fonds-souterrains\/#primaryimage\"},\"thumbnailUrl\":\"https:\/\/clavreuil-wordpress.logiciel-arteo.fr\/wp-content\/uploads\/2024\/04\/barthelemy-faujas-de-saint-fond-mineralogie-des-volcans-ou-description-de-toutes-les-substances-produites-ou-rejetees-par-les-fonds-souterrains-5660-6-scaled.jpg\",\"datePublished\":\"2024-04-25T17:16:59+00:00\",\"dateModified\":\"2024-04-25T17:17:38+00:00\",\"breadcrumb\":{\"@id\":\"https:\/\/clavreuil-wordpress.logiciel-arteo.fr\/en\/faujas-de-saint-fond-barthelemy-mineralogie-des-volcans-ou-description-de-toutes-les-substances-produites-ou-rejetees-par-les-fonds-souterrains\/#breadcrumb\"},\"inLanguage\":\"en-US\",\"potentialAction\":[{\"@type\":\"ReadAction\",\"target\":[\"https:\/\/clavreuil-wordpress.logiciel-arteo.fr\/en\/faujas-de-saint-fond-barthelemy-mineralogie-des-volcans-ou-description-de-toutes-les-substances-produites-ou-rejetees-par-les-fonds-souterrains\/\"]}]},{\"@type\":\"ImageObject\",\"inLanguage\":\"en-US\",\"@id\":\"https:\/\/clavreuil-wordpress.logiciel-arteo.fr\/en\/faujas-de-saint-fond-barthelemy-mineralogie-des-volcans-ou-description-de-toutes-les-substances-produites-ou-rejetees-par-les-fonds-souterrains\/#primaryimage\",\"url\":\"https:\/\/clavreuil-wordpress.logiciel-arteo.fr\/wp-content\/uploads\/2024\/04\/barthelemy-faujas-de-saint-fond-mineralogie-des-volcans-ou-description-de-toutes-les-substances-produites-ou-rejetees-par-les-fonds-souterrains-5660-6-scaled.jpg\",\"contentUrl\":\"https:\/\/clavreuil-wordpress.logiciel-arteo.fr\/wp-content\/uploads\/2024\/04\/barthelemy-faujas-de-saint-fond-mineralogie-des-volcans-ou-description-de-toutes-les-substances-produites-ou-rejetees-par-les-fonds-souterrains-5660-6-scaled.jpg\",\"width\":1921,\"height\":2560},{\"@type\":\"BreadcrumbList\",\"@id\":\"https:\/\/clavreuil-wordpress.logiciel-arteo.fr\/en\/faujas-de-saint-fond-barthelemy-mineralogie-des-volcans-ou-description-de-toutes-les-substances-produites-ou-rejetees-par-les-fonds-souterrains\/#breadcrumb\",\"itemListElement\":[{\"@type\":\"ListItem\",\"position\":1,\"name\":\"Accueil\",\"item\":\"https:\/\/clavreuil-wordpress.logiciel-arteo.fr\/\"},{\"@type\":\"ListItem\",\"position\":2,\"name\":\"All our books\",\"item\":\"https:\/\/clavreuil-wordpress.logiciel-arteo.fr\/en\/all-our-books\/\"},{\"@type\":\"ListItem\",\"position\":3,\"name\":\"FAUJAS DE SAINT-FOND Barth\u00e9l\u00e9my Min\u00e9ralogie des volcans ou...\"}]},{\"@type\":\"WebSite\",\"@id\":\"https:\/\/clavreuil-wordpress.logiciel-arteo.fr\/#website\",\"url\":\"https:\/\/clavreuil-wordpress.logiciel-arteo.fr\/\",\"name\":\"Libairie Clavreuil\",\"description\":\"\",\"publisher\":{\"@id\":\"https:\/\/clavreuil-wordpress.logiciel-arteo.fr\/#organization\"},\"potentialAction\":[{\"@type\":\"SearchAction\",\"target\":{\"@type\":\"EntryPoint\",\"urlTemplate\":\"https:\/\/clavreuil-wordpress.logiciel-arteo.fr\/?s={search_term_string}\"},\"query-input\":{\"@type\":\"PropertyValueSpecification\",\"valueRequired\":true,\"valueName\":\"search_term_string\"}}],\"inLanguage\":\"en-US\"},{\"@type\":\"Organization\",\"@id\":\"https:\/\/clavreuil-wordpress.logiciel-arteo.fr\/#organization\",\"name\":\"Libairie Clavreuil\",\"url\":\"https:\/\/clavreuil-wordpress.logiciel-arteo.fr\/\",\"logo\":{\"@type\":\"ImageObject\",\"inLanguage\":\"en-US\",\"@id\":\"https:\/\/clavreuil-wordpress.logiciel-arteo.fr\/#\/schema\/logo\/image\/\",\"url\":\"https:\/\/clavreuil-wordpress.logiciel-arteo.fr\/wp-content\/uploads\/2021\/05\/LOGO_PNG_DATE-_gold.png\",\"contentUrl\":\"https:\/\/clavreuil-wordpress.logiciel-arteo.fr\/wp-content\/uploads\/2021\/05\/LOGO_PNG_DATE-_gold.png\",\"width\":2083,\"height\":1917,\"caption\":\"Libairie Clavreuil\"},\"image\":{\"@id\":\"https:\/\/clavreuil-wordpress.logiciel-arteo.fr\/#\/schema\/logo\/image\/\"}}]}<\/script>\n<!-- \/ Yoast SEO plugin. -->","yoast_head_json":{"title":"FAUJAS DE SAINT-FOND Barth\u00e9l\u00e9my Min\u00e9ralogie des volcans ou description de toutes les substances produites ou rejet\u00e9es par les fonds souterrains. - Libairie Clavreuil","robots":{"index":"noindex","follow":"follow","max-snippet":"max-snippet:-1","max-image-preview":"max-image-preview:large","max-video-preview":"max-video-preview:-1"},"og_locale":"en_US","og_type":"article","og_title":"FAUJAS DE SAINT-FOND Barth\u00e9l\u00e9my Min\u00e9ralogie des volcans ou description de toutes les substances produites ou rejet\u00e9es par les fonds souterrains. - Libairie Clavreuil","og_description":"8vo (195 x 123 mm) of 511 pp., 3 engraved plates. Marbled calf, spine gilt with raised bands, red edges (contemporary binding).","og_url":"https:\/\/clavreuil-wordpress.logiciel-arteo.fr\/en\/faujas-de-saint-fond-barthelemy-mineralogie-des-volcans-ou-description-de-toutes-les-substances-produites-ou-rejetees-par-les-fonds-souterrains\/","og_site_name":"Libairie Clavreuil","article_modified_time":"2024-04-25T17:17:38+00:00","og_image":[{"width":1921,"height":2560,"url":"https:\/\/clavreuil-wordpress.logiciel-arteo.fr\/wp-content\/uploads\/2024\/04\/barthelemy-faujas-de-saint-fond-mineralogie-des-volcans-ou-description-de-toutes-les-substances-produites-ou-rejetees-par-les-fonds-souterrains-5660-6-scaled.jpg","type":"image\/jpeg"}],"twitter_card":"summary_large_image","twitter_misc":{"Est. reading time":"1 minute"},"schema":{"@context":"https:\/\/schema.org","@graph":[{"@type":"WebPage","@id":"https:\/\/clavreuil-wordpress.logiciel-arteo.fr\/en\/faujas-de-saint-fond-barthelemy-mineralogie-des-volcans-ou-description-de-toutes-les-substances-produites-ou-rejetees-par-les-fonds-souterrains\/","url":"https:\/\/clavreuil-wordpress.logiciel-arteo.fr\/en\/faujas-de-saint-fond-barthelemy-mineralogie-des-volcans-ou-description-de-toutes-les-substances-produites-ou-rejetees-par-les-fonds-souterrains\/","name":"FAUJAS DE SAINT-FOND Barth\u00e9l\u00e9my Min\u00e9ralogie des volcans ou description de toutes les substances produites ou rejet\u00e9es par les fonds souterrains. - Libairie Clavreuil","isPartOf":{"@id":"https:\/\/clavreuil-wordpress.logiciel-arteo.fr\/#website"},"primaryImageOfPage":{"@id":"https:\/\/clavreuil-wordpress.logiciel-arteo.fr\/en\/faujas-de-saint-fond-barthelemy-mineralogie-des-volcans-ou-description-de-toutes-les-substances-produites-ou-rejetees-par-les-fonds-souterrains\/#primaryimage"},"image":{"@id":"https:\/\/clavreuil-wordpress.logiciel-arteo.fr\/en\/faujas-de-saint-fond-barthelemy-mineralogie-des-volcans-ou-description-de-toutes-les-substances-produites-ou-rejetees-par-les-fonds-souterrains\/#primaryimage"},"thumbnailUrl":"https:\/\/clavreuil-wordpress.logiciel-arteo.fr\/wp-content\/uploads\/2024\/04\/barthelemy-faujas-de-saint-fond-mineralogie-des-volcans-ou-description-de-toutes-les-substances-produites-ou-rejetees-par-les-fonds-souterrains-5660-6-scaled.jpg","datePublished":"2024-04-25T17:16:59+00:00","dateModified":"2024-04-25T17:17:38+00:00","breadcrumb":{"@id":"https:\/\/clavreuil-wordpress.logiciel-arteo.fr\/en\/faujas-de-saint-fond-barthelemy-mineralogie-des-volcans-ou-description-de-toutes-les-substances-produites-ou-rejetees-par-les-fonds-souterrains\/#breadcrumb"},"inLanguage":"en-US","potentialAction":[{"@type":"ReadAction","target":["https:\/\/clavreuil-wordpress.logiciel-arteo.fr\/en\/faujas-de-saint-fond-barthelemy-mineralogie-des-volcans-ou-description-de-toutes-les-substances-produites-ou-rejetees-par-les-fonds-souterrains\/"]}]},{"@type":"ImageObject","inLanguage":"en-US","@id":"https:\/\/clavreuil-wordpress.logiciel-arteo.fr\/en\/faujas-de-saint-fond-barthelemy-mineralogie-des-volcans-ou-description-de-toutes-les-substances-produites-ou-rejetees-par-les-fonds-souterrains\/#primaryimage","url":"https:\/\/clavreuil-wordpress.logiciel-arteo.fr\/wp-content\/uploads\/2024\/04\/barthelemy-faujas-de-saint-fond-mineralogie-des-volcans-ou-description-de-toutes-les-substances-produites-ou-rejetees-par-les-fonds-souterrains-5660-6-scaled.jpg","contentUrl":"https:\/\/clavreuil-wordpress.logiciel-arteo.fr\/wp-content\/uploads\/2024\/04\/barthelemy-faujas-de-saint-fond-mineralogie-des-volcans-ou-description-de-toutes-les-substances-produites-ou-rejetees-par-les-fonds-souterrains-5660-6-scaled.jpg","width":1921,"height":2560},{"@type":"BreadcrumbList","@id":"https:\/\/clavreuil-wordpress.logiciel-arteo.fr\/en\/faujas-de-saint-fond-barthelemy-mineralogie-des-volcans-ou-description-de-toutes-les-substances-produites-ou-rejetees-par-les-fonds-souterrains\/#breadcrumb","itemListElement":[{"@type":"ListItem","position":1,"name":"Accueil","item":"https:\/\/clavreuil-wordpress.logiciel-arteo.fr\/"},{"@type":"ListItem","position":2,"name":"All our books","item":"https:\/\/clavreuil-wordpress.logiciel-arteo.fr\/en\/all-our-books\/"},{"@type":"ListItem","position":3,"name":"FAUJAS DE SAINT-FOND Barth\u00e9l\u00e9my Min\u00e9ralogie des volcans ou..."}]},{"@type":"WebSite","@id":"https:\/\/clavreuil-wordpress.logiciel-arteo.fr\/#website","url":"https:\/\/clavreuil-wordpress.logiciel-arteo.fr\/","name":"Libairie Clavreuil","description":"","publisher":{"@id":"https:\/\/clavreuil-wordpress.logiciel-arteo.fr\/#organization"},"potentialAction":[{"@type":"SearchAction","target":{"@type":"EntryPoint","urlTemplate":"https:\/\/clavreuil-wordpress.logiciel-arteo.fr\/?s={search_term_string}"},"query-input":{"@type":"PropertyValueSpecification","valueRequired":true,"valueName":"search_term_string"}}],"inLanguage":"en-US"},{"@type":"Organization","@id":"https:\/\/clavreuil-wordpress.logiciel-arteo.fr\/#organization","name":"Libairie Clavreuil","url":"https:\/\/clavreuil-wordpress.logiciel-arteo.fr\/","logo":{"@type":"ImageObject","inLanguage":"en-US","@id":"https:\/\/clavreuil-wordpress.logiciel-arteo.fr\/#\/schema\/logo\/image\/","url":"https:\/\/clavreuil-wordpress.logiciel-arteo.fr\/wp-content\/uploads\/2021\/05\/LOGO_PNG_DATE-_gold.png","contentUrl":"https:\/\/clavreuil-wordpress.logiciel-arteo.fr\/wp-content\/uploads\/2021\/05\/LOGO_PNG_DATE-_gold.png","width":2083,"height":1917,"caption":"Libairie Clavreuil"},"image":{"@id":"https:\/\/clavreuil-wordpress.logiciel-arteo.fr\/#\/schema\/logo\/image\/"}}]}},"_links":{"self":[{"href":"https:\/\/clavreuil-wordpress.logiciel-arteo.fr\/en\/wp-json\/wp\/v2\/product\/76662","targetHints":{"allow":["GET"]}}],"collection":[{"href":"https:\/\/clavreuil-wordpress.logiciel-arteo.fr\/en\/wp-json\/wp\/v2\/product"}],"about":[{"href":"https:\/\/clavreuil-wordpress.logiciel-arteo.fr\/en\/wp-json\/wp\/v2\/types\/product"}],"replies":[{"embeddable":true,"href":"https:\/\/clavreuil-wordpress.logiciel-arteo.fr\/en\/wp-json\/wp\/v2\/comments?post=76662"}],"wp:featuredmedia":[{"embeddable":true,"href":"https:\/\/clavreuil-wordpress.logiciel-arteo.fr\/en\/wp-json\/wp\/v2\/media\/76653"}],"wp:attachment":[{"href":"https:\/\/clavreuil-wordpress.logiciel-arteo.fr\/en\/wp-json\/wp\/v2\/media?parent=76662"}],"wp:term":[{"taxonomy":"product_brand","embeddable":true,"href":"https:\/\/clavreuil-wordpress.logiciel-arteo.fr\/en\/wp-json\/wp\/v2\/product_brand?post=76662"},{"taxonomy":"product_cat","embeddable":true,"href":"https:\/\/clavreuil-wordpress.logiciel-arteo.fr\/en\/wp-json\/wp\/v2\/product_cat?post=76662"},{"taxonomy":"product_tag","embeddable":true,"href":"https:\/\/clavreuil-wordpress.logiciel-arteo.fr\/en\/wp-json\/wp\/v2\/product_tag?post=76662"}],"curies":[{"name":"wp","href":"https:\/\/api.w.org\/{rel}","templated":true}]}}