{"id":76676,"date":"2024-04-25T19:18:32","date_gmt":"2024-04-25T17:18:32","guid":{"rendered":"https:\/\/clavreuil-wordpress.logiciel-arteo.fr\/jeffries-david-traite-des-diamants-et-des-perles-ou-lon-considere-leur-importance-on-etablit-des-regles-certaines-pour-en-connoitre-la-juste-valeur-et-lon-donne-la-vraie-methode-de-les-tailler\/"},"modified":"2024-04-25T19:19:10","modified_gmt":"2024-04-25T17:19:10","slug":"jeffries-david-traite-des-diamants-et-des-perles-ou-lon-considere-leur-importance-on-etablit-des-regles-certaines-pour-en-connoitre-la-juste-valeur-et-lon-donne-la-vraie-methode-de-les-tailler","status":"publish","type":"product","link":"https:\/\/clavreuil-wordpress.logiciel-arteo.fr\/en\/jeffries-david-traite-des-diamants-et-des-perles-ou-lon-considere-leur-importance-on-etablit-des-regles-certaines-pour-en-connoitre-la-juste-valeur-et-lon-donne-la-vraie-methode-de-les-tailler\/","title":{"rendered":"JEFFRIES David Trait\u00e9 des diamants et des perles;..."},"content":{"rendered":"<p style=\"text-align:justify\"><em>Sinkankas, 3198; see Hoover, 453 (for the second English edition 1751).<\/em><\/p>\n<p style=\"text-align:justify\">First edition of the French translation of this important book on diamonds and pearls. The fine plates depict size of brilliant cut, and rose cut diamonds, and a tool.<\/p>\n<p style=\"text-align:justify\">&quot;This edition is the translation by Chappotin S. Laurent, of the Royal Library, Paris, in which considerable differences may be noted, principally in the preliminaries, but the text itself remains faithful to the original. The preliminary discourse generally discusses a variety of topics that others have treated in earlier works on gemstones and specific comments are made on certain books that are recommended to the reader for further study&quot; (Sinkankas).<\/p>\n<p style=\"text-align:justify\">Very good copy.<\/p>\n","protected":false},"excerpt":{"rendered":"<p>8vo (199 x 121 mm) 4 unn.ll., XXXV, 104pp., 10 engraved plates. Contemporary marbled calf, spine gilt with raised bands, marbled edges (<em>some wear to top of spine<\/em>).<\/p>\n","protected":false},"featured_media":76669,"comment_status":"open","ping_status":"closed","template":"","meta":{"_acf_changed":false},"product_brand":[],"product_cat":[540],"product_tag":[572],"class_list":{"0":"post-76676","1":"product","2":"type-product","3":"status-publish","4":"has-post-thumbnail","6":"product_cat-natural-history","7":"product_tag-gemmology","8":"pa_auteur-david-jeffries-2","9":"pa_type-de-livre-printed-book","11":"first","12":"instock","13":"shipping-taxable","14":"purchasable","15":"product-type-simple"},"acf":[],"yoast_head":"<!-- This site is optimized with the Yoast SEO plugin v24.3 - https:\/\/yoast.com\/wordpress\/plugins\/seo\/ -->\n<title>JEFFRIES David Trait\u00e9 des diamants et des perles; o\u00f9 l&#039;on consid\u00e8re leur importance, on \u00e9tablit des r\u00e8gles certaines pour en conno\u00eetre la juste valeur, et l&#039;on donne la vraie m\u00e9thode de les tailler. - Libairie Clavreuil<\/title>\n<meta name=\"robots\" content=\"noindex, follow, max-snippet:-1, max-image-preview:large, max-video-preview:-1\" \/>\n<meta property=\"og:locale\" content=\"en_US\" \/>\n<meta property=\"og:type\" content=\"article\" \/>\n<meta property=\"og:title\" content=\"JEFFRIES David Trait\u00e9 des diamants et des perles; o\u00f9 l&#039;on consid\u00e8re leur importance, on \u00e9tablit des r\u00e8gles certaines pour en conno\u00eetre la juste valeur, et l&#039;on donne la vraie m\u00e9thode de les tailler. - Libairie Clavreuil\" \/>\n<meta property=\"og:description\" content=\"8vo (199 x 121 mm) 4 unn.ll., XXXV, 104pp., 10 engraved plates. Contemporary marbled calf, spine gilt with raised bands, marbled edges (some wear to top of spine).\" \/>\n<meta property=\"og:url\" content=\"https:\/\/clavreuil-wordpress.logiciel-arteo.fr\/en\/jeffries-david-traite-des-diamants-et-des-perles-ou-lon-considere-leur-importance-on-etablit-des-regles-certaines-pour-en-connoitre-la-juste-valeur-et-lon-donne-la-vraie-methode-de-les-tailler\/\" \/>\n<meta property=\"og:site_name\" content=\"Libairie Clavreuil\" \/>\n<meta property=\"article:modified_time\" content=\"2024-04-25T17:19:10+00:00\" \/>\n<meta property=\"og:image\" content=\"https:\/\/clavreuil-wordpress.logiciel-arteo.fr\/wp-content\/uploads\/2024\/04\/david-jeffries-traite-des-diamants-et-des-perles-ou-l-on-considere-leur-importance-on-etablit-des-regles-certaines-pour-en-connoitre-la-juste-valeur-e-scaled.jpg\" \/>\n\t<meta property=\"og:image:width\" content=\"1722\" \/>\n\t<meta property=\"og:image:height\" content=\"2560\" \/>\n\t<meta property=\"og:image:type\" content=\"image\/jpeg\" \/>\n<meta name=\"twitter:card\" content=\"summary_large_image\" \/>\n<meta name=\"twitter:label1\" content=\"Est. reading time\" \/>\n\t<meta name=\"twitter:data1\" content=\"1 minute\" \/>\n<script type=\"application\/ld+json\" class=\"yoast-schema-graph\">{\"@context\":\"https:\/\/schema.org\",\"@graph\":[{\"@type\":\"WebPage\",\"@id\":\"https:\/\/clavreuil-wordpress.logiciel-arteo.fr\/en\/jeffries-david-traite-des-diamants-et-des-perles-ou-lon-considere-leur-importance-on-etablit-des-regles-certaines-pour-en-connoitre-la-juste-valeur-et-lon-donne-la-vraie-methode-de-les-tailler\/\",\"url\":\"https:\/\/clavreuil-wordpress.logiciel-arteo.fr\/en\/jeffries-david-traite-des-diamants-et-des-perles-ou-lon-considere-leur-importance-on-etablit-des-regles-certaines-pour-en-connoitre-la-juste-valeur-et-lon-donne-la-vraie-methode-de-les-tailler\/\",\"name\":\"JEFFRIES David Trait\u00e9 des diamants et des perles; o\u00f9 l'on consid\u00e8re leur importance, on \u00e9tablit des r\u00e8gles certaines pour en conno\u00eetre la juste valeur, et l'on donne la vraie m\u00e9thode de les tailler. - Libairie Clavreuil\",\"isPartOf\":{\"@id\":\"https:\/\/clavreuil-wordpress.logiciel-arteo.fr\/#website\"},\"primaryImageOfPage\":{\"@id\":\"https:\/\/clavreuil-wordpress.logiciel-arteo.fr\/en\/jeffries-david-traite-des-diamants-et-des-perles-ou-lon-considere-leur-importance-on-etablit-des-regles-certaines-pour-en-connoitre-la-juste-valeur-et-lon-donne-la-vraie-methode-de-les-tailler\/#primaryimage\"},\"image\":{\"@id\":\"https:\/\/clavreuil-wordpress.logiciel-arteo.fr\/en\/jeffries-david-traite-des-diamants-et-des-perles-ou-lon-considere-leur-importance-on-etablit-des-regles-certaines-pour-en-connoitre-la-juste-valeur-et-lon-donne-la-vraie-methode-de-les-tailler\/#primaryimage\"},\"thumbnailUrl\":\"https:\/\/clavreuil-wordpress.logiciel-arteo.fr\/wp-content\/uploads\/2024\/04\/david-jeffries-traite-des-diamants-et-des-perles-ou-l-on-considere-leur-importance-on-etablit-des-regles-certaines-pour-en-connoitre-la-juste-valeur-e-scaled.jpg\",\"datePublished\":\"2024-04-25T17:18:32+00:00\",\"dateModified\":\"2024-04-25T17:19:10+00:00\",\"breadcrumb\":{\"@id\":\"https:\/\/clavreuil-wordpress.logiciel-arteo.fr\/en\/jeffries-david-traite-des-diamants-et-des-perles-ou-lon-considere-leur-importance-on-etablit-des-regles-certaines-pour-en-connoitre-la-juste-valeur-et-lon-donne-la-vraie-methode-de-les-tailler\/#breadcrumb\"},\"inLanguage\":\"en-US\",\"potentialAction\":[{\"@type\":\"ReadAction\",\"target\":[\"https:\/\/clavreuil-wordpress.logiciel-arteo.fr\/en\/jeffries-david-traite-des-diamants-et-des-perles-ou-lon-considere-leur-importance-on-etablit-des-regles-certaines-pour-en-connoitre-la-juste-valeur-et-lon-donne-la-vraie-methode-de-les-tailler\/\"]}]},{\"@type\":\"ImageObject\",\"inLanguage\":\"en-US\",\"@id\":\"https:\/\/clavreuil-wordpress.logiciel-arteo.fr\/en\/jeffries-david-traite-des-diamants-et-des-perles-ou-lon-considere-leur-importance-on-etablit-des-regles-certaines-pour-en-connoitre-la-juste-valeur-et-lon-donne-la-vraie-methode-de-les-tailler\/#primaryimage\",\"url\":\"https:\/\/clavreuil-wordpress.logiciel-arteo.fr\/wp-content\/uploads\/2024\/04\/david-jeffries-traite-des-diamants-et-des-perles-ou-l-on-considere-leur-importance-on-etablit-des-regles-certaines-pour-en-connoitre-la-juste-valeur-e-scaled.jpg\",\"contentUrl\":\"https:\/\/clavreuil-wordpress.logiciel-arteo.fr\/wp-content\/uploads\/2024\/04\/david-jeffries-traite-des-diamants-et-des-perles-ou-l-on-considere-leur-importance-on-etablit-des-regles-certaines-pour-en-connoitre-la-juste-valeur-e-scaled.jpg\",\"width\":1722,\"height\":2560},{\"@type\":\"BreadcrumbList\",\"@id\":\"https:\/\/clavreuil-wordpress.logiciel-arteo.fr\/en\/jeffries-david-traite-des-diamants-et-des-perles-ou-lon-considere-leur-importance-on-etablit-des-regles-certaines-pour-en-connoitre-la-juste-valeur-et-lon-donne-la-vraie-methode-de-les-tailler\/#breadcrumb\",\"itemListElement\":[{\"@type\":\"ListItem\",\"position\":1,\"name\":\"Accueil\",\"item\":\"https:\/\/clavreuil-wordpress.logiciel-arteo.fr\/\"},{\"@type\":\"ListItem\",\"position\":2,\"name\":\"All our books\",\"item\":\"https:\/\/clavreuil-wordpress.logiciel-arteo.fr\/en\/all-our-books\/\"},{\"@type\":\"ListItem\",\"position\":3,\"name\":\"JEFFRIES David Trait\u00e9 des diamants et des perles;...\"}]},{\"@type\":\"WebSite\",\"@id\":\"https:\/\/clavreuil-wordpress.logiciel-arteo.fr\/#website\",\"url\":\"https:\/\/clavreuil-wordpress.logiciel-arteo.fr\/\",\"name\":\"Libairie Clavreuil\",\"description\":\"\",\"publisher\":{\"@id\":\"https:\/\/clavreuil-wordpress.logiciel-arteo.fr\/#organization\"},\"potentialAction\":[{\"@type\":\"SearchAction\",\"target\":{\"@type\":\"EntryPoint\",\"urlTemplate\":\"https:\/\/clavreuil-wordpress.logiciel-arteo.fr\/?s={search_term_string}\"},\"query-input\":{\"@type\":\"PropertyValueSpecification\",\"valueRequired\":true,\"valueName\":\"search_term_string\"}}],\"inLanguage\":\"en-US\"},{\"@type\":\"Organization\",\"@id\":\"https:\/\/clavreuil-wordpress.logiciel-arteo.fr\/#organization\",\"name\":\"Libairie Clavreuil\",\"url\":\"https:\/\/clavreuil-wordpress.logiciel-arteo.fr\/\",\"logo\":{\"@type\":\"ImageObject\",\"inLanguage\":\"en-US\",\"@id\":\"https:\/\/clavreuil-wordpress.logiciel-arteo.fr\/#\/schema\/logo\/image\/\",\"url\":\"https:\/\/clavreuil-wordpress.logiciel-arteo.fr\/wp-content\/uploads\/2021\/05\/LOGO_PNG_DATE-_gold.png\",\"contentUrl\":\"https:\/\/clavreuil-wordpress.logiciel-arteo.fr\/wp-content\/uploads\/2021\/05\/LOGO_PNG_DATE-_gold.png\",\"width\":2083,\"height\":1917,\"caption\":\"Libairie Clavreuil\"},\"image\":{\"@id\":\"https:\/\/clavreuil-wordpress.logiciel-arteo.fr\/#\/schema\/logo\/image\/\"}}]}<\/script>\n<!-- \/ Yoast SEO plugin. -->","yoast_head_json":{"title":"JEFFRIES David Trait\u00e9 des diamants et des perles; o\u00f9 l'on consid\u00e8re leur importance, on \u00e9tablit des r\u00e8gles certaines pour en conno\u00eetre la juste valeur, et l'on donne la vraie m\u00e9thode de les tailler. - Libairie Clavreuil","robots":{"index":"noindex","follow":"follow","max-snippet":"max-snippet:-1","max-image-preview":"max-image-preview:large","max-video-preview":"max-video-preview:-1"},"og_locale":"en_US","og_type":"article","og_title":"JEFFRIES David Trait\u00e9 des diamants et des perles; o\u00f9 l'on consid\u00e8re leur importance, on \u00e9tablit des r\u00e8gles certaines pour en conno\u00eetre la juste valeur, et l'on donne la vraie m\u00e9thode de les tailler. - Libairie Clavreuil","og_description":"8vo (199 x 121 mm) 4 unn.ll., XXXV, 104pp., 10 engraved plates. Contemporary marbled calf, spine gilt with raised bands, marbled edges (some wear to top of spine).","og_url":"https:\/\/clavreuil-wordpress.logiciel-arteo.fr\/en\/jeffries-david-traite-des-diamants-et-des-perles-ou-lon-considere-leur-importance-on-etablit-des-regles-certaines-pour-en-connoitre-la-juste-valeur-et-lon-donne-la-vraie-methode-de-les-tailler\/","og_site_name":"Libairie Clavreuil","article_modified_time":"2024-04-25T17:19:10+00:00","og_image":[{"width":1722,"height":2560,"url":"https:\/\/clavreuil-wordpress.logiciel-arteo.fr\/wp-content\/uploads\/2024\/04\/david-jeffries-traite-des-diamants-et-des-perles-ou-l-on-considere-leur-importance-on-etablit-des-regles-certaines-pour-en-connoitre-la-juste-valeur-e-scaled.jpg","type":"image\/jpeg"}],"twitter_card":"summary_large_image","twitter_misc":{"Est. reading time":"1 minute"},"schema":{"@context":"https:\/\/schema.org","@graph":[{"@type":"WebPage","@id":"https:\/\/clavreuil-wordpress.logiciel-arteo.fr\/en\/jeffries-david-traite-des-diamants-et-des-perles-ou-lon-considere-leur-importance-on-etablit-des-regles-certaines-pour-en-connoitre-la-juste-valeur-et-lon-donne-la-vraie-methode-de-les-tailler\/","url":"https:\/\/clavreuil-wordpress.logiciel-arteo.fr\/en\/jeffries-david-traite-des-diamants-et-des-perles-ou-lon-considere-leur-importance-on-etablit-des-regles-certaines-pour-en-connoitre-la-juste-valeur-et-lon-donne-la-vraie-methode-de-les-tailler\/","name":"JEFFRIES David Trait\u00e9 des diamants et des perles; o\u00f9 l'on consid\u00e8re leur importance, on \u00e9tablit des r\u00e8gles certaines pour en conno\u00eetre la juste valeur, et l'on donne la vraie m\u00e9thode de les tailler. - Libairie Clavreuil","isPartOf":{"@id":"https:\/\/clavreuil-wordpress.logiciel-arteo.fr\/#website"},"primaryImageOfPage":{"@id":"https:\/\/clavreuil-wordpress.logiciel-arteo.fr\/en\/jeffries-david-traite-des-diamants-et-des-perles-ou-lon-considere-leur-importance-on-etablit-des-regles-certaines-pour-en-connoitre-la-juste-valeur-et-lon-donne-la-vraie-methode-de-les-tailler\/#primaryimage"},"image":{"@id":"https:\/\/clavreuil-wordpress.logiciel-arteo.fr\/en\/jeffries-david-traite-des-diamants-et-des-perles-ou-lon-considere-leur-importance-on-etablit-des-regles-certaines-pour-en-connoitre-la-juste-valeur-et-lon-donne-la-vraie-methode-de-les-tailler\/#primaryimage"},"thumbnailUrl":"https:\/\/clavreuil-wordpress.logiciel-arteo.fr\/wp-content\/uploads\/2024\/04\/david-jeffries-traite-des-diamants-et-des-perles-ou-l-on-considere-leur-importance-on-etablit-des-regles-certaines-pour-en-connoitre-la-juste-valeur-e-scaled.jpg","datePublished":"2024-04-25T17:18:32+00:00","dateModified":"2024-04-25T17:19:10+00:00","breadcrumb":{"@id":"https:\/\/clavreuil-wordpress.logiciel-arteo.fr\/en\/jeffries-david-traite-des-diamants-et-des-perles-ou-lon-considere-leur-importance-on-etablit-des-regles-certaines-pour-en-connoitre-la-juste-valeur-et-lon-donne-la-vraie-methode-de-les-tailler\/#breadcrumb"},"inLanguage":"en-US","potentialAction":[{"@type":"ReadAction","target":["https:\/\/clavreuil-wordpress.logiciel-arteo.fr\/en\/jeffries-david-traite-des-diamants-et-des-perles-ou-lon-considere-leur-importance-on-etablit-des-regles-certaines-pour-en-connoitre-la-juste-valeur-et-lon-donne-la-vraie-methode-de-les-tailler\/"]}]},{"@type":"ImageObject","inLanguage":"en-US","@id":"https:\/\/clavreuil-wordpress.logiciel-arteo.fr\/en\/jeffries-david-traite-des-diamants-et-des-perles-ou-lon-considere-leur-importance-on-etablit-des-regles-certaines-pour-en-connoitre-la-juste-valeur-et-lon-donne-la-vraie-methode-de-les-tailler\/#primaryimage","url":"https:\/\/clavreuil-wordpress.logiciel-arteo.fr\/wp-content\/uploads\/2024\/04\/david-jeffries-traite-des-diamants-et-des-perles-ou-l-on-considere-leur-importance-on-etablit-des-regles-certaines-pour-en-connoitre-la-juste-valeur-e-scaled.jpg","contentUrl":"https:\/\/clavreuil-wordpress.logiciel-arteo.fr\/wp-content\/uploads\/2024\/04\/david-jeffries-traite-des-diamants-et-des-perles-ou-l-on-considere-leur-importance-on-etablit-des-regles-certaines-pour-en-connoitre-la-juste-valeur-e-scaled.jpg","width":1722,"height":2560},{"@type":"BreadcrumbList","@id":"https:\/\/clavreuil-wordpress.logiciel-arteo.fr\/en\/jeffries-david-traite-des-diamants-et-des-perles-ou-lon-considere-leur-importance-on-etablit-des-regles-certaines-pour-en-connoitre-la-juste-valeur-et-lon-donne-la-vraie-methode-de-les-tailler\/#breadcrumb","itemListElement":[{"@type":"ListItem","position":1,"name":"Accueil","item":"https:\/\/clavreuil-wordpress.logiciel-arteo.fr\/"},{"@type":"ListItem","position":2,"name":"All our books","item":"https:\/\/clavreuil-wordpress.logiciel-arteo.fr\/en\/all-our-books\/"},{"@type":"ListItem","position":3,"name":"JEFFRIES David Trait\u00e9 des diamants et des perles;..."}]},{"@type":"WebSite","@id":"https:\/\/clavreuil-wordpress.logiciel-arteo.fr\/#website","url":"https:\/\/clavreuil-wordpress.logiciel-arteo.fr\/","name":"Libairie Clavreuil","description":"","publisher":{"@id":"https:\/\/clavreuil-wordpress.logiciel-arteo.fr\/#organization"},"potentialAction":[{"@type":"SearchAction","target":{"@type":"EntryPoint","urlTemplate":"https:\/\/clavreuil-wordpress.logiciel-arteo.fr\/?s={search_term_string}"},"query-input":{"@type":"PropertyValueSpecification","valueRequired":true,"valueName":"search_term_string"}}],"inLanguage":"en-US"},{"@type":"Organization","@id":"https:\/\/clavreuil-wordpress.logiciel-arteo.fr\/#organization","name":"Libairie Clavreuil","url":"https:\/\/clavreuil-wordpress.logiciel-arteo.fr\/","logo":{"@type":"ImageObject","inLanguage":"en-US","@id":"https:\/\/clavreuil-wordpress.logiciel-arteo.fr\/#\/schema\/logo\/image\/","url":"https:\/\/clavreuil-wordpress.logiciel-arteo.fr\/wp-content\/uploads\/2021\/05\/LOGO_PNG_DATE-_gold.png","contentUrl":"https:\/\/clavreuil-wordpress.logiciel-arteo.fr\/wp-content\/uploads\/2021\/05\/LOGO_PNG_DATE-_gold.png","width":2083,"height":1917,"caption":"Libairie Clavreuil"},"image":{"@id":"https:\/\/clavreuil-wordpress.logiciel-arteo.fr\/#\/schema\/logo\/image\/"}}]}},"_links":{"self":[{"href":"https:\/\/clavreuil-wordpress.logiciel-arteo.fr\/en\/wp-json\/wp\/v2\/product\/76676","targetHints":{"allow":["GET"]}}],"collection":[{"href":"https:\/\/clavreuil-wordpress.logiciel-arteo.fr\/en\/wp-json\/wp\/v2\/product"}],"about":[{"href":"https:\/\/clavreuil-wordpress.logiciel-arteo.fr\/en\/wp-json\/wp\/v2\/types\/product"}],"replies":[{"embeddable":true,"href":"https:\/\/clavreuil-wordpress.logiciel-arteo.fr\/en\/wp-json\/wp\/v2\/comments?post=76676"}],"wp:featuredmedia":[{"embeddable":true,"href":"https:\/\/clavreuil-wordpress.logiciel-arteo.fr\/en\/wp-json\/wp\/v2\/media\/76669"}],"wp:attachment":[{"href":"https:\/\/clavreuil-wordpress.logiciel-arteo.fr\/en\/wp-json\/wp\/v2\/media?parent=76676"}],"wp:term":[{"taxonomy":"product_brand","embeddable":true,"href":"https:\/\/clavreuil-wordpress.logiciel-arteo.fr\/en\/wp-json\/wp\/v2\/product_brand?post=76676"},{"taxonomy":"product_cat","embeddable":true,"href":"https:\/\/clavreuil-wordpress.logiciel-arteo.fr\/en\/wp-json\/wp\/v2\/product_cat?post=76676"},{"taxonomy":"product_tag","embeddable":true,"href":"https:\/\/clavreuil-wordpress.logiciel-arteo.fr\/en\/wp-json\/wp\/v2\/product_tag?post=76676"}],"curies":[{"name":"wp","href":"https:\/\/api.w.org\/{rel}","templated":true}]}}