{"id":76722,"date":"2024-04-26T10:01:09","date_gmt":"2024-04-26T08:01:09","guid":{"rendered":"https:\/\/clavreuil-wordpress.logiciel-arteo.fr\/chastellux-francois-jean-de-la-felicite-publique-ou-considerations-sur-le-sort-des-hommes-dans-les-differentes-epoques-de-lhistoire-nouvelle-edition-augmentee-de-notes-inedites-de-voltaire\/"},"modified":"2024-04-26T10:01:37","modified_gmt":"2024-04-26T08:01:37","slug":"chastellux-francois-jean-de-la-felicite-publique-ou-considerations-sur-le-sort-des-hommes-dans-les-differentes-epoques-de-lhistoire-nouvelle-edition-augmentee-de-notes-inedites-de-voltaire","status":"publish","type":"product","link":"https:\/\/clavreuil-wordpress.logiciel-arteo.fr\/en\/chastellux-francois-jean-de-la-felicite-publique-ou-considerations-sur-le-sort-des-hommes-dans-les-differentes-epoques-de-lhistoire-nouvelle-edition-augmentee-de-notes-inedites-de-voltaire\/","title":{"rendered":"CHASTELLUX Fran\u00e7ois-Jean De la f\u00e9licit\u00e9 publique, ou Consid\u00e9rations..."},"content":{"rendered":"<p style=\"text-align:justify\">First edition of the notes by Voltaire.<\/p>\n<p style=\"text-align:justify\">The Marquis Chastellux (1734-1788), philosopher and member of the Acad&eacute;mie frna&ccedil;aise, joined Rochambeau&#039;s army during the American war of Independence where he became a close friend to George Washington. Friend of Voltaire and other Encyclop&eacute;distes he believed that the progress of humanity is to be found in perfectionning the moral belief, but also in the advancement of art and science. Chastellux&#039;s new reading of the institutions in classical antiquity and his analyse of new ways of government are all included in his work F&eacute;licit&eacute; publique whose importance Voltaire compared to <em>De l&#039;Esprit des Lois<\/em> by Montesquieu. This new, revised edition, with the last chapter exclusively devoted to Public Debt contains here for the first time the notes by Voltaire.<\/p>\n<p style=\"text-align:justify\">One of the very few large paper copies printed on heavy wove paper.<\/p>\n","protected":false},"excerpt":{"rendered":"<p>2 volumes, 8vo (232 x 149 mm) 2 nn.ll., 350 pp. for volume I; 2 nn.ll., 332 pp. for volume II; contemporary red morocco; covers richly decorated in gilt, spines gilt with raised bands, gilt edges.<\/p>\n","protected":false},"featured_media":76711,"comment_status":"open","ping_status":"closed","template":"","meta":{"_acf_changed":false},"product_brand":[],"product_cat":[536],"product_tag":[1209,1213,1266,1208],"class_list":{"0":"post-76722","1":"product","2":"type-product","3":"status-publish","4":"has-post-thumbnail","6":"product_cat-right-economy","7":"product_tag-economics","8":"product_tag-history","9":"product_tag-philosophy","10":"product_tag-political-economy","11":"pa_auteur-francois-jean-chastellux-2","12":"pa_type-de-livre-printed-book","14":"first","15":"instock","16":"shipping-taxable","17":"purchasable","18":"product-type-simple"},"acf":[],"yoast_head":"<!-- This site is optimized with the Yoast SEO plugin v24.3 - https:\/\/yoast.com\/wordpress\/plugins\/seo\/ -->\n<title>CHASTELLUX Fran\u00e7ois-Jean De la f\u00e9licit\u00e9 publique, ou Consid\u00e9rations sur le sort des hommes dans les diff\u00e9rentes \u00e9poques de l&#039;histoire. Nouvelle \u00e9dition augment\u00e9e de notes in\u00e9dites de Voltaire. - Libairie Clavreuil<\/title>\n<meta name=\"robots\" content=\"noindex, follow, max-snippet:-1, max-image-preview:large, max-video-preview:-1\" \/>\n<meta property=\"og:locale\" content=\"en_US\" \/>\n<meta property=\"og:type\" content=\"article\" \/>\n<meta property=\"og:title\" content=\"CHASTELLUX Fran\u00e7ois-Jean De la f\u00e9licit\u00e9 publique, ou Consid\u00e9rations sur le sort des hommes dans les diff\u00e9rentes \u00e9poques de l&#039;histoire. Nouvelle \u00e9dition augment\u00e9e de notes in\u00e9dites de Voltaire. - Libairie Clavreuil\" \/>\n<meta property=\"og:description\" content=\"2 volumes, 8vo (232 x 149 mm) 2 nn.ll., 350 pp. for volume I; 2 nn.ll., 332 pp. for volume II; contemporary red morocco; covers richly decorated in gilt, spines gilt with raised bands, gilt edges.\" \/>\n<meta property=\"og:url\" content=\"https:\/\/clavreuil-wordpress.logiciel-arteo.fr\/en\/chastellux-francois-jean-de-la-felicite-publique-ou-considerations-sur-le-sort-des-hommes-dans-les-differentes-epoques-de-lhistoire-nouvelle-edition-augmentee-de-notes-inedites-de-voltaire\/\" \/>\n<meta property=\"og:site_name\" content=\"Libairie Clavreuil\" \/>\n<meta property=\"article:modified_time\" content=\"2024-04-26T08:01:37+00:00\" \/>\n<meta property=\"og:image\" content=\"https:\/\/clavreuil-wordpress.logiciel-arteo.fr\/wp-content\/uploads\/2024\/04\/francois-jean-chastellux-de-la-felicite-publique-ou-considerations-sur-le-sort-des-hommes-dans-les-differentes-epoques-de-l-histoire-nouvelle-edition-.jpg\" \/>\n\t<meta property=\"og:image:width\" content=\"1398\" \/>\n\t<meta property=\"og:image:height\" content=\"1968\" \/>\n\t<meta property=\"og:image:type\" content=\"image\/jpeg\" \/>\n<meta name=\"twitter:card\" content=\"summary_large_image\" \/>\n<meta name=\"twitter:label1\" content=\"Est. reading time\" \/>\n\t<meta name=\"twitter:data1\" content=\"1 minute\" \/>\n<script type=\"application\/ld+json\" class=\"yoast-schema-graph\">{\"@context\":\"https:\/\/schema.org\",\"@graph\":[{\"@type\":\"WebPage\",\"@id\":\"https:\/\/clavreuil-wordpress.logiciel-arteo.fr\/en\/chastellux-francois-jean-de-la-felicite-publique-ou-considerations-sur-le-sort-des-hommes-dans-les-differentes-epoques-de-lhistoire-nouvelle-edition-augmentee-de-notes-inedites-de-voltaire\/\",\"url\":\"https:\/\/clavreuil-wordpress.logiciel-arteo.fr\/en\/chastellux-francois-jean-de-la-felicite-publique-ou-considerations-sur-le-sort-des-hommes-dans-les-differentes-epoques-de-lhistoire-nouvelle-edition-augmentee-de-notes-inedites-de-voltaire\/\",\"name\":\"CHASTELLUX Fran\u00e7ois-Jean De la f\u00e9licit\u00e9 publique, ou Consid\u00e9rations sur le sort des hommes dans les diff\u00e9rentes \u00e9poques de l'histoire. Nouvelle \u00e9dition augment\u00e9e de notes in\u00e9dites de Voltaire. - Libairie Clavreuil\",\"isPartOf\":{\"@id\":\"https:\/\/clavreuil-wordpress.logiciel-arteo.fr\/#website\"},\"primaryImageOfPage\":{\"@id\":\"https:\/\/clavreuil-wordpress.logiciel-arteo.fr\/en\/chastellux-francois-jean-de-la-felicite-publique-ou-considerations-sur-le-sort-des-hommes-dans-les-differentes-epoques-de-lhistoire-nouvelle-edition-augmentee-de-notes-inedites-de-voltaire\/#primaryimage\"},\"image\":{\"@id\":\"https:\/\/clavreuil-wordpress.logiciel-arteo.fr\/en\/chastellux-francois-jean-de-la-felicite-publique-ou-considerations-sur-le-sort-des-hommes-dans-les-differentes-epoques-de-lhistoire-nouvelle-edition-augmentee-de-notes-inedites-de-voltaire\/#primaryimage\"},\"thumbnailUrl\":\"https:\/\/clavreuil-wordpress.logiciel-arteo.fr\/wp-content\/uploads\/2024\/04\/francois-jean-chastellux-de-la-felicite-publique-ou-considerations-sur-le-sort-des-hommes-dans-les-differentes-epoques-de-l-histoire-nouvelle-edition-.jpg\",\"datePublished\":\"2024-04-26T08:01:09+00:00\",\"dateModified\":\"2024-04-26T08:01:37+00:00\",\"breadcrumb\":{\"@id\":\"https:\/\/clavreuil-wordpress.logiciel-arteo.fr\/en\/chastellux-francois-jean-de-la-felicite-publique-ou-considerations-sur-le-sort-des-hommes-dans-les-differentes-epoques-de-lhistoire-nouvelle-edition-augmentee-de-notes-inedites-de-voltaire\/#breadcrumb\"},\"inLanguage\":\"en-US\",\"potentialAction\":[{\"@type\":\"ReadAction\",\"target\":[\"https:\/\/clavreuil-wordpress.logiciel-arteo.fr\/en\/chastellux-francois-jean-de-la-felicite-publique-ou-considerations-sur-le-sort-des-hommes-dans-les-differentes-epoques-de-lhistoire-nouvelle-edition-augmentee-de-notes-inedites-de-voltaire\/\"]}]},{\"@type\":\"ImageObject\",\"inLanguage\":\"en-US\",\"@id\":\"https:\/\/clavreuil-wordpress.logiciel-arteo.fr\/en\/chastellux-francois-jean-de-la-felicite-publique-ou-considerations-sur-le-sort-des-hommes-dans-les-differentes-epoques-de-lhistoire-nouvelle-edition-augmentee-de-notes-inedites-de-voltaire\/#primaryimage\",\"url\":\"https:\/\/clavreuil-wordpress.logiciel-arteo.fr\/wp-content\/uploads\/2024\/04\/francois-jean-chastellux-de-la-felicite-publique-ou-considerations-sur-le-sort-des-hommes-dans-les-differentes-epoques-de-l-histoire-nouvelle-edition-.jpg\",\"contentUrl\":\"https:\/\/clavreuil-wordpress.logiciel-arteo.fr\/wp-content\/uploads\/2024\/04\/francois-jean-chastellux-de-la-felicite-publique-ou-considerations-sur-le-sort-des-hommes-dans-les-differentes-epoques-de-l-histoire-nouvelle-edition-.jpg\",\"width\":1398,\"height\":1968},{\"@type\":\"BreadcrumbList\",\"@id\":\"https:\/\/clavreuil-wordpress.logiciel-arteo.fr\/en\/chastellux-francois-jean-de-la-felicite-publique-ou-considerations-sur-le-sort-des-hommes-dans-les-differentes-epoques-de-lhistoire-nouvelle-edition-augmentee-de-notes-inedites-de-voltaire\/#breadcrumb\",\"itemListElement\":[{\"@type\":\"ListItem\",\"position\":1,\"name\":\"Accueil\",\"item\":\"https:\/\/clavreuil-wordpress.logiciel-arteo.fr\/\"},{\"@type\":\"ListItem\",\"position\":2,\"name\":\"All our books\",\"item\":\"https:\/\/clavreuil-wordpress.logiciel-arteo.fr\/en\/all-our-books\/\"},{\"@type\":\"ListItem\",\"position\":3,\"name\":\"CHASTELLUX Fran\u00e7ois-Jean De la f\u00e9licit\u00e9 publique, ou Consid\u00e9rations...\"}]},{\"@type\":\"WebSite\",\"@id\":\"https:\/\/clavreuil-wordpress.logiciel-arteo.fr\/#website\",\"url\":\"https:\/\/clavreuil-wordpress.logiciel-arteo.fr\/\",\"name\":\"Libairie Clavreuil\",\"description\":\"\",\"publisher\":{\"@id\":\"https:\/\/clavreuil-wordpress.logiciel-arteo.fr\/#organization\"},\"potentialAction\":[{\"@type\":\"SearchAction\",\"target\":{\"@type\":\"EntryPoint\",\"urlTemplate\":\"https:\/\/clavreuil-wordpress.logiciel-arteo.fr\/?s={search_term_string}\"},\"query-input\":{\"@type\":\"PropertyValueSpecification\",\"valueRequired\":true,\"valueName\":\"search_term_string\"}}],\"inLanguage\":\"en-US\"},{\"@type\":\"Organization\",\"@id\":\"https:\/\/clavreuil-wordpress.logiciel-arteo.fr\/#organization\",\"name\":\"Libairie Clavreuil\",\"url\":\"https:\/\/clavreuil-wordpress.logiciel-arteo.fr\/\",\"logo\":{\"@type\":\"ImageObject\",\"inLanguage\":\"en-US\",\"@id\":\"https:\/\/clavreuil-wordpress.logiciel-arteo.fr\/#\/schema\/logo\/image\/\",\"url\":\"https:\/\/clavreuil-wordpress.logiciel-arteo.fr\/wp-content\/uploads\/2021\/05\/LOGO_PNG_DATE-_gold.png\",\"contentUrl\":\"https:\/\/clavreuil-wordpress.logiciel-arteo.fr\/wp-content\/uploads\/2021\/05\/LOGO_PNG_DATE-_gold.png\",\"width\":2083,\"height\":1917,\"caption\":\"Libairie Clavreuil\"},\"image\":{\"@id\":\"https:\/\/clavreuil-wordpress.logiciel-arteo.fr\/#\/schema\/logo\/image\/\"}}]}<\/script>\n<!-- \/ Yoast SEO plugin. -->","yoast_head_json":{"title":"CHASTELLUX Fran\u00e7ois-Jean De la f\u00e9licit\u00e9 publique, ou Consid\u00e9rations sur le sort des hommes dans les diff\u00e9rentes \u00e9poques de l'histoire. Nouvelle \u00e9dition augment\u00e9e de notes in\u00e9dites de Voltaire. - Libairie Clavreuil","robots":{"index":"noindex","follow":"follow","max-snippet":"max-snippet:-1","max-image-preview":"max-image-preview:large","max-video-preview":"max-video-preview:-1"},"og_locale":"en_US","og_type":"article","og_title":"CHASTELLUX Fran\u00e7ois-Jean De la f\u00e9licit\u00e9 publique, ou Consid\u00e9rations sur le sort des hommes dans les diff\u00e9rentes \u00e9poques de l'histoire. Nouvelle \u00e9dition augment\u00e9e de notes in\u00e9dites de Voltaire. - Libairie Clavreuil","og_description":"2 volumes, 8vo (232 x 149 mm) 2 nn.ll., 350 pp. for volume I; 2 nn.ll., 332 pp. for volume II; contemporary red morocco; covers richly decorated in gilt, spines gilt with raised bands, gilt edges.","og_url":"https:\/\/clavreuil-wordpress.logiciel-arteo.fr\/en\/chastellux-francois-jean-de-la-felicite-publique-ou-considerations-sur-le-sort-des-hommes-dans-les-differentes-epoques-de-lhistoire-nouvelle-edition-augmentee-de-notes-inedites-de-voltaire\/","og_site_name":"Libairie Clavreuil","article_modified_time":"2024-04-26T08:01:37+00:00","og_image":[{"width":1398,"height":1968,"url":"https:\/\/clavreuil-wordpress.logiciel-arteo.fr\/wp-content\/uploads\/2024\/04\/francois-jean-chastellux-de-la-felicite-publique-ou-considerations-sur-le-sort-des-hommes-dans-les-differentes-epoques-de-l-histoire-nouvelle-edition-.jpg","type":"image\/jpeg"}],"twitter_card":"summary_large_image","twitter_misc":{"Est. reading time":"1 minute"},"schema":{"@context":"https:\/\/schema.org","@graph":[{"@type":"WebPage","@id":"https:\/\/clavreuil-wordpress.logiciel-arteo.fr\/en\/chastellux-francois-jean-de-la-felicite-publique-ou-considerations-sur-le-sort-des-hommes-dans-les-differentes-epoques-de-lhistoire-nouvelle-edition-augmentee-de-notes-inedites-de-voltaire\/","url":"https:\/\/clavreuil-wordpress.logiciel-arteo.fr\/en\/chastellux-francois-jean-de-la-felicite-publique-ou-considerations-sur-le-sort-des-hommes-dans-les-differentes-epoques-de-lhistoire-nouvelle-edition-augmentee-de-notes-inedites-de-voltaire\/","name":"CHASTELLUX Fran\u00e7ois-Jean De la f\u00e9licit\u00e9 publique, ou Consid\u00e9rations sur le sort des hommes dans les diff\u00e9rentes \u00e9poques de l'histoire. Nouvelle \u00e9dition augment\u00e9e de notes in\u00e9dites de Voltaire. - Libairie Clavreuil","isPartOf":{"@id":"https:\/\/clavreuil-wordpress.logiciel-arteo.fr\/#website"},"primaryImageOfPage":{"@id":"https:\/\/clavreuil-wordpress.logiciel-arteo.fr\/en\/chastellux-francois-jean-de-la-felicite-publique-ou-considerations-sur-le-sort-des-hommes-dans-les-differentes-epoques-de-lhistoire-nouvelle-edition-augmentee-de-notes-inedites-de-voltaire\/#primaryimage"},"image":{"@id":"https:\/\/clavreuil-wordpress.logiciel-arteo.fr\/en\/chastellux-francois-jean-de-la-felicite-publique-ou-considerations-sur-le-sort-des-hommes-dans-les-differentes-epoques-de-lhistoire-nouvelle-edition-augmentee-de-notes-inedites-de-voltaire\/#primaryimage"},"thumbnailUrl":"https:\/\/clavreuil-wordpress.logiciel-arteo.fr\/wp-content\/uploads\/2024\/04\/francois-jean-chastellux-de-la-felicite-publique-ou-considerations-sur-le-sort-des-hommes-dans-les-differentes-epoques-de-l-histoire-nouvelle-edition-.jpg","datePublished":"2024-04-26T08:01:09+00:00","dateModified":"2024-04-26T08:01:37+00:00","breadcrumb":{"@id":"https:\/\/clavreuil-wordpress.logiciel-arteo.fr\/en\/chastellux-francois-jean-de-la-felicite-publique-ou-considerations-sur-le-sort-des-hommes-dans-les-differentes-epoques-de-lhistoire-nouvelle-edition-augmentee-de-notes-inedites-de-voltaire\/#breadcrumb"},"inLanguage":"en-US","potentialAction":[{"@type":"ReadAction","target":["https:\/\/clavreuil-wordpress.logiciel-arteo.fr\/en\/chastellux-francois-jean-de-la-felicite-publique-ou-considerations-sur-le-sort-des-hommes-dans-les-differentes-epoques-de-lhistoire-nouvelle-edition-augmentee-de-notes-inedites-de-voltaire\/"]}]},{"@type":"ImageObject","inLanguage":"en-US","@id":"https:\/\/clavreuil-wordpress.logiciel-arteo.fr\/en\/chastellux-francois-jean-de-la-felicite-publique-ou-considerations-sur-le-sort-des-hommes-dans-les-differentes-epoques-de-lhistoire-nouvelle-edition-augmentee-de-notes-inedites-de-voltaire\/#primaryimage","url":"https:\/\/clavreuil-wordpress.logiciel-arteo.fr\/wp-content\/uploads\/2024\/04\/francois-jean-chastellux-de-la-felicite-publique-ou-considerations-sur-le-sort-des-hommes-dans-les-differentes-epoques-de-l-histoire-nouvelle-edition-.jpg","contentUrl":"https:\/\/clavreuil-wordpress.logiciel-arteo.fr\/wp-content\/uploads\/2024\/04\/francois-jean-chastellux-de-la-felicite-publique-ou-considerations-sur-le-sort-des-hommes-dans-les-differentes-epoques-de-l-histoire-nouvelle-edition-.jpg","width":1398,"height":1968},{"@type":"BreadcrumbList","@id":"https:\/\/clavreuil-wordpress.logiciel-arteo.fr\/en\/chastellux-francois-jean-de-la-felicite-publique-ou-considerations-sur-le-sort-des-hommes-dans-les-differentes-epoques-de-lhistoire-nouvelle-edition-augmentee-de-notes-inedites-de-voltaire\/#breadcrumb","itemListElement":[{"@type":"ListItem","position":1,"name":"Accueil","item":"https:\/\/clavreuil-wordpress.logiciel-arteo.fr\/"},{"@type":"ListItem","position":2,"name":"All our books","item":"https:\/\/clavreuil-wordpress.logiciel-arteo.fr\/en\/all-our-books\/"},{"@type":"ListItem","position":3,"name":"CHASTELLUX Fran\u00e7ois-Jean De la f\u00e9licit\u00e9 publique, ou Consid\u00e9rations..."}]},{"@type":"WebSite","@id":"https:\/\/clavreuil-wordpress.logiciel-arteo.fr\/#website","url":"https:\/\/clavreuil-wordpress.logiciel-arteo.fr\/","name":"Libairie Clavreuil","description":"","publisher":{"@id":"https:\/\/clavreuil-wordpress.logiciel-arteo.fr\/#organization"},"potentialAction":[{"@type":"SearchAction","target":{"@type":"EntryPoint","urlTemplate":"https:\/\/clavreuil-wordpress.logiciel-arteo.fr\/?s={search_term_string}"},"query-input":{"@type":"PropertyValueSpecification","valueRequired":true,"valueName":"search_term_string"}}],"inLanguage":"en-US"},{"@type":"Organization","@id":"https:\/\/clavreuil-wordpress.logiciel-arteo.fr\/#organization","name":"Libairie Clavreuil","url":"https:\/\/clavreuil-wordpress.logiciel-arteo.fr\/","logo":{"@type":"ImageObject","inLanguage":"en-US","@id":"https:\/\/clavreuil-wordpress.logiciel-arteo.fr\/#\/schema\/logo\/image\/","url":"https:\/\/clavreuil-wordpress.logiciel-arteo.fr\/wp-content\/uploads\/2021\/05\/LOGO_PNG_DATE-_gold.png","contentUrl":"https:\/\/clavreuil-wordpress.logiciel-arteo.fr\/wp-content\/uploads\/2021\/05\/LOGO_PNG_DATE-_gold.png","width":2083,"height":1917,"caption":"Libairie Clavreuil"},"image":{"@id":"https:\/\/clavreuil-wordpress.logiciel-arteo.fr\/#\/schema\/logo\/image\/"}}]}},"_links":{"self":[{"href":"https:\/\/clavreuil-wordpress.logiciel-arteo.fr\/en\/wp-json\/wp\/v2\/product\/76722","targetHints":{"allow":["GET"]}}],"collection":[{"href":"https:\/\/clavreuil-wordpress.logiciel-arteo.fr\/en\/wp-json\/wp\/v2\/product"}],"about":[{"href":"https:\/\/clavreuil-wordpress.logiciel-arteo.fr\/en\/wp-json\/wp\/v2\/types\/product"}],"replies":[{"embeddable":true,"href":"https:\/\/clavreuil-wordpress.logiciel-arteo.fr\/en\/wp-json\/wp\/v2\/comments?post=76722"}],"wp:featuredmedia":[{"embeddable":true,"href":"https:\/\/clavreuil-wordpress.logiciel-arteo.fr\/en\/wp-json\/wp\/v2\/media\/76711"}],"wp:attachment":[{"href":"https:\/\/clavreuil-wordpress.logiciel-arteo.fr\/en\/wp-json\/wp\/v2\/media?parent=76722"}],"wp:term":[{"taxonomy":"product_brand","embeddable":true,"href":"https:\/\/clavreuil-wordpress.logiciel-arteo.fr\/en\/wp-json\/wp\/v2\/product_brand?post=76722"},{"taxonomy":"product_cat","embeddable":true,"href":"https:\/\/clavreuil-wordpress.logiciel-arteo.fr\/en\/wp-json\/wp\/v2\/product_cat?post=76722"},{"taxonomy":"product_tag","embeddable":true,"href":"https:\/\/clavreuil-wordpress.logiciel-arteo.fr\/en\/wp-json\/wp\/v2\/product_tag?post=76722"}],"curies":[{"name":"wp","href":"https:\/\/api.w.org\/{rel}","templated":true}]}}