{"id":76810,"date":"2024-04-26T10:04:29","date_gmt":"2024-04-26T08:04:29","guid":{"rendered":"https:\/\/clavreuil-wordpress.logiciel-arteo.fr\/parmentier-antoine-augustin-memoire-sur-les-avantages-que-la-province-de-languedoc-peut-retirer-de-ses-grains-consideres-sous-leurs-differens-rapports-avec-lagriculture-le-commerce-la-meunerie-e\/"},"modified":"2024-04-26T10:05:02","modified_gmt":"2024-04-26T08:05:02","slug":"parmentier-antoine-augustin-memoire-sur-les-avantages-que-la-province-de-languedoc-peut-retirer-de-ses-grains-consideres-sous-leurs-differens-rapports-avec-lagriculture-le-commerce-la-meunerie-e","status":"publish","type":"product","link":"https:\/\/clavreuil-wordpress.logiciel-arteo.fr\/en\/parmentier-antoine-augustin-memoire-sur-les-avantages-que-la-province-de-languedoc-peut-retirer-de-ses-grains-consideres-sous-leurs-differens-rapports-avec-lagriculture-le-commerce-la-meunerie-e\/","title":{"rendered":"PARMENTIER Antoine-Augustin M\u00e9moire sur les avantages que la..."},"content":{"rendered":"<p style=\"text-align:justify\"><em>Goldsmiths 13164 ; Kress B.1106.<\/em><\/p>\n<p style=\"text-align:justify\">First edition.<\/p>\n<p style=\"text-align:justify\">In this work Parmentier (1737-1813) discusses different sorts of wheat, its harvest and conservation, milling, and finally bakery in general: choice of flour, utensiles, kneading of the dogh, cooking process, and a varity of breads including recepes prepared with potatoes. The work was published the same year when the scientist had planted, collected and presented to the King Louis XVI the first potatoes grown in his garden assisted by the botanist Philippe Victor Vilmorin.<\/p>\n<p style=\"text-align:justify\">Some occasional foxing, small marginal stain to last 4 leaves; one plate repaired.<\/p>\n<p style=\"text-align:justify\">Proveannce: Gairin (manuscript ex-libris)<\/p>\n","protected":false},"excerpt":{"rendered":"<p>4to (242 x 188 mm) 2 nn.ll., 447 pp., 10 engraved folding plates. 19th century calf backed boards, flat spine gilt.<\/p>\n","protected":false},"featured_media":76803,"comment_status":"open","ping_status":"closed","template":"","meta":{"_acf_changed":false},"product_brand":[],"product_cat":[540],"product_tag":[576,1450,584,1322,1321],"class_list":{"0":"post-76810","1":"product","2":"type-product","3":"status-publish","4":"has-post-thumbnail","6":"product_cat-natural-history","7":"product_tag-agriculture-2","8":"product_tag-first-edition","9":"product_tag-gardens","10":"product_tag-mushroom","11":"product_tag-seaweed","12":"pa_auteur-antoine-augustin-parmentier-2","13":"pa_type-de-livre-printed-book","15":"first","16":"instock","17":"shipping-taxable","18":"purchasable","19":"product-type-simple"},"acf":[],"yoast_head":"<!-- This site is optimized with the Yoast SEO plugin v24.3 - https:\/\/yoast.com\/wordpress\/plugins\/seo\/ -->\n<title>PARMENTIER Antoine-Augustin M\u00e9moire sur les avantages que la province de Languedoc peut retirer de ses grains; consid\u00e9r\u00e9s sous leurs diff\u00e9rens rapports avec l&#039;Agriculture, le Commerce, la Meunerie et la Boulangerie. - Libairie Clavreuil<\/title>\n<meta name=\"robots\" content=\"noindex, follow, max-snippet:-1, max-image-preview:large, max-video-preview:-1\" \/>\n<meta property=\"og:locale\" content=\"en_US\" \/>\n<meta property=\"og:type\" content=\"article\" \/>\n<meta property=\"og:title\" content=\"PARMENTIER Antoine-Augustin M\u00e9moire sur les avantages que la province de Languedoc peut retirer de ses grains; consid\u00e9r\u00e9s sous leurs diff\u00e9rens rapports avec l&#039;Agriculture, le Commerce, la Meunerie et la Boulangerie. - Libairie Clavreuil\" \/>\n<meta property=\"og:description\" content=\"4to (242 x 188 mm) 2 nn.ll., 447 pp., 10 engraved folding plates. 19th century calf backed boards, flat spine gilt.\" \/>\n<meta property=\"og:url\" content=\"https:\/\/clavreuil-wordpress.logiciel-arteo.fr\/en\/parmentier-antoine-augustin-memoire-sur-les-avantages-que-la-province-de-languedoc-peut-retirer-de-ses-grains-consideres-sous-leurs-differens-rapports-avec-lagriculture-le-commerce-la-meunerie-e\/\" \/>\n<meta property=\"og:site_name\" content=\"Libairie Clavreuil\" \/>\n<meta property=\"article:modified_time\" content=\"2024-04-26T08:05:02+00:00\" \/>\n<meta property=\"og:image\" content=\"https:\/\/clavreuil-wordpress.logiciel-arteo.fr\/wp-content\/uploads\/2024\/04\/antoine-augustin-parmentier-memoire-sur-les-avantages-que-la-province-de-languedoc-peut-retirer-de-ses-grains-consideres-sous-leurs-differens-rapports-scaled.jpg\" \/>\n\t<meta property=\"og:image:width\" content=\"2560\" \/>\n\t<meta property=\"og:image:height\" content=\"2098\" \/>\n\t<meta property=\"og:image:type\" content=\"image\/jpeg\" \/>\n<meta name=\"twitter:card\" content=\"summary_large_image\" \/>\n<script type=\"application\/ld+json\" class=\"yoast-schema-graph\">{\"@context\":\"https:\/\/schema.org\",\"@graph\":[{\"@type\":\"WebPage\",\"@id\":\"https:\/\/clavreuil-wordpress.logiciel-arteo.fr\/en\/parmentier-antoine-augustin-memoire-sur-les-avantages-que-la-province-de-languedoc-peut-retirer-de-ses-grains-consideres-sous-leurs-differens-rapports-avec-lagriculture-le-commerce-la-meunerie-e\/\",\"url\":\"https:\/\/clavreuil-wordpress.logiciel-arteo.fr\/en\/parmentier-antoine-augustin-memoire-sur-les-avantages-que-la-province-de-languedoc-peut-retirer-de-ses-grains-consideres-sous-leurs-differens-rapports-avec-lagriculture-le-commerce-la-meunerie-e\/\",\"name\":\"PARMENTIER Antoine-Augustin M\u00e9moire sur les avantages que la province de Languedoc peut retirer de ses grains; consid\u00e9r\u00e9s sous leurs diff\u00e9rens rapports avec l'Agriculture, le Commerce, la Meunerie et la Boulangerie. - Libairie Clavreuil\",\"isPartOf\":{\"@id\":\"https:\/\/clavreuil-wordpress.logiciel-arteo.fr\/#website\"},\"primaryImageOfPage\":{\"@id\":\"https:\/\/clavreuil-wordpress.logiciel-arteo.fr\/en\/parmentier-antoine-augustin-memoire-sur-les-avantages-que-la-province-de-languedoc-peut-retirer-de-ses-grains-consideres-sous-leurs-differens-rapports-avec-lagriculture-le-commerce-la-meunerie-e\/#primaryimage\"},\"image\":{\"@id\":\"https:\/\/clavreuil-wordpress.logiciel-arteo.fr\/en\/parmentier-antoine-augustin-memoire-sur-les-avantages-que-la-province-de-languedoc-peut-retirer-de-ses-grains-consideres-sous-leurs-differens-rapports-avec-lagriculture-le-commerce-la-meunerie-e\/#primaryimage\"},\"thumbnailUrl\":\"https:\/\/clavreuil-wordpress.logiciel-arteo.fr\/wp-content\/uploads\/2024\/04\/antoine-augustin-parmentier-memoire-sur-les-avantages-que-la-province-de-languedoc-peut-retirer-de-ses-grains-consideres-sous-leurs-differens-rapports-scaled.jpg\",\"datePublished\":\"2024-04-26T08:04:29+00:00\",\"dateModified\":\"2024-04-26T08:05:02+00:00\",\"breadcrumb\":{\"@id\":\"https:\/\/clavreuil-wordpress.logiciel-arteo.fr\/en\/parmentier-antoine-augustin-memoire-sur-les-avantages-que-la-province-de-languedoc-peut-retirer-de-ses-grains-consideres-sous-leurs-differens-rapports-avec-lagriculture-le-commerce-la-meunerie-e\/#breadcrumb\"},\"inLanguage\":\"en-US\",\"potentialAction\":[{\"@type\":\"ReadAction\",\"target\":[\"https:\/\/clavreuil-wordpress.logiciel-arteo.fr\/en\/parmentier-antoine-augustin-memoire-sur-les-avantages-que-la-province-de-languedoc-peut-retirer-de-ses-grains-consideres-sous-leurs-differens-rapports-avec-lagriculture-le-commerce-la-meunerie-e\/\"]}]},{\"@type\":\"ImageObject\",\"inLanguage\":\"en-US\",\"@id\":\"https:\/\/clavreuil-wordpress.logiciel-arteo.fr\/en\/parmentier-antoine-augustin-memoire-sur-les-avantages-que-la-province-de-languedoc-peut-retirer-de-ses-grains-consideres-sous-leurs-differens-rapports-avec-lagriculture-le-commerce-la-meunerie-e\/#primaryimage\",\"url\":\"https:\/\/clavreuil-wordpress.logiciel-arteo.fr\/wp-content\/uploads\/2024\/04\/antoine-augustin-parmentier-memoire-sur-les-avantages-que-la-province-de-languedoc-peut-retirer-de-ses-grains-consideres-sous-leurs-differens-rapports-scaled.jpg\",\"contentUrl\":\"https:\/\/clavreuil-wordpress.logiciel-arteo.fr\/wp-content\/uploads\/2024\/04\/antoine-augustin-parmentier-memoire-sur-les-avantages-que-la-province-de-languedoc-peut-retirer-de-ses-grains-consideres-sous-leurs-differens-rapports-scaled.jpg\",\"width\":2560,\"height\":2098},{\"@type\":\"BreadcrumbList\",\"@id\":\"https:\/\/clavreuil-wordpress.logiciel-arteo.fr\/en\/parmentier-antoine-augustin-memoire-sur-les-avantages-que-la-province-de-languedoc-peut-retirer-de-ses-grains-consideres-sous-leurs-differens-rapports-avec-lagriculture-le-commerce-la-meunerie-e\/#breadcrumb\",\"itemListElement\":[{\"@type\":\"ListItem\",\"position\":1,\"name\":\"Accueil\",\"item\":\"https:\/\/clavreuil-wordpress.logiciel-arteo.fr\/\"},{\"@type\":\"ListItem\",\"position\":2,\"name\":\"All our books\",\"item\":\"https:\/\/clavreuil-wordpress.logiciel-arteo.fr\/en\/all-our-books\/\"},{\"@type\":\"ListItem\",\"position\":3,\"name\":\"PARMENTIER Antoine-Augustin M\u00e9moire sur les avantages que la...\"}]},{\"@type\":\"WebSite\",\"@id\":\"https:\/\/clavreuil-wordpress.logiciel-arteo.fr\/#website\",\"url\":\"https:\/\/clavreuil-wordpress.logiciel-arteo.fr\/\",\"name\":\"Libairie Clavreuil\",\"description\":\"\",\"publisher\":{\"@id\":\"https:\/\/clavreuil-wordpress.logiciel-arteo.fr\/#organization\"},\"potentialAction\":[{\"@type\":\"SearchAction\",\"target\":{\"@type\":\"EntryPoint\",\"urlTemplate\":\"https:\/\/clavreuil-wordpress.logiciel-arteo.fr\/?s={search_term_string}\"},\"query-input\":{\"@type\":\"PropertyValueSpecification\",\"valueRequired\":true,\"valueName\":\"search_term_string\"}}],\"inLanguage\":\"en-US\"},{\"@type\":\"Organization\",\"@id\":\"https:\/\/clavreuil-wordpress.logiciel-arteo.fr\/#organization\",\"name\":\"Libairie Clavreuil\",\"url\":\"https:\/\/clavreuil-wordpress.logiciel-arteo.fr\/\",\"logo\":{\"@type\":\"ImageObject\",\"inLanguage\":\"en-US\",\"@id\":\"https:\/\/clavreuil-wordpress.logiciel-arteo.fr\/#\/schema\/logo\/image\/\",\"url\":\"https:\/\/clavreuil-wordpress.logiciel-arteo.fr\/wp-content\/uploads\/2021\/05\/LOGO_PNG_DATE-_gold.png\",\"contentUrl\":\"https:\/\/clavreuil-wordpress.logiciel-arteo.fr\/wp-content\/uploads\/2021\/05\/LOGO_PNG_DATE-_gold.png\",\"width\":2083,\"height\":1917,\"caption\":\"Libairie Clavreuil\"},\"image\":{\"@id\":\"https:\/\/clavreuil-wordpress.logiciel-arteo.fr\/#\/schema\/logo\/image\/\"}}]}<\/script>\n<!-- \/ Yoast SEO plugin. -->","yoast_head_json":{"title":"PARMENTIER Antoine-Augustin M\u00e9moire sur les avantages que la province de Languedoc peut retirer de ses grains; consid\u00e9r\u00e9s sous leurs diff\u00e9rens rapports avec l'Agriculture, le Commerce, la Meunerie et la Boulangerie. - Libairie Clavreuil","robots":{"index":"noindex","follow":"follow","max-snippet":"max-snippet:-1","max-image-preview":"max-image-preview:large","max-video-preview":"max-video-preview:-1"},"og_locale":"en_US","og_type":"article","og_title":"PARMENTIER Antoine-Augustin M\u00e9moire sur les avantages que la province de Languedoc peut retirer de ses grains; consid\u00e9r\u00e9s sous leurs diff\u00e9rens rapports avec l'Agriculture, le Commerce, la Meunerie et la Boulangerie. - Libairie Clavreuil","og_description":"4to (242 x 188 mm) 2 nn.ll., 447 pp., 10 engraved folding plates. 19th century calf backed boards, flat spine gilt.","og_url":"https:\/\/clavreuil-wordpress.logiciel-arteo.fr\/en\/parmentier-antoine-augustin-memoire-sur-les-avantages-que-la-province-de-languedoc-peut-retirer-de-ses-grains-consideres-sous-leurs-differens-rapports-avec-lagriculture-le-commerce-la-meunerie-e\/","og_site_name":"Libairie Clavreuil","article_modified_time":"2024-04-26T08:05:02+00:00","og_image":[{"width":2560,"height":2098,"url":"https:\/\/clavreuil-wordpress.logiciel-arteo.fr\/wp-content\/uploads\/2024\/04\/antoine-augustin-parmentier-memoire-sur-les-avantages-que-la-province-de-languedoc-peut-retirer-de-ses-grains-consideres-sous-leurs-differens-rapports-scaled.jpg","type":"image\/jpeg"}],"twitter_card":"summary_large_image","schema":{"@context":"https:\/\/schema.org","@graph":[{"@type":"WebPage","@id":"https:\/\/clavreuil-wordpress.logiciel-arteo.fr\/en\/parmentier-antoine-augustin-memoire-sur-les-avantages-que-la-province-de-languedoc-peut-retirer-de-ses-grains-consideres-sous-leurs-differens-rapports-avec-lagriculture-le-commerce-la-meunerie-e\/","url":"https:\/\/clavreuil-wordpress.logiciel-arteo.fr\/en\/parmentier-antoine-augustin-memoire-sur-les-avantages-que-la-province-de-languedoc-peut-retirer-de-ses-grains-consideres-sous-leurs-differens-rapports-avec-lagriculture-le-commerce-la-meunerie-e\/","name":"PARMENTIER Antoine-Augustin M\u00e9moire sur les avantages que la province de Languedoc peut retirer de ses grains; consid\u00e9r\u00e9s sous leurs diff\u00e9rens rapports avec l'Agriculture, le Commerce, la Meunerie et la Boulangerie. - Libairie Clavreuil","isPartOf":{"@id":"https:\/\/clavreuil-wordpress.logiciel-arteo.fr\/#website"},"primaryImageOfPage":{"@id":"https:\/\/clavreuil-wordpress.logiciel-arteo.fr\/en\/parmentier-antoine-augustin-memoire-sur-les-avantages-que-la-province-de-languedoc-peut-retirer-de-ses-grains-consideres-sous-leurs-differens-rapports-avec-lagriculture-le-commerce-la-meunerie-e\/#primaryimage"},"image":{"@id":"https:\/\/clavreuil-wordpress.logiciel-arteo.fr\/en\/parmentier-antoine-augustin-memoire-sur-les-avantages-que-la-province-de-languedoc-peut-retirer-de-ses-grains-consideres-sous-leurs-differens-rapports-avec-lagriculture-le-commerce-la-meunerie-e\/#primaryimage"},"thumbnailUrl":"https:\/\/clavreuil-wordpress.logiciel-arteo.fr\/wp-content\/uploads\/2024\/04\/antoine-augustin-parmentier-memoire-sur-les-avantages-que-la-province-de-languedoc-peut-retirer-de-ses-grains-consideres-sous-leurs-differens-rapports-scaled.jpg","datePublished":"2024-04-26T08:04:29+00:00","dateModified":"2024-04-26T08:05:02+00:00","breadcrumb":{"@id":"https:\/\/clavreuil-wordpress.logiciel-arteo.fr\/en\/parmentier-antoine-augustin-memoire-sur-les-avantages-que-la-province-de-languedoc-peut-retirer-de-ses-grains-consideres-sous-leurs-differens-rapports-avec-lagriculture-le-commerce-la-meunerie-e\/#breadcrumb"},"inLanguage":"en-US","potentialAction":[{"@type":"ReadAction","target":["https:\/\/clavreuil-wordpress.logiciel-arteo.fr\/en\/parmentier-antoine-augustin-memoire-sur-les-avantages-que-la-province-de-languedoc-peut-retirer-de-ses-grains-consideres-sous-leurs-differens-rapports-avec-lagriculture-le-commerce-la-meunerie-e\/"]}]},{"@type":"ImageObject","inLanguage":"en-US","@id":"https:\/\/clavreuil-wordpress.logiciel-arteo.fr\/en\/parmentier-antoine-augustin-memoire-sur-les-avantages-que-la-province-de-languedoc-peut-retirer-de-ses-grains-consideres-sous-leurs-differens-rapports-avec-lagriculture-le-commerce-la-meunerie-e\/#primaryimage","url":"https:\/\/clavreuil-wordpress.logiciel-arteo.fr\/wp-content\/uploads\/2024\/04\/antoine-augustin-parmentier-memoire-sur-les-avantages-que-la-province-de-languedoc-peut-retirer-de-ses-grains-consideres-sous-leurs-differens-rapports-scaled.jpg","contentUrl":"https:\/\/clavreuil-wordpress.logiciel-arteo.fr\/wp-content\/uploads\/2024\/04\/antoine-augustin-parmentier-memoire-sur-les-avantages-que-la-province-de-languedoc-peut-retirer-de-ses-grains-consideres-sous-leurs-differens-rapports-scaled.jpg","width":2560,"height":2098},{"@type":"BreadcrumbList","@id":"https:\/\/clavreuil-wordpress.logiciel-arteo.fr\/en\/parmentier-antoine-augustin-memoire-sur-les-avantages-que-la-province-de-languedoc-peut-retirer-de-ses-grains-consideres-sous-leurs-differens-rapports-avec-lagriculture-le-commerce-la-meunerie-e\/#breadcrumb","itemListElement":[{"@type":"ListItem","position":1,"name":"Accueil","item":"https:\/\/clavreuil-wordpress.logiciel-arteo.fr\/"},{"@type":"ListItem","position":2,"name":"All our books","item":"https:\/\/clavreuil-wordpress.logiciel-arteo.fr\/en\/all-our-books\/"},{"@type":"ListItem","position":3,"name":"PARMENTIER Antoine-Augustin M\u00e9moire sur les avantages que la..."}]},{"@type":"WebSite","@id":"https:\/\/clavreuil-wordpress.logiciel-arteo.fr\/#website","url":"https:\/\/clavreuil-wordpress.logiciel-arteo.fr\/","name":"Libairie Clavreuil","description":"","publisher":{"@id":"https:\/\/clavreuil-wordpress.logiciel-arteo.fr\/#organization"},"potentialAction":[{"@type":"SearchAction","target":{"@type":"EntryPoint","urlTemplate":"https:\/\/clavreuil-wordpress.logiciel-arteo.fr\/?s={search_term_string}"},"query-input":{"@type":"PropertyValueSpecification","valueRequired":true,"valueName":"search_term_string"}}],"inLanguage":"en-US"},{"@type":"Organization","@id":"https:\/\/clavreuil-wordpress.logiciel-arteo.fr\/#organization","name":"Libairie Clavreuil","url":"https:\/\/clavreuil-wordpress.logiciel-arteo.fr\/","logo":{"@type":"ImageObject","inLanguage":"en-US","@id":"https:\/\/clavreuil-wordpress.logiciel-arteo.fr\/#\/schema\/logo\/image\/","url":"https:\/\/clavreuil-wordpress.logiciel-arteo.fr\/wp-content\/uploads\/2021\/05\/LOGO_PNG_DATE-_gold.png","contentUrl":"https:\/\/clavreuil-wordpress.logiciel-arteo.fr\/wp-content\/uploads\/2021\/05\/LOGO_PNG_DATE-_gold.png","width":2083,"height":1917,"caption":"Libairie Clavreuil"},"image":{"@id":"https:\/\/clavreuil-wordpress.logiciel-arteo.fr\/#\/schema\/logo\/image\/"}}]}},"_links":{"self":[{"href":"https:\/\/clavreuil-wordpress.logiciel-arteo.fr\/en\/wp-json\/wp\/v2\/product\/76810","targetHints":{"allow":["GET"]}}],"collection":[{"href":"https:\/\/clavreuil-wordpress.logiciel-arteo.fr\/en\/wp-json\/wp\/v2\/product"}],"about":[{"href":"https:\/\/clavreuil-wordpress.logiciel-arteo.fr\/en\/wp-json\/wp\/v2\/types\/product"}],"replies":[{"embeddable":true,"href":"https:\/\/clavreuil-wordpress.logiciel-arteo.fr\/en\/wp-json\/wp\/v2\/comments?post=76810"}],"wp:featuredmedia":[{"embeddable":true,"href":"https:\/\/clavreuil-wordpress.logiciel-arteo.fr\/en\/wp-json\/wp\/v2\/media\/76803"}],"wp:attachment":[{"href":"https:\/\/clavreuil-wordpress.logiciel-arteo.fr\/en\/wp-json\/wp\/v2\/media?parent=76810"}],"wp:term":[{"taxonomy":"product_brand","embeddable":true,"href":"https:\/\/clavreuil-wordpress.logiciel-arteo.fr\/en\/wp-json\/wp\/v2\/product_brand?post=76810"},{"taxonomy":"product_cat","embeddable":true,"href":"https:\/\/clavreuil-wordpress.logiciel-arteo.fr\/en\/wp-json\/wp\/v2\/product_cat?post=76810"},{"taxonomy":"product_tag","embeddable":true,"href":"https:\/\/clavreuil-wordpress.logiciel-arteo.fr\/en\/wp-json\/wp\/v2\/product_tag?post=76810"}],"curies":[{"name":"wp","href":"https:\/\/api.w.org\/{rel}","templated":true}]}}