{"id":76821,"date":"2024-04-26T10:05:15","date_gmt":"2024-04-26T08:05:15","guid":{"rendered":"https:\/\/clavreuil-wordpress.logiciel-arteo.fr\/vauban-sebastien-le-prestre-de-projet-dune-dixme-royale-qui-supprimant-la-taille-les-aydes-les-douanes-dune-province-a-lautre-les-decimes-du-clerge-les-affaires-extraordinaires-tous\/"},"modified":"2024-04-26T10:05:44","modified_gmt":"2024-04-26T08:05:44","slug":"vauban-sebastien-le-prestre-de-projet-dune-dixme-royale-qui-supprimant-la-taille-les-aydes-les-douanes-dune-province-a-lautre-les-decimes-du-clerge-les-affaires-extraordinaires-tous","status":"publish","type":"product","link":"https:\/\/clavreuil-wordpress.logiciel-arteo.fr\/en\/vauban-sebastien-le-prestre-de-projet-dune-dixme-royale-qui-supprimant-la-taille-les-aydes-les-douanes-dune-province-a-lautre-les-decimes-du-clerge-les-affaires-extraordinaires-tous\/","title":{"rendered":"VAUBAN S\u00e9bastien le Prestre de Projet d&#8217;une Dixme..."},"content":{"rendered":"<p style=\"text-align:justify\"><em>En fran&ccedil;ais dans le texte, 134; Carpenter, X; Goldsmiths&#039; 4432 (for an undated edition with the same pagination); Kress, 2586; voir INED, 4397 (edition with 270 pages).<\/em><\/p>\n<p style=\"text-align:justify\">One of the editions published in the year of the original edition.<\/p>\n<p style=\"text-align:justify\">Born in May 1633 in Saint-L&eacute;ger-de-Foucherets (Saint l&eacute;ger Vauban in the Yonne), Vauban is the best-known of all French military engineers. The archetypal honest man of the 17th century, he wrote numerous treatises throughout his life on science, economics, agriculture, strategy and military architecture.<\/p>\n<p style=\"text-align:justify\">In 1689, he wrote a memoir on the &quot;recall of the Huguenots&quot;, urging Louis XIV to reverse the revocation of the Edict of Nantes in the name of freedom of conscience. In 1698, he set up a population census, but above all, in 1707, he drew up a tax project known as the &quot;royal tithe&quot; to simplify taxes (which were numerous, complicated and inefficient): he proposed a single tax on income, which could be at different rates, but with a maximum of 10%. In order to justify this project (which Mirabeau was to follow), Vauban argued, in the manner of William Petty, on the basis of facts, weights and measures. Not only did he participate in the creation of statistics, he also used them to support his arguments.<\/p>\n<p style=\"text-align:justify\">&quot;C&#039;est ce qui fait de lui un &eacute;conomiste classique, au sens apolog&eacute;tique du mot, et un pr&eacute;curseur des tendances modernes&quot; (Schumpeter, History of Economic Analysis , pp. 203 passim).<\/p>\n<p style=\"text-align:justify\">The publication of this work compromised Vauban&#039;s position with Louis XIV. Printed without privilege, copies were immediately seized.<\/p>\n<p style=\"text-align:justify\">&quot;D&eacute;cembre 1706 : un mar&eacute;chal de France [Vauban] &acirc;g&eacute; de soixante treize ans, introduit lui-m&ecirc;me dans son carrosse franchissant la porte Saint Denis, deux ballots de feuilles clandestinement imprim&eacute;es &agrave; Rouen, qu&#039;il fait aussit&ocirc;t relier chez la Veuve F&eacute;til, rue Saint Jacques. Un bel in-quarto qu&#039;il s&#039;agit de distribuer aux amis influents qui auraient pu contribuer au succ&egrave;s de son action. Les Arr&ecirc;ts du Conseil priv&eacute; du roi devaient enjoindre que tous les exemplaires (au nombre de 276) fussent saisis, confisqu&eacute;s et mis au pilon.&quot;(En Fran&ccedil;ais dans le texte).<\/p>\n<p>Michel de Boislisle states in<em> La Proscription du projet de Dime Royale et la mort de Vauban<\/em> that the bookbinder declared to the police that she had only received 264 copies in total, of which 12 had been bound in morocco and the rest in calfskin or vellum. The ban on the original edition (in quarto format) had the opposite effect and the production of counterfeits was launched; in the two years that followed there was a very large number of editions, all without the author&#039;s name, sometimes without a date.<\/p>\n<p>Spine skilfully rebound in style.<\/p>\n","protected":false},"excerpt":{"rendered":"<p>12mo (165 x 95 mm) of VIII, 268 pp., 4 folding tables, title with armillary sphere. Tortoiseshell calf, spine with raised bands, speckled edges&nbsp;<em>(contemporary binding<\/em>).<\/p>\n","protected":false},"featured_media":76814,"comment_status":"open","ping_status":"closed","template":"","meta":{"_acf_changed":false},"product_brand":[],"product_cat":[536],"product_tag":[1209,1213,1208],"class_list":{"0":"post-76821","1":"product","2":"type-product","3":"status-publish","4":"has-post-thumbnail","6":"product_cat-right-economy","7":"product_tag-economics","8":"product_tag-history","9":"product_tag-political-economy","10":"pa_auteur-sebastien-le-prestre-de-vauban-2","11":"pa_type-de-livre-printed-book","13":"first","14":"instock","15":"shipping-taxable","16":"purchasable","17":"product-type-simple"},"acf":[],"yoast_head":"<!-- This site is optimized with the Yoast SEO plugin v24.3 - https:\/\/yoast.com\/wordpress\/plugins\/seo\/ -->\n<title>VAUBAN S\u00e9bastien le Prestre de Projet d&#039;une Dixme Royale. Qui supprimant la Taille, les Aydes, les Do\u00fcanes d&#039;une province \u00e0 l&#039;autre, les D\u00e9cimes du clerg\u00e9, les Affaires extraordinaires; &amp; tous autres Imp\u00f4ts onereux... - Libairie Clavreuil<\/title>\n<meta name=\"robots\" content=\"noindex, follow, max-snippet:-1, max-image-preview:large, max-video-preview:-1\" \/>\n<meta property=\"og:locale\" content=\"en_US\" \/>\n<meta property=\"og:type\" content=\"article\" \/>\n<meta property=\"og:title\" content=\"VAUBAN S\u00e9bastien le Prestre de Projet d&#039;une Dixme Royale. Qui supprimant la Taille, les Aydes, les Do\u00fcanes d&#039;une province \u00e0 l&#039;autre, les D\u00e9cimes du clerg\u00e9, les Affaires extraordinaires; &amp; tous autres Imp\u00f4ts onereux... - Libairie Clavreuil\" \/>\n<meta property=\"og:description\" content=\"12mo (165 x 95 mm) of VIII, 268 pp., 4 folding tables, title with armillary sphere. Tortoiseshell calf, spine with raised bands, speckled edges&nbsp;(contemporary binding).\" \/>\n<meta property=\"og:url\" content=\"https:\/\/clavreuil-wordpress.logiciel-arteo.fr\/en\/vauban-sebastien-le-prestre-de-projet-dune-dixme-royale-qui-supprimant-la-taille-les-aydes-les-douanes-dune-province-a-lautre-les-decimes-du-clerge-les-affaires-extraordinaires-tous\/\" \/>\n<meta property=\"og:site_name\" content=\"Libairie Clavreuil\" \/>\n<meta property=\"article:modified_time\" content=\"2024-04-26T08:05:44+00:00\" \/>\n<meta property=\"og:image\" content=\"https:\/\/clavreuil-wordpress.logiciel-arteo.fr\/wp-content\/uploads\/2024\/04\/sebastien-le-prestre-de-vauban-projet-d-une-dixme-royale-qui-supprimant-la-taille-les-aydes-les-doueanes-d-une-province-a-l-autre-les-decimes-du-clerg-scaled.jpg\" \/>\n\t<meta property=\"og:image:width\" content=\"1457\" \/>\n\t<meta property=\"og:image:height\" content=\"2560\" \/>\n\t<meta property=\"og:image:type\" content=\"image\/jpeg\" \/>\n<meta name=\"twitter:card\" content=\"summary_large_image\" \/>\n<meta name=\"twitter:label1\" content=\"Est. reading time\" \/>\n\t<meta name=\"twitter:data1\" content=\"2 minutes\" \/>\n<script type=\"application\/ld+json\" class=\"yoast-schema-graph\">{\"@context\":\"https:\/\/schema.org\",\"@graph\":[{\"@type\":\"WebPage\",\"@id\":\"https:\/\/clavreuil-wordpress.logiciel-arteo.fr\/en\/vauban-sebastien-le-prestre-de-projet-dune-dixme-royale-qui-supprimant-la-taille-les-aydes-les-douanes-dune-province-a-lautre-les-decimes-du-clerge-les-affaires-extraordinaires-tous\/\",\"url\":\"https:\/\/clavreuil-wordpress.logiciel-arteo.fr\/en\/vauban-sebastien-le-prestre-de-projet-dune-dixme-royale-qui-supprimant-la-taille-les-aydes-les-douanes-dune-province-a-lautre-les-decimes-du-clerge-les-affaires-extraordinaires-tous\/\",\"name\":\"VAUBAN S\u00e9bastien le Prestre de Projet d'une Dixme Royale. Qui supprimant la Taille, les Aydes, les Do\u00fcanes d'une province \u00e0 l'autre, les D\u00e9cimes du clerg\u00e9, les Affaires extraordinaires; &amp; tous autres Imp\u00f4ts onereux... - Libairie Clavreuil\",\"isPartOf\":{\"@id\":\"https:\/\/clavreuil-wordpress.logiciel-arteo.fr\/#website\"},\"primaryImageOfPage\":{\"@id\":\"https:\/\/clavreuil-wordpress.logiciel-arteo.fr\/en\/vauban-sebastien-le-prestre-de-projet-dune-dixme-royale-qui-supprimant-la-taille-les-aydes-les-douanes-dune-province-a-lautre-les-decimes-du-clerge-les-affaires-extraordinaires-tous\/#primaryimage\"},\"image\":{\"@id\":\"https:\/\/clavreuil-wordpress.logiciel-arteo.fr\/en\/vauban-sebastien-le-prestre-de-projet-dune-dixme-royale-qui-supprimant-la-taille-les-aydes-les-douanes-dune-province-a-lautre-les-decimes-du-clerge-les-affaires-extraordinaires-tous\/#primaryimage\"},\"thumbnailUrl\":\"https:\/\/clavreuil-wordpress.logiciel-arteo.fr\/wp-content\/uploads\/2024\/04\/sebastien-le-prestre-de-vauban-projet-d-une-dixme-royale-qui-supprimant-la-taille-les-aydes-les-doueanes-d-une-province-a-l-autre-les-decimes-du-clerg-scaled.jpg\",\"datePublished\":\"2024-04-26T08:05:15+00:00\",\"dateModified\":\"2024-04-26T08:05:44+00:00\",\"breadcrumb\":{\"@id\":\"https:\/\/clavreuil-wordpress.logiciel-arteo.fr\/en\/vauban-sebastien-le-prestre-de-projet-dune-dixme-royale-qui-supprimant-la-taille-les-aydes-les-douanes-dune-province-a-lautre-les-decimes-du-clerge-les-affaires-extraordinaires-tous\/#breadcrumb\"},\"inLanguage\":\"en-US\",\"potentialAction\":[{\"@type\":\"ReadAction\",\"target\":[\"https:\/\/clavreuil-wordpress.logiciel-arteo.fr\/en\/vauban-sebastien-le-prestre-de-projet-dune-dixme-royale-qui-supprimant-la-taille-les-aydes-les-douanes-dune-province-a-lautre-les-decimes-du-clerge-les-affaires-extraordinaires-tous\/\"]}]},{\"@type\":\"ImageObject\",\"inLanguage\":\"en-US\",\"@id\":\"https:\/\/clavreuil-wordpress.logiciel-arteo.fr\/en\/vauban-sebastien-le-prestre-de-projet-dune-dixme-royale-qui-supprimant-la-taille-les-aydes-les-douanes-dune-province-a-lautre-les-decimes-du-clerge-les-affaires-extraordinaires-tous\/#primaryimage\",\"url\":\"https:\/\/clavreuil-wordpress.logiciel-arteo.fr\/wp-content\/uploads\/2024\/04\/sebastien-le-prestre-de-vauban-projet-d-une-dixme-royale-qui-supprimant-la-taille-les-aydes-les-doueanes-d-une-province-a-l-autre-les-decimes-du-clerg-scaled.jpg\",\"contentUrl\":\"https:\/\/clavreuil-wordpress.logiciel-arteo.fr\/wp-content\/uploads\/2024\/04\/sebastien-le-prestre-de-vauban-projet-d-une-dixme-royale-qui-supprimant-la-taille-les-aydes-les-doueanes-d-une-province-a-l-autre-les-decimes-du-clerg-scaled.jpg\",\"width\":1457,\"height\":2560},{\"@type\":\"BreadcrumbList\",\"@id\":\"https:\/\/clavreuil-wordpress.logiciel-arteo.fr\/en\/vauban-sebastien-le-prestre-de-projet-dune-dixme-royale-qui-supprimant-la-taille-les-aydes-les-douanes-dune-province-a-lautre-les-decimes-du-clerge-les-affaires-extraordinaires-tous\/#breadcrumb\",\"itemListElement\":[{\"@type\":\"ListItem\",\"position\":1,\"name\":\"Accueil\",\"item\":\"https:\/\/clavreuil-wordpress.logiciel-arteo.fr\/\"},{\"@type\":\"ListItem\",\"position\":2,\"name\":\"All our books\",\"item\":\"https:\/\/clavreuil-wordpress.logiciel-arteo.fr\/en\/all-our-books\/\"},{\"@type\":\"ListItem\",\"position\":3,\"name\":\"VAUBAN S\u00e9bastien le Prestre de Projet d&#8217;une Dixme...\"}]},{\"@type\":\"WebSite\",\"@id\":\"https:\/\/clavreuil-wordpress.logiciel-arteo.fr\/#website\",\"url\":\"https:\/\/clavreuil-wordpress.logiciel-arteo.fr\/\",\"name\":\"Libairie Clavreuil\",\"description\":\"\",\"publisher\":{\"@id\":\"https:\/\/clavreuil-wordpress.logiciel-arteo.fr\/#organization\"},\"potentialAction\":[{\"@type\":\"SearchAction\",\"target\":{\"@type\":\"EntryPoint\",\"urlTemplate\":\"https:\/\/clavreuil-wordpress.logiciel-arteo.fr\/?s={search_term_string}\"},\"query-input\":{\"@type\":\"PropertyValueSpecification\",\"valueRequired\":true,\"valueName\":\"search_term_string\"}}],\"inLanguage\":\"en-US\"},{\"@type\":\"Organization\",\"@id\":\"https:\/\/clavreuil-wordpress.logiciel-arteo.fr\/#organization\",\"name\":\"Libairie Clavreuil\",\"url\":\"https:\/\/clavreuil-wordpress.logiciel-arteo.fr\/\",\"logo\":{\"@type\":\"ImageObject\",\"inLanguage\":\"en-US\",\"@id\":\"https:\/\/clavreuil-wordpress.logiciel-arteo.fr\/#\/schema\/logo\/image\/\",\"url\":\"https:\/\/clavreuil-wordpress.logiciel-arteo.fr\/wp-content\/uploads\/2021\/05\/LOGO_PNG_DATE-_gold.png\",\"contentUrl\":\"https:\/\/clavreuil-wordpress.logiciel-arteo.fr\/wp-content\/uploads\/2021\/05\/LOGO_PNG_DATE-_gold.png\",\"width\":2083,\"height\":1917,\"caption\":\"Libairie Clavreuil\"},\"image\":{\"@id\":\"https:\/\/clavreuil-wordpress.logiciel-arteo.fr\/#\/schema\/logo\/image\/\"}}]}<\/script>\n<!-- \/ Yoast SEO plugin. -->","yoast_head_json":{"title":"VAUBAN S\u00e9bastien le Prestre de Projet d'une Dixme Royale. Qui supprimant la Taille, les Aydes, les Do\u00fcanes d'une province \u00e0 l'autre, les D\u00e9cimes du clerg\u00e9, les Affaires extraordinaires; &amp; tous autres Imp\u00f4ts onereux... - Libairie Clavreuil","robots":{"index":"noindex","follow":"follow","max-snippet":"max-snippet:-1","max-image-preview":"max-image-preview:large","max-video-preview":"max-video-preview:-1"},"og_locale":"en_US","og_type":"article","og_title":"VAUBAN S\u00e9bastien le Prestre de Projet d'une Dixme Royale. Qui supprimant la Taille, les Aydes, les Do\u00fcanes d'une province \u00e0 l'autre, les D\u00e9cimes du clerg\u00e9, les Affaires extraordinaires; &amp; tous autres Imp\u00f4ts onereux... - Libairie Clavreuil","og_description":"12mo (165 x 95 mm) of VIII, 268 pp., 4 folding tables, title with armillary sphere. Tortoiseshell calf, spine with raised bands, speckled edges&nbsp;(contemporary binding).","og_url":"https:\/\/clavreuil-wordpress.logiciel-arteo.fr\/en\/vauban-sebastien-le-prestre-de-projet-dune-dixme-royale-qui-supprimant-la-taille-les-aydes-les-douanes-dune-province-a-lautre-les-decimes-du-clerge-les-affaires-extraordinaires-tous\/","og_site_name":"Libairie Clavreuil","article_modified_time":"2024-04-26T08:05:44+00:00","og_image":[{"width":1457,"height":2560,"url":"https:\/\/clavreuil-wordpress.logiciel-arteo.fr\/wp-content\/uploads\/2024\/04\/sebastien-le-prestre-de-vauban-projet-d-une-dixme-royale-qui-supprimant-la-taille-les-aydes-les-doueanes-d-une-province-a-l-autre-les-decimes-du-clerg-scaled.jpg","type":"image\/jpeg"}],"twitter_card":"summary_large_image","twitter_misc":{"Est. reading time":"2 minutes"},"schema":{"@context":"https:\/\/schema.org","@graph":[{"@type":"WebPage","@id":"https:\/\/clavreuil-wordpress.logiciel-arteo.fr\/en\/vauban-sebastien-le-prestre-de-projet-dune-dixme-royale-qui-supprimant-la-taille-les-aydes-les-douanes-dune-province-a-lautre-les-decimes-du-clerge-les-affaires-extraordinaires-tous\/","url":"https:\/\/clavreuil-wordpress.logiciel-arteo.fr\/en\/vauban-sebastien-le-prestre-de-projet-dune-dixme-royale-qui-supprimant-la-taille-les-aydes-les-douanes-dune-province-a-lautre-les-decimes-du-clerge-les-affaires-extraordinaires-tous\/","name":"VAUBAN S\u00e9bastien le Prestre de Projet d'une Dixme Royale. Qui supprimant la Taille, les Aydes, les Do\u00fcanes d'une province \u00e0 l'autre, les D\u00e9cimes du clerg\u00e9, les Affaires extraordinaires; &amp; tous autres Imp\u00f4ts onereux... - Libairie Clavreuil","isPartOf":{"@id":"https:\/\/clavreuil-wordpress.logiciel-arteo.fr\/#website"},"primaryImageOfPage":{"@id":"https:\/\/clavreuil-wordpress.logiciel-arteo.fr\/en\/vauban-sebastien-le-prestre-de-projet-dune-dixme-royale-qui-supprimant-la-taille-les-aydes-les-douanes-dune-province-a-lautre-les-decimes-du-clerge-les-affaires-extraordinaires-tous\/#primaryimage"},"image":{"@id":"https:\/\/clavreuil-wordpress.logiciel-arteo.fr\/en\/vauban-sebastien-le-prestre-de-projet-dune-dixme-royale-qui-supprimant-la-taille-les-aydes-les-douanes-dune-province-a-lautre-les-decimes-du-clerge-les-affaires-extraordinaires-tous\/#primaryimage"},"thumbnailUrl":"https:\/\/clavreuil-wordpress.logiciel-arteo.fr\/wp-content\/uploads\/2024\/04\/sebastien-le-prestre-de-vauban-projet-d-une-dixme-royale-qui-supprimant-la-taille-les-aydes-les-doueanes-d-une-province-a-l-autre-les-decimes-du-clerg-scaled.jpg","datePublished":"2024-04-26T08:05:15+00:00","dateModified":"2024-04-26T08:05:44+00:00","breadcrumb":{"@id":"https:\/\/clavreuil-wordpress.logiciel-arteo.fr\/en\/vauban-sebastien-le-prestre-de-projet-dune-dixme-royale-qui-supprimant-la-taille-les-aydes-les-douanes-dune-province-a-lautre-les-decimes-du-clerge-les-affaires-extraordinaires-tous\/#breadcrumb"},"inLanguage":"en-US","potentialAction":[{"@type":"ReadAction","target":["https:\/\/clavreuil-wordpress.logiciel-arteo.fr\/en\/vauban-sebastien-le-prestre-de-projet-dune-dixme-royale-qui-supprimant-la-taille-les-aydes-les-douanes-dune-province-a-lautre-les-decimes-du-clerge-les-affaires-extraordinaires-tous\/"]}]},{"@type":"ImageObject","inLanguage":"en-US","@id":"https:\/\/clavreuil-wordpress.logiciel-arteo.fr\/en\/vauban-sebastien-le-prestre-de-projet-dune-dixme-royale-qui-supprimant-la-taille-les-aydes-les-douanes-dune-province-a-lautre-les-decimes-du-clerge-les-affaires-extraordinaires-tous\/#primaryimage","url":"https:\/\/clavreuil-wordpress.logiciel-arteo.fr\/wp-content\/uploads\/2024\/04\/sebastien-le-prestre-de-vauban-projet-d-une-dixme-royale-qui-supprimant-la-taille-les-aydes-les-doueanes-d-une-province-a-l-autre-les-decimes-du-clerg-scaled.jpg","contentUrl":"https:\/\/clavreuil-wordpress.logiciel-arteo.fr\/wp-content\/uploads\/2024\/04\/sebastien-le-prestre-de-vauban-projet-d-une-dixme-royale-qui-supprimant-la-taille-les-aydes-les-doueanes-d-une-province-a-l-autre-les-decimes-du-clerg-scaled.jpg","width":1457,"height":2560},{"@type":"BreadcrumbList","@id":"https:\/\/clavreuil-wordpress.logiciel-arteo.fr\/en\/vauban-sebastien-le-prestre-de-projet-dune-dixme-royale-qui-supprimant-la-taille-les-aydes-les-douanes-dune-province-a-lautre-les-decimes-du-clerge-les-affaires-extraordinaires-tous\/#breadcrumb","itemListElement":[{"@type":"ListItem","position":1,"name":"Accueil","item":"https:\/\/clavreuil-wordpress.logiciel-arteo.fr\/"},{"@type":"ListItem","position":2,"name":"All our books","item":"https:\/\/clavreuil-wordpress.logiciel-arteo.fr\/en\/all-our-books\/"},{"@type":"ListItem","position":3,"name":"VAUBAN S\u00e9bastien le Prestre de Projet d&#8217;une Dixme..."}]},{"@type":"WebSite","@id":"https:\/\/clavreuil-wordpress.logiciel-arteo.fr\/#website","url":"https:\/\/clavreuil-wordpress.logiciel-arteo.fr\/","name":"Libairie Clavreuil","description":"","publisher":{"@id":"https:\/\/clavreuil-wordpress.logiciel-arteo.fr\/#organization"},"potentialAction":[{"@type":"SearchAction","target":{"@type":"EntryPoint","urlTemplate":"https:\/\/clavreuil-wordpress.logiciel-arteo.fr\/?s={search_term_string}"},"query-input":{"@type":"PropertyValueSpecification","valueRequired":true,"valueName":"search_term_string"}}],"inLanguage":"en-US"},{"@type":"Organization","@id":"https:\/\/clavreuil-wordpress.logiciel-arteo.fr\/#organization","name":"Libairie Clavreuil","url":"https:\/\/clavreuil-wordpress.logiciel-arteo.fr\/","logo":{"@type":"ImageObject","inLanguage":"en-US","@id":"https:\/\/clavreuil-wordpress.logiciel-arteo.fr\/#\/schema\/logo\/image\/","url":"https:\/\/clavreuil-wordpress.logiciel-arteo.fr\/wp-content\/uploads\/2021\/05\/LOGO_PNG_DATE-_gold.png","contentUrl":"https:\/\/clavreuil-wordpress.logiciel-arteo.fr\/wp-content\/uploads\/2021\/05\/LOGO_PNG_DATE-_gold.png","width":2083,"height":1917,"caption":"Libairie Clavreuil"},"image":{"@id":"https:\/\/clavreuil-wordpress.logiciel-arteo.fr\/#\/schema\/logo\/image\/"}}]}},"_links":{"self":[{"href":"https:\/\/clavreuil-wordpress.logiciel-arteo.fr\/en\/wp-json\/wp\/v2\/product\/76821","targetHints":{"allow":["GET"]}}],"collection":[{"href":"https:\/\/clavreuil-wordpress.logiciel-arteo.fr\/en\/wp-json\/wp\/v2\/product"}],"about":[{"href":"https:\/\/clavreuil-wordpress.logiciel-arteo.fr\/en\/wp-json\/wp\/v2\/types\/product"}],"replies":[{"embeddable":true,"href":"https:\/\/clavreuil-wordpress.logiciel-arteo.fr\/en\/wp-json\/wp\/v2\/comments?post=76821"}],"wp:featuredmedia":[{"embeddable":true,"href":"https:\/\/clavreuil-wordpress.logiciel-arteo.fr\/en\/wp-json\/wp\/v2\/media\/76814"}],"wp:attachment":[{"href":"https:\/\/clavreuil-wordpress.logiciel-arteo.fr\/en\/wp-json\/wp\/v2\/media?parent=76821"}],"wp:term":[{"taxonomy":"product_brand","embeddable":true,"href":"https:\/\/clavreuil-wordpress.logiciel-arteo.fr\/en\/wp-json\/wp\/v2\/product_brand?post=76821"},{"taxonomy":"product_cat","embeddable":true,"href":"https:\/\/clavreuil-wordpress.logiciel-arteo.fr\/en\/wp-json\/wp\/v2\/product_cat?post=76821"},{"taxonomy":"product_tag","embeddable":true,"href":"https:\/\/clavreuil-wordpress.logiciel-arteo.fr\/en\/wp-json\/wp\/v2\/product_tag?post=76821"}],"curies":[{"name":"wp","href":"https:\/\/api.w.org\/{rel}","templated":true}]}}