{"id":76827,"date":"2024-04-26T10:05:56","date_gmt":"2024-04-26T08:05:56","guid":{"rendered":"https:\/\/clavreuil-wordpress.logiciel-arteo.fr\/leroux-pierre-projet-de-constitution-democratique-et-sociale-fondee-sur-la-loi-meme-de-la-vie-et-donnant-par-une-organisation-veritable-de-letat-la-possibilite-de-detruire-a-jamais-la-monarchie\/"},"modified":"2024-04-26T10:06:24","modified_gmt":"2024-04-26T08:06:24","slug":"leroux-pierre-projet-de-constitution-democratique-et-sociale-fondee-sur-la-loi-meme-de-la-vie-et-donnant-par-une-organisation-veritable-de-letat-la-possibilite-de-detruire-a-jamais-la-monarchie","status":"publish","type":"product","link":"https:\/\/clavreuil-wordpress.logiciel-arteo.fr\/en\/leroux-pierre-projet-de-constitution-democratique-et-sociale-fondee-sur-la-loi-meme-de-la-vie-et-donnant-par-une-organisation-veritable-de-letat-la-possibilite-de-detruire-a-jamais-la-monarchie\/","title":{"rendered":"LEROUX Pierre Projet de constitution d\u00e9mocratique et sociale,..."},"content":{"rendered":"<p>Rare first edition.&nbsp;<\/p>\n<p>Leader of the movement against the July monarchy, it was in his capacity as representative of the Seine to the Constituent Assembly that Pierre Leroux presented this project:&quot;Il y aura demain cinquante-six ans que la R&eacute;publique a &eacute;t&eacute; proclam&eacute;e : pourquoi n&#039;est-elle pas encore fond&eacute;e ?&quot;.<\/p>\n<p>A good copy bound in contemporary style, a few brown spots.<\/p>\n","protected":false},"excerpt":{"rendered":"<p>8vo (215 x 132 mm) of 2 unn.l. and 175 pp. Half black shagreen, spine gilt with false bands (<em>contemporary binding<\/em>).<\/p>\n","protected":false},"featured_media":76822,"comment_status":"open","ping_status":"closed","template":"","meta":{"_acf_changed":false},"product_brand":[],"product_cat":[536],"product_tag":[1450,1213,1208,1215],"class_list":{"0":"post-76827","1":"product","2":"type-product","3":"status-publish","4":"has-post-thumbnail","6":"product_cat-right-economy","7":"product_tag-first-edition","8":"product_tag-history","9":"product_tag-political-economy","10":"product_tag-regionalism","11":"pa_auteur-pierre-leroux-2","12":"pa_type-de-livre-printed-book","14":"first","15":"instock","16":"shipping-taxable","17":"purchasable","18":"product-type-simple"},"acf":[],"yoast_head":"<!-- This site is optimized with the Yoast SEO plugin v24.3 - https:\/\/yoast.com\/wordpress\/plugins\/seo\/ -->\n<title>LEROUX Pierre Projet de constitution d\u00e9mocratique et sociale, fond\u00e9e sur la loi m\u00eame de la vie et donnant, par une organisation v\u00e9ritable de l&#039;\u00e9tat, la possibilit\u00e9 de d\u00e9truire \u00e0 jamais la Monarchie, l&#039;Aristocratie, l&#039;Anarchie, et le moyen infaillible d&#039;organiser le travail national sans blesser la libert\u00e9, pr\u00e9sent\u00e9 \u00e0 l&#039;Assembl\u00e9e Nationale. - Libairie Clavreuil<\/title>\n<meta name=\"robots\" content=\"noindex, follow, max-snippet:-1, max-image-preview:large, max-video-preview:-1\" \/>\n<meta property=\"og:locale\" content=\"en_US\" \/>\n<meta property=\"og:type\" content=\"article\" \/>\n<meta property=\"og:title\" content=\"LEROUX Pierre Projet de constitution d\u00e9mocratique et sociale, fond\u00e9e sur la loi m\u00eame de la vie et donnant, par une organisation v\u00e9ritable de l&#039;\u00e9tat, la possibilit\u00e9 de d\u00e9truire \u00e0 jamais la Monarchie, l&#039;Aristocratie, l&#039;Anarchie, et le moyen infaillible d&#039;organiser le travail national sans blesser la libert\u00e9, pr\u00e9sent\u00e9 \u00e0 l&#039;Assembl\u00e9e Nationale. - Libairie Clavreuil\" \/>\n<meta property=\"og:description\" content=\"8vo (215 x 132 mm) of 2 unn.l. and 175 pp. Half black shagreen, spine gilt with false bands (contemporary binding).\" \/>\n<meta property=\"og:url\" content=\"https:\/\/clavreuil-wordpress.logiciel-arteo.fr\/en\/leroux-pierre-projet-de-constitution-democratique-et-sociale-fondee-sur-la-loi-meme-de-la-vie-et-donnant-par-une-organisation-veritable-de-letat-la-possibilite-de-detruire-a-jamais-la-monarchie\/\" \/>\n<meta property=\"og:site_name\" content=\"Libairie Clavreuil\" \/>\n<meta property=\"article:modified_time\" content=\"2024-04-26T08:06:24+00:00\" \/>\n<meta property=\"og:image\" content=\"https:\/\/clavreuil-wordpress.logiciel-arteo.fr\/wp-content\/uploads\/2024\/04\/leroux-projet-de-constitution-democratique-et-sociale-fondee-sur-la-loi-meme-de-la-vie-et-donnant-par-une-organisation-veritable-de-l-etat-la-possibil-scaled.jpg\" \/>\n\t<meta property=\"og:image:width\" content=\"1920\" \/>\n\t<meta property=\"og:image:height\" content=\"2560\" \/>\n\t<meta property=\"og:image:type\" content=\"image\/jpeg\" \/>\n<meta name=\"twitter:card\" content=\"summary_large_image\" \/>\n<script type=\"application\/ld+json\" class=\"yoast-schema-graph\">{\"@context\":\"https:\/\/schema.org\",\"@graph\":[{\"@type\":\"WebPage\",\"@id\":\"https:\/\/clavreuil-wordpress.logiciel-arteo.fr\/en\/leroux-pierre-projet-de-constitution-democratique-et-sociale-fondee-sur-la-loi-meme-de-la-vie-et-donnant-par-une-organisation-veritable-de-letat-la-possibilite-de-detruire-a-jamais-la-monarchie\/\",\"url\":\"https:\/\/clavreuil-wordpress.logiciel-arteo.fr\/en\/leroux-pierre-projet-de-constitution-democratique-et-sociale-fondee-sur-la-loi-meme-de-la-vie-et-donnant-par-une-organisation-veritable-de-letat-la-possibilite-de-detruire-a-jamais-la-monarchie\/\",\"name\":\"LEROUX Pierre Projet de constitution d\u00e9mocratique et sociale, fond\u00e9e sur la loi m\u00eame de la vie et donnant, par une organisation v\u00e9ritable de l'\u00e9tat, la possibilit\u00e9 de d\u00e9truire \u00e0 jamais la Monarchie, l'Aristocratie, l'Anarchie, et le moyen infaillible d'organiser le travail national sans blesser la libert\u00e9, pr\u00e9sent\u00e9 \u00e0 l'Assembl\u00e9e Nationale. - Libairie Clavreuil\",\"isPartOf\":{\"@id\":\"https:\/\/clavreuil-wordpress.logiciel-arteo.fr\/#website\"},\"primaryImageOfPage\":{\"@id\":\"https:\/\/clavreuil-wordpress.logiciel-arteo.fr\/en\/leroux-pierre-projet-de-constitution-democratique-et-sociale-fondee-sur-la-loi-meme-de-la-vie-et-donnant-par-une-organisation-veritable-de-letat-la-possibilite-de-detruire-a-jamais-la-monarchie\/#primaryimage\"},\"image\":{\"@id\":\"https:\/\/clavreuil-wordpress.logiciel-arteo.fr\/en\/leroux-pierre-projet-de-constitution-democratique-et-sociale-fondee-sur-la-loi-meme-de-la-vie-et-donnant-par-une-organisation-veritable-de-letat-la-possibilite-de-detruire-a-jamais-la-monarchie\/#primaryimage\"},\"thumbnailUrl\":\"https:\/\/clavreuil-wordpress.logiciel-arteo.fr\/wp-content\/uploads\/2024\/04\/leroux-projet-de-constitution-democratique-et-sociale-fondee-sur-la-loi-meme-de-la-vie-et-donnant-par-une-organisation-veritable-de-l-etat-la-possibil-scaled.jpg\",\"datePublished\":\"2024-04-26T08:05:56+00:00\",\"dateModified\":\"2024-04-26T08:06:24+00:00\",\"breadcrumb\":{\"@id\":\"https:\/\/clavreuil-wordpress.logiciel-arteo.fr\/en\/leroux-pierre-projet-de-constitution-democratique-et-sociale-fondee-sur-la-loi-meme-de-la-vie-et-donnant-par-une-organisation-veritable-de-letat-la-possibilite-de-detruire-a-jamais-la-monarchie\/#breadcrumb\"},\"inLanguage\":\"en-US\",\"potentialAction\":[{\"@type\":\"ReadAction\",\"target\":[\"https:\/\/clavreuil-wordpress.logiciel-arteo.fr\/en\/leroux-pierre-projet-de-constitution-democratique-et-sociale-fondee-sur-la-loi-meme-de-la-vie-et-donnant-par-une-organisation-veritable-de-letat-la-possibilite-de-detruire-a-jamais-la-monarchie\/\"]}]},{\"@type\":\"ImageObject\",\"inLanguage\":\"en-US\",\"@id\":\"https:\/\/clavreuil-wordpress.logiciel-arteo.fr\/en\/leroux-pierre-projet-de-constitution-democratique-et-sociale-fondee-sur-la-loi-meme-de-la-vie-et-donnant-par-une-organisation-veritable-de-letat-la-possibilite-de-detruire-a-jamais-la-monarchie\/#primaryimage\",\"url\":\"https:\/\/clavreuil-wordpress.logiciel-arteo.fr\/wp-content\/uploads\/2024\/04\/leroux-projet-de-constitution-democratique-et-sociale-fondee-sur-la-loi-meme-de-la-vie-et-donnant-par-une-organisation-veritable-de-l-etat-la-possibil-scaled.jpg\",\"contentUrl\":\"https:\/\/clavreuil-wordpress.logiciel-arteo.fr\/wp-content\/uploads\/2024\/04\/leroux-projet-de-constitution-democratique-et-sociale-fondee-sur-la-loi-meme-de-la-vie-et-donnant-par-une-organisation-veritable-de-l-etat-la-possibil-scaled.jpg\",\"width\":1920,\"height\":2560},{\"@type\":\"BreadcrumbList\",\"@id\":\"https:\/\/clavreuil-wordpress.logiciel-arteo.fr\/en\/leroux-pierre-projet-de-constitution-democratique-et-sociale-fondee-sur-la-loi-meme-de-la-vie-et-donnant-par-une-organisation-veritable-de-letat-la-possibilite-de-detruire-a-jamais-la-monarchie\/#breadcrumb\",\"itemListElement\":[{\"@type\":\"ListItem\",\"position\":1,\"name\":\"Accueil\",\"item\":\"https:\/\/clavreuil-wordpress.logiciel-arteo.fr\/\"},{\"@type\":\"ListItem\",\"position\":2,\"name\":\"All our books\",\"item\":\"https:\/\/clavreuil-wordpress.logiciel-arteo.fr\/en\/all-our-books\/\"},{\"@type\":\"ListItem\",\"position\":3,\"name\":\"LEROUX Pierre Projet de constitution d\u00e9mocratique et sociale,...\"}]},{\"@type\":\"WebSite\",\"@id\":\"https:\/\/clavreuil-wordpress.logiciel-arteo.fr\/#website\",\"url\":\"https:\/\/clavreuil-wordpress.logiciel-arteo.fr\/\",\"name\":\"Libairie Clavreuil\",\"description\":\"\",\"publisher\":{\"@id\":\"https:\/\/clavreuil-wordpress.logiciel-arteo.fr\/#organization\"},\"potentialAction\":[{\"@type\":\"SearchAction\",\"target\":{\"@type\":\"EntryPoint\",\"urlTemplate\":\"https:\/\/clavreuil-wordpress.logiciel-arteo.fr\/?s={search_term_string}\"},\"query-input\":{\"@type\":\"PropertyValueSpecification\",\"valueRequired\":true,\"valueName\":\"search_term_string\"}}],\"inLanguage\":\"en-US\"},{\"@type\":\"Organization\",\"@id\":\"https:\/\/clavreuil-wordpress.logiciel-arteo.fr\/#organization\",\"name\":\"Libairie Clavreuil\",\"url\":\"https:\/\/clavreuil-wordpress.logiciel-arteo.fr\/\",\"logo\":{\"@type\":\"ImageObject\",\"inLanguage\":\"en-US\",\"@id\":\"https:\/\/clavreuil-wordpress.logiciel-arteo.fr\/#\/schema\/logo\/image\/\",\"url\":\"https:\/\/clavreuil-wordpress.logiciel-arteo.fr\/wp-content\/uploads\/2021\/05\/LOGO_PNG_DATE-_gold.png\",\"contentUrl\":\"https:\/\/clavreuil-wordpress.logiciel-arteo.fr\/wp-content\/uploads\/2021\/05\/LOGO_PNG_DATE-_gold.png\",\"width\":2083,\"height\":1917,\"caption\":\"Libairie Clavreuil\"},\"image\":{\"@id\":\"https:\/\/clavreuil-wordpress.logiciel-arteo.fr\/#\/schema\/logo\/image\/\"}}]}<\/script>\n<!-- \/ Yoast SEO plugin. -->","yoast_head_json":{"title":"LEROUX Pierre Projet de constitution d\u00e9mocratique et sociale, fond\u00e9e sur la loi m\u00eame de la vie et donnant, par une organisation v\u00e9ritable de l'\u00e9tat, la possibilit\u00e9 de d\u00e9truire \u00e0 jamais la Monarchie, l'Aristocratie, l'Anarchie, et le moyen infaillible d'organiser le travail national sans blesser la libert\u00e9, pr\u00e9sent\u00e9 \u00e0 l'Assembl\u00e9e Nationale. - Libairie Clavreuil","robots":{"index":"noindex","follow":"follow","max-snippet":"max-snippet:-1","max-image-preview":"max-image-preview:large","max-video-preview":"max-video-preview:-1"},"og_locale":"en_US","og_type":"article","og_title":"LEROUX Pierre Projet de constitution d\u00e9mocratique et sociale, fond\u00e9e sur la loi m\u00eame de la vie et donnant, par une organisation v\u00e9ritable de l'\u00e9tat, la possibilit\u00e9 de d\u00e9truire \u00e0 jamais la Monarchie, l'Aristocratie, l'Anarchie, et le moyen infaillible d'organiser le travail national sans blesser la libert\u00e9, pr\u00e9sent\u00e9 \u00e0 l'Assembl\u00e9e Nationale. - Libairie Clavreuil","og_description":"8vo (215 x 132 mm) of 2 unn.l. and 175 pp. Half black shagreen, spine gilt with false bands (contemporary binding).","og_url":"https:\/\/clavreuil-wordpress.logiciel-arteo.fr\/en\/leroux-pierre-projet-de-constitution-democratique-et-sociale-fondee-sur-la-loi-meme-de-la-vie-et-donnant-par-une-organisation-veritable-de-letat-la-possibilite-de-detruire-a-jamais-la-monarchie\/","og_site_name":"Libairie Clavreuil","article_modified_time":"2024-04-26T08:06:24+00:00","og_image":[{"width":1920,"height":2560,"url":"https:\/\/clavreuil-wordpress.logiciel-arteo.fr\/wp-content\/uploads\/2024\/04\/leroux-projet-de-constitution-democratique-et-sociale-fondee-sur-la-loi-meme-de-la-vie-et-donnant-par-une-organisation-veritable-de-l-etat-la-possibil-scaled.jpg","type":"image\/jpeg"}],"twitter_card":"summary_large_image","schema":{"@context":"https:\/\/schema.org","@graph":[{"@type":"WebPage","@id":"https:\/\/clavreuil-wordpress.logiciel-arteo.fr\/en\/leroux-pierre-projet-de-constitution-democratique-et-sociale-fondee-sur-la-loi-meme-de-la-vie-et-donnant-par-une-organisation-veritable-de-letat-la-possibilite-de-detruire-a-jamais-la-monarchie\/","url":"https:\/\/clavreuil-wordpress.logiciel-arteo.fr\/en\/leroux-pierre-projet-de-constitution-democratique-et-sociale-fondee-sur-la-loi-meme-de-la-vie-et-donnant-par-une-organisation-veritable-de-letat-la-possibilite-de-detruire-a-jamais-la-monarchie\/","name":"LEROUX Pierre Projet de constitution d\u00e9mocratique et sociale, fond\u00e9e sur la loi m\u00eame de la vie et donnant, par une organisation v\u00e9ritable de l'\u00e9tat, la possibilit\u00e9 de d\u00e9truire \u00e0 jamais la Monarchie, l'Aristocratie, l'Anarchie, et le moyen infaillible d'organiser le travail national sans blesser la libert\u00e9, pr\u00e9sent\u00e9 \u00e0 l'Assembl\u00e9e Nationale. - Libairie Clavreuil","isPartOf":{"@id":"https:\/\/clavreuil-wordpress.logiciel-arteo.fr\/#website"},"primaryImageOfPage":{"@id":"https:\/\/clavreuil-wordpress.logiciel-arteo.fr\/en\/leroux-pierre-projet-de-constitution-democratique-et-sociale-fondee-sur-la-loi-meme-de-la-vie-et-donnant-par-une-organisation-veritable-de-letat-la-possibilite-de-detruire-a-jamais-la-monarchie\/#primaryimage"},"image":{"@id":"https:\/\/clavreuil-wordpress.logiciel-arteo.fr\/en\/leroux-pierre-projet-de-constitution-democratique-et-sociale-fondee-sur-la-loi-meme-de-la-vie-et-donnant-par-une-organisation-veritable-de-letat-la-possibilite-de-detruire-a-jamais-la-monarchie\/#primaryimage"},"thumbnailUrl":"https:\/\/clavreuil-wordpress.logiciel-arteo.fr\/wp-content\/uploads\/2024\/04\/leroux-projet-de-constitution-democratique-et-sociale-fondee-sur-la-loi-meme-de-la-vie-et-donnant-par-une-organisation-veritable-de-l-etat-la-possibil-scaled.jpg","datePublished":"2024-04-26T08:05:56+00:00","dateModified":"2024-04-26T08:06:24+00:00","breadcrumb":{"@id":"https:\/\/clavreuil-wordpress.logiciel-arteo.fr\/en\/leroux-pierre-projet-de-constitution-democratique-et-sociale-fondee-sur-la-loi-meme-de-la-vie-et-donnant-par-une-organisation-veritable-de-letat-la-possibilite-de-detruire-a-jamais-la-monarchie\/#breadcrumb"},"inLanguage":"en-US","potentialAction":[{"@type":"ReadAction","target":["https:\/\/clavreuil-wordpress.logiciel-arteo.fr\/en\/leroux-pierre-projet-de-constitution-democratique-et-sociale-fondee-sur-la-loi-meme-de-la-vie-et-donnant-par-une-organisation-veritable-de-letat-la-possibilite-de-detruire-a-jamais-la-monarchie\/"]}]},{"@type":"ImageObject","inLanguage":"en-US","@id":"https:\/\/clavreuil-wordpress.logiciel-arteo.fr\/en\/leroux-pierre-projet-de-constitution-democratique-et-sociale-fondee-sur-la-loi-meme-de-la-vie-et-donnant-par-une-organisation-veritable-de-letat-la-possibilite-de-detruire-a-jamais-la-monarchie\/#primaryimage","url":"https:\/\/clavreuil-wordpress.logiciel-arteo.fr\/wp-content\/uploads\/2024\/04\/leroux-projet-de-constitution-democratique-et-sociale-fondee-sur-la-loi-meme-de-la-vie-et-donnant-par-une-organisation-veritable-de-l-etat-la-possibil-scaled.jpg","contentUrl":"https:\/\/clavreuil-wordpress.logiciel-arteo.fr\/wp-content\/uploads\/2024\/04\/leroux-projet-de-constitution-democratique-et-sociale-fondee-sur-la-loi-meme-de-la-vie-et-donnant-par-une-organisation-veritable-de-l-etat-la-possibil-scaled.jpg","width":1920,"height":2560},{"@type":"BreadcrumbList","@id":"https:\/\/clavreuil-wordpress.logiciel-arteo.fr\/en\/leroux-pierre-projet-de-constitution-democratique-et-sociale-fondee-sur-la-loi-meme-de-la-vie-et-donnant-par-une-organisation-veritable-de-letat-la-possibilite-de-detruire-a-jamais-la-monarchie\/#breadcrumb","itemListElement":[{"@type":"ListItem","position":1,"name":"Accueil","item":"https:\/\/clavreuil-wordpress.logiciel-arteo.fr\/"},{"@type":"ListItem","position":2,"name":"All our books","item":"https:\/\/clavreuil-wordpress.logiciel-arteo.fr\/en\/all-our-books\/"},{"@type":"ListItem","position":3,"name":"LEROUX Pierre Projet de constitution d\u00e9mocratique et sociale,..."}]},{"@type":"WebSite","@id":"https:\/\/clavreuil-wordpress.logiciel-arteo.fr\/#website","url":"https:\/\/clavreuil-wordpress.logiciel-arteo.fr\/","name":"Libairie Clavreuil","description":"","publisher":{"@id":"https:\/\/clavreuil-wordpress.logiciel-arteo.fr\/#organization"},"potentialAction":[{"@type":"SearchAction","target":{"@type":"EntryPoint","urlTemplate":"https:\/\/clavreuil-wordpress.logiciel-arteo.fr\/?s={search_term_string}"},"query-input":{"@type":"PropertyValueSpecification","valueRequired":true,"valueName":"search_term_string"}}],"inLanguage":"en-US"},{"@type":"Organization","@id":"https:\/\/clavreuil-wordpress.logiciel-arteo.fr\/#organization","name":"Libairie Clavreuil","url":"https:\/\/clavreuil-wordpress.logiciel-arteo.fr\/","logo":{"@type":"ImageObject","inLanguage":"en-US","@id":"https:\/\/clavreuil-wordpress.logiciel-arteo.fr\/#\/schema\/logo\/image\/","url":"https:\/\/clavreuil-wordpress.logiciel-arteo.fr\/wp-content\/uploads\/2021\/05\/LOGO_PNG_DATE-_gold.png","contentUrl":"https:\/\/clavreuil-wordpress.logiciel-arteo.fr\/wp-content\/uploads\/2021\/05\/LOGO_PNG_DATE-_gold.png","width":2083,"height":1917,"caption":"Libairie Clavreuil"},"image":{"@id":"https:\/\/clavreuil-wordpress.logiciel-arteo.fr\/#\/schema\/logo\/image\/"}}]}},"_links":{"self":[{"href":"https:\/\/clavreuil-wordpress.logiciel-arteo.fr\/en\/wp-json\/wp\/v2\/product\/76827","targetHints":{"allow":["GET"]}}],"collection":[{"href":"https:\/\/clavreuil-wordpress.logiciel-arteo.fr\/en\/wp-json\/wp\/v2\/product"}],"about":[{"href":"https:\/\/clavreuil-wordpress.logiciel-arteo.fr\/en\/wp-json\/wp\/v2\/types\/product"}],"replies":[{"embeddable":true,"href":"https:\/\/clavreuil-wordpress.logiciel-arteo.fr\/en\/wp-json\/wp\/v2\/comments?post=76827"}],"wp:featuredmedia":[{"embeddable":true,"href":"https:\/\/clavreuil-wordpress.logiciel-arteo.fr\/en\/wp-json\/wp\/v2\/media\/76822"}],"wp:attachment":[{"href":"https:\/\/clavreuil-wordpress.logiciel-arteo.fr\/en\/wp-json\/wp\/v2\/media?parent=76827"}],"wp:term":[{"taxonomy":"product_brand","embeddable":true,"href":"https:\/\/clavreuil-wordpress.logiciel-arteo.fr\/en\/wp-json\/wp\/v2\/product_brand?post=76827"},{"taxonomy":"product_cat","embeddable":true,"href":"https:\/\/clavreuil-wordpress.logiciel-arteo.fr\/en\/wp-json\/wp\/v2\/product_cat?post=76827"},{"taxonomy":"product_tag","embeddable":true,"href":"https:\/\/clavreuil-wordpress.logiciel-arteo.fr\/en\/wp-json\/wp\/v2\/product_tag?post=76827"}],"curies":[{"name":"wp","href":"https:\/\/api.w.org\/{rel}","templated":true}]}}