{"id":76847,"date":"2024-04-26T10:08:16","date_gmt":"2024-04-26T08:08:16","guid":{"rendered":"https:\/\/clavreuil-wordpress.logiciel-arteo.fr\/messance-recherches-sur-la-population-des-generalites-dauvergne-de-lyon-de-rouen-et-de-quelques-provinces-et-villes-du-royaume-avec-des-reflexions-sur-la-valeur-du-bled-tant-en-france-quen-an\/"},"modified":"2024-04-26T10:08:43","modified_gmt":"2024-04-26T08:08:43","slug":"messance-recherches-sur-la-population-des-generalites-dauvergne-de-lyon-de-rouen-et-de-quelques-provinces-et-villes-du-royaume-avec-des-reflexions-sur-la-valeur-du-bled-tant-en-france-quen-an","status":"publish","type":"product","link":"https:\/\/clavreuil-wordpress.logiciel-arteo.fr\/en\/messance-recherches-sur-la-population-des-generalites-dauvergne-de-lyon-de-rouen-et-de-quelques-provinces-et-villes-du-royaume-avec-des-reflexions-sur-la-valeur-du-bled-tant-en-france-quen-an\/","title":{"rendered":"MESSANCE Recherches sur la population des g\u00e9n\u00e9ralit\u00e9s d&#8217;Auvergne,..."},"content":{"rendered":"<p style=\"text-align:justify\"><em>Einaudi 3852 ; Goldsmiths&#039; 10185 ; Kress 6364 (&quot;also attributed to abb&eacute; Joseph Audra and to M. de La Michaudi&egrave;re&quot;) ; INED 3152.<\/em><\/p>\n<p style=\"text-align:justify\">First edition.<\/p>\n<p style=\"text-align:justify\">According to Kress this work should be, albeit the name indicated on the title page, attributed to either l&#039;abb&eacute; Audra or La Michaudi&egrave;re.<\/p>\n<p style=\"text-align:justify\">This highly important essay precedes Malthus&#039; seminal work <em>On Population<\/em> (London 1798) by three decades. Messance combines detailed information on many important French cities such as Lyon, Rouen, Paris, Toulon, Marseille, Aix, Clermont-Ferrand, Avignon, Le Havre ; the demographic situation of Geneva is also mentioned.<\/p>\n<p style=\"text-align:justify\">Fine copy, complete with the last leaf of the bookseller&#039;s catalogue. Attractive contemporary French binding, with the spine beautifully decorated with a special tool depicting a sheaf of wheat.<\/p>\n<p style=\"text-align:justify\">Provenance : Charles de Croze (autograph note on front flyleaf &#039;&agrave; Charles de Croze et &agrave; ses amis&#039;).<\/p>\n","protected":false},"excerpt":{"rendered":"<p style=\"text-align:justify\">4to (257 x 197 mm), 4 nn.ll., 330 pp., 3 nn.ll. Contemporary speckled calf, triple gilt fillet on covers, spine gilt with five raised bands decorated with a special tool, red speckled edges.<\/p>\n","protected":false},"featured_media":76842,"comment_status":"open","ping_status":"closed","template":"","meta":{"_acf_changed":false},"product_brand":[],"product_cat":[536],"product_tag":[1209,1450],"class_list":{"0":"post-76847","1":"product","2":"type-product","3":"status-publish","4":"has-post-thumbnail","6":"product_cat-right-economy","7":"product_tag-economics","8":"product_tag-first-edition","9":"pa_auteur-messance-2","10":"pa_type-de-livre-printed-book","12":"first","13":"instock","14":"shipping-taxable","15":"purchasable","16":"product-type-simple"},"acf":[],"yoast_head":"<!-- This site is optimized with the Yoast SEO plugin v24.3 - https:\/\/yoast.com\/wordpress\/plugins\/seo\/ -->\n<title>MESSANCE  Recherches sur la population des g\u00e9n\u00e9ralit\u00e9s d&#039;Auvergne, de Lyon, de Rouen, et de quelques provinces et villes du royaume, avec des r\u00e9flexions sur la valeur du bled tant en France qu&#039;en Angleterre, depuis 1674 jusqu&#039;en 1764. - Libairie Clavreuil<\/title>\n<meta name=\"robots\" content=\"noindex, follow, max-snippet:-1, max-image-preview:large, max-video-preview:-1\" \/>\n<meta property=\"og:locale\" content=\"en_US\" \/>\n<meta property=\"og:type\" content=\"article\" \/>\n<meta property=\"og:title\" content=\"MESSANCE  Recherches sur la population des g\u00e9n\u00e9ralit\u00e9s d&#039;Auvergne, de Lyon, de Rouen, et de quelques provinces et villes du royaume, avec des r\u00e9flexions sur la valeur du bled tant en France qu&#039;en Angleterre, depuis 1674 jusqu&#039;en 1764. - Libairie Clavreuil\" \/>\n<meta property=\"og:description\" content=\"4to (257 x 197 mm), 4 nn.ll., 330 pp., 3 nn.ll. Contemporary speckled calf, triple gilt fillet on covers, spine gilt with five raised bands decorated with a special tool, red speckled edges.\" \/>\n<meta property=\"og:url\" content=\"https:\/\/clavreuil-wordpress.logiciel-arteo.fr\/en\/messance-recherches-sur-la-population-des-generalites-dauvergne-de-lyon-de-rouen-et-de-quelques-provinces-et-villes-du-royaume-avec-des-reflexions-sur-la-valeur-du-bled-tant-en-france-quen-an\/\" \/>\n<meta property=\"og:site_name\" content=\"Libairie Clavreuil\" \/>\n<meta property=\"article:modified_time\" content=\"2024-04-26T08:08:43+00:00\" \/>\n<meta property=\"og:image\" content=\"https:\/\/clavreuil-wordpress.logiciel-arteo.fr\/wp-content\/uploads\/2024\/04\/messance-recherches-sur-la-population-des-generalites-d-auvergne-de-lyon-de-rouen-et-de-quelques-provinces-et-villes-du-royaume-avec-des-reflexions-su-scaled.jpg\" \/>\n\t<meta property=\"og:image:width\" content=\"1920\" \/>\n\t<meta property=\"og:image:height\" content=\"2560\" \/>\n\t<meta property=\"og:image:type\" content=\"image\/jpeg\" \/>\n<meta name=\"twitter:card\" content=\"summary_large_image\" \/>\n<meta name=\"twitter:label1\" content=\"Est. reading time\" \/>\n\t<meta name=\"twitter:data1\" content=\"1 minute\" \/>\n<script type=\"application\/ld+json\" class=\"yoast-schema-graph\">{\"@context\":\"https:\/\/schema.org\",\"@graph\":[{\"@type\":\"WebPage\",\"@id\":\"https:\/\/clavreuil-wordpress.logiciel-arteo.fr\/en\/messance-recherches-sur-la-population-des-generalites-dauvergne-de-lyon-de-rouen-et-de-quelques-provinces-et-villes-du-royaume-avec-des-reflexions-sur-la-valeur-du-bled-tant-en-france-quen-an\/\",\"url\":\"https:\/\/clavreuil-wordpress.logiciel-arteo.fr\/en\/messance-recherches-sur-la-population-des-generalites-dauvergne-de-lyon-de-rouen-et-de-quelques-provinces-et-villes-du-royaume-avec-des-reflexions-sur-la-valeur-du-bled-tant-en-france-quen-an\/\",\"name\":\"MESSANCE Recherches sur la population des g\u00e9n\u00e9ralit\u00e9s d'Auvergne, de Lyon, de Rouen, et de quelques provinces et villes du royaume, avec des r\u00e9flexions sur la valeur du bled tant en France qu'en Angleterre, depuis 1674 jusqu'en 1764. - Libairie Clavreuil\",\"isPartOf\":{\"@id\":\"https:\/\/clavreuil-wordpress.logiciel-arteo.fr\/#website\"},\"primaryImageOfPage\":{\"@id\":\"https:\/\/clavreuil-wordpress.logiciel-arteo.fr\/en\/messance-recherches-sur-la-population-des-generalites-dauvergne-de-lyon-de-rouen-et-de-quelques-provinces-et-villes-du-royaume-avec-des-reflexions-sur-la-valeur-du-bled-tant-en-france-quen-an\/#primaryimage\"},\"image\":{\"@id\":\"https:\/\/clavreuil-wordpress.logiciel-arteo.fr\/en\/messance-recherches-sur-la-population-des-generalites-dauvergne-de-lyon-de-rouen-et-de-quelques-provinces-et-villes-du-royaume-avec-des-reflexions-sur-la-valeur-du-bled-tant-en-france-quen-an\/#primaryimage\"},\"thumbnailUrl\":\"https:\/\/clavreuil-wordpress.logiciel-arteo.fr\/wp-content\/uploads\/2024\/04\/messance-recherches-sur-la-population-des-generalites-d-auvergne-de-lyon-de-rouen-et-de-quelques-provinces-et-villes-du-royaume-avec-des-reflexions-su-scaled.jpg\",\"datePublished\":\"2024-04-26T08:08:16+00:00\",\"dateModified\":\"2024-04-26T08:08:43+00:00\",\"breadcrumb\":{\"@id\":\"https:\/\/clavreuil-wordpress.logiciel-arteo.fr\/en\/messance-recherches-sur-la-population-des-generalites-dauvergne-de-lyon-de-rouen-et-de-quelques-provinces-et-villes-du-royaume-avec-des-reflexions-sur-la-valeur-du-bled-tant-en-france-quen-an\/#breadcrumb\"},\"inLanguage\":\"en-US\",\"potentialAction\":[{\"@type\":\"ReadAction\",\"target\":[\"https:\/\/clavreuil-wordpress.logiciel-arteo.fr\/en\/messance-recherches-sur-la-population-des-generalites-dauvergne-de-lyon-de-rouen-et-de-quelques-provinces-et-villes-du-royaume-avec-des-reflexions-sur-la-valeur-du-bled-tant-en-france-quen-an\/\"]}]},{\"@type\":\"ImageObject\",\"inLanguage\":\"en-US\",\"@id\":\"https:\/\/clavreuil-wordpress.logiciel-arteo.fr\/en\/messance-recherches-sur-la-population-des-generalites-dauvergne-de-lyon-de-rouen-et-de-quelques-provinces-et-villes-du-royaume-avec-des-reflexions-sur-la-valeur-du-bled-tant-en-france-quen-an\/#primaryimage\",\"url\":\"https:\/\/clavreuil-wordpress.logiciel-arteo.fr\/wp-content\/uploads\/2024\/04\/messance-recherches-sur-la-population-des-generalites-d-auvergne-de-lyon-de-rouen-et-de-quelques-provinces-et-villes-du-royaume-avec-des-reflexions-su-scaled.jpg\",\"contentUrl\":\"https:\/\/clavreuil-wordpress.logiciel-arteo.fr\/wp-content\/uploads\/2024\/04\/messance-recherches-sur-la-population-des-generalites-d-auvergne-de-lyon-de-rouen-et-de-quelques-provinces-et-villes-du-royaume-avec-des-reflexions-su-scaled.jpg\",\"width\":1920,\"height\":2560},{\"@type\":\"BreadcrumbList\",\"@id\":\"https:\/\/clavreuil-wordpress.logiciel-arteo.fr\/en\/messance-recherches-sur-la-population-des-generalites-dauvergne-de-lyon-de-rouen-et-de-quelques-provinces-et-villes-du-royaume-avec-des-reflexions-sur-la-valeur-du-bled-tant-en-france-quen-an\/#breadcrumb\",\"itemListElement\":[{\"@type\":\"ListItem\",\"position\":1,\"name\":\"Accueil\",\"item\":\"https:\/\/clavreuil-wordpress.logiciel-arteo.fr\/\"},{\"@type\":\"ListItem\",\"position\":2,\"name\":\"All our books\",\"item\":\"https:\/\/clavreuil-wordpress.logiciel-arteo.fr\/en\/all-our-books\/\"},{\"@type\":\"ListItem\",\"position\":3,\"name\":\"MESSANCE Recherches sur la population des g\u00e9n\u00e9ralit\u00e9s d&#8217;Auvergne,...\"}]},{\"@type\":\"WebSite\",\"@id\":\"https:\/\/clavreuil-wordpress.logiciel-arteo.fr\/#website\",\"url\":\"https:\/\/clavreuil-wordpress.logiciel-arteo.fr\/\",\"name\":\"Libairie Clavreuil\",\"description\":\"\",\"publisher\":{\"@id\":\"https:\/\/clavreuil-wordpress.logiciel-arteo.fr\/#organization\"},\"potentialAction\":[{\"@type\":\"SearchAction\",\"target\":{\"@type\":\"EntryPoint\",\"urlTemplate\":\"https:\/\/clavreuil-wordpress.logiciel-arteo.fr\/?s={search_term_string}\"},\"query-input\":{\"@type\":\"PropertyValueSpecification\",\"valueRequired\":true,\"valueName\":\"search_term_string\"}}],\"inLanguage\":\"en-US\"},{\"@type\":\"Organization\",\"@id\":\"https:\/\/clavreuil-wordpress.logiciel-arteo.fr\/#organization\",\"name\":\"Libairie Clavreuil\",\"url\":\"https:\/\/clavreuil-wordpress.logiciel-arteo.fr\/\",\"logo\":{\"@type\":\"ImageObject\",\"inLanguage\":\"en-US\",\"@id\":\"https:\/\/clavreuil-wordpress.logiciel-arteo.fr\/#\/schema\/logo\/image\/\",\"url\":\"https:\/\/clavreuil-wordpress.logiciel-arteo.fr\/wp-content\/uploads\/2021\/05\/LOGO_PNG_DATE-_gold.png\",\"contentUrl\":\"https:\/\/clavreuil-wordpress.logiciel-arteo.fr\/wp-content\/uploads\/2021\/05\/LOGO_PNG_DATE-_gold.png\",\"width\":2083,\"height\":1917,\"caption\":\"Libairie Clavreuil\"},\"image\":{\"@id\":\"https:\/\/clavreuil-wordpress.logiciel-arteo.fr\/#\/schema\/logo\/image\/\"}}]}<\/script>\n<!-- \/ Yoast SEO plugin. -->","yoast_head_json":{"title":"MESSANCE  Recherches sur la population des g\u00e9n\u00e9ralit\u00e9s d'Auvergne, de Lyon, de Rouen, et de quelques provinces et villes du royaume, avec des r\u00e9flexions sur la valeur du bled tant en France qu'en Angleterre, depuis 1674 jusqu'en 1764. - Libairie Clavreuil","robots":{"index":"noindex","follow":"follow","max-snippet":"max-snippet:-1","max-image-preview":"max-image-preview:large","max-video-preview":"max-video-preview:-1"},"og_locale":"en_US","og_type":"article","og_title":"MESSANCE  Recherches sur la population des g\u00e9n\u00e9ralit\u00e9s d'Auvergne, de Lyon, de Rouen, et de quelques provinces et villes du royaume, avec des r\u00e9flexions sur la valeur du bled tant en France qu'en Angleterre, depuis 1674 jusqu'en 1764. - Libairie Clavreuil","og_description":"4to (257 x 197 mm), 4 nn.ll., 330 pp., 3 nn.ll. Contemporary speckled calf, triple gilt fillet on covers, spine gilt with five raised bands decorated with a special tool, red speckled edges.","og_url":"https:\/\/clavreuil-wordpress.logiciel-arteo.fr\/en\/messance-recherches-sur-la-population-des-generalites-dauvergne-de-lyon-de-rouen-et-de-quelques-provinces-et-villes-du-royaume-avec-des-reflexions-sur-la-valeur-du-bled-tant-en-france-quen-an\/","og_site_name":"Libairie Clavreuil","article_modified_time":"2024-04-26T08:08:43+00:00","og_image":[{"width":1920,"height":2560,"url":"https:\/\/clavreuil-wordpress.logiciel-arteo.fr\/wp-content\/uploads\/2024\/04\/messance-recherches-sur-la-population-des-generalites-d-auvergne-de-lyon-de-rouen-et-de-quelques-provinces-et-villes-du-royaume-avec-des-reflexions-su-scaled.jpg","type":"image\/jpeg"}],"twitter_card":"summary_large_image","twitter_misc":{"Est. reading time":"1 minute"},"schema":{"@context":"https:\/\/schema.org","@graph":[{"@type":"WebPage","@id":"https:\/\/clavreuil-wordpress.logiciel-arteo.fr\/en\/messance-recherches-sur-la-population-des-generalites-dauvergne-de-lyon-de-rouen-et-de-quelques-provinces-et-villes-du-royaume-avec-des-reflexions-sur-la-valeur-du-bled-tant-en-france-quen-an\/","url":"https:\/\/clavreuil-wordpress.logiciel-arteo.fr\/en\/messance-recherches-sur-la-population-des-generalites-dauvergne-de-lyon-de-rouen-et-de-quelques-provinces-et-villes-du-royaume-avec-des-reflexions-sur-la-valeur-du-bled-tant-en-france-quen-an\/","name":"MESSANCE Recherches sur la population des g\u00e9n\u00e9ralit\u00e9s d'Auvergne, de Lyon, de Rouen, et de quelques provinces et villes du royaume, avec des r\u00e9flexions sur la valeur du bled tant en France qu'en Angleterre, depuis 1674 jusqu'en 1764. - Libairie Clavreuil","isPartOf":{"@id":"https:\/\/clavreuil-wordpress.logiciel-arteo.fr\/#website"},"primaryImageOfPage":{"@id":"https:\/\/clavreuil-wordpress.logiciel-arteo.fr\/en\/messance-recherches-sur-la-population-des-generalites-dauvergne-de-lyon-de-rouen-et-de-quelques-provinces-et-villes-du-royaume-avec-des-reflexions-sur-la-valeur-du-bled-tant-en-france-quen-an\/#primaryimage"},"image":{"@id":"https:\/\/clavreuil-wordpress.logiciel-arteo.fr\/en\/messance-recherches-sur-la-population-des-generalites-dauvergne-de-lyon-de-rouen-et-de-quelques-provinces-et-villes-du-royaume-avec-des-reflexions-sur-la-valeur-du-bled-tant-en-france-quen-an\/#primaryimage"},"thumbnailUrl":"https:\/\/clavreuil-wordpress.logiciel-arteo.fr\/wp-content\/uploads\/2024\/04\/messance-recherches-sur-la-population-des-generalites-d-auvergne-de-lyon-de-rouen-et-de-quelques-provinces-et-villes-du-royaume-avec-des-reflexions-su-scaled.jpg","datePublished":"2024-04-26T08:08:16+00:00","dateModified":"2024-04-26T08:08:43+00:00","breadcrumb":{"@id":"https:\/\/clavreuil-wordpress.logiciel-arteo.fr\/en\/messance-recherches-sur-la-population-des-generalites-dauvergne-de-lyon-de-rouen-et-de-quelques-provinces-et-villes-du-royaume-avec-des-reflexions-sur-la-valeur-du-bled-tant-en-france-quen-an\/#breadcrumb"},"inLanguage":"en-US","potentialAction":[{"@type":"ReadAction","target":["https:\/\/clavreuil-wordpress.logiciel-arteo.fr\/en\/messance-recherches-sur-la-population-des-generalites-dauvergne-de-lyon-de-rouen-et-de-quelques-provinces-et-villes-du-royaume-avec-des-reflexions-sur-la-valeur-du-bled-tant-en-france-quen-an\/"]}]},{"@type":"ImageObject","inLanguage":"en-US","@id":"https:\/\/clavreuil-wordpress.logiciel-arteo.fr\/en\/messance-recherches-sur-la-population-des-generalites-dauvergne-de-lyon-de-rouen-et-de-quelques-provinces-et-villes-du-royaume-avec-des-reflexions-sur-la-valeur-du-bled-tant-en-france-quen-an\/#primaryimage","url":"https:\/\/clavreuil-wordpress.logiciel-arteo.fr\/wp-content\/uploads\/2024\/04\/messance-recherches-sur-la-population-des-generalites-d-auvergne-de-lyon-de-rouen-et-de-quelques-provinces-et-villes-du-royaume-avec-des-reflexions-su-scaled.jpg","contentUrl":"https:\/\/clavreuil-wordpress.logiciel-arteo.fr\/wp-content\/uploads\/2024\/04\/messance-recherches-sur-la-population-des-generalites-d-auvergne-de-lyon-de-rouen-et-de-quelques-provinces-et-villes-du-royaume-avec-des-reflexions-su-scaled.jpg","width":1920,"height":2560},{"@type":"BreadcrumbList","@id":"https:\/\/clavreuil-wordpress.logiciel-arteo.fr\/en\/messance-recherches-sur-la-population-des-generalites-dauvergne-de-lyon-de-rouen-et-de-quelques-provinces-et-villes-du-royaume-avec-des-reflexions-sur-la-valeur-du-bled-tant-en-france-quen-an\/#breadcrumb","itemListElement":[{"@type":"ListItem","position":1,"name":"Accueil","item":"https:\/\/clavreuil-wordpress.logiciel-arteo.fr\/"},{"@type":"ListItem","position":2,"name":"All our books","item":"https:\/\/clavreuil-wordpress.logiciel-arteo.fr\/en\/all-our-books\/"},{"@type":"ListItem","position":3,"name":"MESSANCE Recherches sur la population des g\u00e9n\u00e9ralit\u00e9s d&#8217;Auvergne,..."}]},{"@type":"WebSite","@id":"https:\/\/clavreuil-wordpress.logiciel-arteo.fr\/#website","url":"https:\/\/clavreuil-wordpress.logiciel-arteo.fr\/","name":"Libairie Clavreuil","description":"","publisher":{"@id":"https:\/\/clavreuil-wordpress.logiciel-arteo.fr\/#organization"},"potentialAction":[{"@type":"SearchAction","target":{"@type":"EntryPoint","urlTemplate":"https:\/\/clavreuil-wordpress.logiciel-arteo.fr\/?s={search_term_string}"},"query-input":{"@type":"PropertyValueSpecification","valueRequired":true,"valueName":"search_term_string"}}],"inLanguage":"en-US"},{"@type":"Organization","@id":"https:\/\/clavreuil-wordpress.logiciel-arteo.fr\/#organization","name":"Libairie Clavreuil","url":"https:\/\/clavreuil-wordpress.logiciel-arteo.fr\/","logo":{"@type":"ImageObject","inLanguage":"en-US","@id":"https:\/\/clavreuil-wordpress.logiciel-arteo.fr\/#\/schema\/logo\/image\/","url":"https:\/\/clavreuil-wordpress.logiciel-arteo.fr\/wp-content\/uploads\/2021\/05\/LOGO_PNG_DATE-_gold.png","contentUrl":"https:\/\/clavreuil-wordpress.logiciel-arteo.fr\/wp-content\/uploads\/2021\/05\/LOGO_PNG_DATE-_gold.png","width":2083,"height":1917,"caption":"Libairie Clavreuil"},"image":{"@id":"https:\/\/clavreuil-wordpress.logiciel-arteo.fr\/#\/schema\/logo\/image\/"}}]}},"_links":{"self":[{"href":"https:\/\/clavreuil-wordpress.logiciel-arteo.fr\/en\/wp-json\/wp\/v2\/product\/76847","targetHints":{"allow":["GET"]}}],"collection":[{"href":"https:\/\/clavreuil-wordpress.logiciel-arteo.fr\/en\/wp-json\/wp\/v2\/product"}],"about":[{"href":"https:\/\/clavreuil-wordpress.logiciel-arteo.fr\/en\/wp-json\/wp\/v2\/types\/product"}],"replies":[{"embeddable":true,"href":"https:\/\/clavreuil-wordpress.logiciel-arteo.fr\/en\/wp-json\/wp\/v2\/comments?post=76847"}],"wp:featuredmedia":[{"embeddable":true,"href":"https:\/\/clavreuil-wordpress.logiciel-arteo.fr\/en\/wp-json\/wp\/v2\/media\/76842"}],"wp:attachment":[{"href":"https:\/\/clavreuil-wordpress.logiciel-arteo.fr\/en\/wp-json\/wp\/v2\/media?parent=76847"}],"wp:term":[{"taxonomy":"product_brand","embeddable":true,"href":"https:\/\/clavreuil-wordpress.logiciel-arteo.fr\/en\/wp-json\/wp\/v2\/product_brand?post=76847"},{"taxonomy":"product_cat","embeddable":true,"href":"https:\/\/clavreuil-wordpress.logiciel-arteo.fr\/en\/wp-json\/wp\/v2\/product_cat?post=76847"},{"taxonomy":"product_tag","embeddable":true,"href":"https:\/\/clavreuil-wordpress.logiciel-arteo.fr\/en\/wp-json\/wp\/v2\/product_tag?post=76847"}],"curies":[{"name":"wp","href":"https:\/\/api.w.org\/{rel}","templated":true}]}}