{"id":76855,"date":"2024-04-26T10:08:54","date_gmt":"2024-04-26T08:08:54","guid":{"rendered":"https:\/\/clavreuil-wordpress.logiciel-arteo.fr\/tifaut-de-la-noue-jerome-reflexions-philosophiques-sur-limpot-ou-lon-discute-les-principes-des-economistes-ou-lon-indique-un-plan-de-perception-patriotique-accompagnees-de-notes\/"},"modified":"2024-04-26T10:09:29","modified_gmt":"2024-04-26T08:09:29","slug":"tifaut-de-la-noue-jerome-reflexions-philosophiques-sur-limpot-ou-lon-discute-les-principes-des-economistes-ou-lon-indique-un-plan-de-perception-patriotique-accompagnees-de-notes","status":"publish","type":"product","link":"https:\/\/clavreuil-wordpress.logiciel-arteo.fr\/en\/tifaut-de-la-noue-jerome-reflexions-philosophiques-sur-limpot-ou-lon-discute-les-principes-des-economistes-ou-lon-indique-un-plan-de-perception-patriotique-accompagnees-de-notes\/","title":{"rendered":"TIFAUT DE LA NOUE J\u00e9r\u00f4me R\u00e9flexions philosophiques sur..."},"content":{"rendered":"<p style=\"text-align:justify\"><em>INED, 4326.<\/em><\/p>\n<p style=\"text-align:justify\">First edition.<\/p>\n<p style=\"text-align:justify\">The author criticises Des Glanni&egrave;res&#039; taxation plan and proposes a collection plan based on the standard of living and social status of individuals.<\/p>\n<p style=\"text-align:justify\">This copy shows signs of wear to the headpieces and spines; a bullet fired into the lower cover of the binding has left an impact mark and caused a 2 cm split in the last 35 leaves.<\/p>\n<p style=\"text-align:justify\">The table of contents was mistakenly bound after page 192.<\/p>\n","protected":false},"excerpt":{"rendered":"<p>8vo (175 x 116 mm) 1 engraved forntispiece., XX, 361 pp. and 1 plate engraved by the author. Sheep, spine gilt with raised bands (<em>contemporary binding<\/em>).<\/p>\n","protected":false},"featured_media":76848,"comment_status":"open","ping_status":"closed","template":"","meta":{"_acf_changed":false},"product_brand":[],"product_cat":[536],"product_tag":[1209,1450,1208],"class_list":{"0":"post-76855","1":"product","2":"type-product","3":"status-publish","4":"has-post-thumbnail","6":"product_cat-right-economy","7":"product_tag-economics","8":"product_tag-first-edition","9":"product_tag-political-economy","10":"pa_auteur-jerome-tifaut-de-la-noue-2","11":"pa_type-de-livre-printed-book","13":"first","14":"instock","15":"shipping-taxable","16":"purchasable","17":"product-type-simple"},"acf":[],"yoast_head":"<!-- This site is optimized with the Yoast SEO plugin v24.3 - https:\/\/yoast.com\/wordpress\/plugins\/seo\/ -->\n<title>TIFAUT DE LA NOUE J\u00e9r\u00f4me R\u00e9flexions philosophiques sur l&#039;imp\u00f4t, O\u00f9 l&#039;on discute les Principes des Economistes, &amp; o\u00f9 l&#039;on indique un plan de perception patriotique; accompagn\u00e9es de notes. - Libairie Clavreuil<\/title>\n<meta name=\"robots\" content=\"noindex, follow, max-snippet:-1, max-image-preview:large, max-video-preview:-1\" \/>\n<meta property=\"og:locale\" content=\"en_US\" \/>\n<meta property=\"og:type\" content=\"article\" \/>\n<meta property=\"og:title\" content=\"TIFAUT DE LA NOUE J\u00e9r\u00f4me R\u00e9flexions philosophiques sur l&#039;imp\u00f4t, O\u00f9 l&#039;on discute les Principes des Economistes, &amp; o\u00f9 l&#039;on indique un plan de perception patriotique; accompagn\u00e9es de notes. - Libairie Clavreuil\" \/>\n<meta property=\"og:description\" content=\"8vo (175 x 116 mm) 1 engraved forntispiece., XX, 361 pp. and 1 plate engraved by the author. Sheep, spine gilt with raised bands (contemporary binding).\" \/>\n<meta property=\"og:url\" content=\"https:\/\/clavreuil-wordpress.logiciel-arteo.fr\/en\/tifaut-de-la-noue-jerome-reflexions-philosophiques-sur-limpot-ou-lon-discute-les-principes-des-economistes-ou-lon-indique-un-plan-de-perception-patriotique-accompagnees-de-notes\/\" \/>\n<meta property=\"og:site_name\" content=\"Libairie Clavreuil\" \/>\n<meta property=\"article:modified_time\" content=\"2024-04-26T08:09:29+00:00\" \/>\n<meta property=\"og:image\" content=\"https:\/\/clavreuil-wordpress.logiciel-arteo.fr\/wp-content\/uploads\/2024\/04\/jerome-tifaut-de-la-noue-reflexions-philosophiques-sur-l-impot-ou-l-on-discute-les-principes-des-economistes-ou-l-on-indique-un-plan-de-perception-pat-scaled.jpg\" \/>\n\t<meta property=\"og:image:width\" content=\"1920\" \/>\n\t<meta property=\"og:image:height\" content=\"2560\" \/>\n\t<meta property=\"og:image:type\" content=\"image\/jpeg\" \/>\n<meta name=\"twitter:card\" content=\"summary_large_image\" \/>\n<script type=\"application\/ld+json\" class=\"yoast-schema-graph\">{\"@context\":\"https:\/\/schema.org\",\"@graph\":[{\"@type\":\"WebPage\",\"@id\":\"https:\/\/clavreuil-wordpress.logiciel-arteo.fr\/en\/tifaut-de-la-noue-jerome-reflexions-philosophiques-sur-limpot-ou-lon-discute-les-principes-des-economistes-ou-lon-indique-un-plan-de-perception-patriotique-accompagnees-de-notes\/\",\"url\":\"https:\/\/clavreuil-wordpress.logiciel-arteo.fr\/en\/tifaut-de-la-noue-jerome-reflexions-philosophiques-sur-limpot-ou-lon-discute-les-principes-des-economistes-ou-lon-indique-un-plan-de-perception-patriotique-accompagnees-de-notes\/\",\"name\":\"TIFAUT DE LA NOUE J\u00e9r\u00f4me R\u00e9flexions philosophiques sur l'imp\u00f4t, O\u00f9 l'on discute les Principes des Economistes, &amp; o\u00f9 l'on indique un plan de perception patriotique; accompagn\u00e9es de notes. - Libairie Clavreuil\",\"isPartOf\":{\"@id\":\"https:\/\/clavreuil-wordpress.logiciel-arteo.fr\/#website\"},\"primaryImageOfPage\":{\"@id\":\"https:\/\/clavreuil-wordpress.logiciel-arteo.fr\/en\/tifaut-de-la-noue-jerome-reflexions-philosophiques-sur-limpot-ou-lon-discute-les-principes-des-economistes-ou-lon-indique-un-plan-de-perception-patriotique-accompagnees-de-notes\/#primaryimage\"},\"image\":{\"@id\":\"https:\/\/clavreuil-wordpress.logiciel-arteo.fr\/en\/tifaut-de-la-noue-jerome-reflexions-philosophiques-sur-limpot-ou-lon-discute-les-principes-des-economistes-ou-lon-indique-un-plan-de-perception-patriotique-accompagnees-de-notes\/#primaryimage\"},\"thumbnailUrl\":\"https:\/\/clavreuil-wordpress.logiciel-arteo.fr\/wp-content\/uploads\/2024\/04\/jerome-tifaut-de-la-noue-reflexions-philosophiques-sur-l-impot-ou-l-on-discute-les-principes-des-economistes-ou-l-on-indique-un-plan-de-perception-pat-scaled.jpg\",\"datePublished\":\"2024-04-26T08:08:54+00:00\",\"dateModified\":\"2024-04-26T08:09:29+00:00\",\"breadcrumb\":{\"@id\":\"https:\/\/clavreuil-wordpress.logiciel-arteo.fr\/en\/tifaut-de-la-noue-jerome-reflexions-philosophiques-sur-limpot-ou-lon-discute-les-principes-des-economistes-ou-lon-indique-un-plan-de-perception-patriotique-accompagnees-de-notes\/#breadcrumb\"},\"inLanguage\":\"en-US\",\"potentialAction\":[{\"@type\":\"ReadAction\",\"target\":[\"https:\/\/clavreuil-wordpress.logiciel-arteo.fr\/en\/tifaut-de-la-noue-jerome-reflexions-philosophiques-sur-limpot-ou-lon-discute-les-principes-des-economistes-ou-lon-indique-un-plan-de-perception-patriotique-accompagnees-de-notes\/\"]}]},{\"@type\":\"ImageObject\",\"inLanguage\":\"en-US\",\"@id\":\"https:\/\/clavreuil-wordpress.logiciel-arteo.fr\/en\/tifaut-de-la-noue-jerome-reflexions-philosophiques-sur-limpot-ou-lon-discute-les-principes-des-economistes-ou-lon-indique-un-plan-de-perception-patriotique-accompagnees-de-notes\/#primaryimage\",\"url\":\"https:\/\/clavreuil-wordpress.logiciel-arteo.fr\/wp-content\/uploads\/2024\/04\/jerome-tifaut-de-la-noue-reflexions-philosophiques-sur-l-impot-ou-l-on-discute-les-principes-des-economistes-ou-l-on-indique-un-plan-de-perception-pat-scaled.jpg\",\"contentUrl\":\"https:\/\/clavreuil-wordpress.logiciel-arteo.fr\/wp-content\/uploads\/2024\/04\/jerome-tifaut-de-la-noue-reflexions-philosophiques-sur-l-impot-ou-l-on-discute-les-principes-des-economistes-ou-l-on-indique-un-plan-de-perception-pat-scaled.jpg\",\"width\":1920,\"height\":2560},{\"@type\":\"BreadcrumbList\",\"@id\":\"https:\/\/clavreuil-wordpress.logiciel-arteo.fr\/en\/tifaut-de-la-noue-jerome-reflexions-philosophiques-sur-limpot-ou-lon-discute-les-principes-des-economistes-ou-lon-indique-un-plan-de-perception-patriotique-accompagnees-de-notes\/#breadcrumb\",\"itemListElement\":[{\"@type\":\"ListItem\",\"position\":1,\"name\":\"Accueil\",\"item\":\"https:\/\/clavreuil-wordpress.logiciel-arteo.fr\/\"},{\"@type\":\"ListItem\",\"position\":2,\"name\":\"All our books\",\"item\":\"https:\/\/clavreuil-wordpress.logiciel-arteo.fr\/en\/all-our-books\/\"},{\"@type\":\"ListItem\",\"position\":3,\"name\":\"TIFAUT DE LA NOUE J\u00e9r\u00f4me R\u00e9flexions philosophiques sur...\"}]},{\"@type\":\"WebSite\",\"@id\":\"https:\/\/clavreuil-wordpress.logiciel-arteo.fr\/#website\",\"url\":\"https:\/\/clavreuil-wordpress.logiciel-arteo.fr\/\",\"name\":\"Libairie Clavreuil\",\"description\":\"\",\"publisher\":{\"@id\":\"https:\/\/clavreuil-wordpress.logiciel-arteo.fr\/#organization\"},\"potentialAction\":[{\"@type\":\"SearchAction\",\"target\":{\"@type\":\"EntryPoint\",\"urlTemplate\":\"https:\/\/clavreuil-wordpress.logiciel-arteo.fr\/?s={search_term_string}\"},\"query-input\":{\"@type\":\"PropertyValueSpecification\",\"valueRequired\":true,\"valueName\":\"search_term_string\"}}],\"inLanguage\":\"en-US\"},{\"@type\":\"Organization\",\"@id\":\"https:\/\/clavreuil-wordpress.logiciel-arteo.fr\/#organization\",\"name\":\"Libairie Clavreuil\",\"url\":\"https:\/\/clavreuil-wordpress.logiciel-arteo.fr\/\",\"logo\":{\"@type\":\"ImageObject\",\"inLanguage\":\"en-US\",\"@id\":\"https:\/\/clavreuil-wordpress.logiciel-arteo.fr\/#\/schema\/logo\/image\/\",\"url\":\"https:\/\/clavreuil-wordpress.logiciel-arteo.fr\/wp-content\/uploads\/2021\/05\/LOGO_PNG_DATE-_gold.png\",\"contentUrl\":\"https:\/\/clavreuil-wordpress.logiciel-arteo.fr\/wp-content\/uploads\/2021\/05\/LOGO_PNG_DATE-_gold.png\",\"width\":2083,\"height\":1917,\"caption\":\"Libairie Clavreuil\"},\"image\":{\"@id\":\"https:\/\/clavreuil-wordpress.logiciel-arteo.fr\/#\/schema\/logo\/image\/\"}}]}<\/script>\n<!-- \/ Yoast SEO plugin. -->","yoast_head_json":{"title":"TIFAUT DE LA NOUE J\u00e9r\u00f4me R\u00e9flexions philosophiques sur l'imp\u00f4t, O\u00f9 l'on discute les Principes des Economistes, &amp; o\u00f9 l'on indique un plan de perception patriotique; accompagn\u00e9es de notes. - Libairie Clavreuil","robots":{"index":"noindex","follow":"follow","max-snippet":"max-snippet:-1","max-image-preview":"max-image-preview:large","max-video-preview":"max-video-preview:-1"},"og_locale":"en_US","og_type":"article","og_title":"TIFAUT DE LA NOUE J\u00e9r\u00f4me R\u00e9flexions philosophiques sur l'imp\u00f4t, O\u00f9 l'on discute les Principes des Economistes, &amp; o\u00f9 l'on indique un plan de perception patriotique; accompagn\u00e9es de notes. - Libairie Clavreuil","og_description":"8vo (175 x 116 mm) 1 engraved forntispiece., XX, 361 pp. and 1 plate engraved by the author. Sheep, spine gilt with raised bands (contemporary binding).","og_url":"https:\/\/clavreuil-wordpress.logiciel-arteo.fr\/en\/tifaut-de-la-noue-jerome-reflexions-philosophiques-sur-limpot-ou-lon-discute-les-principes-des-economistes-ou-lon-indique-un-plan-de-perception-patriotique-accompagnees-de-notes\/","og_site_name":"Libairie Clavreuil","article_modified_time":"2024-04-26T08:09:29+00:00","og_image":[{"width":1920,"height":2560,"url":"https:\/\/clavreuil-wordpress.logiciel-arteo.fr\/wp-content\/uploads\/2024\/04\/jerome-tifaut-de-la-noue-reflexions-philosophiques-sur-l-impot-ou-l-on-discute-les-principes-des-economistes-ou-l-on-indique-un-plan-de-perception-pat-scaled.jpg","type":"image\/jpeg"}],"twitter_card":"summary_large_image","schema":{"@context":"https:\/\/schema.org","@graph":[{"@type":"WebPage","@id":"https:\/\/clavreuil-wordpress.logiciel-arteo.fr\/en\/tifaut-de-la-noue-jerome-reflexions-philosophiques-sur-limpot-ou-lon-discute-les-principes-des-economistes-ou-lon-indique-un-plan-de-perception-patriotique-accompagnees-de-notes\/","url":"https:\/\/clavreuil-wordpress.logiciel-arteo.fr\/en\/tifaut-de-la-noue-jerome-reflexions-philosophiques-sur-limpot-ou-lon-discute-les-principes-des-economistes-ou-lon-indique-un-plan-de-perception-patriotique-accompagnees-de-notes\/","name":"TIFAUT DE LA NOUE J\u00e9r\u00f4me R\u00e9flexions philosophiques sur l'imp\u00f4t, O\u00f9 l'on discute les Principes des Economistes, &amp; o\u00f9 l'on indique un plan de perception patriotique; accompagn\u00e9es de notes. - Libairie Clavreuil","isPartOf":{"@id":"https:\/\/clavreuil-wordpress.logiciel-arteo.fr\/#website"},"primaryImageOfPage":{"@id":"https:\/\/clavreuil-wordpress.logiciel-arteo.fr\/en\/tifaut-de-la-noue-jerome-reflexions-philosophiques-sur-limpot-ou-lon-discute-les-principes-des-economistes-ou-lon-indique-un-plan-de-perception-patriotique-accompagnees-de-notes\/#primaryimage"},"image":{"@id":"https:\/\/clavreuil-wordpress.logiciel-arteo.fr\/en\/tifaut-de-la-noue-jerome-reflexions-philosophiques-sur-limpot-ou-lon-discute-les-principes-des-economistes-ou-lon-indique-un-plan-de-perception-patriotique-accompagnees-de-notes\/#primaryimage"},"thumbnailUrl":"https:\/\/clavreuil-wordpress.logiciel-arteo.fr\/wp-content\/uploads\/2024\/04\/jerome-tifaut-de-la-noue-reflexions-philosophiques-sur-l-impot-ou-l-on-discute-les-principes-des-economistes-ou-l-on-indique-un-plan-de-perception-pat-scaled.jpg","datePublished":"2024-04-26T08:08:54+00:00","dateModified":"2024-04-26T08:09:29+00:00","breadcrumb":{"@id":"https:\/\/clavreuil-wordpress.logiciel-arteo.fr\/en\/tifaut-de-la-noue-jerome-reflexions-philosophiques-sur-limpot-ou-lon-discute-les-principes-des-economistes-ou-lon-indique-un-plan-de-perception-patriotique-accompagnees-de-notes\/#breadcrumb"},"inLanguage":"en-US","potentialAction":[{"@type":"ReadAction","target":["https:\/\/clavreuil-wordpress.logiciel-arteo.fr\/en\/tifaut-de-la-noue-jerome-reflexions-philosophiques-sur-limpot-ou-lon-discute-les-principes-des-economistes-ou-lon-indique-un-plan-de-perception-patriotique-accompagnees-de-notes\/"]}]},{"@type":"ImageObject","inLanguage":"en-US","@id":"https:\/\/clavreuil-wordpress.logiciel-arteo.fr\/en\/tifaut-de-la-noue-jerome-reflexions-philosophiques-sur-limpot-ou-lon-discute-les-principes-des-economistes-ou-lon-indique-un-plan-de-perception-patriotique-accompagnees-de-notes\/#primaryimage","url":"https:\/\/clavreuil-wordpress.logiciel-arteo.fr\/wp-content\/uploads\/2024\/04\/jerome-tifaut-de-la-noue-reflexions-philosophiques-sur-l-impot-ou-l-on-discute-les-principes-des-economistes-ou-l-on-indique-un-plan-de-perception-pat-scaled.jpg","contentUrl":"https:\/\/clavreuil-wordpress.logiciel-arteo.fr\/wp-content\/uploads\/2024\/04\/jerome-tifaut-de-la-noue-reflexions-philosophiques-sur-l-impot-ou-l-on-discute-les-principes-des-economistes-ou-l-on-indique-un-plan-de-perception-pat-scaled.jpg","width":1920,"height":2560},{"@type":"BreadcrumbList","@id":"https:\/\/clavreuil-wordpress.logiciel-arteo.fr\/en\/tifaut-de-la-noue-jerome-reflexions-philosophiques-sur-limpot-ou-lon-discute-les-principes-des-economistes-ou-lon-indique-un-plan-de-perception-patriotique-accompagnees-de-notes\/#breadcrumb","itemListElement":[{"@type":"ListItem","position":1,"name":"Accueil","item":"https:\/\/clavreuil-wordpress.logiciel-arteo.fr\/"},{"@type":"ListItem","position":2,"name":"All our books","item":"https:\/\/clavreuil-wordpress.logiciel-arteo.fr\/en\/all-our-books\/"},{"@type":"ListItem","position":3,"name":"TIFAUT DE LA NOUE J\u00e9r\u00f4me R\u00e9flexions philosophiques sur..."}]},{"@type":"WebSite","@id":"https:\/\/clavreuil-wordpress.logiciel-arteo.fr\/#website","url":"https:\/\/clavreuil-wordpress.logiciel-arteo.fr\/","name":"Libairie Clavreuil","description":"","publisher":{"@id":"https:\/\/clavreuil-wordpress.logiciel-arteo.fr\/#organization"},"potentialAction":[{"@type":"SearchAction","target":{"@type":"EntryPoint","urlTemplate":"https:\/\/clavreuil-wordpress.logiciel-arteo.fr\/?s={search_term_string}"},"query-input":{"@type":"PropertyValueSpecification","valueRequired":true,"valueName":"search_term_string"}}],"inLanguage":"en-US"},{"@type":"Organization","@id":"https:\/\/clavreuil-wordpress.logiciel-arteo.fr\/#organization","name":"Libairie Clavreuil","url":"https:\/\/clavreuil-wordpress.logiciel-arteo.fr\/","logo":{"@type":"ImageObject","inLanguage":"en-US","@id":"https:\/\/clavreuil-wordpress.logiciel-arteo.fr\/#\/schema\/logo\/image\/","url":"https:\/\/clavreuil-wordpress.logiciel-arteo.fr\/wp-content\/uploads\/2021\/05\/LOGO_PNG_DATE-_gold.png","contentUrl":"https:\/\/clavreuil-wordpress.logiciel-arteo.fr\/wp-content\/uploads\/2021\/05\/LOGO_PNG_DATE-_gold.png","width":2083,"height":1917,"caption":"Libairie Clavreuil"},"image":{"@id":"https:\/\/clavreuil-wordpress.logiciel-arteo.fr\/#\/schema\/logo\/image\/"}}]}},"_links":{"self":[{"href":"https:\/\/clavreuil-wordpress.logiciel-arteo.fr\/en\/wp-json\/wp\/v2\/product\/76855","targetHints":{"allow":["GET"]}}],"collection":[{"href":"https:\/\/clavreuil-wordpress.logiciel-arteo.fr\/en\/wp-json\/wp\/v2\/product"}],"about":[{"href":"https:\/\/clavreuil-wordpress.logiciel-arteo.fr\/en\/wp-json\/wp\/v2\/types\/product"}],"replies":[{"embeddable":true,"href":"https:\/\/clavreuil-wordpress.logiciel-arteo.fr\/en\/wp-json\/wp\/v2\/comments?post=76855"}],"wp:featuredmedia":[{"embeddable":true,"href":"https:\/\/clavreuil-wordpress.logiciel-arteo.fr\/en\/wp-json\/wp\/v2\/media\/76848"}],"wp:attachment":[{"href":"https:\/\/clavreuil-wordpress.logiciel-arteo.fr\/en\/wp-json\/wp\/v2\/media?parent=76855"}],"wp:term":[{"taxonomy":"product_brand","embeddable":true,"href":"https:\/\/clavreuil-wordpress.logiciel-arteo.fr\/en\/wp-json\/wp\/v2\/product_brand?post=76855"},{"taxonomy":"product_cat","embeddable":true,"href":"https:\/\/clavreuil-wordpress.logiciel-arteo.fr\/en\/wp-json\/wp\/v2\/product_cat?post=76855"},{"taxonomy":"product_tag","embeddable":true,"href":"https:\/\/clavreuil-wordpress.logiciel-arteo.fr\/en\/wp-json\/wp\/v2\/product_tag?post=76855"}],"curies":[{"name":"wp","href":"https:\/\/api.w.org\/{rel}","templated":true}]}}