{"id":76859,"date":"2024-04-26T10:09:39","date_gmt":"2024-04-26T08:09:39","guid":{"rendered":"https:\/\/clavreuil-wordpress.logiciel-arteo.fr\/lavoisier-antoine-laurent-de-resultats-extraits-dun-ouvrage-intitule-de-la-richesse-territoriale-du-royaume-de-france-ouvrage-dont-la-redaction-nest-point-encore-achevee\/"},"modified":"2024-04-26T10:10:04","modified_gmt":"2024-04-26T08:10:04","slug":"lavoisier-antoine-laurent-de-resultats-extraits-dun-ouvrage-intitule-de-la-richesse-territoriale-du-royaume-de-france-ouvrage-dont-la-redaction-nest-point-encore-achevee","status":"publish","type":"product","link":"https:\/\/clavreuil-wordpress.logiciel-arteo.fr\/en\/lavoisier-antoine-laurent-de-resultats-extraits-dun-ouvrage-intitule-de-la-richesse-territoriale-du-royaume-de-france-ouvrage-dont-la-redaction-nest-point-encore-achevee\/","title":{"rendered":"LAVOISIER Antoine-Laurent de R\u00e9sultats extraits d&#8217;un ouvrage intitul\u00e9..."},"content":{"rendered":"<p style=\"text-align:justify\"><em>Duveen &amp; Klickstein, 264; INED, 2690; Einaudi, 3272; not in Kress, Goldsmith, or Gustave Gimon collection; cf. J.C. Perrot, Une histoire intellectuelle de l&#039;&eacute;conomie politique, Paris, 1992, pp. 377-423.<\/em><\/p>\n<p style=\"text-align:justify\">First edition, very rare.<\/p>\n<p style=\"text-align:justify\">One of the founding works on of national statistics with a strong influence of the Physiocratic ideas. The book includes substantial work by Lavoisier&#039;s close friend Dupont de Nemours..<\/p>\n<p style=\"text-align:justify\">&quot;Dans le but de pr&eacute;parer l&#039;&eacute;tablissement de l&#039;imp&ocirc;t direct, [Dupont de Nemours] dressa du revenu agricole un tableau que son coll&egrave;gue et ami Lavoisier corrigea quelque temps apr&egrave;s pour en tirer son ouvrage, malheureusement inachev&eacute;, de la Richesse territoriale de la France. Les donn&eacute;es fournies par Du Pont &eacute;taient loin d&#039;&ecirc;tre exactes&#8230; sa tentative n&#039;est que curieuse; mais elle prouve que les id&eacute;es physiocratiques &eacute;taient toujours en faveur puisqu&#039;elles pouvaient &ecirc;tre expos&eacute;es sans contestations dans un comit&eacute; officiel compos&eacute; de savants illustres&quot; (Schelle, Du Pont de Nemours, p. 227ff.).<\/p>\n<p style=\"text-align:justify\">In this book, the original manuscript is lost today, Lavoisier builds based on the evaluation of national revenue and demographic sources budgetary previsions as well previsions for production and consumption. It has been a model for any further statistics during the 19th century.<\/p>\n<p style=\"text-align:justify\">Fine copy.<\/p>\n","protected":false},"excerpt":{"rendered":"<p>8vo (212 x 140 mm) 1 nn.l., 48 pp. Stitched as issued, in a modern box.<\/p>\n","protected":false},"featured_media":76856,"comment_status":"open","ping_status":"closed","template":"","meta":{"_acf_changed":false},"product_brand":[],"product_cat":[550],"product_tag":[1450,1211],"class_list":{"0":"post-76859","1":"product","2":"type-product","3":"status-publish","4":"has-post-thumbnail","6":"product_cat-science","7":"product_tag-first-edition","8":"product_tag-statistics","9":"pa_auteur-antoine-laurent-de-lavoisier-2","11":"first","12":"instock","13":"shipping-taxable","14":"purchasable","15":"product-type-simple"},"acf":[],"yoast_head":"<!-- This site is optimized with the Yoast SEO plugin v24.3 - https:\/\/yoast.com\/wordpress\/plugins\/seo\/ -->\n<title>LAVOISIER Antoine-Laurent de R\u00e9sultats extraits d&#039;un ouvrage intitul\u00e9 : De la Richesse territoriale du Royaume de France ; Ouvrage dont la r\u00e9daction n&#039;est point encore achev\u00e9e. - Libairie Clavreuil<\/title>\n<meta name=\"robots\" content=\"noindex, follow, max-snippet:-1, max-image-preview:large, max-video-preview:-1\" \/>\n<meta property=\"og:locale\" content=\"en_US\" \/>\n<meta property=\"og:type\" content=\"article\" \/>\n<meta property=\"og:title\" content=\"LAVOISIER Antoine-Laurent de R\u00e9sultats extraits d&#039;un ouvrage intitul\u00e9 : De la Richesse territoriale du Royaume de France ; Ouvrage dont la r\u00e9daction n&#039;est point encore achev\u00e9e. - Libairie Clavreuil\" \/>\n<meta property=\"og:description\" content=\"8vo (212 x 140 mm) 1 nn.l., 48 pp. Stitched as issued, in a modern box.\" \/>\n<meta property=\"og:url\" content=\"https:\/\/clavreuil-wordpress.logiciel-arteo.fr\/lavoisier-antoine-laurent-de-resultats-extraits-dun-ouvrage-intitule-de-la-richesse-territoriale-du-royaume-de-france-ouvrage-dont-la-redaction-nest-point-encore-achevee\/\" \/>\n<meta property=\"og:site_name\" content=\"Libairie Clavreuil\" \/>\n<meta property=\"article:modified_time\" content=\"2024-04-26T08:10:04+00:00\" \/>\n<meta property=\"og:image\" content=\"https:\/\/clavreuil-wordpress.logiciel-arteo.fr\/wp-content\/uploads\/2024\/04\/antoine-laurent-de-lavoisier-resultats-extraits-d-un-ouvrage-intitule-de-la-richesse-territoriale-du-royaume-de-france-ouvrage-dont-la-redaction-n-est-scaled.jpg\" \/>\n\t<meta property=\"og:image:width\" content=\"1920\" \/>\n\t<meta property=\"og:image:height\" content=\"2560\" \/>\n\t<meta property=\"og:image:type\" content=\"image\/jpeg\" \/>\n<meta name=\"twitter:card\" content=\"summary_large_image\" \/>\n<meta name=\"twitter:label1\" content=\"Est. reading time\" \/>\n\t<meta name=\"twitter:data1\" content=\"1 minute\" \/>\n<script type=\"application\/ld+json\" class=\"yoast-schema-graph\">{\"@context\":\"https:\/\/schema.org\",\"@graph\":[{\"@type\":\"WebPage\",\"@id\":\"https:\/\/clavreuil-wordpress.logiciel-arteo.fr\/lavoisier-antoine-laurent-de-resultats-extraits-dun-ouvrage-intitule-de-la-richesse-territoriale-du-royaume-de-france-ouvrage-dont-la-redaction-nest-point-encore-achevee\/\",\"url\":\"https:\/\/clavreuil-wordpress.logiciel-arteo.fr\/lavoisier-antoine-laurent-de-resultats-extraits-dun-ouvrage-intitule-de-la-richesse-territoriale-du-royaume-de-france-ouvrage-dont-la-redaction-nest-point-encore-achevee\/\",\"name\":\"LAVOISIER Antoine-Laurent de R\u00e9sultats extraits d'un ouvrage intitul\u00e9 : De la Richesse territoriale du Royaume de France ; Ouvrage dont la r\u00e9daction n'est point encore achev\u00e9e. - Libairie Clavreuil\",\"isPartOf\":{\"@id\":\"https:\/\/clavreuil-wordpress.logiciel-arteo.fr\/#website\"},\"primaryImageOfPage\":{\"@id\":\"https:\/\/clavreuil-wordpress.logiciel-arteo.fr\/lavoisier-antoine-laurent-de-resultats-extraits-dun-ouvrage-intitule-de-la-richesse-territoriale-du-royaume-de-france-ouvrage-dont-la-redaction-nest-point-encore-achevee\/#primaryimage\"},\"image\":{\"@id\":\"https:\/\/clavreuil-wordpress.logiciel-arteo.fr\/lavoisier-antoine-laurent-de-resultats-extraits-dun-ouvrage-intitule-de-la-richesse-territoriale-du-royaume-de-france-ouvrage-dont-la-redaction-nest-point-encore-achevee\/#primaryimage\"},\"thumbnailUrl\":\"https:\/\/clavreuil-wordpress.logiciel-arteo.fr\/wp-content\/uploads\/2024\/04\/antoine-laurent-de-lavoisier-resultats-extraits-d-un-ouvrage-intitule-de-la-richesse-territoriale-du-royaume-de-france-ouvrage-dont-la-redaction-n-est-scaled.jpg\",\"datePublished\":\"2024-04-26T08:09:39+00:00\",\"dateModified\":\"2024-04-26T08:10:04+00:00\",\"breadcrumb\":{\"@id\":\"https:\/\/clavreuil-wordpress.logiciel-arteo.fr\/lavoisier-antoine-laurent-de-resultats-extraits-dun-ouvrage-intitule-de-la-richesse-territoriale-du-royaume-de-france-ouvrage-dont-la-redaction-nest-point-encore-achevee\/#breadcrumb\"},\"inLanguage\":\"en-US\",\"potentialAction\":[{\"@type\":\"ReadAction\",\"target\":[\"https:\/\/clavreuil-wordpress.logiciel-arteo.fr\/lavoisier-antoine-laurent-de-resultats-extraits-dun-ouvrage-intitule-de-la-richesse-territoriale-du-royaume-de-france-ouvrage-dont-la-redaction-nest-point-encore-achevee\/\"]}]},{\"@type\":\"ImageObject\",\"inLanguage\":\"en-US\",\"@id\":\"https:\/\/clavreuil-wordpress.logiciel-arteo.fr\/lavoisier-antoine-laurent-de-resultats-extraits-dun-ouvrage-intitule-de-la-richesse-territoriale-du-royaume-de-france-ouvrage-dont-la-redaction-nest-point-encore-achevee\/#primaryimage\",\"url\":\"https:\/\/clavreuil-wordpress.logiciel-arteo.fr\/wp-content\/uploads\/2024\/04\/antoine-laurent-de-lavoisier-resultats-extraits-d-un-ouvrage-intitule-de-la-richesse-territoriale-du-royaume-de-france-ouvrage-dont-la-redaction-n-est-scaled.jpg\",\"contentUrl\":\"https:\/\/clavreuil-wordpress.logiciel-arteo.fr\/wp-content\/uploads\/2024\/04\/antoine-laurent-de-lavoisier-resultats-extraits-d-un-ouvrage-intitule-de-la-richesse-territoriale-du-royaume-de-france-ouvrage-dont-la-redaction-n-est-scaled.jpg\",\"width\":1920,\"height\":2560},{\"@type\":\"BreadcrumbList\",\"@id\":\"https:\/\/clavreuil-wordpress.logiciel-arteo.fr\/lavoisier-antoine-laurent-de-resultats-extraits-dun-ouvrage-intitule-de-la-richesse-territoriale-du-royaume-de-france-ouvrage-dont-la-redaction-nest-point-encore-achevee\/#breadcrumb\",\"itemListElement\":[{\"@type\":\"ListItem\",\"position\":1,\"name\":\"Accueil\",\"item\":\"https:\/\/clavreuil-wordpress.logiciel-arteo.fr\/\"},{\"@type\":\"ListItem\",\"position\":2,\"name\":\"All our books\",\"item\":\"https:\/\/clavreuil-wordpress.logiciel-arteo.fr\/en\/all-our-books\/\"},{\"@type\":\"ListItem\",\"position\":3,\"name\":\"LAVOISIER Antoine-Laurent de R\u00e9sultats extraits d&#8217;un ouvrage intitul\u00e9...\"}]},{\"@type\":\"WebSite\",\"@id\":\"https:\/\/clavreuil-wordpress.logiciel-arteo.fr\/#website\",\"url\":\"https:\/\/clavreuil-wordpress.logiciel-arteo.fr\/\",\"name\":\"Libairie Clavreuil\",\"description\":\"\",\"publisher\":{\"@id\":\"https:\/\/clavreuil-wordpress.logiciel-arteo.fr\/#organization\"},\"potentialAction\":[{\"@type\":\"SearchAction\",\"target\":{\"@type\":\"EntryPoint\",\"urlTemplate\":\"https:\/\/clavreuil-wordpress.logiciel-arteo.fr\/?s={search_term_string}\"},\"query-input\":{\"@type\":\"PropertyValueSpecification\",\"valueRequired\":true,\"valueName\":\"search_term_string\"}}],\"inLanguage\":\"en-US\"},{\"@type\":\"Organization\",\"@id\":\"https:\/\/clavreuil-wordpress.logiciel-arteo.fr\/#organization\",\"name\":\"Libairie Clavreuil\",\"url\":\"https:\/\/clavreuil-wordpress.logiciel-arteo.fr\/\",\"logo\":{\"@type\":\"ImageObject\",\"inLanguage\":\"en-US\",\"@id\":\"https:\/\/clavreuil-wordpress.logiciel-arteo.fr\/#\/schema\/logo\/image\/\",\"url\":\"https:\/\/clavreuil-wordpress.logiciel-arteo.fr\/wp-content\/uploads\/2021\/05\/LOGO_PNG_DATE-_gold.png\",\"contentUrl\":\"https:\/\/clavreuil-wordpress.logiciel-arteo.fr\/wp-content\/uploads\/2021\/05\/LOGO_PNG_DATE-_gold.png\",\"width\":2083,\"height\":1917,\"caption\":\"Libairie Clavreuil\"},\"image\":{\"@id\":\"https:\/\/clavreuil-wordpress.logiciel-arteo.fr\/#\/schema\/logo\/image\/\"}}]}<\/script>\n<!-- \/ Yoast SEO plugin. -->","yoast_head_json":{"title":"LAVOISIER Antoine-Laurent de R\u00e9sultats extraits d'un ouvrage intitul\u00e9 : De la Richesse territoriale du Royaume de France ; Ouvrage dont la r\u00e9daction n'est point encore achev\u00e9e. - Libairie Clavreuil","robots":{"index":"noindex","follow":"follow","max-snippet":"max-snippet:-1","max-image-preview":"max-image-preview:large","max-video-preview":"max-video-preview:-1"},"og_locale":"en_US","og_type":"article","og_title":"LAVOISIER Antoine-Laurent de R\u00e9sultats extraits d'un ouvrage intitul\u00e9 : De la Richesse territoriale du Royaume de France ; Ouvrage dont la r\u00e9daction n'est point encore achev\u00e9e. - Libairie Clavreuil","og_description":"8vo (212 x 140 mm) 1 nn.l., 48 pp. Stitched as issued, in a modern box.","og_url":"https:\/\/clavreuil-wordpress.logiciel-arteo.fr\/lavoisier-antoine-laurent-de-resultats-extraits-dun-ouvrage-intitule-de-la-richesse-territoriale-du-royaume-de-france-ouvrage-dont-la-redaction-nest-point-encore-achevee\/","og_site_name":"Libairie Clavreuil","article_modified_time":"2024-04-26T08:10:04+00:00","og_image":[{"width":1920,"height":2560,"url":"https:\/\/clavreuil-wordpress.logiciel-arteo.fr\/wp-content\/uploads\/2024\/04\/antoine-laurent-de-lavoisier-resultats-extraits-d-un-ouvrage-intitule-de-la-richesse-territoriale-du-royaume-de-france-ouvrage-dont-la-redaction-n-est-scaled.jpg","type":"image\/jpeg"}],"twitter_card":"summary_large_image","twitter_misc":{"Est. reading time":"1 minute"},"schema":{"@context":"https:\/\/schema.org","@graph":[{"@type":"WebPage","@id":"https:\/\/clavreuil-wordpress.logiciel-arteo.fr\/lavoisier-antoine-laurent-de-resultats-extraits-dun-ouvrage-intitule-de-la-richesse-territoriale-du-royaume-de-france-ouvrage-dont-la-redaction-nest-point-encore-achevee\/","url":"https:\/\/clavreuil-wordpress.logiciel-arteo.fr\/lavoisier-antoine-laurent-de-resultats-extraits-dun-ouvrage-intitule-de-la-richesse-territoriale-du-royaume-de-france-ouvrage-dont-la-redaction-nest-point-encore-achevee\/","name":"LAVOISIER Antoine-Laurent de R\u00e9sultats extraits d'un ouvrage intitul\u00e9 : De la Richesse territoriale du Royaume de France ; Ouvrage dont la r\u00e9daction n'est point encore achev\u00e9e. - Libairie Clavreuil","isPartOf":{"@id":"https:\/\/clavreuil-wordpress.logiciel-arteo.fr\/#website"},"primaryImageOfPage":{"@id":"https:\/\/clavreuil-wordpress.logiciel-arteo.fr\/lavoisier-antoine-laurent-de-resultats-extraits-dun-ouvrage-intitule-de-la-richesse-territoriale-du-royaume-de-france-ouvrage-dont-la-redaction-nest-point-encore-achevee\/#primaryimage"},"image":{"@id":"https:\/\/clavreuil-wordpress.logiciel-arteo.fr\/lavoisier-antoine-laurent-de-resultats-extraits-dun-ouvrage-intitule-de-la-richesse-territoriale-du-royaume-de-france-ouvrage-dont-la-redaction-nest-point-encore-achevee\/#primaryimage"},"thumbnailUrl":"https:\/\/clavreuil-wordpress.logiciel-arteo.fr\/wp-content\/uploads\/2024\/04\/antoine-laurent-de-lavoisier-resultats-extraits-d-un-ouvrage-intitule-de-la-richesse-territoriale-du-royaume-de-france-ouvrage-dont-la-redaction-n-est-scaled.jpg","datePublished":"2024-04-26T08:09:39+00:00","dateModified":"2024-04-26T08:10:04+00:00","breadcrumb":{"@id":"https:\/\/clavreuil-wordpress.logiciel-arteo.fr\/lavoisier-antoine-laurent-de-resultats-extraits-dun-ouvrage-intitule-de-la-richesse-territoriale-du-royaume-de-france-ouvrage-dont-la-redaction-nest-point-encore-achevee\/#breadcrumb"},"inLanguage":"en-US","potentialAction":[{"@type":"ReadAction","target":["https:\/\/clavreuil-wordpress.logiciel-arteo.fr\/lavoisier-antoine-laurent-de-resultats-extraits-dun-ouvrage-intitule-de-la-richesse-territoriale-du-royaume-de-france-ouvrage-dont-la-redaction-nest-point-encore-achevee\/"]}]},{"@type":"ImageObject","inLanguage":"en-US","@id":"https:\/\/clavreuil-wordpress.logiciel-arteo.fr\/lavoisier-antoine-laurent-de-resultats-extraits-dun-ouvrage-intitule-de-la-richesse-territoriale-du-royaume-de-france-ouvrage-dont-la-redaction-nest-point-encore-achevee\/#primaryimage","url":"https:\/\/clavreuil-wordpress.logiciel-arteo.fr\/wp-content\/uploads\/2024\/04\/antoine-laurent-de-lavoisier-resultats-extraits-d-un-ouvrage-intitule-de-la-richesse-territoriale-du-royaume-de-france-ouvrage-dont-la-redaction-n-est-scaled.jpg","contentUrl":"https:\/\/clavreuil-wordpress.logiciel-arteo.fr\/wp-content\/uploads\/2024\/04\/antoine-laurent-de-lavoisier-resultats-extraits-d-un-ouvrage-intitule-de-la-richesse-territoriale-du-royaume-de-france-ouvrage-dont-la-redaction-n-est-scaled.jpg","width":1920,"height":2560},{"@type":"BreadcrumbList","@id":"https:\/\/clavreuil-wordpress.logiciel-arteo.fr\/lavoisier-antoine-laurent-de-resultats-extraits-dun-ouvrage-intitule-de-la-richesse-territoriale-du-royaume-de-france-ouvrage-dont-la-redaction-nest-point-encore-achevee\/#breadcrumb","itemListElement":[{"@type":"ListItem","position":1,"name":"Accueil","item":"https:\/\/clavreuil-wordpress.logiciel-arteo.fr\/"},{"@type":"ListItem","position":2,"name":"All our books","item":"https:\/\/clavreuil-wordpress.logiciel-arteo.fr\/en\/all-our-books\/"},{"@type":"ListItem","position":3,"name":"LAVOISIER Antoine-Laurent de R\u00e9sultats extraits d&#8217;un ouvrage intitul\u00e9..."}]},{"@type":"WebSite","@id":"https:\/\/clavreuil-wordpress.logiciel-arteo.fr\/#website","url":"https:\/\/clavreuil-wordpress.logiciel-arteo.fr\/","name":"Libairie Clavreuil","description":"","publisher":{"@id":"https:\/\/clavreuil-wordpress.logiciel-arteo.fr\/#organization"},"potentialAction":[{"@type":"SearchAction","target":{"@type":"EntryPoint","urlTemplate":"https:\/\/clavreuil-wordpress.logiciel-arteo.fr\/?s={search_term_string}"},"query-input":{"@type":"PropertyValueSpecification","valueRequired":true,"valueName":"search_term_string"}}],"inLanguage":"en-US"},{"@type":"Organization","@id":"https:\/\/clavreuil-wordpress.logiciel-arteo.fr\/#organization","name":"Libairie Clavreuil","url":"https:\/\/clavreuil-wordpress.logiciel-arteo.fr\/","logo":{"@type":"ImageObject","inLanguage":"en-US","@id":"https:\/\/clavreuil-wordpress.logiciel-arteo.fr\/#\/schema\/logo\/image\/","url":"https:\/\/clavreuil-wordpress.logiciel-arteo.fr\/wp-content\/uploads\/2021\/05\/LOGO_PNG_DATE-_gold.png","contentUrl":"https:\/\/clavreuil-wordpress.logiciel-arteo.fr\/wp-content\/uploads\/2021\/05\/LOGO_PNG_DATE-_gold.png","width":2083,"height":1917,"caption":"Libairie Clavreuil"},"image":{"@id":"https:\/\/clavreuil-wordpress.logiciel-arteo.fr\/#\/schema\/logo\/image\/"}}]}},"_links":{"self":[{"href":"https:\/\/clavreuil-wordpress.logiciel-arteo.fr\/en\/wp-json\/wp\/v2\/product\/76859","targetHints":{"allow":["GET"]}}],"collection":[{"href":"https:\/\/clavreuil-wordpress.logiciel-arteo.fr\/en\/wp-json\/wp\/v2\/product"}],"about":[{"href":"https:\/\/clavreuil-wordpress.logiciel-arteo.fr\/en\/wp-json\/wp\/v2\/types\/product"}],"replies":[{"embeddable":true,"href":"https:\/\/clavreuil-wordpress.logiciel-arteo.fr\/en\/wp-json\/wp\/v2\/comments?post=76859"}],"wp:featuredmedia":[{"embeddable":true,"href":"https:\/\/clavreuil-wordpress.logiciel-arteo.fr\/en\/wp-json\/wp\/v2\/media\/76856"}],"wp:attachment":[{"href":"https:\/\/clavreuil-wordpress.logiciel-arteo.fr\/en\/wp-json\/wp\/v2\/media?parent=76859"}],"wp:term":[{"taxonomy":"product_brand","embeddable":true,"href":"https:\/\/clavreuil-wordpress.logiciel-arteo.fr\/en\/wp-json\/wp\/v2\/product_brand?post=76859"},{"taxonomy":"product_cat","embeddable":true,"href":"https:\/\/clavreuil-wordpress.logiciel-arteo.fr\/en\/wp-json\/wp\/v2\/product_cat?post=76859"},{"taxonomy":"product_tag","embeddable":true,"href":"https:\/\/clavreuil-wordpress.logiciel-arteo.fr\/en\/wp-json\/wp\/v2\/product_tag?post=76859"}],"curies":[{"name":"wp","href":"https:\/\/api.w.org\/{rel}","templated":true}]}}