{"id":76873,"date":"2024-04-26T10:11:02","date_gmt":"2024-04-26T08:11:02","guid":{"rendered":"https:\/\/clavreuil-wordpress.logiciel-arteo.fr\/anonyme-tarif-des-droits-dentree-et-de-sortie-des-cinq-grosses-fermes-ordonnes-etre-percus-par-ledit-de-1664-sur-toutes-les-marchandises-augmente-de-notes-observations-sur-les-mutations-d\/"},"modified":"2024-04-26T10:11:30","modified_gmt":"2024-04-26T08:11:30","slug":"anonyme-tarif-des-droits-dentree-et-de-sortie-des-cinq-grosses-fermes-ordonnes-etre-percus-par-ledit-de-1664-sur-toutes-les-marchandises-augmente-de-notes-observations-sur-les-mutations-d","status":"publish","type":"product","link":"https:\/\/clavreuil-wordpress.logiciel-arteo.fr\/en\/anonyme-tarif-des-droits-dentree-et-de-sortie-des-cinq-grosses-fermes-ordonnes-etre-percus-par-ledit-de-1664-sur-toutes-les-marchandises-augmente-de-notes-observations-sur-les-mutations-d\/","title":{"rendered":"ANONYME TARIF des Droits d&#8217;entr\u00e9e et de sortie..."},"content":{"rendered":"<p style=\"text-align:justify\"><em>Goldsmiths 9371 ; Kress 5759.<\/em><\/p>\n<p style=\"text-align:justify\">The two previous editions contained rulings and regulations &quot;unrelated to the work&quot; or &quot;even giving an interpretation quite different from that which they should have&#8230;. It was with a view to preventing such inconveniences that we undertook to produce this third edition&#8230; which is much more satisfactory&quot; (Foreword).<\/p>\n<p style=\"text-align:justify\">This Tariff traces the development of France&#039;s trade with its colonies (Canada, West Indies, Louisiana, etc.) and with foreign countries over a period of almost a century.<\/p>\n<p style=\"text-align:justify\">Volume II contains the <em>Recueil des &eacute;dits post&eacute;rieurs &agrave; 1664.<\/em><\/p>\n<p style=\"text-align:justify\">Binding skilfully restored.<\/p>\n","protected":false},"excerpt":{"rendered":"<p>2volumes, large 8vo (199 x 127 mm) of 2 unn.l. (including 1rst blank), XII, 319 pp. for the volume I; LII, 764 pp. for the volume II. Marbeled sheep, spine gilt with raised bands (<em>contemporary binding<\/em>).<\/p>\n","protected":false},"featured_media":76868,"comment_status":"open","ping_status":"closed","template":"","meta":{"_acf_changed":false},"product_brand":[],"product_cat":[536],"product_tag":[560],"class_list":{"0":"post-76873","1":"product","2":"type-product","3":"status-publish","4":"has-post-thumbnail","6":"product_cat-right-economy","7":"product_tag-trade","8":"pa_auteur-anonyme-2","9":"pa_type-de-livre-printed-book","11":"first","12":"instock","13":"shipping-taxable","14":"purchasable","15":"product-type-simple"},"acf":[],"yoast_head":"<!-- This site is optimized with the Yoast SEO plugin v24.3 - https:\/\/yoast.com\/wordpress\/plugins\/seo\/ -->\n<title>ANONYME  TARIF des Droits d&#039;entr\u00e9e et de sortie des cinq grosses fermes, ordonn\u00e9s \u00eatre per\u00e7us par l&#039;Edit de 1664 sur toutes les Marchandises. Augment\u00e9 de Notes &amp; Observations sur les mutations des Droits depuis ledit Tarif... Suivi des Ordonnances de 1681 &amp; 1687, renfermant la R\u00e9gie des Fermes... - Libairie Clavreuil<\/title>\n<meta name=\"robots\" content=\"noindex, follow, max-snippet:-1, max-image-preview:large, max-video-preview:-1\" \/>\n<meta property=\"og:locale\" content=\"en_US\" \/>\n<meta property=\"og:type\" content=\"article\" \/>\n<meta property=\"og:title\" content=\"ANONYME  TARIF des Droits d&#039;entr\u00e9e et de sortie des cinq grosses fermes, ordonn\u00e9s \u00eatre per\u00e7us par l&#039;Edit de 1664 sur toutes les Marchandises. Augment\u00e9 de Notes &amp; Observations sur les mutations des Droits depuis ledit Tarif... Suivi des Ordonnances de 1681 &amp; 1687, renfermant la R\u00e9gie des Fermes... - Libairie Clavreuil\" \/>\n<meta property=\"og:description\" content=\"2volumes, large 8vo (199 x 127 mm) of 2 unn.l. (including 1rst blank), XII, 319 pp. for the volume I; LII, 764 pp. for the volume II. Marbeled sheep, spine gilt with raised bands (contemporary binding).\" \/>\n<meta property=\"og:url\" content=\"https:\/\/clavreuil-wordpress.logiciel-arteo.fr\/en\/anonyme-tarif-des-droits-dentree-et-de-sortie-des-cinq-grosses-fermes-ordonnes-etre-percus-par-ledit-de-1664-sur-toutes-les-marchandises-augmente-de-notes-observations-sur-les-mutations-d\/\" \/>\n<meta property=\"og:site_name\" content=\"Libairie Clavreuil\" \/>\n<meta property=\"article:modified_time\" content=\"2024-04-26T08:11:30+00:00\" \/>\n<meta property=\"og:image\" content=\"https:\/\/clavreuil-wordpress.logiciel-arteo.fr\/wp-content\/uploads\/2024\/04\/anonyme-tarif-des-droits-d-entree-et-de-sortie-des-cinq-grosses-fermes-ordonnes-etre-percus-par-l-edit-de-1664-sur-toutes-les-marchandises-augmente-de-scaled.jpg\" \/>\n\t<meta property=\"og:image:width\" content=\"1920\" \/>\n\t<meta property=\"og:image:height\" content=\"2560\" \/>\n\t<meta property=\"og:image:type\" content=\"image\/jpeg\" \/>\n<meta name=\"twitter:card\" content=\"summary_large_image\" \/>\n<script type=\"application\/ld+json\" class=\"yoast-schema-graph\">{\"@context\":\"https:\/\/schema.org\",\"@graph\":[{\"@type\":\"WebPage\",\"@id\":\"https:\/\/clavreuil-wordpress.logiciel-arteo.fr\/en\/anonyme-tarif-des-droits-dentree-et-de-sortie-des-cinq-grosses-fermes-ordonnes-etre-percus-par-ledit-de-1664-sur-toutes-les-marchandises-augmente-de-notes-observations-sur-les-mutations-d\/\",\"url\":\"https:\/\/clavreuil-wordpress.logiciel-arteo.fr\/en\/anonyme-tarif-des-droits-dentree-et-de-sortie-des-cinq-grosses-fermes-ordonnes-etre-percus-par-ledit-de-1664-sur-toutes-les-marchandises-augmente-de-notes-observations-sur-les-mutations-d\/\",\"name\":\"ANONYME TARIF des Droits d'entr\u00e9e et de sortie des cinq grosses fermes, ordonn\u00e9s \u00eatre per\u00e7us par l'Edit de 1664 sur toutes les Marchandises. Augment\u00e9 de Notes &amp; Observations sur les mutations des Droits depuis ledit Tarif... Suivi des Ordonnances de 1681 &amp; 1687, renfermant la R\u00e9gie des Fermes... - Libairie Clavreuil\",\"isPartOf\":{\"@id\":\"https:\/\/clavreuil-wordpress.logiciel-arteo.fr\/#website\"},\"primaryImageOfPage\":{\"@id\":\"https:\/\/clavreuil-wordpress.logiciel-arteo.fr\/en\/anonyme-tarif-des-droits-dentree-et-de-sortie-des-cinq-grosses-fermes-ordonnes-etre-percus-par-ledit-de-1664-sur-toutes-les-marchandises-augmente-de-notes-observations-sur-les-mutations-d\/#primaryimage\"},\"image\":{\"@id\":\"https:\/\/clavreuil-wordpress.logiciel-arteo.fr\/en\/anonyme-tarif-des-droits-dentree-et-de-sortie-des-cinq-grosses-fermes-ordonnes-etre-percus-par-ledit-de-1664-sur-toutes-les-marchandises-augmente-de-notes-observations-sur-les-mutations-d\/#primaryimage\"},\"thumbnailUrl\":\"https:\/\/clavreuil-wordpress.logiciel-arteo.fr\/wp-content\/uploads\/2024\/04\/anonyme-tarif-des-droits-d-entree-et-de-sortie-des-cinq-grosses-fermes-ordonnes-etre-percus-par-l-edit-de-1664-sur-toutes-les-marchandises-augmente-de-scaled.jpg\",\"datePublished\":\"2024-04-26T08:11:02+00:00\",\"dateModified\":\"2024-04-26T08:11:30+00:00\",\"breadcrumb\":{\"@id\":\"https:\/\/clavreuil-wordpress.logiciel-arteo.fr\/en\/anonyme-tarif-des-droits-dentree-et-de-sortie-des-cinq-grosses-fermes-ordonnes-etre-percus-par-ledit-de-1664-sur-toutes-les-marchandises-augmente-de-notes-observations-sur-les-mutations-d\/#breadcrumb\"},\"inLanguage\":\"en-US\",\"potentialAction\":[{\"@type\":\"ReadAction\",\"target\":[\"https:\/\/clavreuil-wordpress.logiciel-arteo.fr\/en\/anonyme-tarif-des-droits-dentree-et-de-sortie-des-cinq-grosses-fermes-ordonnes-etre-percus-par-ledit-de-1664-sur-toutes-les-marchandises-augmente-de-notes-observations-sur-les-mutations-d\/\"]}]},{\"@type\":\"ImageObject\",\"inLanguage\":\"en-US\",\"@id\":\"https:\/\/clavreuil-wordpress.logiciel-arteo.fr\/en\/anonyme-tarif-des-droits-dentree-et-de-sortie-des-cinq-grosses-fermes-ordonnes-etre-percus-par-ledit-de-1664-sur-toutes-les-marchandises-augmente-de-notes-observations-sur-les-mutations-d\/#primaryimage\",\"url\":\"https:\/\/clavreuil-wordpress.logiciel-arteo.fr\/wp-content\/uploads\/2024\/04\/anonyme-tarif-des-droits-d-entree-et-de-sortie-des-cinq-grosses-fermes-ordonnes-etre-percus-par-l-edit-de-1664-sur-toutes-les-marchandises-augmente-de-scaled.jpg\",\"contentUrl\":\"https:\/\/clavreuil-wordpress.logiciel-arteo.fr\/wp-content\/uploads\/2024\/04\/anonyme-tarif-des-droits-d-entree-et-de-sortie-des-cinq-grosses-fermes-ordonnes-etre-percus-par-l-edit-de-1664-sur-toutes-les-marchandises-augmente-de-scaled.jpg\",\"width\":1920,\"height\":2560},{\"@type\":\"BreadcrumbList\",\"@id\":\"https:\/\/clavreuil-wordpress.logiciel-arteo.fr\/en\/anonyme-tarif-des-droits-dentree-et-de-sortie-des-cinq-grosses-fermes-ordonnes-etre-percus-par-ledit-de-1664-sur-toutes-les-marchandises-augmente-de-notes-observations-sur-les-mutations-d\/#breadcrumb\",\"itemListElement\":[{\"@type\":\"ListItem\",\"position\":1,\"name\":\"Accueil\",\"item\":\"https:\/\/clavreuil-wordpress.logiciel-arteo.fr\/\"},{\"@type\":\"ListItem\",\"position\":2,\"name\":\"All our books\",\"item\":\"https:\/\/clavreuil-wordpress.logiciel-arteo.fr\/en\/all-our-books\/\"},{\"@type\":\"ListItem\",\"position\":3,\"name\":\"ANONYME TARIF des Droits d&#8217;entr\u00e9e et de sortie...\"}]},{\"@type\":\"WebSite\",\"@id\":\"https:\/\/clavreuil-wordpress.logiciel-arteo.fr\/#website\",\"url\":\"https:\/\/clavreuil-wordpress.logiciel-arteo.fr\/\",\"name\":\"Libairie Clavreuil\",\"description\":\"\",\"publisher\":{\"@id\":\"https:\/\/clavreuil-wordpress.logiciel-arteo.fr\/#organization\"},\"potentialAction\":[{\"@type\":\"SearchAction\",\"target\":{\"@type\":\"EntryPoint\",\"urlTemplate\":\"https:\/\/clavreuil-wordpress.logiciel-arteo.fr\/?s={search_term_string}\"},\"query-input\":{\"@type\":\"PropertyValueSpecification\",\"valueRequired\":true,\"valueName\":\"search_term_string\"}}],\"inLanguage\":\"en-US\"},{\"@type\":\"Organization\",\"@id\":\"https:\/\/clavreuil-wordpress.logiciel-arteo.fr\/#organization\",\"name\":\"Libairie Clavreuil\",\"url\":\"https:\/\/clavreuil-wordpress.logiciel-arteo.fr\/\",\"logo\":{\"@type\":\"ImageObject\",\"inLanguage\":\"en-US\",\"@id\":\"https:\/\/clavreuil-wordpress.logiciel-arteo.fr\/#\/schema\/logo\/image\/\",\"url\":\"https:\/\/clavreuil-wordpress.logiciel-arteo.fr\/wp-content\/uploads\/2021\/05\/LOGO_PNG_DATE-_gold.png\",\"contentUrl\":\"https:\/\/clavreuil-wordpress.logiciel-arteo.fr\/wp-content\/uploads\/2021\/05\/LOGO_PNG_DATE-_gold.png\",\"width\":2083,\"height\":1917,\"caption\":\"Libairie Clavreuil\"},\"image\":{\"@id\":\"https:\/\/clavreuil-wordpress.logiciel-arteo.fr\/#\/schema\/logo\/image\/\"}}]}<\/script>\n<!-- \/ Yoast SEO plugin. -->","yoast_head_json":{"title":"ANONYME  TARIF des Droits d'entr\u00e9e et de sortie des cinq grosses fermes, ordonn\u00e9s \u00eatre per\u00e7us par l'Edit de 1664 sur toutes les Marchandises. Augment\u00e9 de Notes &amp; Observations sur les mutations des Droits depuis ledit Tarif... Suivi des Ordonnances de 1681 &amp; 1687, renfermant la R\u00e9gie des Fermes... - Libairie Clavreuil","robots":{"index":"noindex","follow":"follow","max-snippet":"max-snippet:-1","max-image-preview":"max-image-preview:large","max-video-preview":"max-video-preview:-1"},"og_locale":"en_US","og_type":"article","og_title":"ANONYME  TARIF des Droits d'entr\u00e9e et de sortie des cinq grosses fermes, ordonn\u00e9s \u00eatre per\u00e7us par l'Edit de 1664 sur toutes les Marchandises. Augment\u00e9 de Notes &amp; Observations sur les mutations des Droits depuis ledit Tarif... Suivi des Ordonnances de 1681 &amp; 1687, renfermant la R\u00e9gie des Fermes... - Libairie Clavreuil","og_description":"2volumes, large 8vo (199 x 127 mm) of 2 unn.l. (including 1rst blank), XII, 319 pp. for the volume I; LII, 764 pp. for the volume II. Marbeled sheep, spine gilt with raised bands (contemporary binding).","og_url":"https:\/\/clavreuil-wordpress.logiciel-arteo.fr\/en\/anonyme-tarif-des-droits-dentree-et-de-sortie-des-cinq-grosses-fermes-ordonnes-etre-percus-par-ledit-de-1664-sur-toutes-les-marchandises-augmente-de-notes-observations-sur-les-mutations-d\/","og_site_name":"Libairie Clavreuil","article_modified_time":"2024-04-26T08:11:30+00:00","og_image":[{"width":1920,"height":2560,"url":"https:\/\/clavreuil-wordpress.logiciel-arteo.fr\/wp-content\/uploads\/2024\/04\/anonyme-tarif-des-droits-d-entree-et-de-sortie-des-cinq-grosses-fermes-ordonnes-etre-percus-par-l-edit-de-1664-sur-toutes-les-marchandises-augmente-de-scaled.jpg","type":"image\/jpeg"}],"twitter_card":"summary_large_image","schema":{"@context":"https:\/\/schema.org","@graph":[{"@type":"WebPage","@id":"https:\/\/clavreuil-wordpress.logiciel-arteo.fr\/en\/anonyme-tarif-des-droits-dentree-et-de-sortie-des-cinq-grosses-fermes-ordonnes-etre-percus-par-ledit-de-1664-sur-toutes-les-marchandises-augmente-de-notes-observations-sur-les-mutations-d\/","url":"https:\/\/clavreuil-wordpress.logiciel-arteo.fr\/en\/anonyme-tarif-des-droits-dentree-et-de-sortie-des-cinq-grosses-fermes-ordonnes-etre-percus-par-ledit-de-1664-sur-toutes-les-marchandises-augmente-de-notes-observations-sur-les-mutations-d\/","name":"ANONYME TARIF des Droits d'entr\u00e9e et de sortie des cinq grosses fermes, ordonn\u00e9s \u00eatre per\u00e7us par l'Edit de 1664 sur toutes les Marchandises. Augment\u00e9 de Notes &amp; Observations sur les mutations des Droits depuis ledit Tarif... Suivi des Ordonnances de 1681 &amp; 1687, renfermant la R\u00e9gie des Fermes... - Libairie Clavreuil","isPartOf":{"@id":"https:\/\/clavreuil-wordpress.logiciel-arteo.fr\/#website"},"primaryImageOfPage":{"@id":"https:\/\/clavreuil-wordpress.logiciel-arteo.fr\/en\/anonyme-tarif-des-droits-dentree-et-de-sortie-des-cinq-grosses-fermes-ordonnes-etre-percus-par-ledit-de-1664-sur-toutes-les-marchandises-augmente-de-notes-observations-sur-les-mutations-d\/#primaryimage"},"image":{"@id":"https:\/\/clavreuil-wordpress.logiciel-arteo.fr\/en\/anonyme-tarif-des-droits-dentree-et-de-sortie-des-cinq-grosses-fermes-ordonnes-etre-percus-par-ledit-de-1664-sur-toutes-les-marchandises-augmente-de-notes-observations-sur-les-mutations-d\/#primaryimage"},"thumbnailUrl":"https:\/\/clavreuil-wordpress.logiciel-arteo.fr\/wp-content\/uploads\/2024\/04\/anonyme-tarif-des-droits-d-entree-et-de-sortie-des-cinq-grosses-fermes-ordonnes-etre-percus-par-l-edit-de-1664-sur-toutes-les-marchandises-augmente-de-scaled.jpg","datePublished":"2024-04-26T08:11:02+00:00","dateModified":"2024-04-26T08:11:30+00:00","breadcrumb":{"@id":"https:\/\/clavreuil-wordpress.logiciel-arteo.fr\/en\/anonyme-tarif-des-droits-dentree-et-de-sortie-des-cinq-grosses-fermes-ordonnes-etre-percus-par-ledit-de-1664-sur-toutes-les-marchandises-augmente-de-notes-observations-sur-les-mutations-d\/#breadcrumb"},"inLanguage":"en-US","potentialAction":[{"@type":"ReadAction","target":["https:\/\/clavreuil-wordpress.logiciel-arteo.fr\/en\/anonyme-tarif-des-droits-dentree-et-de-sortie-des-cinq-grosses-fermes-ordonnes-etre-percus-par-ledit-de-1664-sur-toutes-les-marchandises-augmente-de-notes-observations-sur-les-mutations-d\/"]}]},{"@type":"ImageObject","inLanguage":"en-US","@id":"https:\/\/clavreuil-wordpress.logiciel-arteo.fr\/en\/anonyme-tarif-des-droits-dentree-et-de-sortie-des-cinq-grosses-fermes-ordonnes-etre-percus-par-ledit-de-1664-sur-toutes-les-marchandises-augmente-de-notes-observations-sur-les-mutations-d\/#primaryimage","url":"https:\/\/clavreuil-wordpress.logiciel-arteo.fr\/wp-content\/uploads\/2024\/04\/anonyme-tarif-des-droits-d-entree-et-de-sortie-des-cinq-grosses-fermes-ordonnes-etre-percus-par-l-edit-de-1664-sur-toutes-les-marchandises-augmente-de-scaled.jpg","contentUrl":"https:\/\/clavreuil-wordpress.logiciel-arteo.fr\/wp-content\/uploads\/2024\/04\/anonyme-tarif-des-droits-d-entree-et-de-sortie-des-cinq-grosses-fermes-ordonnes-etre-percus-par-l-edit-de-1664-sur-toutes-les-marchandises-augmente-de-scaled.jpg","width":1920,"height":2560},{"@type":"BreadcrumbList","@id":"https:\/\/clavreuil-wordpress.logiciel-arteo.fr\/en\/anonyme-tarif-des-droits-dentree-et-de-sortie-des-cinq-grosses-fermes-ordonnes-etre-percus-par-ledit-de-1664-sur-toutes-les-marchandises-augmente-de-notes-observations-sur-les-mutations-d\/#breadcrumb","itemListElement":[{"@type":"ListItem","position":1,"name":"Accueil","item":"https:\/\/clavreuil-wordpress.logiciel-arteo.fr\/"},{"@type":"ListItem","position":2,"name":"All our books","item":"https:\/\/clavreuil-wordpress.logiciel-arteo.fr\/en\/all-our-books\/"},{"@type":"ListItem","position":3,"name":"ANONYME TARIF des Droits d&#8217;entr\u00e9e et de sortie..."}]},{"@type":"WebSite","@id":"https:\/\/clavreuil-wordpress.logiciel-arteo.fr\/#website","url":"https:\/\/clavreuil-wordpress.logiciel-arteo.fr\/","name":"Libairie Clavreuil","description":"","publisher":{"@id":"https:\/\/clavreuil-wordpress.logiciel-arteo.fr\/#organization"},"potentialAction":[{"@type":"SearchAction","target":{"@type":"EntryPoint","urlTemplate":"https:\/\/clavreuil-wordpress.logiciel-arteo.fr\/?s={search_term_string}"},"query-input":{"@type":"PropertyValueSpecification","valueRequired":true,"valueName":"search_term_string"}}],"inLanguage":"en-US"},{"@type":"Organization","@id":"https:\/\/clavreuil-wordpress.logiciel-arteo.fr\/#organization","name":"Libairie Clavreuil","url":"https:\/\/clavreuil-wordpress.logiciel-arteo.fr\/","logo":{"@type":"ImageObject","inLanguage":"en-US","@id":"https:\/\/clavreuil-wordpress.logiciel-arteo.fr\/#\/schema\/logo\/image\/","url":"https:\/\/clavreuil-wordpress.logiciel-arteo.fr\/wp-content\/uploads\/2021\/05\/LOGO_PNG_DATE-_gold.png","contentUrl":"https:\/\/clavreuil-wordpress.logiciel-arteo.fr\/wp-content\/uploads\/2021\/05\/LOGO_PNG_DATE-_gold.png","width":2083,"height":1917,"caption":"Libairie Clavreuil"},"image":{"@id":"https:\/\/clavreuil-wordpress.logiciel-arteo.fr\/#\/schema\/logo\/image\/"}}]}},"_links":{"self":[{"href":"https:\/\/clavreuil-wordpress.logiciel-arteo.fr\/en\/wp-json\/wp\/v2\/product\/76873","targetHints":{"allow":["GET"]}}],"collection":[{"href":"https:\/\/clavreuil-wordpress.logiciel-arteo.fr\/en\/wp-json\/wp\/v2\/product"}],"about":[{"href":"https:\/\/clavreuil-wordpress.logiciel-arteo.fr\/en\/wp-json\/wp\/v2\/types\/product"}],"replies":[{"embeddable":true,"href":"https:\/\/clavreuil-wordpress.logiciel-arteo.fr\/en\/wp-json\/wp\/v2\/comments?post=76873"}],"wp:featuredmedia":[{"embeddable":true,"href":"https:\/\/clavreuil-wordpress.logiciel-arteo.fr\/en\/wp-json\/wp\/v2\/media\/76868"}],"wp:attachment":[{"href":"https:\/\/clavreuil-wordpress.logiciel-arteo.fr\/en\/wp-json\/wp\/v2\/media?parent=76873"}],"wp:term":[{"taxonomy":"product_brand","embeddable":true,"href":"https:\/\/clavreuil-wordpress.logiciel-arteo.fr\/en\/wp-json\/wp\/v2\/product_brand?post=76873"},{"taxonomy":"product_cat","embeddable":true,"href":"https:\/\/clavreuil-wordpress.logiciel-arteo.fr\/en\/wp-json\/wp\/v2\/product_cat?post=76873"},{"taxonomy":"product_tag","embeddable":true,"href":"https:\/\/clavreuil-wordpress.logiciel-arteo.fr\/en\/wp-json\/wp\/v2\/product_tag?post=76873"}],"curies":[{"name":"wp","href":"https:\/\/api.w.org\/{rel}","templated":true}]}}