{"id":76893,"date":"2024-04-26T10:29:04","date_gmt":"2024-04-26T08:29:04","guid":{"rendered":"https:\/\/clavreuil-wordpress.logiciel-arteo.fr\/baudeau-abbe-nicolas-avis-au-peuple-sur-son-premier-besoin-ou-petits-traites-economiques\/"},"modified":"2024-04-26T10:29:32","modified_gmt":"2024-04-26T08:29:32","slug":"baudeau-abbe-nicolas-avis-au-peuple-sur-son-premier-besoin-ou-petits-traites-economiques","status":"publish","type":"product","link":"https:\/\/clavreuil-wordpress.logiciel-arteo.fr\/en\/baudeau-abbe-nicolas-avis-au-peuple-sur-son-premier-besoin-ou-petits-traites-economiques\/","title":{"rendered":"BAUDEAU abb\u00e9 Nicolas Avis au Peuple sur son..."},"content":{"rendered":"<p style=\"text-align:justify\"><em>Ined, 273; Kress, 6516; Goldsmiths, 10441.<\/em><\/p>\n<p style=\"text-align:justify\">First edition.<\/p>\n<p style=\"text-align:justify\">&quot;Oeuvre pratique semi-technique puisqu&#039;il s&#039;agit de mouture et de boulangerie, ou oeuvre d&#039;exp&eacute;dient &eacute;crite en vue de rem&eacute;dier d&#039;urgence &agrave; la chert&eacute;, afin d&#039;aider aux vues saines et g&eacute;n&eacute;reuses de l&#039;administration&quot; (Ined).<\/p>\n<p style=\"text-align:justify\">In the first part, Abb&eacute; Baudeau sets out the advantages of free trade in grain; in the second, he presents new techniques for grinding grain economically; in the last, he shows that there must always be a certain proportion between the price of wheat and the price of bread. Born in Amboise in 1730, Abb&eacute; Baudeau was one of the most ardent supporters of Turgot and physiocratic ideas.<\/p>\n<p style=\"text-align:justify\">Binding skilfully restored.<\/p>\n","protected":false},"excerpt":{"rendered":"<p>3 parts in 1 volume, 12mo (165 x 95 mm) of 1 nn.l., 152 + 69 + 201 pp. Marbled calf, spine gilt with raised bands (<em>contemporary binding<\/em>).<\/p>\n","protected":false},"featured_media":76888,"comment_status":"open","ping_status":"closed","template":"","meta":{"_acf_changed":false},"product_brand":[],"product_cat":[536],"product_tag":[1209,1450,1208],"class_list":{"0":"post-76893","1":"product","2":"type-product","3":"status-publish","4":"has-post-thumbnail","6":"product_cat-right-economy","7":"product_tag-economics","8":"product_tag-first-edition","9":"product_tag-political-economy","10":"pa_auteur-abbe-nicolas-baudeau-2","11":"pa_type-de-livre-printed-book","13":"first","14":"instock","15":"shipping-taxable","16":"purchasable","17":"product-type-simple"},"acf":[],"yoast_head":"<!-- This site is optimized with the Yoast SEO plugin v24.3 - https:\/\/yoast.com\/wordpress\/plugins\/seo\/ -->\n<title>BAUDEAU abb\u00e9 Nicolas Avis au Peuple sur son premier besoin, ou petits trait\u00e9s \u00e9conomiques. - Libairie Clavreuil<\/title>\n<meta name=\"robots\" content=\"noindex, follow, max-snippet:-1, max-image-preview:large, max-video-preview:-1\" \/>\n<meta property=\"og:locale\" content=\"en_US\" \/>\n<meta property=\"og:type\" content=\"article\" \/>\n<meta property=\"og:title\" content=\"BAUDEAU abb\u00e9 Nicolas Avis au Peuple sur son premier besoin, ou petits trait\u00e9s \u00e9conomiques. - Libairie Clavreuil\" \/>\n<meta property=\"og:description\" content=\"3 parts in 1 volume, 12mo (165 x 95 mm) of 1 nn.l., 152 + 69 + 201 pp. Marbled calf, spine gilt with raised bands (contemporary binding).\" \/>\n<meta property=\"og:url\" content=\"https:\/\/clavreuil-wordpress.logiciel-arteo.fr\/en\/baudeau-abbe-nicolas-avis-au-peuple-sur-son-premier-besoin-ou-petits-traites-economiques\/\" \/>\n<meta property=\"og:site_name\" content=\"Libairie Clavreuil\" \/>\n<meta property=\"article:modified_time\" content=\"2024-04-26T08:29:32+00:00\" \/>\n<meta property=\"og:image\" content=\"https:\/\/clavreuil-wordpress.logiciel-arteo.fr\/wp-content\/uploads\/2024\/04\/abbe-nicolas-baudeau-avis-au-peuple-sur-son-premier-besoin-ou-petits-traites-economiques-1689-6617b1f66ed4e-scaled.jpg\" \/>\n\t<meta property=\"og:image:width\" content=\"1920\" \/>\n\t<meta property=\"og:image:height\" content=\"2560\" \/>\n\t<meta property=\"og:image:type\" content=\"image\/jpeg\" \/>\n<meta name=\"twitter:card\" content=\"summary_large_image\" \/>\n<meta name=\"twitter:label1\" content=\"Est. reading time\" \/>\n\t<meta name=\"twitter:data1\" content=\"1 minute\" \/>\n<script type=\"application\/ld+json\" class=\"yoast-schema-graph\">{\"@context\":\"https:\/\/schema.org\",\"@graph\":[{\"@type\":\"WebPage\",\"@id\":\"https:\/\/clavreuil-wordpress.logiciel-arteo.fr\/en\/baudeau-abbe-nicolas-avis-au-peuple-sur-son-premier-besoin-ou-petits-traites-economiques\/\",\"url\":\"https:\/\/clavreuil-wordpress.logiciel-arteo.fr\/en\/baudeau-abbe-nicolas-avis-au-peuple-sur-son-premier-besoin-ou-petits-traites-economiques\/\",\"name\":\"BAUDEAU abb\u00e9 Nicolas Avis au Peuple sur son premier besoin, ou petits trait\u00e9s \u00e9conomiques. - Libairie Clavreuil\",\"isPartOf\":{\"@id\":\"https:\/\/clavreuil-wordpress.logiciel-arteo.fr\/#website\"},\"primaryImageOfPage\":{\"@id\":\"https:\/\/clavreuil-wordpress.logiciel-arteo.fr\/en\/baudeau-abbe-nicolas-avis-au-peuple-sur-son-premier-besoin-ou-petits-traites-economiques\/#primaryimage\"},\"image\":{\"@id\":\"https:\/\/clavreuil-wordpress.logiciel-arteo.fr\/en\/baudeau-abbe-nicolas-avis-au-peuple-sur-son-premier-besoin-ou-petits-traites-economiques\/#primaryimage\"},\"thumbnailUrl\":\"https:\/\/clavreuil-wordpress.logiciel-arteo.fr\/wp-content\/uploads\/2024\/04\/abbe-nicolas-baudeau-avis-au-peuple-sur-son-premier-besoin-ou-petits-traites-economiques-1689-6617b1f66ed4e-scaled.jpg\",\"datePublished\":\"2024-04-26T08:29:04+00:00\",\"dateModified\":\"2024-04-26T08:29:32+00:00\",\"breadcrumb\":{\"@id\":\"https:\/\/clavreuil-wordpress.logiciel-arteo.fr\/en\/baudeau-abbe-nicolas-avis-au-peuple-sur-son-premier-besoin-ou-petits-traites-economiques\/#breadcrumb\"},\"inLanguage\":\"en-US\",\"potentialAction\":[{\"@type\":\"ReadAction\",\"target\":[\"https:\/\/clavreuil-wordpress.logiciel-arteo.fr\/en\/baudeau-abbe-nicolas-avis-au-peuple-sur-son-premier-besoin-ou-petits-traites-economiques\/\"]}]},{\"@type\":\"ImageObject\",\"inLanguage\":\"en-US\",\"@id\":\"https:\/\/clavreuil-wordpress.logiciel-arteo.fr\/en\/baudeau-abbe-nicolas-avis-au-peuple-sur-son-premier-besoin-ou-petits-traites-economiques\/#primaryimage\",\"url\":\"https:\/\/clavreuil-wordpress.logiciel-arteo.fr\/wp-content\/uploads\/2024\/04\/abbe-nicolas-baudeau-avis-au-peuple-sur-son-premier-besoin-ou-petits-traites-economiques-1689-6617b1f66ed4e-scaled.jpg\",\"contentUrl\":\"https:\/\/clavreuil-wordpress.logiciel-arteo.fr\/wp-content\/uploads\/2024\/04\/abbe-nicolas-baudeau-avis-au-peuple-sur-son-premier-besoin-ou-petits-traites-economiques-1689-6617b1f66ed4e-scaled.jpg\",\"width\":1920,\"height\":2560},{\"@type\":\"BreadcrumbList\",\"@id\":\"https:\/\/clavreuil-wordpress.logiciel-arteo.fr\/en\/baudeau-abbe-nicolas-avis-au-peuple-sur-son-premier-besoin-ou-petits-traites-economiques\/#breadcrumb\",\"itemListElement\":[{\"@type\":\"ListItem\",\"position\":1,\"name\":\"Accueil\",\"item\":\"https:\/\/clavreuil-wordpress.logiciel-arteo.fr\/\"},{\"@type\":\"ListItem\",\"position\":2,\"name\":\"All our books\",\"item\":\"https:\/\/clavreuil-wordpress.logiciel-arteo.fr\/en\/all-our-books\/\"},{\"@type\":\"ListItem\",\"position\":3,\"name\":\"BAUDEAU abb\u00e9 Nicolas Avis au Peuple sur son...\"}]},{\"@type\":\"WebSite\",\"@id\":\"https:\/\/clavreuil-wordpress.logiciel-arteo.fr\/#website\",\"url\":\"https:\/\/clavreuil-wordpress.logiciel-arteo.fr\/\",\"name\":\"Libairie Clavreuil\",\"description\":\"\",\"publisher\":{\"@id\":\"https:\/\/clavreuil-wordpress.logiciel-arteo.fr\/#organization\"},\"potentialAction\":[{\"@type\":\"SearchAction\",\"target\":{\"@type\":\"EntryPoint\",\"urlTemplate\":\"https:\/\/clavreuil-wordpress.logiciel-arteo.fr\/?s={search_term_string}\"},\"query-input\":{\"@type\":\"PropertyValueSpecification\",\"valueRequired\":true,\"valueName\":\"search_term_string\"}}],\"inLanguage\":\"en-US\"},{\"@type\":\"Organization\",\"@id\":\"https:\/\/clavreuil-wordpress.logiciel-arteo.fr\/#organization\",\"name\":\"Libairie Clavreuil\",\"url\":\"https:\/\/clavreuil-wordpress.logiciel-arteo.fr\/\",\"logo\":{\"@type\":\"ImageObject\",\"inLanguage\":\"en-US\",\"@id\":\"https:\/\/clavreuil-wordpress.logiciel-arteo.fr\/#\/schema\/logo\/image\/\",\"url\":\"https:\/\/clavreuil-wordpress.logiciel-arteo.fr\/wp-content\/uploads\/2021\/05\/LOGO_PNG_DATE-_gold.png\",\"contentUrl\":\"https:\/\/clavreuil-wordpress.logiciel-arteo.fr\/wp-content\/uploads\/2021\/05\/LOGO_PNG_DATE-_gold.png\",\"width\":2083,\"height\":1917,\"caption\":\"Libairie Clavreuil\"},\"image\":{\"@id\":\"https:\/\/clavreuil-wordpress.logiciel-arteo.fr\/#\/schema\/logo\/image\/\"}}]}<\/script>\n<!-- \/ Yoast SEO plugin. -->","yoast_head_json":{"title":"BAUDEAU abb\u00e9 Nicolas Avis au Peuple sur son premier besoin, ou petits trait\u00e9s \u00e9conomiques. - Libairie Clavreuil","robots":{"index":"noindex","follow":"follow","max-snippet":"max-snippet:-1","max-image-preview":"max-image-preview:large","max-video-preview":"max-video-preview:-1"},"og_locale":"en_US","og_type":"article","og_title":"BAUDEAU abb\u00e9 Nicolas Avis au Peuple sur son premier besoin, ou petits trait\u00e9s \u00e9conomiques. - Libairie Clavreuil","og_description":"3 parts in 1 volume, 12mo (165 x 95 mm) of 1 nn.l., 152 + 69 + 201 pp. Marbled calf, spine gilt with raised bands (contemporary binding).","og_url":"https:\/\/clavreuil-wordpress.logiciel-arteo.fr\/en\/baudeau-abbe-nicolas-avis-au-peuple-sur-son-premier-besoin-ou-petits-traites-economiques\/","og_site_name":"Libairie Clavreuil","article_modified_time":"2024-04-26T08:29:32+00:00","og_image":[{"width":1920,"height":2560,"url":"https:\/\/clavreuil-wordpress.logiciel-arteo.fr\/wp-content\/uploads\/2024\/04\/abbe-nicolas-baudeau-avis-au-peuple-sur-son-premier-besoin-ou-petits-traites-economiques-1689-6617b1f66ed4e-scaled.jpg","type":"image\/jpeg"}],"twitter_card":"summary_large_image","twitter_misc":{"Est. reading time":"1 minute"},"schema":{"@context":"https:\/\/schema.org","@graph":[{"@type":"WebPage","@id":"https:\/\/clavreuil-wordpress.logiciel-arteo.fr\/en\/baudeau-abbe-nicolas-avis-au-peuple-sur-son-premier-besoin-ou-petits-traites-economiques\/","url":"https:\/\/clavreuil-wordpress.logiciel-arteo.fr\/en\/baudeau-abbe-nicolas-avis-au-peuple-sur-son-premier-besoin-ou-petits-traites-economiques\/","name":"BAUDEAU abb\u00e9 Nicolas Avis au Peuple sur son premier besoin, ou petits trait\u00e9s \u00e9conomiques. - Libairie Clavreuil","isPartOf":{"@id":"https:\/\/clavreuil-wordpress.logiciel-arteo.fr\/#website"},"primaryImageOfPage":{"@id":"https:\/\/clavreuil-wordpress.logiciel-arteo.fr\/en\/baudeau-abbe-nicolas-avis-au-peuple-sur-son-premier-besoin-ou-petits-traites-economiques\/#primaryimage"},"image":{"@id":"https:\/\/clavreuil-wordpress.logiciel-arteo.fr\/en\/baudeau-abbe-nicolas-avis-au-peuple-sur-son-premier-besoin-ou-petits-traites-economiques\/#primaryimage"},"thumbnailUrl":"https:\/\/clavreuil-wordpress.logiciel-arteo.fr\/wp-content\/uploads\/2024\/04\/abbe-nicolas-baudeau-avis-au-peuple-sur-son-premier-besoin-ou-petits-traites-economiques-1689-6617b1f66ed4e-scaled.jpg","datePublished":"2024-04-26T08:29:04+00:00","dateModified":"2024-04-26T08:29:32+00:00","breadcrumb":{"@id":"https:\/\/clavreuil-wordpress.logiciel-arteo.fr\/en\/baudeau-abbe-nicolas-avis-au-peuple-sur-son-premier-besoin-ou-petits-traites-economiques\/#breadcrumb"},"inLanguage":"en-US","potentialAction":[{"@type":"ReadAction","target":["https:\/\/clavreuil-wordpress.logiciel-arteo.fr\/en\/baudeau-abbe-nicolas-avis-au-peuple-sur-son-premier-besoin-ou-petits-traites-economiques\/"]}]},{"@type":"ImageObject","inLanguage":"en-US","@id":"https:\/\/clavreuil-wordpress.logiciel-arteo.fr\/en\/baudeau-abbe-nicolas-avis-au-peuple-sur-son-premier-besoin-ou-petits-traites-economiques\/#primaryimage","url":"https:\/\/clavreuil-wordpress.logiciel-arteo.fr\/wp-content\/uploads\/2024\/04\/abbe-nicolas-baudeau-avis-au-peuple-sur-son-premier-besoin-ou-petits-traites-economiques-1689-6617b1f66ed4e-scaled.jpg","contentUrl":"https:\/\/clavreuil-wordpress.logiciel-arteo.fr\/wp-content\/uploads\/2024\/04\/abbe-nicolas-baudeau-avis-au-peuple-sur-son-premier-besoin-ou-petits-traites-economiques-1689-6617b1f66ed4e-scaled.jpg","width":1920,"height":2560},{"@type":"BreadcrumbList","@id":"https:\/\/clavreuil-wordpress.logiciel-arteo.fr\/en\/baudeau-abbe-nicolas-avis-au-peuple-sur-son-premier-besoin-ou-petits-traites-economiques\/#breadcrumb","itemListElement":[{"@type":"ListItem","position":1,"name":"Accueil","item":"https:\/\/clavreuil-wordpress.logiciel-arteo.fr\/"},{"@type":"ListItem","position":2,"name":"All our books","item":"https:\/\/clavreuil-wordpress.logiciel-arteo.fr\/en\/all-our-books\/"},{"@type":"ListItem","position":3,"name":"BAUDEAU abb\u00e9 Nicolas Avis au Peuple sur son..."}]},{"@type":"WebSite","@id":"https:\/\/clavreuil-wordpress.logiciel-arteo.fr\/#website","url":"https:\/\/clavreuil-wordpress.logiciel-arteo.fr\/","name":"Libairie Clavreuil","description":"","publisher":{"@id":"https:\/\/clavreuil-wordpress.logiciel-arteo.fr\/#organization"},"potentialAction":[{"@type":"SearchAction","target":{"@type":"EntryPoint","urlTemplate":"https:\/\/clavreuil-wordpress.logiciel-arteo.fr\/?s={search_term_string}"},"query-input":{"@type":"PropertyValueSpecification","valueRequired":true,"valueName":"search_term_string"}}],"inLanguage":"en-US"},{"@type":"Organization","@id":"https:\/\/clavreuil-wordpress.logiciel-arteo.fr\/#organization","name":"Libairie Clavreuil","url":"https:\/\/clavreuil-wordpress.logiciel-arteo.fr\/","logo":{"@type":"ImageObject","inLanguage":"en-US","@id":"https:\/\/clavreuil-wordpress.logiciel-arteo.fr\/#\/schema\/logo\/image\/","url":"https:\/\/clavreuil-wordpress.logiciel-arteo.fr\/wp-content\/uploads\/2021\/05\/LOGO_PNG_DATE-_gold.png","contentUrl":"https:\/\/clavreuil-wordpress.logiciel-arteo.fr\/wp-content\/uploads\/2021\/05\/LOGO_PNG_DATE-_gold.png","width":2083,"height":1917,"caption":"Libairie Clavreuil"},"image":{"@id":"https:\/\/clavreuil-wordpress.logiciel-arteo.fr\/#\/schema\/logo\/image\/"}}]}},"_links":{"self":[{"href":"https:\/\/clavreuil-wordpress.logiciel-arteo.fr\/en\/wp-json\/wp\/v2\/product\/76893","targetHints":{"allow":["GET"]}}],"collection":[{"href":"https:\/\/clavreuil-wordpress.logiciel-arteo.fr\/en\/wp-json\/wp\/v2\/product"}],"about":[{"href":"https:\/\/clavreuil-wordpress.logiciel-arteo.fr\/en\/wp-json\/wp\/v2\/types\/product"}],"replies":[{"embeddable":true,"href":"https:\/\/clavreuil-wordpress.logiciel-arteo.fr\/en\/wp-json\/wp\/v2\/comments?post=76893"}],"wp:featuredmedia":[{"embeddable":true,"href":"https:\/\/clavreuil-wordpress.logiciel-arteo.fr\/en\/wp-json\/wp\/v2\/media\/76888"}],"wp:attachment":[{"href":"https:\/\/clavreuil-wordpress.logiciel-arteo.fr\/en\/wp-json\/wp\/v2\/media?parent=76893"}],"wp:term":[{"taxonomy":"product_brand","embeddable":true,"href":"https:\/\/clavreuil-wordpress.logiciel-arteo.fr\/en\/wp-json\/wp\/v2\/product_brand?post=76893"},{"taxonomy":"product_cat","embeddable":true,"href":"https:\/\/clavreuil-wordpress.logiciel-arteo.fr\/en\/wp-json\/wp\/v2\/product_cat?post=76893"},{"taxonomy":"product_tag","embeddable":true,"href":"https:\/\/clavreuil-wordpress.logiciel-arteo.fr\/en\/wp-json\/wp\/v2\/product_tag?post=76893"}],"curies":[{"name":"wp","href":"https:\/\/api.w.org\/{rel}","templated":true}]}}