{"id":76905,"date":"2024-04-26T10:30:21","date_gmt":"2024-04-26T08:30:21","guid":{"rendered":"https:\/\/clavreuil-wordpress.logiciel-arteo.fr\/forbonnais-francois-veron-de-recherches-et-considerations-sur-les-finances-de-france-depuis-1595-jusquen-1721\/"},"modified":"2024-04-26T10:30:48","modified_gmt":"2024-04-26T08:30:48","slug":"forbonnais-francois-veron-de-recherches-et-considerations-sur-les-finances-de-france-depuis-1595-jusquen-1721","status":"publish","type":"product","link":"https:\/\/clavreuil-wordpress.logiciel-arteo.fr\/en\/forbonnais-francois-veron-de-recherches-et-considerations-sur-les-finances-de-france-depuis-1595-jusquen-1721\/","title":{"rendered":"FORBONNAIS Fran\u00e7ois V\u00e9ron de Recherches et consid\u00e9rations sur..."},"content":{"rendered":"<p><em>Goldsmiths, 9391; Kress, 5692; See Einaudi, 1927 and INED, 4441 (for the in-4 edition of the same year).<\/em><\/p>\n<p>Original 12mo edition.<\/p>\n<p>The author was Inspecteur G&eacute;n&eacute;ral des Monnaies and a member of the Institut. He presents here an accurate picture from the end of the 16th century until Law&#039;s bankruptcy, of the various taxes created by successive kings and of trade between countries.<\/p>\n<p>Pleasantly bound series, complete with 38 folding tables printed on 37 leaves.<\/p>\n","protected":false},"excerpt":{"rendered":"<p>6 volumes, 12mo (165 x 96 mm) of 2 unn.l. and 435 pp. for volume I; 2 unn.l. , 407 pp. and 4 tables for volume II; 2 unn.l. ., 324 pp. and 9 tables for volume III; 2 unn.l. ., 431 pp. and 11 tables for volume IV; 2 unn.l. , 395 pp. and 12 tables for volume V; 2 unn.l. , 400 pp. and 2 tables for volume VI. Marbled calf, spine with raised bands <em>(contemporary binding<\/em>).<\/p>\n","protected":false},"featured_media":76900,"comment_status":"open","ping_status":"closed","template":"","meta":{"_acf_changed":false},"product_brand":[],"product_cat":[536],"product_tag":[560,1210],"class_list":{"0":"post-76905","1":"product","2":"type-product","3":"status-publish","4":"has-post-thumbnail","6":"product_cat-right-economy","7":"product_tag-trade","8":"product_tag-utopia","9":"pa_auteur-francois-veron-de-forbonnais-2","10":"pa_type-de-livre-printed-book","12":"first","13":"instock","14":"shipping-taxable","15":"purchasable","16":"product-type-simple"},"acf":[],"yoast_head":"<!-- This site is optimized with the Yoast SEO plugin v24.3 - https:\/\/yoast.com\/wordpress\/plugins\/seo\/ -->\n<title>FORBONNAIS Fran\u00e7ois V\u00e9ron de Recherches et consid\u00e9rations sur les finances de France, depuis 1595 jusqu&#039;en 1721. - Libairie Clavreuil<\/title>\n<meta name=\"robots\" content=\"noindex, follow, max-snippet:-1, max-image-preview:large, max-video-preview:-1\" \/>\n<meta property=\"og:locale\" content=\"en_US\" \/>\n<meta property=\"og:type\" content=\"article\" \/>\n<meta property=\"og:title\" content=\"FORBONNAIS Fran\u00e7ois V\u00e9ron de Recherches et consid\u00e9rations sur les finances de France, depuis 1595 jusqu&#039;en 1721. - Libairie Clavreuil\" \/>\n<meta property=\"og:description\" content=\"6 volumes, 12mo (165 x 96 mm) of 2 unn.l. and 435 pp. for volume I; 2 unn.l. , 407 pp. and 4 tables for volume II; 2 unn.l. ., 324 pp. and 9 tables for volume III; 2 unn.l. ., 431 pp. and 11 tables for volume IV; 2 unn.l. , 395 pp. and 12 tables for volume V; 2 unn.l. , 400 pp. and 2 tables for volume VI. Marbled calf, spine with raised bands (contemporary binding).\" \/>\n<meta property=\"og:url\" content=\"https:\/\/clavreuil-wordpress.logiciel-arteo.fr\/en\/forbonnais-francois-veron-de-recherches-et-considerations-sur-les-finances-de-france-depuis-1595-jusquen-1721\/\" \/>\n<meta property=\"og:site_name\" content=\"Libairie Clavreuil\" \/>\n<meta property=\"article:modified_time\" content=\"2024-04-26T08:30:48+00:00\" \/>\n<meta property=\"og:image\" content=\"https:\/\/clavreuil-wordpress.logiciel-arteo.fr\/wp-content\/uploads\/2024\/04\/francois-veron-de-forbonnais-recherches-et-considerations-sur-les-finances-de-france-depuis-1595-jusqu-en-1721-2388-6617af7b6e1c7-scaled.jpg\" \/>\n\t<meta property=\"og:image:width\" content=\"1920\" \/>\n\t<meta property=\"og:image:height\" content=\"2560\" \/>\n\t<meta property=\"og:image:type\" content=\"image\/jpeg\" \/>\n<meta name=\"twitter:card\" content=\"summary_large_image\" \/>\n<script type=\"application\/ld+json\" class=\"yoast-schema-graph\">{\"@context\":\"https:\/\/schema.org\",\"@graph\":[{\"@type\":\"WebPage\",\"@id\":\"https:\/\/clavreuil-wordpress.logiciel-arteo.fr\/en\/forbonnais-francois-veron-de-recherches-et-considerations-sur-les-finances-de-france-depuis-1595-jusquen-1721\/\",\"url\":\"https:\/\/clavreuil-wordpress.logiciel-arteo.fr\/en\/forbonnais-francois-veron-de-recherches-et-considerations-sur-les-finances-de-france-depuis-1595-jusquen-1721\/\",\"name\":\"FORBONNAIS Fran\u00e7ois V\u00e9ron de Recherches et consid\u00e9rations sur les finances de France, depuis 1595 jusqu'en 1721. - Libairie Clavreuil\",\"isPartOf\":{\"@id\":\"https:\/\/clavreuil-wordpress.logiciel-arteo.fr\/#website\"},\"primaryImageOfPage\":{\"@id\":\"https:\/\/clavreuil-wordpress.logiciel-arteo.fr\/en\/forbonnais-francois-veron-de-recherches-et-considerations-sur-les-finances-de-france-depuis-1595-jusquen-1721\/#primaryimage\"},\"image\":{\"@id\":\"https:\/\/clavreuil-wordpress.logiciel-arteo.fr\/en\/forbonnais-francois-veron-de-recherches-et-considerations-sur-les-finances-de-france-depuis-1595-jusquen-1721\/#primaryimage\"},\"thumbnailUrl\":\"https:\/\/clavreuil-wordpress.logiciel-arteo.fr\/wp-content\/uploads\/2024\/04\/francois-veron-de-forbonnais-recherches-et-considerations-sur-les-finances-de-france-depuis-1595-jusqu-en-1721-2388-6617af7b6e1c7-scaled.jpg\",\"datePublished\":\"2024-04-26T08:30:21+00:00\",\"dateModified\":\"2024-04-26T08:30:48+00:00\",\"breadcrumb\":{\"@id\":\"https:\/\/clavreuil-wordpress.logiciel-arteo.fr\/en\/forbonnais-francois-veron-de-recherches-et-considerations-sur-les-finances-de-france-depuis-1595-jusquen-1721\/#breadcrumb\"},\"inLanguage\":\"en-US\",\"potentialAction\":[{\"@type\":\"ReadAction\",\"target\":[\"https:\/\/clavreuil-wordpress.logiciel-arteo.fr\/en\/forbonnais-francois-veron-de-recherches-et-considerations-sur-les-finances-de-france-depuis-1595-jusquen-1721\/\"]}]},{\"@type\":\"ImageObject\",\"inLanguage\":\"en-US\",\"@id\":\"https:\/\/clavreuil-wordpress.logiciel-arteo.fr\/en\/forbonnais-francois-veron-de-recherches-et-considerations-sur-les-finances-de-france-depuis-1595-jusquen-1721\/#primaryimage\",\"url\":\"https:\/\/clavreuil-wordpress.logiciel-arteo.fr\/wp-content\/uploads\/2024\/04\/francois-veron-de-forbonnais-recherches-et-considerations-sur-les-finances-de-france-depuis-1595-jusqu-en-1721-2388-6617af7b6e1c7-scaled.jpg\",\"contentUrl\":\"https:\/\/clavreuil-wordpress.logiciel-arteo.fr\/wp-content\/uploads\/2024\/04\/francois-veron-de-forbonnais-recherches-et-considerations-sur-les-finances-de-france-depuis-1595-jusqu-en-1721-2388-6617af7b6e1c7-scaled.jpg\",\"width\":1920,\"height\":2560},{\"@type\":\"BreadcrumbList\",\"@id\":\"https:\/\/clavreuil-wordpress.logiciel-arteo.fr\/en\/forbonnais-francois-veron-de-recherches-et-considerations-sur-les-finances-de-france-depuis-1595-jusquen-1721\/#breadcrumb\",\"itemListElement\":[{\"@type\":\"ListItem\",\"position\":1,\"name\":\"Accueil\",\"item\":\"https:\/\/clavreuil-wordpress.logiciel-arteo.fr\/\"},{\"@type\":\"ListItem\",\"position\":2,\"name\":\"All our books\",\"item\":\"https:\/\/clavreuil-wordpress.logiciel-arteo.fr\/en\/all-our-books\/\"},{\"@type\":\"ListItem\",\"position\":3,\"name\":\"FORBONNAIS Fran\u00e7ois V\u00e9ron de Recherches et consid\u00e9rations sur...\"}]},{\"@type\":\"WebSite\",\"@id\":\"https:\/\/clavreuil-wordpress.logiciel-arteo.fr\/#website\",\"url\":\"https:\/\/clavreuil-wordpress.logiciel-arteo.fr\/\",\"name\":\"Libairie Clavreuil\",\"description\":\"\",\"publisher\":{\"@id\":\"https:\/\/clavreuil-wordpress.logiciel-arteo.fr\/#organization\"},\"potentialAction\":[{\"@type\":\"SearchAction\",\"target\":{\"@type\":\"EntryPoint\",\"urlTemplate\":\"https:\/\/clavreuil-wordpress.logiciel-arteo.fr\/?s={search_term_string}\"},\"query-input\":{\"@type\":\"PropertyValueSpecification\",\"valueRequired\":true,\"valueName\":\"search_term_string\"}}],\"inLanguage\":\"en-US\"},{\"@type\":\"Organization\",\"@id\":\"https:\/\/clavreuil-wordpress.logiciel-arteo.fr\/#organization\",\"name\":\"Libairie Clavreuil\",\"url\":\"https:\/\/clavreuil-wordpress.logiciel-arteo.fr\/\",\"logo\":{\"@type\":\"ImageObject\",\"inLanguage\":\"en-US\",\"@id\":\"https:\/\/clavreuil-wordpress.logiciel-arteo.fr\/#\/schema\/logo\/image\/\",\"url\":\"https:\/\/clavreuil-wordpress.logiciel-arteo.fr\/wp-content\/uploads\/2021\/05\/LOGO_PNG_DATE-_gold.png\",\"contentUrl\":\"https:\/\/clavreuil-wordpress.logiciel-arteo.fr\/wp-content\/uploads\/2021\/05\/LOGO_PNG_DATE-_gold.png\",\"width\":2083,\"height\":1917,\"caption\":\"Libairie Clavreuil\"},\"image\":{\"@id\":\"https:\/\/clavreuil-wordpress.logiciel-arteo.fr\/#\/schema\/logo\/image\/\"}}]}<\/script>\n<!-- \/ Yoast SEO plugin. -->","yoast_head_json":{"title":"FORBONNAIS Fran\u00e7ois V\u00e9ron de Recherches et consid\u00e9rations sur les finances de France, depuis 1595 jusqu'en 1721. - Libairie Clavreuil","robots":{"index":"noindex","follow":"follow","max-snippet":"max-snippet:-1","max-image-preview":"max-image-preview:large","max-video-preview":"max-video-preview:-1"},"og_locale":"en_US","og_type":"article","og_title":"FORBONNAIS Fran\u00e7ois V\u00e9ron de Recherches et consid\u00e9rations sur les finances de France, depuis 1595 jusqu'en 1721. - Libairie Clavreuil","og_description":"6 volumes, 12mo (165 x 96 mm) of 2 unn.l. and 435 pp. for volume I; 2 unn.l. , 407 pp. and 4 tables for volume II; 2 unn.l. ., 324 pp. and 9 tables for volume III; 2 unn.l. ., 431 pp. and 11 tables for volume IV; 2 unn.l. , 395 pp. and 12 tables for volume V; 2 unn.l. , 400 pp. and 2 tables for volume VI. Marbled calf, spine with raised bands (contemporary binding).","og_url":"https:\/\/clavreuil-wordpress.logiciel-arteo.fr\/en\/forbonnais-francois-veron-de-recherches-et-considerations-sur-les-finances-de-france-depuis-1595-jusquen-1721\/","og_site_name":"Libairie Clavreuil","article_modified_time":"2024-04-26T08:30:48+00:00","og_image":[{"width":1920,"height":2560,"url":"https:\/\/clavreuil-wordpress.logiciel-arteo.fr\/wp-content\/uploads\/2024\/04\/francois-veron-de-forbonnais-recherches-et-considerations-sur-les-finances-de-france-depuis-1595-jusqu-en-1721-2388-6617af7b6e1c7-scaled.jpg","type":"image\/jpeg"}],"twitter_card":"summary_large_image","schema":{"@context":"https:\/\/schema.org","@graph":[{"@type":"WebPage","@id":"https:\/\/clavreuil-wordpress.logiciel-arteo.fr\/en\/forbonnais-francois-veron-de-recherches-et-considerations-sur-les-finances-de-france-depuis-1595-jusquen-1721\/","url":"https:\/\/clavreuil-wordpress.logiciel-arteo.fr\/en\/forbonnais-francois-veron-de-recherches-et-considerations-sur-les-finances-de-france-depuis-1595-jusquen-1721\/","name":"FORBONNAIS Fran\u00e7ois V\u00e9ron de Recherches et consid\u00e9rations sur les finances de France, depuis 1595 jusqu'en 1721. - Libairie Clavreuil","isPartOf":{"@id":"https:\/\/clavreuil-wordpress.logiciel-arteo.fr\/#website"},"primaryImageOfPage":{"@id":"https:\/\/clavreuil-wordpress.logiciel-arteo.fr\/en\/forbonnais-francois-veron-de-recherches-et-considerations-sur-les-finances-de-france-depuis-1595-jusquen-1721\/#primaryimage"},"image":{"@id":"https:\/\/clavreuil-wordpress.logiciel-arteo.fr\/en\/forbonnais-francois-veron-de-recherches-et-considerations-sur-les-finances-de-france-depuis-1595-jusquen-1721\/#primaryimage"},"thumbnailUrl":"https:\/\/clavreuil-wordpress.logiciel-arteo.fr\/wp-content\/uploads\/2024\/04\/francois-veron-de-forbonnais-recherches-et-considerations-sur-les-finances-de-france-depuis-1595-jusqu-en-1721-2388-6617af7b6e1c7-scaled.jpg","datePublished":"2024-04-26T08:30:21+00:00","dateModified":"2024-04-26T08:30:48+00:00","breadcrumb":{"@id":"https:\/\/clavreuil-wordpress.logiciel-arteo.fr\/en\/forbonnais-francois-veron-de-recherches-et-considerations-sur-les-finances-de-france-depuis-1595-jusquen-1721\/#breadcrumb"},"inLanguage":"en-US","potentialAction":[{"@type":"ReadAction","target":["https:\/\/clavreuil-wordpress.logiciel-arteo.fr\/en\/forbonnais-francois-veron-de-recherches-et-considerations-sur-les-finances-de-france-depuis-1595-jusquen-1721\/"]}]},{"@type":"ImageObject","inLanguage":"en-US","@id":"https:\/\/clavreuil-wordpress.logiciel-arteo.fr\/en\/forbonnais-francois-veron-de-recherches-et-considerations-sur-les-finances-de-france-depuis-1595-jusquen-1721\/#primaryimage","url":"https:\/\/clavreuil-wordpress.logiciel-arteo.fr\/wp-content\/uploads\/2024\/04\/francois-veron-de-forbonnais-recherches-et-considerations-sur-les-finances-de-france-depuis-1595-jusqu-en-1721-2388-6617af7b6e1c7-scaled.jpg","contentUrl":"https:\/\/clavreuil-wordpress.logiciel-arteo.fr\/wp-content\/uploads\/2024\/04\/francois-veron-de-forbonnais-recherches-et-considerations-sur-les-finances-de-france-depuis-1595-jusqu-en-1721-2388-6617af7b6e1c7-scaled.jpg","width":1920,"height":2560},{"@type":"BreadcrumbList","@id":"https:\/\/clavreuil-wordpress.logiciel-arteo.fr\/en\/forbonnais-francois-veron-de-recherches-et-considerations-sur-les-finances-de-france-depuis-1595-jusquen-1721\/#breadcrumb","itemListElement":[{"@type":"ListItem","position":1,"name":"Accueil","item":"https:\/\/clavreuil-wordpress.logiciel-arteo.fr\/"},{"@type":"ListItem","position":2,"name":"All our books","item":"https:\/\/clavreuil-wordpress.logiciel-arteo.fr\/en\/all-our-books\/"},{"@type":"ListItem","position":3,"name":"FORBONNAIS Fran\u00e7ois V\u00e9ron de Recherches et consid\u00e9rations sur..."}]},{"@type":"WebSite","@id":"https:\/\/clavreuil-wordpress.logiciel-arteo.fr\/#website","url":"https:\/\/clavreuil-wordpress.logiciel-arteo.fr\/","name":"Libairie Clavreuil","description":"","publisher":{"@id":"https:\/\/clavreuil-wordpress.logiciel-arteo.fr\/#organization"},"potentialAction":[{"@type":"SearchAction","target":{"@type":"EntryPoint","urlTemplate":"https:\/\/clavreuil-wordpress.logiciel-arteo.fr\/?s={search_term_string}"},"query-input":{"@type":"PropertyValueSpecification","valueRequired":true,"valueName":"search_term_string"}}],"inLanguage":"en-US"},{"@type":"Organization","@id":"https:\/\/clavreuil-wordpress.logiciel-arteo.fr\/#organization","name":"Libairie Clavreuil","url":"https:\/\/clavreuil-wordpress.logiciel-arteo.fr\/","logo":{"@type":"ImageObject","inLanguage":"en-US","@id":"https:\/\/clavreuil-wordpress.logiciel-arteo.fr\/#\/schema\/logo\/image\/","url":"https:\/\/clavreuil-wordpress.logiciel-arteo.fr\/wp-content\/uploads\/2021\/05\/LOGO_PNG_DATE-_gold.png","contentUrl":"https:\/\/clavreuil-wordpress.logiciel-arteo.fr\/wp-content\/uploads\/2021\/05\/LOGO_PNG_DATE-_gold.png","width":2083,"height":1917,"caption":"Libairie Clavreuil"},"image":{"@id":"https:\/\/clavreuil-wordpress.logiciel-arteo.fr\/#\/schema\/logo\/image\/"}}]}},"_links":{"self":[{"href":"https:\/\/clavreuil-wordpress.logiciel-arteo.fr\/en\/wp-json\/wp\/v2\/product\/76905","targetHints":{"allow":["GET"]}}],"collection":[{"href":"https:\/\/clavreuil-wordpress.logiciel-arteo.fr\/en\/wp-json\/wp\/v2\/product"}],"about":[{"href":"https:\/\/clavreuil-wordpress.logiciel-arteo.fr\/en\/wp-json\/wp\/v2\/types\/product"}],"replies":[{"embeddable":true,"href":"https:\/\/clavreuil-wordpress.logiciel-arteo.fr\/en\/wp-json\/wp\/v2\/comments?post=76905"}],"wp:featuredmedia":[{"embeddable":true,"href":"https:\/\/clavreuil-wordpress.logiciel-arteo.fr\/en\/wp-json\/wp\/v2\/media\/76900"}],"wp:attachment":[{"href":"https:\/\/clavreuil-wordpress.logiciel-arteo.fr\/en\/wp-json\/wp\/v2\/media?parent=76905"}],"wp:term":[{"taxonomy":"product_brand","embeddable":true,"href":"https:\/\/clavreuil-wordpress.logiciel-arteo.fr\/en\/wp-json\/wp\/v2\/product_brand?post=76905"},{"taxonomy":"product_cat","embeddable":true,"href":"https:\/\/clavreuil-wordpress.logiciel-arteo.fr\/en\/wp-json\/wp\/v2\/product_cat?post=76905"},{"taxonomy":"product_tag","embeddable":true,"href":"https:\/\/clavreuil-wordpress.logiciel-arteo.fr\/en\/wp-json\/wp\/v2\/product_tag?post=76905"}],"curies":[{"name":"wp","href":"https:\/\/api.w.org\/{rel}","templated":true}]}}