{"id":76915,"date":"2024-04-26T10:38:38","date_gmt":"2024-04-26T08:38:38","guid":{"rendered":"https:\/\/clavreuil-wordpress.logiciel-arteo.fr\/vairasse-dalais-denis-histoire-des-sevarambes-peuples-qui-habitent-une-partie-du-troisieme-continent-communement-appelle-la-terre-australe\/"},"modified":"2024-04-26T10:39:21","modified_gmt":"2024-04-26T08:39:21","slug":"vairasse-dalais-denis-histoire-des-sevarambes-peuples-qui-habitent-une-partie-du-troisieme-continent-communement-appelle-la-terre-australe","status":"publish","type":"product","link":"https:\/\/clavreuil-wordpress.logiciel-arteo.fr\/en\/vairasse-dalais-denis-histoire-des-sevarambes-peuples-qui-habitent-une-partie-du-troisieme-continent-communement-appelle-la-terre-australe\/","title":{"rendered":"VAIRASSE D&#8217;ALAIS Denis Histoire des Sevarambes, peuples qui..."},"content":{"rendered":"<p style=\"text-align:justify\"><em>Sabin, 98299 (for the English edition); Davidson, p. 42-3 &quot;the very rare revised edition of 1716&quot;; Exposition Utopie, Bnf 2000, p. 179-80.<\/em><\/p>\n<p style=\"text-align:justify\">This imaginary journey is part of utopian literature.<\/p>\n<p style=\"text-align:justify\">The author describes an ideal world in the Southern Lands. The work, of which only the first part, <em>History of Sevarites<\/em>, was published in English in London in 1675, is illustrated here with 10 new engravings, including the frontispiece repeated in each volume.<\/p>\n<p style=\"text-align:justify\">Vairasse, a French Huguenot living in London, presented himself as the editor of the manuscript of Captain Siden, a former lawyer, who, after a shipwreck, landed in Sevarambe country, somewhere on the coast of Australia.<\/p>\n<p style=\"text-align:justify\">The Sevarambes live under an ideal political regime:&nbsp;&quot;L&#039;h&eacute;liocratie des S&eacute;varambes, c&#039;est en quelque sorte le prestige du Roi-Soleil plus la libert&eacute; de conscience. Avec de surcro&icirc;t, pour le bonheur de tous, l&#039;absence de propri&eacute;t&eacute; priv&eacute;e et de noblesse h&eacute;r&eacute;ditaire&quot; (Exposition Utopie, BnF).To reinforce the plausibility of his account, the author relies on the accounts of those shipwrecked by ships of the Dutch East India Company (VOC), such as the Batavia in 1629 and the Vergrulde Draek in 1656.<\/p>\n<p style=\"text-align:justify\">A fine copy bearing the arms of the La Rochefoucauld family, with the seal of the Ch&acirc;teau de la Roche Guyon.<\/p>\n","protected":false},"excerpt":{"rendered":"<p>2 volumes, 12mo (154 x 91 mm) of 333 pp. including 1 frontispiece, 4 plates for the volume I ; 348 pp. including the repeated frontispiece, 4 plates for the&nbsp; volume II. Poloiished calf, spine gilt with raised bands, coats of ams on covers (<em>contemporary binding<\/em>).<\/p>\n","protected":false},"featured_media":76906,"comment_status":"open","ping_status":"closed","template":"","meta":{"_acf_changed":false},"product_brand":[],"product_cat":[530],"product_tag":[1245,1210],"class_list":{"0":"post-76915","1":"product","2":"type-product","3":"status-publish","4":"has-post-thumbnail","6":"product_cat-binding","7":"product_tag-18th-century-literature","8":"product_tag-utopia","9":"pa_auteur-denis-vairasse-dalais-2","10":"pa_type-de-livre-printed-book","12":"first","13":"instock","14":"shipping-taxable","15":"purchasable","16":"product-type-simple"},"acf":[],"yoast_head":"<!-- This site is optimized with the Yoast SEO plugin v24.3 - https:\/\/yoast.com\/wordpress\/plugins\/seo\/ -->\n<title>VAIRASSE D&#039;ALAIS Denis Histoire des Sevarambes, peuples qui habitent une Partie du troisi\u00e8me Continent, commun\u00e9ment appell\u00e9 la Terre Australe. - Libairie Clavreuil<\/title>\n<meta name=\"robots\" content=\"noindex, follow, max-snippet:-1, max-image-preview:large, max-video-preview:-1\" \/>\n<meta property=\"og:locale\" content=\"en_US\" \/>\n<meta property=\"og:type\" content=\"article\" \/>\n<meta property=\"og:title\" content=\"VAIRASSE D&#039;ALAIS Denis Histoire des Sevarambes, peuples qui habitent une Partie du troisi\u00e8me Continent, commun\u00e9ment appell\u00e9 la Terre Australe. - Libairie Clavreuil\" \/>\n<meta property=\"og:description\" content=\"2 volumes, 12mo (154 x 91 mm) of 333 pp. including 1 frontispiece, 4 plates for the volume I ; 348 pp. including the repeated frontispiece, 4 plates for the&nbsp; volume II. Poloiished calf, spine gilt with raised bands, coats of ams on covers (contemporary binding).\" \/>\n<meta property=\"og:url\" content=\"https:\/\/clavreuil-wordpress.logiciel-arteo.fr\/en\/vairasse-dalais-denis-histoire-des-sevarambes-peuples-qui-habitent-une-partie-du-troisieme-continent-communement-appelle-la-terre-australe\/\" \/>\n<meta property=\"og:site_name\" content=\"Libairie Clavreuil\" \/>\n<meta property=\"article:modified_time\" content=\"2024-04-26T08:39:21+00:00\" \/>\n<meta property=\"og:image\" content=\"https:\/\/clavreuil-wordpress.logiciel-arteo.fr\/wp-content\/uploads\/2024\/04\/denis-vairasse-d-alais-histoire-des-sevarambes-peuples-qui-habitent-une-partie-du-troisieme-continent-communement-appelle-la-terre-australe-1037-6617b-scaled.jpg\" \/>\n\t<meta property=\"og:image:width\" content=\"1920\" \/>\n\t<meta property=\"og:image:height\" content=\"2560\" \/>\n\t<meta property=\"og:image:type\" content=\"image\/jpeg\" \/>\n<meta name=\"twitter:card\" content=\"summary_large_image\" \/>\n<meta name=\"twitter:label1\" content=\"Est. reading time\" \/>\n\t<meta name=\"twitter:data1\" content=\"1 minute\" \/>\n<script type=\"application\/ld+json\" class=\"yoast-schema-graph\">{\"@context\":\"https:\/\/schema.org\",\"@graph\":[{\"@type\":\"WebPage\",\"@id\":\"https:\/\/clavreuil-wordpress.logiciel-arteo.fr\/en\/vairasse-dalais-denis-histoire-des-sevarambes-peuples-qui-habitent-une-partie-du-troisieme-continent-communement-appelle-la-terre-australe\/\",\"url\":\"https:\/\/clavreuil-wordpress.logiciel-arteo.fr\/en\/vairasse-dalais-denis-histoire-des-sevarambes-peuples-qui-habitent-une-partie-du-troisieme-continent-communement-appelle-la-terre-australe\/\",\"name\":\"VAIRASSE D'ALAIS Denis Histoire des Sevarambes, peuples qui habitent une Partie du troisi\u00e8me Continent, commun\u00e9ment appell\u00e9 la Terre Australe. - Libairie Clavreuil\",\"isPartOf\":{\"@id\":\"https:\/\/clavreuil-wordpress.logiciel-arteo.fr\/#website\"},\"primaryImageOfPage\":{\"@id\":\"https:\/\/clavreuil-wordpress.logiciel-arteo.fr\/en\/vairasse-dalais-denis-histoire-des-sevarambes-peuples-qui-habitent-une-partie-du-troisieme-continent-communement-appelle-la-terre-australe\/#primaryimage\"},\"image\":{\"@id\":\"https:\/\/clavreuil-wordpress.logiciel-arteo.fr\/en\/vairasse-dalais-denis-histoire-des-sevarambes-peuples-qui-habitent-une-partie-du-troisieme-continent-communement-appelle-la-terre-australe\/#primaryimage\"},\"thumbnailUrl\":\"https:\/\/clavreuil-wordpress.logiciel-arteo.fr\/wp-content\/uploads\/2024\/04\/denis-vairasse-d-alais-histoire-des-sevarambes-peuples-qui-habitent-une-partie-du-troisieme-continent-communement-appelle-la-terre-australe-1037-6617b-scaled.jpg\",\"datePublished\":\"2024-04-26T08:38:38+00:00\",\"dateModified\":\"2024-04-26T08:39:21+00:00\",\"breadcrumb\":{\"@id\":\"https:\/\/clavreuil-wordpress.logiciel-arteo.fr\/en\/vairasse-dalais-denis-histoire-des-sevarambes-peuples-qui-habitent-une-partie-du-troisieme-continent-communement-appelle-la-terre-australe\/#breadcrumb\"},\"inLanguage\":\"en-US\",\"potentialAction\":[{\"@type\":\"ReadAction\",\"target\":[\"https:\/\/clavreuil-wordpress.logiciel-arteo.fr\/en\/vairasse-dalais-denis-histoire-des-sevarambes-peuples-qui-habitent-une-partie-du-troisieme-continent-communement-appelle-la-terre-australe\/\"]}]},{\"@type\":\"ImageObject\",\"inLanguage\":\"en-US\",\"@id\":\"https:\/\/clavreuil-wordpress.logiciel-arteo.fr\/en\/vairasse-dalais-denis-histoire-des-sevarambes-peuples-qui-habitent-une-partie-du-troisieme-continent-communement-appelle-la-terre-australe\/#primaryimage\",\"url\":\"https:\/\/clavreuil-wordpress.logiciel-arteo.fr\/wp-content\/uploads\/2024\/04\/denis-vairasse-d-alais-histoire-des-sevarambes-peuples-qui-habitent-une-partie-du-troisieme-continent-communement-appelle-la-terre-australe-1037-6617b-scaled.jpg\",\"contentUrl\":\"https:\/\/clavreuil-wordpress.logiciel-arteo.fr\/wp-content\/uploads\/2024\/04\/denis-vairasse-d-alais-histoire-des-sevarambes-peuples-qui-habitent-une-partie-du-troisieme-continent-communement-appelle-la-terre-australe-1037-6617b-scaled.jpg\",\"width\":1920,\"height\":2560},{\"@type\":\"BreadcrumbList\",\"@id\":\"https:\/\/clavreuil-wordpress.logiciel-arteo.fr\/en\/vairasse-dalais-denis-histoire-des-sevarambes-peuples-qui-habitent-une-partie-du-troisieme-continent-communement-appelle-la-terre-australe\/#breadcrumb\",\"itemListElement\":[{\"@type\":\"ListItem\",\"position\":1,\"name\":\"Accueil\",\"item\":\"https:\/\/clavreuil-wordpress.logiciel-arteo.fr\/\"},{\"@type\":\"ListItem\",\"position\":2,\"name\":\"All our books\",\"item\":\"https:\/\/clavreuil-wordpress.logiciel-arteo.fr\/en\/all-our-books\/\"},{\"@type\":\"ListItem\",\"position\":3,\"name\":\"VAIRASSE D&#8217;ALAIS Denis Histoire des Sevarambes, peuples qui...\"}]},{\"@type\":\"WebSite\",\"@id\":\"https:\/\/clavreuil-wordpress.logiciel-arteo.fr\/#website\",\"url\":\"https:\/\/clavreuil-wordpress.logiciel-arteo.fr\/\",\"name\":\"Libairie Clavreuil\",\"description\":\"\",\"publisher\":{\"@id\":\"https:\/\/clavreuil-wordpress.logiciel-arteo.fr\/#organization\"},\"potentialAction\":[{\"@type\":\"SearchAction\",\"target\":{\"@type\":\"EntryPoint\",\"urlTemplate\":\"https:\/\/clavreuil-wordpress.logiciel-arteo.fr\/?s={search_term_string}\"},\"query-input\":{\"@type\":\"PropertyValueSpecification\",\"valueRequired\":true,\"valueName\":\"search_term_string\"}}],\"inLanguage\":\"en-US\"},{\"@type\":\"Organization\",\"@id\":\"https:\/\/clavreuil-wordpress.logiciel-arteo.fr\/#organization\",\"name\":\"Libairie Clavreuil\",\"url\":\"https:\/\/clavreuil-wordpress.logiciel-arteo.fr\/\",\"logo\":{\"@type\":\"ImageObject\",\"inLanguage\":\"en-US\",\"@id\":\"https:\/\/clavreuil-wordpress.logiciel-arteo.fr\/#\/schema\/logo\/image\/\",\"url\":\"https:\/\/clavreuil-wordpress.logiciel-arteo.fr\/wp-content\/uploads\/2021\/05\/LOGO_PNG_DATE-_gold.png\",\"contentUrl\":\"https:\/\/clavreuil-wordpress.logiciel-arteo.fr\/wp-content\/uploads\/2021\/05\/LOGO_PNG_DATE-_gold.png\",\"width\":2083,\"height\":1917,\"caption\":\"Libairie Clavreuil\"},\"image\":{\"@id\":\"https:\/\/clavreuil-wordpress.logiciel-arteo.fr\/#\/schema\/logo\/image\/\"}}]}<\/script>\n<!-- \/ Yoast SEO plugin. -->","yoast_head_json":{"title":"VAIRASSE D'ALAIS Denis Histoire des Sevarambes, peuples qui habitent une Partie du troisi\u00e8me Continent, commun\u00e9ment appell\u00e9 la Terre Australe. - Libairie Clavreuil","robots":{"index":"noindex","follow":"follow","max-snippet":"max-snippet:-1","max-image-preview":"max-image-preview:large","max-video-preview":"max-video-preview:-1"},"og_locale":"en_US","og_type":"article","og_title":"VAIRASSE D'ALAIS Denis Histoire des Sevarambes, peuples qui habitent une Partie du troisi\u00e8me Continent, commun\u00e9ment appell\u00e9 la Terre Australe. - Libairie Clavreuil","og_description":"2 volumes, 12mo (154 x 91 mm) of 333 pp. including 1 frontispiece, 4 plates for the volume I ; 348 pp. including the repeated frontispiece, 4 plates for the&nbsp; volume II. Poloiished calf, spine gilt with raised bands, coats of ams on covers (contemporary binding).","og_url":"https:\/\/clavreuil-wordpress.logiciel-arteo.fr\/en\/vairasse-dalais-denis-histoire-des-sevarambes-peuples-qui-habitent-une-partie-du-troisieme-continent-communement-appelle-la-terre-australe\/","og_site_name":"Libairie Clavreuil","article_modified_time":"2024-04-26T08:39:21+00:00","og_image":[{"width":1920,"height":2560,"url":"https:\/\/clavreuil-wordpress.logiciel-arteo.fr\/wp-content\/uploads\/2024\/04\/denis-vairasse-d-alais-histoire-des-sevarambes-peuples-qui-habitent-une-partie-du-troisieme-continent-communement-appelle-la-terre-australe-1037-6617b-scaled.jpg","type":"image\/jpeg"}],"twitter_card":"summary_large_image","twitter_misc":{"Est. reading time":"1 minute"},"schema":{"@context":"https:\/\/schema.org","@graph":[{"@type":"WebPage","@id":"https:\/\/clavreuil-wordpress.logiciel-arteo.fr\/en\/vairasse-dalais-denis-histoire-des-sevarambes-peuples-qui-habitent-une-partie-du-troisieme-continent-communement-appelle-la-terre-australe\/","url":"https:\/\/clavreuil-wordpress.logiciel-arteo.fr\/en\/vairasse-dalais-denis-histoire-des-sevarambes-peuples-qui-habitent-une-partie-du-troisieme-continent-communement-appelle-la-terre-australe\/","name":"VAIRASSE D'ALAIS Denis Histoire des Sevarambes, peuples qui habitent une Partie du troisi\u00e8me Continent, commun\u00e9ment appell\u00e9 la Terre Australe. - Libairie Clavreuil","isPartOf":{"@id":"https:\/\/clavreuil-wordpress.logiciel-arteo.fr\/#website"},"primaryImageOfPage":{"@id":"https:\/\/clavreuil-wordpress.logiciel-arteo.fr\/en\/vairasse-dalais-denis-histoire-des-sevarambes-peuples-qui-habitent-une-partie-du-troisieme-continent-communement-appelle-la-terre-australe\/#primaryimage"},"image":{"@id":"https:\/\/clavreuil-wordpress.logiciel-arteo.fr\/en\/vairasse-dalais-denis-histoire-des-sevarambes-peuples-qui-habitent-une-partie-du-troisieme-continent-communement-appelle-la-terre-australe\/#primaryimage"},"thumbnailUrl":"https:\/\/clavreuil-wordpress.logiciel-arteo.fr\/wp-content\/uploads\/2024\/04\/denis-vairasse-d-alais-histoire-des-sevarambes-peuples-qui-habitent-une-partie-du-troisieme-continent-communement-appelle-la-terre-australe-1037-6617b-scaled.jpg","datePublished":"2024-04-26T08:38:38+00:00","dateModified":"2024-04-26T08:39:21+00:00","breadcrumb":{"@id":"https:\/\/clavreuil-wordpress.logiciel-arteo.fr\/en\/vairasse-dalais-denis-histoire-des-sevarambes-peuples-qui-habitent-une-partie-du-troisieme-continent-communement-appelle-la-terre-australe\/#breadcrumb"},"inLanguage":"en-US","potentialAction":[{"@type":"ReadAction","target":["https:\/\/clavreuil-wordpress.logiciel-arteo.fr\/en\/vairasse-dalais-denis-histoire-des-sevarambes-peuples-qui-habitent-une-partie-du-troisieme-continent-communement-appelle-la-terre-australe\/"]}]},{"@type":"ImageObject","inLanguage":"en-US","@id":"https:\/\/clavreuil-wordpress.logiciel-arteo.fr\/en\/vairasse-dalais-denis-histoire-des-sevarambes-peuples-qui-habitent-une-partie-du-troisieme-continent-communement-appelle-la-terre-australe\/#primaryimage","url":"https:\/\/clavreuil-wordpress.logiciel-arteo.fr\/wp-content\/uploads\/2024\/04\/denis-vairasse-d-alais-histoire-des-sevarambes-peuples-qui-habitent-une-partie-du-troisieme-continent-communement-appelle-la-terre-australe-1037-6617b-scaled.jpg","contentUrl":"https:\/\/clavreuil-wordpress.logiciel-arteo.fr\/wp-content\/uploads\/2024\/04\/denis-vairasse-d-alais-histoire-des-sevarambes-peuples-qui-habitent-une-partie-du-troisieme-continent-communement-appelle-la-terre-australe-1037-6617b-scaled.jpg","width":1920,"height":2560},{"@type":"BreadcrumbList","@id":"https:\/\/clavreuil-wordpress.logiciel-arteo.fr\/en\/vairasse-dalais-denis-histoire-des-sevarambes-peuples-qui-habitent-une-partie-du-troisieme-continent-communement-appelle-la-terre-australe\/#breadcrumb","itemListElement":[{"@type":"ListItem","position":1,"name":"Accueil","item":"https:\/\/clavreuil-wordpress.logiciel-arteo.fr\/"},{"@type":"ListItem","position":2,"name":"All our books","item":"https:\/\/clavreuil-wordpress.logiciel-arteo.fr\/en\/all-our-books\/"},{"@type":"ListItem","position":3,"name":"VAIRASSE D&#8217;ALAIS Denis Histoire des Sevarambes, peuples qui..."}]},{"@type":"WebSite","@id":"https:\/\/clavreuil-wordpress.logiciel-arteo.fr\/#website","url":"https:\/\/clavreuil-wordpress.logiciel-arteo.fr\/","name":"Libairie Clavreuil","description":"","publisher":{"@id":"https:\/\/clavreuil-wordpress.logiciel-arteo.fr\/#organization"},"potentialAction":[{"@type":"SearchAction","target":{"@type":"EntryPoint","urlTemplate":"https:\/\/clavreuil-wordpress.logiciel-arteo.fr\/?s={search_term_string}"},"query-input":{"@type":"PropertyValueSpecification","valueRequired":true,"valueName":"search_term_string"}}],"inLanguage":"en-US"},{"@type":"Organization","@id":"https:\/\/clavreuil-wordpress.logiciel-arteo.fr\/#organization","name":"Libairie Clavreuil","url":"https:\/\/clavreuil-wordpress.logiciel-arteo.fr\/","logo":{"@type":"ImageObject","inLanguage":"en-US","@id":"https:\/\/clavreuil-wordpress.logiciel-arteo.fr\/#\/schema\/logo\/image\/","url":"https:\/\/clavreuil-wordpress.logiciel-arteo.fr\/wp-content\/uploads\/2021\/05\/LOGO_PNG_DATE-_gold.png","contentUrl":"https:\/\/clavreuil-wordpress.logiciel-arteo.fr\/wp-content\/uploads\/2021\/05\/LOGO_PNG_DATE-_gold.png","width":2083,"height":1917,"caption":"Libairie Clavreuil"},"image":{"@id":"https:\/\/clavreuil-wordpress.logiciel-arteo.fr\/#\/schema\/logo\/image\/"}}]}},"_links":{"self":[{"href":"https:\/\/clavreuil-wordpress.logiciel-arteo.fr\/en\/wp-json\/wp\/v2\/product\/76915","targetHints":{"allow":["GET"]}}],"collection":[{"href":"https:\/\/clavreuil-wordpress.logiciel-arteo.fr\/en\/wp-json\/wp\/v2\/product"}],"about":[{"href":"https:\/\/clavreuil-wordpress.logiciel-arteo.fr\/en\/wp-json\/wp\/v2\/types\/product"}],"replies":[{"embeddable":true,"href":"https:\/\/clavreuil-wordpress.logiciel-arteo.fr\/en\/wp-json\/wp\/v2\/comments?post=76915"}],"wp:featuredmedia":[{"embeddable":true,"href":"https:\/\/clavreuil-wordpress.logiciel-arteo.fr\/en\/wp-json\/wp\/v2\/media\/76906"}],"wp:attachment":[{"href":"https:\/\/clavreuil-wordpress.logiciel-arteo.fr\/en\/wp-json\/wp\/v2\/media?parent=76915"}],"wp:term":[{"taxonomy":"product_brand","embeddable":true,"href":"https:\/\/clavreuil-wordpress.logiciel-arteo.fr\/en\/wp-json\/wp\/v2\/product_brand?post=76915"},{"taxonomy":"product_cat","embeddable":true,"href":"https:\/\/clavreuil-wordpress.logiciel-arteo.fr\/en\/wp-json\/wp\/v2\/product_cat?post=76915"},{"taxonomy":"product_tag","embeddable":true,"href":"https:\/\/clavreuil-wordpress.logiciel-arteo.fr\/en\/wp-json\/wp\/v2\/product_tag?post=76915"}],"curies":[{"name":"wp","href":"https:\/\/api.w.org\/{rel}","templated":true}]}}