{"id":76974,"date":"2024-04-27T12:49:32","date_gmt":"2024-04-27T10:49:32","guid":{"rendered":"https:\/\/clavreuil-wordpress.logiciel-arteo.fr\/vigny-alfred-de-eloa-ou-la-soeur-des-anges-mystere\/"},"modified":"2024-04-27T12:49:56","modified_gmt":"2024-04-27T10:49:56","slug":"vigny-alfred-de-eloa-ou-la-soeur-des-anges-mystere","status":"publish","type":"product","link":"https:\/\/clavreuil-wordpress.logiciel-arteo.fr\/en\/vigny-alfred-de-eloa-ou-la-soeur-des-anges-mystere\/","title":{"rendered":"VIGNY Alfred de \u00c9loa, ou la s\u0153ur des..."},"content":{"rendered":"<p style=\"text-align:justify\"><em>Clouzot, p. 272 : &quot;Rare et recherch&eacute;&quot; ; Carteret, II, p. 447.<\/em><\/p>\n<p style=\"text-align:justify\">First edition of the author&#039;s third published book. At the height of his poetic art and one of the most beautiful French poems, Vigny develops here the themes of &#039;pity&#039; and &#039;love&#039; :&#039; &quot;&#8230; le th&egrave;me de la piti&eacute; qui ne recule devant rien, qui veut sauver &agrave; tout prix, m&ecirc;me le Diable ; l&#039;amour qui voudrait, inutilement, racheter le monde, et qui p&eacute;rit de son audace, mais sans se plaindre&quot; (Dictionnaire des &oelig;uvres).<\/p>\n<p style=\"text-align:justify\">His contemporaries were very much in favour of this piece and his fellow writer Th&eacute;ophile Gautier declared the poem &quot;le plus beau, le plus parfait peut-&ecirc;tre de la langue fran&ccedil;aise&quot;, in which Vigny deployed &quot;ces gris nacr&eacute;s, ces reflets de perles, ces transparences d&#039;opale, ce bleu clair de lune&quot; . The poem was first published in the very influential review Muse fran&ccedil;aise (1823-1824). Although of short lifespan, the publisher Ambroise Tardieu successfully enroled the most eminent writers and poets into his literary publication which saw works by Vigny, Hugo, Soumet, Nodier, Deschamps, Ress&eacute;guier, Desbordes-Valmore, Ancelot or Guttinguer.<\/p>\n<p style=\"text-align:justify\">Bound in at head is another important work of romantic poetry, also by a writer and contributor of <em>Muse fran&ccedil;aise<\/em>.<\/p>\n<p style=\"text-align:justify\"><strong>GUTTINGUER, Ulric.<\/strong> M&eacute;langes po&eacute;tiques. <em>Paris, Auguste Boulland et Cie<\/em> [<em>Ambroise Tardieu, &eacute;diteur<\/em>], <em>1824<\/em>. 3 nn.ll., 252 pp.<\/p>\n<p style=\"text-align:justify\"><em>Clouzot, p. 139 ; Carteret, I, 369.<\/em><\/p>\n<p style=\"text-align:justify\">First edition of the most important work of this poet from French Brittany (Rouen 1785 &#8211; Paris 1866).<\/p>\n<p style=\"text-align:justify\">His <em>M&eacute;langes po&eacute;tiques<\/em>, first published like <em>&Eacute;loa<\/em> in <em>Muse fran&ccedil;aise<\/em>, form a fine dyptych of the French Romantic poetry at its height.<\/p>\n<p style=\"text-align:justify\">Very fine copy, elegantly bound at the time.<\/p>\n<p style=\"text-align:justify\">Some overall foxing.<\/p>\n","protected":false},"excerpt":{"rendered":"<p style=\"text-align:justify\">8vo (237 x 153 mm) 2 nn.ll., 58 pp., 1 nn.l. (bookseller&#039;s catalogue). Contemporary green boards, gilt.<\/p>\n","protected":false},"featured_media":76967,"comment_status":"open","ping_status":"closed","template":"","meta":{"_acf_changed":false},"product_brand":[],"product_cat":[544],"product_tag":[598,1450],"class_list":{"0":"post-76974","1":"product","2":"type-product","3":"status-publish","4":"has-post-thumbnail","6":"product_cat-literature","7":"product_tag-19th-century-literature","8":"product_tag-first-edition","9":"pa_auteur-alfred-de-vigny-2","10":"pa_type-de-livre-printed-book","12":"first","13":"instock","14":"shipping-taxable","15":"purchasable","16":"product-type-simple"},"acf":[],"yoast_head":"<!-- This site is optimized with the Yoast SEO plugin v24.3 - https:\/\/yoast.com\/wordpress\/plugins\/seo\/ -->\n<title>VIGNY Alfred de \u00c9loa, ou la s\u0153ur des anges. Myst\u00e8re. - Libairie Clavreuil<\/title>\n<meta name=\"robots\" content=\"noindex, follow, max-snippet:-1, max-image-preview:large, max-video-preview:-1\" \/>\n<meta property=\"og:locale\" content=\"en_US\" \/>\n<meta property=\"og:type\" content=\"article\" \/>\n<meta property=\"og:title\" content=\"VIGNY Alfred de \u00c9loa, ou la s\u0153ur des anges. Myst\u00e8re. - Libairie Clavreuil\" \/>\n<meta property=\"og:description\" content=\"8vo (237 x 153 mm) 2 nn.ll., 58 pp., 1 nn.l. (bookseller&#039;s catalogue). Contemporary green boards, gilt.\" \/>\n<meta property=\"og:url\" content=\"https:\/\/clavreuil-wordpress.logiciel-arteo.fr\/en\/vigny-alfred-de-eloa-ou-la-soeur-des-anges-mystere\/\" \/>\n<meta property=\"og:site_name\" content=\"Libairie Clavreuil\" \/>\n<meta property=\"article:modified_time\" content=\"2024-04-27T10:49:56+00:00\" \/>\n<meta property=\"og:image\" content=\"https:\/\/clavreuil-wordpress.logiciel-arteo.fr\/wp-content\/uploads\/2024\/04\/alfred-de-vigny-eloa-ou-la-soeur-des-anges-mystere-4283-65affcb08e9eb.jpg\" \/>\n\t<meta property=\"og:image:width\" content=\"1181\" \/>\n\t<meta property=\"og:image:height\" content=\"1624\" \/>\n\t<meta property=\"og:image:type\" content=\"image\/jpeg\" \/>\n<meta name=\"twitter:card\" content=\"summary_large_image\" \/>\n<meta name=\"twitter:label1\" content=\"Est. reading time\" \/>\n\t<meta name=\"twitter:data1\" content=\"2 minutes\" \/>\n<script type=\"application\/ld+json\" class=\"yoast-schema-graph\">{\"@context\":\"https:\/\/schema.org\",\"@graph\":[{\"@type\":\"WebPage\",\"@id\":\"https:\/\/clavreuil-wordpress.logiciel-arteo.fr\/en\/vigny-alfred-de-eloa-ou-la-soeur-des-anges-mystere\/\",\"url\":\"https:\/\/clavreuil-wordpress.logiciel-arteo.fr\/en\/vigny-alfred-de-eloa-ou-la-soeur-des-anges-mystere\/\",\"name\":\"VIGNY Alfred de \u00c9loa, ou la s\u0153ur des anges. Myst\u00e8re. - Libairie Clavreuil\",\"isPartOf\":{\"@id\":\"https:\/\/clavreuil-wordpress.logiciel-arteo.fr\/#website\"},\"primaryImageOfPage\":{\"@id\":\"https:\/\/clavreuil-wordpress.logiciel-arteo.fr\/en\/vigny-alfred-de-eloa-ou-la-soeur-des-anges-mystere\/#primaryimage\"},\"image\":{\"@id\":\"https:\/\/clavreuil-wordpress.logiciel-arteo.fr\/en\/vigny-alfred-de-eloa-ou-la-soeur-des-anges-mystere\/#primaryimage\"},\"thumbnailUrl\":\"https:\/\/clavreuil-wordpress.logiciel-arteo.fr\/wp-content\/uploads\/2024\/04\/alfred-de-vigny-eloa-ou-la-soeur-des-anges-mystere-4283-65affcb08e9eb.jpg\",\"datePublished\":\"2024-04-27T10:49:32+00:00\",\"dateModified\":\"2024-04-27T10:49:56+00:00\",\"breadcrumb\":{\"@id\":\"https:\/\/clavreuil-wordpress.logiciel-arteo.fr\/en\/vigny-alfred-de-eloa-ou-la-soeur-des-anges-mystere\/#breadcrumb\"},\"inLanguage\":\"en-US\",\"potentialAction\":[{\"@type\":\"ReadAction\",\"target\":[\"https:\/\/clavreuil-wordpress.logiciel-arteo.fr\/en\/vigny-alfred-de-eloa-ou-la-soeur-des-anges-mystere\/\"]}]},{\"@type\":\"ImageObject\",\"inLanguage\":\"en-US\",\"@id\":\"https:\/\/clavreuil-wordpress.logiciel-arteo.fr\/en\/vigny-alfred-de-eloa-ou-la-soeur-des-anges-mystere\/#primaryimage\",\"url\":\"https:\/\/clavreuil-wordpress.logiciel-arteo.fr\/wp-content\/uploads\/2024\/04\/alfred-de-vigny-eloa-ou-la-soeur-des-anges-mystere-4283-65affcb08e9eb.jpg\",\"contentUrl\":\"https:\/\/clavreuil-wordpress.logiciel-arteo.fr\/wp-content\/uploads\/2024\/04\/alfred-de-vigny-eloa-ou-la-soeur-des-anges-mystere-4283-65affcb08e9eb.jpg\",\"width\":1181,\"height\":1624},{\"@type\":\"BreadcrumbList\",\"@id\":\"https:\/\/clavreuil-wordpress.logiciel-arteo.fr\/en\/vigny-alfred-de-eloa-ou-la-soeur-des-anges-mystere\/#breadcrumb\",\"itemListElement\":[{\"@type\":\"ListItem\",\"position\":1,\"name\":\"Accueil\",\"item\":\"https:\/\/clavreuil-wordpress.logiciel-arteo.fr\/\"},{\"@type\":\"ListItem\",\"position\":2,\"name\":\"All our books\",\"item\":\"https:\/\/clavreuil-wordpress.logiciel-arteo.fr\/en\/all-our-books\/\"},{\"@type\":\"ListItem\",\"position\":3,\"name\":\"VIGNY Alfred de \u00c9loa, ou la s\u0153ur des...\"}]},{\"@type\":\"WebSite\",\"@id\":\"https:\/\/clavreuil-wordpress.logiciel-arteo.fr\/#website\",\"url\":\"https:\/\/clavreuil-wordpress.logiciel-arteo.fr\/\",\"name\":\"Libairie Clavreuil\",\"description\":\"\",\"publisher\":{\"@id\":\"https:\/\/clavreuil-wordpress.logiciel-arteo.fr\/#organization\"},\"potentialAction\":[{\"@type\":\"SearchAction\",\"target\":{\"@type\":\"EntryPoint\",\"urlTemplate\":\"https:\/\/clavreuil-wordpress.logiciel-arteo.fr\/?s={search_term_string}\"},\"query-input\":{\"@type\":\"PropertyValueSpecification\",\"valueRequired\":true,\"valueName\":\"search_term_string\"}}],\"inLanguage\":\"en-US\"},{\"@type\":\"Organization\",\"@id\":\"https:\/\/clavreuil-wordpress.logiciel-arteo.fr\/#organization\",\"name\":\"Libairie Clavreuil\",\"url\":\"https:\/\/clavreuil-wordpress.logiciel-arteo.fr\/\",\"logo\":{\"@type\":\"ImageObject\",\"inLanguage\":\"en-US\",\"@id\":\"https:\/\/clavreuil-wordpress.logiciel-arteo.fr\/#\/schema\/logo\/image\/\",\"url\":\"https:\/\/clavreuil-wordpress.logiciel-arteo.fr\/wp-content\/uploads\/2021\/05\/LOGO_PNG_DATE-_gold.png\",\"contentUrl\":\"https:\/\/clavreuil-wordpress.logiciel-arteo.fr\/wp-content\/uploads\/2021\/05\/LOGO_PNG_DATE-_gold.png\",\"width\":2083,\"height\":1917,\"caption\":\"Libairie Clavreuil\"},\"image\":{\"@id\":\"https:\/\/clavreuil-wordpress.logiciel-arteo.fr\/#\/schema\/logo\/image\/\"}}]}<\/script>\n<!-- \/ Yoast SEO plugin. -->","yoast_head_json":{"title":"VIGNY Alfred de \u00c9loa, ou la s\u0153ur des anges. Myst\u00e8re. - Libairie Clavreuil","robots":{"index":"noindex","follow":"follow","max-snippet":"max-snippet:-1","max-image-preview":"max-image-preview:large","max-video-preview":"max-video-preview:-1"},"og_locale":"en_US","og_type":"article","og_title":"VIGNY Alfred de \u00c9loa, ou la s\u0153ur des anges. Myst\u00e8re. - Libairie Clavreuil","og_description":"8vo (237 x 153 mm) 2 nn.ll., 58 pp., 1 nn.l. (bookseller&#039;s catalogue). Contemporary green boards, gilt.","og_url":"https:\/\/clavreuil-wordpress.logiciel-arteo.fr\/en\/vigny-alfred-de-eloa-ou-la-soeur-des-anges-mystere\/","og_site_name":"Libairie Clavreuil","article_modified_time":"2024-04-27T10:49:56+00:00","og_image":[{"width":1181,"height":1624,"url":"https:\/\/clavreuil-wordpress.logiciel-arteo.fr\/wp-content\/uploads\/2024\/04\/alfred-de-vigny-eloa-ou-la-soeur-des-anges-mystere-4283-65affcb08e9eb.jpg","type":"image\/jpeg"}],"twitter_card":"summary_large_image","twitter_misc":{"Est. reading time":"2 minutes"},"schema":{"@context":"https:\/\/schema.org","@graph":[{"@type":"WebPage","@id":"https:\/\/clavreuil-wordpress.logiciel-arteo.fr\/en\/vigny-alfred-de-eloa-ou-la-soeur-des-anges-mystere\/","url":"https:\/\/clavreuil-wordpress.logiciel-arteo.fr\/en\/vigny-alfred-de-eloa-ou-la-soeur-des-anges-mystere\/","name":"VIGNY Alfred de \u00c9loa, ou la s\u0153ur des anges. Myst\u00e8re. - Libairie Clavreuil","isPartOf":{"@id":"https:\/\/clavreuil-wordpress.logiciel-arteo.fr\/#website"},"primaryImageOfPage":{"@id":"https:\/\/clavreuil-wordpress.logiciel-arteo.fr\/en\/vigny-alfred-de-eloa-ou-la-soeur-des-anges-mystere\/#primaryimage"},"image":{"@id":"https:\/\/clavreuil-wordpress.logiciel-arteo.fr\/en\/vigny-alfred-de-eloa-ou-la-soeur-des-anges-mystere\/#primaryimage"},"thumbnailUrl":"https:\/\/clavreuil-wordpress.logiciel-arteo.fr\/wp-content\/uploads\/2024\/04\/alfred-de-vigny-eloa-ou-la-soeur-des-anges-mystere-4283-65affcb08e9eb.jpg","datePublished":"2024-04-27T10:49:32+00:00","dateModified":"2024-04-27T10:49:56+00:00","breadcrumb":{"@id":"https:\/\/clavreuil-wordpress.logiciel-arteo.fr\/en\/vigny-alfred-de-eloa-ou-la-soeur-des-anges-mystere\/#breadcrumb"},"inLanguage":"en-US","potentialAction":[{"@type":"ReadAction","target":["https:\/\/clavreuil-wordpress.logiciel-arteo.fr\/en\/vigny-alfred-de-eloa-ou-la-soeur-des-anges-mystere\/"]}]},{"@type":"ImageObject","inLanguage":"en-US","@id":"https:\/\/clavreuil-wordpress.logiciel-arteo.fr\/en\/vigny-alfred-de-eloa-ou-la-soeur-des-anges-mystere\/#primaryimage","url":"https:\/\/clavreuil-wordpress.logiciel-arteo.fr\/wp-content\/uploads\/2024\/04\/alfred-de-vigny-eloa-ou-la-soeur-des-anges-mystere-4283-65affcb08e9eb.jpg","contentUrl":"https:\/\/clavreuil-wordpress.logiciel-arteo.fr\/wp-content\/uploads\/2024\/04\/alfred-de-vigny-eloa-ou-la-soeur-des-anges-mystere-4283-65affcb08e9eb.jpg","width":1181,"height":1624},{"@type":"BreadcrumbList","@id":"https:\/\/clavreuil-wordpress.logiciel-arteo.fr\/en\/vigny-alfred-de-eloa-ou-la-soeur-des-anges-mystere\/#breadcrumb","itemListElement":[{"@type":"ListItem","position":1,"name":"Accueil","item":"https:\/\/clavreuil-wordpress.logiciel-arteo.fr\/"},{"@type":"ListItem","position":2,"name":"All our books","item":"https:\/\/clavreuil-wordpress.logiciel-arteo.fr\/en\/all-our-books\/"},{"@type":"ListItem","position":3,"name":"VIGNY Alfred de \u00c9loa, ou la s\u0153ur des..."}]},{"@type":"WebSite","@id":"https:\/\/clavreuil-wordpress.logiciel-arteo.fr\/#website","url":"https:\/\/clavreuil-wordpress.logiciel-arteo.fr\/","name":"Libairie Clavreuil","description":"","publisher":{"@id":"https:\/\/clavreuil-wordpress.logiciel-arteo.fr\/#organization"},"potentialAction":[{"@type":"SearchAction","target":{"@type":"EntryPoint","urlTemplate":"https:\/\/clavreuil-wordpress.logiciel-arteo.fr\/?s={search_term_string}"},"query-input":{"@type":"PropertyValueSpecification","valueRequired":true,"valueName":"search_term_string"}}],"inLanguage":"en-US"},{"@type":"Organization","@id":"https:\/\/clavreuil-wordpress.logiciel-arteo.fr\/#organization","name":"Libairie Clavreuil","url":"https:\/\/clavreuil-wordpress.logiciel-arteo.fr\/","logo":{"@type":"ImageObject","inLanguage":"en-US","@id":"https:\/\/clavreuil-wordpress.logiciel-arteo.fr\/#\/schema\/logo\/image\/","url":"https:\/\/clavreuil-wordpress.logiciel-arteo.fr\/wp-content\/uploads\/2021\/05\/LOGO_PNG_DATE-_gold.png","contentUrl":"https:\/\/clavreuil-wordpress.logiciel-arteo.fr\/wp-content\/uploads\/2021\/05\/LOGO_PNG_DATE-_gold.png","width":2083,"height":1917,"caption":"Libairie Clavreuil"},"image":{"@id":"https:\/\/clavreuil-wordpress.logiciel-arteo.fr\/#\/schema\/logo\/image\/"}}]}},"_links":{"self":[{"href":"https:\/\/clavreuil-wordpress.logiciel-arteo.fr\/en\/wp-json\/wp\/v2\/product\/76974","targetHints":{"allow":["GET"]}}],"collection":[{"href":"https:\/\/clavreuil-wordpress.logiciel-arteo.fr\/en\/wp-json\/wp\/v2\/product"}],"about":[{"href":"https:\/\/clavreuil-wordpress.logiciel-arteo.fr\/en\/wp-json\/wp\/v2\/types\/product"}],"replies":[{"embeddable":true,"href":"https:\/\/clavreuil-wordpress.logiciel-arteo.fr\/en\/wp-json\/wp\/v2\/comments?post=76974"}],"wp:featuredmedia":[{"embeddable":true,"href":"https:\/\/clavreuil-wordpress.logiciel-arteo.fr\/en\/wp-json\/wp\/v2\/media\/76967"}],"wp:attachment":[{"href":"https:\/\/clavreuil-wordpress.logiciel-arteo.fr\/en\/wp-json\/wp\/v2\/media?parent=76974"}],"wp:term":[{"taxonomy":"product_brand","embeddable":true,"href":"https:\/\/clavreuil-wordpress.logiciel-arteo.fr\/en\/wp-json\/wp\/v2\/product_brand?post=76974"},{"taxonomy":"product_cat","embeddable":true,"href":"https:\/\/clavreuil-wordpress.logiciel-arteo.fr\/en\/wp-json\/wp\/v2\/product_cat?post=76974"},{"taxonomy":"product_tag","embeddable":true,"href":"https:\/\/clavreuil-wordpress.logiciel-arteo.fr\/en\/wp-json\/wp\/v2\/product_tag?post=76974"}],"curies":[{"name":"wp","href":"https:\/\/api.w.org\/{rel}","templated":true}]}}