{"id":77099,"date":"2024-05-02T15:46:35","date_gmt":"2024-05-02T13:46:35","guid":{"rendered":"https:\/\/clavreuil-wordpress.logiciel-arteo.fr\/chenier-andre-marie-varietes-in-journal-de-paris\/"},"modified":"2024-05-02T15:46:59","modified_gmt":"2024-05-02T13:46:59","slug":"chenier-andre-marie-varietes-in-journal-de-paris","status":"publish","type":"product","link":"https:\/\/clavreuil-wordpress.logiciel-arteo.fr\/en\/chenier-andre-marie-varietes-in-journal-de-paris\/","title":{"rendered":"CHENIER Andr\u00e9-Marie [Vari\u00e9t\u00e9s]. In : Journal de Paris."},"content":{"rendered":"<p style=\"text-align:justify\"><em>Tchemerzine-Scheler, p. 360.<\/em><\/p>\n<p style=\"text-align:justify\">First editions.<\/p>\n<p style=\"text-align:justify\">Precious collection of all issues of the <em>Journal de Paris<\/em>, organ of the constitutional party during the Revolution, or of its <em>Suppl&eacute;ment<\/em> containing, under the title of &quot;Vari&eacute;t&eacute;&quot;, an article by Andr&eacute; Ch&eacute;nier, signed or anonymous. As early as 1790, Andr&eacute; Ch&eacute;nier was enthusiastic about the Revolution. In 1791, considering that the revolutionary thrust had been exhausted, he sided with the feuillants, the aristocracy and the liberal bourgeoisie. Unfortunately, his articles criticising the excesses of the Revolution and calling for moderation brought him to the attention of the future masters of France: his attacks on the Jacobins &#8211; Robespierre and Marat in particular &#8211; will never be forgotten, nor his stance in favour of Chateauvieux&#039;s Swiss (Affaire de Nancy).<\/p>\n<p style=\"text-align:justify\">Collation identical to the one given by Lucien Scheler in his notes in Tchemerzine, for 1791 : Journal n&deg; 316, 12 Nov. &#8211; For 1792 : Supplements n&deg; 14, 19, 25, 32, 35, 38 &amp; 41 (12 Feb.-4 April). &#8211; Journal n&deg; 101 (10 April). &#8211; Suppl&eacute;ment n&deg; 48 (3 April). &#8211; Journal n&deg; 106 (15 April). &#8211; Suppl&eacute;ments n&deg; 60, 62, 66, 69, 70, 83, 89bis, 100, 104 &amp; 107 (29 April-10 July). &#8211; Journal n&deg; 203 &amp; 209 (21-27 July). &#8211; Two weeks after the publication of the last issue, Ch&eacute;nier left Paris (10 August 1792), having been harassed for his political stance. The carefully compiled volume contains a pencil note by Lucien Scheler: &quot;Collection compl&egrave;te des articles publi&eacute;s par Andr&eacute; Ch&eacute;nier dans le <em>Journal de Paris<\/em>&quot;.<\/p>\n","protected":false},"excerpt":{"rendered":"<p>4to (205 x 151 mm) 46 nn.ll., i.e. 18 issues each with 4 pp. individually paginated, printed in 2 columns. Modern calf-backed marbled boards in style, flat spine gilt.<\/p>\n","protected":false},"featured_media":77094,"comment_status":"open","ping_status":"closed","template":"","meta":{"_acf_changed":false},"product_brand":[],"product_cat":[544],"product_tag":[1245,1450,1213],"class_list":{"0":"post-77099","1":"product","2":"type-product","3":"status-publish","4":"has-post-thumbnail","6":"product_cat-literature","7":"product_tag-18th-century-literature","8":"product_tag-first-edition","9":"product_tag-history","10":"pa_auteur-andre-marie-chenier-2","11":"pa_type-de-livre-printed-book","13":"first","14":"instock","15":"shipping-taxable","16":"purchasable","17":"product-type-simple"},"acf":[],"yoast_head":"<!-- This site is optimized with the Yoast SEO plugin v24.3 - https:\/\/yoast.com\/wordpress\/plugins\/seo\/ -->\n<title>CHENIER Andr\u00e9-Marie [Vari\u00e9t\u00e9s]. In : Journal de Paris. - Libairie Clavreuil<\/title>\n<meta name=\"robots\" content=\"noindex, follow, max-snippet:-1, max-image-preview:large, max-video-preview:-1\" \/>\n<meta property=\"og:locale\" content=\"en_US\" \/>\n<meta property=\"og:type\" content=\"article\" \/>\n<meta property=\"og:title\" content=\"CHENIER Andr\u00e9-Marie [Vari\u00e9t\u00e9s]. In : Journal de Paris. - Libairie Clavreuil\" \/>\n<meta property=\"og:description\" content=\"4to (205 x 151 mm) 46 nn.ll., i.e. 18 issues each with 4 pp. individually paginated, printed in 2 columns. Modern calf-backed marbled boards in style, flat spine gilt.\" \/>\n<meta property=\"og:url\" content=\"https:\/\/clavreuil-wordpress.logiciel-arteo.fr\/en\/chenier-andre-marie-varietes-in-journal-de-paris\/\" \/>\n<meta property=\"og:site_name\" content=\"Libairie Clavreuil\" \/>\n<meta property=\"article:modified_time\" content=\"2024-05-02T13:46:59+00:00\" \/>\n<meta property=\"og:image\" content=\"https:\/\/clavreuil-wordpress.logiciel-arteo.fr\/wp-content\/uploads\/2024\/05\/andre-marie-chenier-varietes-in-journal-de-paris-4286-65b28309dc5cc.jpg\" \/>\n\t<meta property=\"og:image:width\" content=\"792\" \/>\n\t<meta property=\"og:image:height\" content=\"1083\" \/>\n\t<meta property=\"og:image:type\" content=\"image\/jpeg\" \/>\n<meta name=\"twitter:card\" content=\"summary_large_image\" \/>\n<meta name=\"twitter:label1\" content=\"Est. reading time\" \/>\n\t<meta name=\"twitter:data1\" content=\"1 minute\" \/>\n<script type=\"application\/ld+json\" class=\"yoast-schema-graph\">{\"@context\":\"https:\/\/schema.org\",\"@graph\":[{\"@type\":\"WebPage\",\"@id\":\"https:\/\/clavreuil-wordpress.logiciel-arteo.fr\/en\/chenier-andre-marie-varietes-in-journal-de-paris\/\",\"url\":\"https:\/\/clavreuil-wordpress.logiciel-arteo.fr\/en\/chenier-andre-marie-varietes-in-journal-de-paris\/\",\"name\":\"CHENIER Andr\u00e9-Marie [Vari\u00e9t\u00e9s]. In : Journal de Paris. - Libairie Clavreuil\",\"isPartOf\":{\"@id\":\"https:\/\/clavreuil-wordpress.logiciel-arteo.fr\/#website\"},\"primaryImageOfPage\":{\"@id\":\"https:\/\/clavreuil-wordpress.logiciel-arteo.fr\/en\/chenier-andre-marie-varietes-in-journal-de-paris\/#primaryimage\"},\"image\":{\"@id\":\"https:\/\/clavreuil-wordpress.logiciel-arteo.fr\/en\/chenier-andre-marie-varietes-in-journal-de-paris\/#primaryimage\"},\"thumbnailUrl\":\"https:\/\/clavreuil-wordpress.logiciel-arteo.fr\/wp-content\/uploads\/2024\/05\/andre-marie-chenier-varietes-in-journal-de-paris-4286-65b28309dc5cc.jpg\",\"datePublished\":\"2024-05-02T13:46:35+00:00\",\"dateModified\":\"2024-05-02T13:46:59+00:00\",\"breadcrumb\":{\"@id\":\"https:\/\/clavreuil-wordpress.logiciel-arteo.fr\/en\/chenier-andre-marie-varietes-in-journal-de-paris\/#breadcrumb\"},\"inLanguage\":\"en-US\",\"potentialAction\":[{\"@type\":\"ReadAction\",\"target\":[\"https:\/\/clavreuil-wordpress.logiciel-arteo.fr\/en\/chenier-andre-marie-varietes-in-journal-de-paris\/\"]}]},{\"@type\":\"ImageObject\",\"inLanguage\":\"en-US\",\"@id\":\"https:\/\/clavreuil-wordpress.logiciel-arteo.fr\/en\/chenier-andre-marie-varietes-in-journal-de-paris\/#primaryimage\",\"url\":\"https:\/\/clavreuil-wordpress.logiciel-arteo.fr\/wp-content\/uploads\/2024\/05\/andre-marie-chenier-varietes-in-journal-de-paris-4286-65b28309dc5cc.jpg\",\"contentUrl\":\"https:\/\/clavreuil-wordpress.logiciel-arteo.fr\/wp-content\/uploads\/2024\/05\/andre-marie-chenier-varietes-in-journal-de-paris-4286-65b28309dc5cc.jpg\",\"width\":792,\"height\":1083},{\"@type\":\"BreadcrumbList\",\"@id\":\"https:\/\/clavreuil-wordpress.logiciel-arteo.fr\/en\/chenier-andre-marie-varietes-in-journal-de-paris\/#breadcrumb\",\"itemListElement\":[{\"@type\":\"ListItem\",\"position\":1,\"name\":\"Accueil\",\"item\":\"https:\/\/clavreuil-wordpress.logiciel-arteo.fr\/\"},{\"@type\":\"ListItem\",\"position\":2,\"name\":\"All our books\",\"item\":\"https:\/\/clavreuil-wordpress.logiciel-arteo.fr\/en\/all-our-books\/\"},{\"@type\":\"ListItem\",\"position\":3,\"name\":\"CHENIER Andr\u00e9-Marie [Vari\u00e9t\u00e9s]. In : Journal de Paris.\"}]},{\"@type\":\"WebSite\",\"@id\":\"https:\/\/clavreuil-wordpress.logiciel-arteo.fr\/#website\",\"url\":\"https:\/\/clavreuil-wordpress.logiciel-arteo.fr\/\",\"name\":\"Libairie Clavreuil\",\"description\":\"\",\"publisher\":{\"@id\":\"https:\/\/clavreuil-wordpress.logiciel-arteo.fr\/#organization\"},\"potentialAction\":[{\"@type\":\"SearchAction\",\"target\":{\"@type\":\"EntryPoint\",\"urlTemplate\":\"https:\/\/clavreuil-wordpress.logiciel-arteo.fr\/?s={search_term_string}\"},\"query-input\":{\"@type\":\"PropertyValueSpecification\",\"valueRequired\":true,\"valueName\":\"search_term_string\"}}],\"inLanguage\":\"en-US\"},{\"@type\":\"Organization\",\"@id\":\"https:\/\/clavreuil-wordpress.logiciel-arteo.fr\/#organization\",\"name\":\"Libairie Clavreuil\",\"url\":\"https:\/\/clavreuil-wordpress.logiciel-arteo.fr\/\",\"logo\":{\"@type\":\"ImageObject\",\"inLanguage\":\"en-US\",\"@id\":\"https:\/\/clavreuil-wordpress.logiciel-arteo.fr\/#\/schema\/logo\/image\/\",\"url\":\"https:\/\/clavreuil-wordpress.logiciel-arteo.fr\/wp-content\/uploads\/2021\/05\/LOGO_PNG_DATE-_gold.png\",\"contentUrl\":\"https:\/\/clavreuil-wordpress.logiciel-arteo.fr\/wp-content\/uploads\/2021\/05\/LOGO_PNG_DATE-_gold.png\",\"width\":2083,\"height\":1917,\"caption\":\"Libairie Clavreuil\"},\"image\":{\"@id\":\"https:\/\/clavreuil-wordpress.logiciel-arteo.fr\/#\/schema\/logo\/image\/\"}}]}<\/script>\n<!-- \/ Yoast SEO plugin. -->","yoast_head_json":{"title":"CHENIER Andr\u00e9-Marie [Vari\u00e9t\u00e9s]. In : Journal de Paris. - Libairie Clavreuil","robots":{"index":"noindex","follow":"follow","max-snippet":"max-snippet:-1","max-image-preview":"max-image-preview:large","max-video-preview":"max-video-preview:-1"},"og_locale":"en_US","og_type":"article","og_title":"CHENIER Andr\u00e9-Marie [Vari\u00e9t\u00e9s]. In : Journal de Paris. - Libairie Clavreuil","og_description":"4to (205 x 151 mm) 46 nn.ll., i.e. 18 issues each with 4 pp. individually paginated, printed in 2 columns. Modern calf-backed marbled boards in style, flat spine gilt.","og_url":"https:\/\/clavreuil-wordpress.logiciel-arteo.fr\/en\/chenier-andre-marie-varietes-in-journal-de-paris\/","og_site_name":"Libairie Clavreuil","article_modified_time":"2024-05-02T13:46:59+00:00","og_image":[{"width":792,"height":1083,"url":"https:\/\/clavreuil-wordpress.logiciel-arteo.fr\/wp-content\/uploads\/2024\/05\/andre-marie-chenier-varietes-in-journal-de-paris-4286-65b28309dc5cc.jpg","type":"image\/jpeg"}],"twitter_card":"summary_large_image","twitter_misc":{"Est. reading time":"1 minute"},"schema":{"@context":"https:\/\/schema.org","@graph":[{"@type":"WebPage","@id":"https:\/\/clavreuil-wordpress.logiciel-arteo.fr\/en\/chenier-andre-marie-varietes-in-journal-de-paris\/","url":"https:\/\/clavreuil-wordpress.logiciel-arteo.fr\/en\/chenier-andre-marie-varietes-in-journal-de-paris\/","name":"CHENIER Andr\u00e9-Marie [Vari\u00e9t\u00e9s]. In : Journal de Paris. - Libairie Clavreuil","isPartOf":{"@id":"https:\/\/clavreuil-wordpress.logiciel-arteo.fr\/#website"},"primaryImageOfPage":{"@id":"https:\/\/clavreuil-wordpress.logiciel-arteo.fr\/en\/chenier-andre-marie-varietes-in-journal-de-paris\/#primaryimage"},"image":{"@id":"https:\/\/clavreuil-wordpress.logiciel-arteo.fr\/en\/chenier-andre-marie-varietes-in-journal-de-paris\/#primaryimage"},"thumbnailUrl":"https:\/\/clavreuil-wordpress.logiciel-arteo.fr\/wp-content\/uploads\/2024\/05\/andre-marie-chenier-varietes-in-journal-de-paris-4286-65b28309dc5cc.jpg","datePublished":"2024-05-02T13:46:35+00:00","dateModified":"2024-05-02T13:46:59+00:00","breadcrumb":{"@id":"https:\/\/clavreuil-wordpress.logiciel-arteo.fr\/en\/chenier-andre-marie-varietes-in-journal-de-paris\/#breadcrumb"},"inLanguage":"en-US","potentialAction":[{"@type":"ReadAction","target":["https:\/\/clavreuil-wordpress.logiciel-arteo.fr\/en\/chenier-andre-marie-varietes-in-journal-de-paris\/"]}]},{"@type":"ImageObject","inLanguage":"en-US","@id":"https:\/\/clavreuil-wordpress.logiciel-arteo.fr\/en\/chenier-andre-marie-varietes-in-journal-de-paris\/#primaryimage","url":"https:\/\/clavreuil-wordpress.logiciel-arteo.fr\/wp-content\/uploads\/2024\/05\/andre-marie-chenier-varietes-in-journal-de-paris-4286-65b28309dc5cc.jpg","contentUrl":"https:\/\/clavreuil-wordpress.logiciel-arteo.fr\/wp-content\/uploads\/2024\/05\/andre-marie-chenier-varietes-in-journal-de-paris-4286-65b28309dc5cc.jpg","width":792,"height":1083},{"@type":"BreadcrumbList","@id":"https:\/\/clavreuil-wordpress.logiciel-arteo.fr\/en\/chenier-andre-marie-varietes-in-journal-de-paris\/#breadcrumb","itemListElement":[{"@type":"ListItem","position":1,"name":"Accueil","item":"https:\/\/clavreuil-wordpress.logiciel-arteo.fr\/"},{"@type":"ListItem","position":2,"name":"All our books","item":"https:\/\/clavreuil-wordpress.logiciel-arteo.fr\/en\/all-our-books\/"},{"@type":"ListItem","position":3,"name":"CHENIER Andr\u00e9-Marie [Vari\u00e9t\u00e9s]. In : Journal de Paris."}]},{"@type":"WebSite","@id":"https:\/\/clavreuil-wordpress.logiciel-arteo.fr\/#website","url":"https:\/\/clavreuil-wordpress.logiciel-arteo.fr\/","name":"Libairie Clavreuil","description":"","publisher":{"@id":"https:\/\/clavreuil-wordpress.logiciel-arteo.fr\/#organization"},"potentialAction":[{"@type":"SearchAction","target":{"@type":"EntryPoint","urlTemplate":"https:\/\/clavreuil-wordpress.logiciel-arteo.fr\/?s={search_term_string}"},"query-input":{"@type":"PropertyValueSpecification","valueRequired":true,"valueName":"search_term_string"}}],"inLanguage":"en-US"},{"@type":"Organization","@id":"https:\/\/clavreuil-wordpress.logiciel-arteo.fr\/#organization","name":"Libairie Clavreuil","url":"https:\/\/clavreuil-wordpress.logiciel-arteo.fr\/","logo":{"@type":"ImageObject","inLanguage":"en-US","@id":"https:\/\/clavreuil-wordpress.logiciel-arteo.fr\/#\/schema\/logo\/image\/","url":"https:\/\/clavreuil-wordpress.logiciel-arteo.fr\/wp-content\/uploads\/2021\/05\/LOGO_PNG_DATE-_gold.png","contentUrl":"https:\/\/clavreuil-wordpress.logiciel-arteo.fr\/wp-content\/uploads\/2021\/05\/LOGO_PNG_DATE-_gold.png","width":2083,"height":1917,"caption":"Libairie Clavreuil"},"image":{"@id":"https:\/\/clavreuil-wordpress.logiciel-arteo.fr\/#\/schema\/logo\/image\/"}}]}},"_links":{"self":[{"href":"https:\/\/clavreuil-wordpress.logiciel-arteo.fr\/en\/wp-json\/wp\/v2\/product\/77099","targetHints":{"allow":["GET"]}}],"collection":[{"href":"https:\/\/clavreuil-wordpress.logiciel-arteo.fr\/en\/wp-json\/wp\/v2\/product"}],"about":[{"href":"https:\/\/clavreuil-wordpress.logiciel-arteo.fr\/en\/wp-json\/wp\/v2\/types\/product"}],"replies":[{"embeddable":true,"href":"https:\/\/clavreuil-wordpress.logiciel-arteo.fr\/en\/wp-json\/wp\/v2\/comments?post=77099"}],"wp:featuredmedia":[{"embeddable":true,"href":"https:\/\/clavreuil-wordpress.logiciel-arteo.fr\/en\/wp-json\/wp\/v2\/media\/77094"}],"wp:attachment":[{"href":"https:\/\/clavreuil-wordpress.logiciel-arteo.fr\/en\/wp-json\/wp\/v2\/media?parent=77099"}],"wp:term":[{"taxonomy":"product_brand","embeddable":true,"href":"https:\/\/clavreuil-wordpress.logiciel-arteo.fr\/en\/wp-json\/wp\/v2\/product_brand?post=77099"},{"taxonomy":"product_cat","embeddable":true,"href":"https:\/\/clavreuil-wordpress.logiciel-arteo.fr\/en\/wp-json\/wp\/v2\/product_cat?post=77099"},{"taxonomy":"product_tag","embeddable":true,"href":"https:\/\/clavreuil-wordpress.logiciel-arteo.fr\/en\/wp-json\/wp\/v2\/product_tag?post=77099"}],"curies":[{"name":"wp","href":"https:\/\/api.w.org\/{rel}","templated":true}]}}