{"id":77117,"date":"2024-05-02T15:53:59","date_gmt":"2024-05-02T13:53:59","guid":{"rendered":"https:\/\/clavreuil-wordpress.logiciel-arteo.fr\/exquemelin-raveneau-de-lussan-defoe-histoire-des-avanturiers-flibustiers-qui-se-sont-signalez-dans-les-indes-nouvelle-edition-corrigee-augmentee-de-lhistoire-des-pirates-anglois-depu\/"},"modified":"2024-05-02T15:54:39","modified_gmt":"2024-05-02T13:54:39","slug":"exquemelin-raveneau-de-lussan-defoe-histoire-des-avanturiers-flibustiers-qui-se-sont-signalez-dans-les-indes-nouvelle-edition-corrigee-augmentee-de-lhistoire-des-pirates-anglois-depu","status":"publish","type":"product","link":"https:\/\/clavreuil-wordpress.logiciel-arteo.fr\/en\/exquemelin-raveneau-de-lussan-defoe-histoire-des-avanturiers-flibustiers-qui-se-sont-signalez-dans-les-indes-nouvelle-edition-corrigee-augmentee-de-lhistoire-des-pirates-anglois-depu\/","title":{"rendered":"EXQUEMELIN RAVENEAU DE LUSSAN &amp; DEFOE Histoire des..."},"content":{"rendered":"<p style=\"text-align:justify\"><em>Sabin, 23477 ; 67985n, &amp; 36192 ; Palau, 85746 ; JCB (1), III, 780 ; Alden, 744\/185.<\/em><\/p>\n<p style=\"text-align:justify\">Fine collected edition combining these three classic work on pirates and buccaneers. The first one, and at the same time the most famous, was written by the pirate Henry Morgan&rsquo;s ship surgeon, Alexander-Olivier Exquemelin (ca. 1645-1707). The first two volumes contain the surgeon&rsquo;s diary in the French version by Jean de Frontigni&egrave;res (published for the first time in 1686). Volume III contains the <em>Journal du voyage fait &agrave; la Mer du Sud<\/em> by the French adventurer and pirate Jacques Raveneau de Lussan (ca. 1663-1690), whose first edition was published in 1689. The last volume contains a &lsquo;documentary fiction&rsquo; written by Daniel Defoe under the supposed name Captain Charles Johnson (published for the first time in 1724 and first translated in 1725)&nbsp;: <em>Histoire des pirates anglois (&#8230;) avec les avantures des deux Femmes Pirates Marie Read &amp; Anne Bonny<\/em>. The plates and maps depict pirates, lake Maracaibo, a map of Santa Cruz, a Spanish boat, turtle fishing, the Panama Detroit and a plan of Cartagena de las Indias.<\/p>\n<p style=\"text-align:justify\">Good copy uniformy bound, some occasional foxing, small marginal waterstain to volume I. From the library of Ch&acirc;teau de Rosny (&quot;La Solitude&quot; with the book plate).<\/p>\n","protected":false},"excerpt":{"rendered":"<p>4 volumes, 12mo (166 x 94 mm) 1 engraved frontispiece, 6 nn.ll., 394pp, 1 nn.l. and 5 engraved folding plates for volume I; 1 nn.l., 428 pp. and 2 engraved folding plates for volume II ; 1 nn.l., 346 pp. for volume III ; LX, 356 pp., 1 nn.l. for volume IV. Contemporary mottled sheep, spines gilt with raised bands (some expert overall restorations).<\/p>\n","protected":false},"featured_media":77106,"comment_status":"open","ping_status":"closed","template":"","meta":{"_acf_changed":false},"product_brand":[],"product_cat":[552],"product_tag":[1245,1380,562],"class_list":{"0":"post-77117","1":"product","2":"type-product","3":"status-publish","4":"has-post-thumbnail","6":"product_cat-travel","7":"product_tag-18th-century-literature","8":"product_tag-general-south-america","9":"product_tag-marine-2","10":"pa_auteur-raveneau-de-lussan-defoe-exquemelin-2","11":"pa_type-de-livre-printed-book","13":"first","14":"instock","15":"shipping-taxable","16":"purchasable","17":"product-type-simple"},"acf":[],"yoast_head":"<!-- This site is optimized with the Yoast SEO plugin v24.3 - https:\/\/yoast.com\/wordpress\/plugins\/seo\/ -->\n<title>EXQUEMELIN RAVENEAU DE LUSSAN &amp; DEFOE Histoire des avanturiers flibustiers qui se sont signalez dans les Indes... Nouvelle \u00e9dition Corrig\u00e9e &amp; Augment\u00e9e de l&#039;Histoire des Pirates Anglois depuis leur Etablissement dans l&#039;Isle de la Providence jusqu&#039;\u00e0 pr\u00e9sent. - Libairie Clavreuil<\/title>\n<meta name=\"robots\" content=\"noindex, follow, max-snippet:-1, max-image-preview:large, max-video-preview:-1\" \/>\n<meta property=\"og:locale\" content=\"en_US\" \/>\n<meta property=\"og:type\" content=\"article\" \/>\n<meta property=\"og:title\" content=\"EXQUEMELIN RAVENEAU DE LUSSAN &amp; DEFOE Histoire des avanturiers flibustiers qui se sont signalez dans les Indes... Nouvelle \u00e9dition Corrig\u00e9e &amp; Augment\u00e9e de l&#039;Histoire des Pirates Anglois depuis leur Etablissement dans l&#039;Isle de la Providence jusqu&#039;\u00e0 pr\u00e9sent. - Libairie Clavreuil\" \/>\n<meta property=\"og:description\" content=\"4 volumes, 12mo (166 x 94 mm) 1 engraved frontispiece, 6 nn.ll., 394pp, 1 nn.l. and 5 engraved folding plates for volume I; 1 nn.l., 428 pp. and 2 engraved folding plates for volume II ; 1 nn.l., 346 pp. for volume III ; LX, 356 pp., 1 nn.l. for volume IV. Contemporary mottled sheep, spines gilt with raised bands (some expert overall restorations).\" \/>\n<meta property=\"og:url\" content=\"https:\/\/clavreuil-wordpress.logiciel-arteo.fr\/en\/exquemelin-raveneau-de-lussan-defoe-histoire-des-avanturiers-flibustiers-qui-se-sont-signalez-dans-les-indes-nouvelle-edition-corrigee-augmentee-de-lhistoire-des-pirates-anglois-depu\/\" \/>\n<meta property=\"og:site_name\" content=\"Libairie Clavreuil\" \/>\n<meta property=\"article:modified_time\" content=\"2024-05-02T13:54:39+00:00\" \/>\n<meta property=\"og:image\" content=\"https:\/\/clavreuil-wordpress.logiciel-arteo.fr\/wp-content\/uploads\/2024\/05\/raveneau-de-lussan-defoe-exquemelin-histoire-des-avanturiers-flibustiers-qui-se-sont-signalez-dans-les-indes-nouvelle-edition-corrigee-augmentee-de-l-.jpg\" \/>\n\t<meta property=\"og:image:width\" content=\"1895\" \/>\n\t<meta property=\"og:image:height\" content=\"2526\" \/>\n\t<meta property=\"og:image:type\" content=\"image\/jpeg\" \/>\n<meta name=\"twitter:card\" content=\"summary_large_image\" \/>\n<meta name=\"twitter:label1\" content=\"Est. reading time\" \/>\n\t<meta name=\"twitter:data1\" content=\"1 minute\" \/>\n<script type=\"application\/ld+json\" class=\"yoast-schema-graph\">{\"@context\":\"https:\/\/schema.org\",\"@graph\":[{\"@type\":\"WebPage\",\"@id\":\"https:\/\/clavreuil-wordpress.logiciel-arteo.fr\/en\/exquemelin-raveneau-de-lussan-defoe-histoire-des-avanturiers-flibustiers-qui-se-sont-signalez-dans-les-indes-nouvelle-edition-corrigee-augmentee-de-lhistoire-des-pirates-anglois-depu\/\",\"url\":\"https:\/\/clavreuil-wordpress.logiciel-arteo.fr\/en\/exquemelin-raveneau-de-lussan-defoe-histoire-des-avanturiers-flibustiers-qui-se-sont-signalez-dans-les-indes-nouvelle-edition-corrigee-augmentee-de-lhistoire-des-pirates-anglois-depu\/\",\"name\":\"EXQUEMELIN RAVENEAU DE LUSSAN &amp; DEFOE Histoire des avanturiers flibustiers qui se sont signalez dans les Indes... Nouvelle \u00e9dition Corrig\u00e9e &amp; Augment\u00e9e de l'Histoire des Pirates Anglois depuis leur Etablissement dans l'Isle de la Providence jusqu'\u00e0 pr\u00e9sent. - Libairie Clavreuil\",\"isPartOf\":{\"@id\":\"https:\/\/clavreuil-wordpress.logiciel-arteo.fr\/#website\"},\"primaryImageOfPage\":{\"@id\":\"https:\/\/clavreuil-wordpress.logiciel-arteo.fr\/en\/exquemelin-raveneau-de-lussan-defoe-histoire-des-avanturiers-flibustiers-qui-se-sont-signalez-dans-les-indes-nouvelle-edition-corrigee-augmentee-de-lhistoire-des-pirates-anglois-depu\/#primaryimage\"},\"image\":{\"@id\":\"https:\/\/clavreuil-wordpress.logiciel-arteo.fr\/en\/exquemelin-raveneau-de-lussan-defoe-histoire-des-avanturiers-flibustiers-qui-se-sont-signalez-dans-les-indes-nouvelle-edition-corrigee-augmentee-de-lhistoire-des-pirates-anglois-depu\/#primaryimage\"},\"thumbnailUrl\":\"https:\/\/clavreuil-wordpress.logiciel-arteo.fr\/wp-content\/uploads\/2024\/05\/raveneau-de-lussan-defoe-exquemelin-histoire-des-avanturiers-flibustiers-qui-se-sont-signalez-dans-les-indes-nouvelle-edition-corrigee-augmentee-de-l-.jpg\",\"datePublished\":\"2024-05-02T13:53:59+00:00\",\"dateModified\":\"2024-05-02T13:54:39+00:00\",\"breadcrumb\":{\"@id\":\"https:\/\/clavreuil-wordpress.logiciel-arteo.fr\/en\/exquemelin-raveneau-de-lussan-defoe-histoire-des-avanturiers-flibustiers-qui-se-sont-signalez-dans-les-indes-nouvelle-edition-corrigee-augmentee-de-lhistoire-des-pirates-anglois-depu\/#breadcrumb\"},\"inLanguage\":\"en-US\",\"potentialAction\":[{\"@type\":\"ReadAction\",\"target\":[\"https:\/\/clavreuil-wordpress.logiciel-arteo.fr\/en\/exquemelin-raveneau-de-lussan-defoe-histoire-des-avanturiers-flibustiers-qui-se-sont-signalez-dans-les-indes-nouvelle-edition-corrigee-augmentee-de-lhistoire-des-pirates-anglois-depu\/\"]}]},{\"@type\":\"ImageObject\",\"inLanguage\":\"en-US\",\"@id\":\"https:\/\/clavreuil-wordpress.logiciel-arteo.fr\/en\/exquemelin-raveneau-de-lussan-defoe-histoire-des-avanturiers-flibustiers-qui-se-sont-signalez-dans-les-indes-nouvelle-edition-corrigee-augmentee-de-lhistoire-des-pirates-anglois-depu\/#primaryimage\",\"url\":\"https:\/\/clavreuil-wordpress.logiciel-arteo.fr\/wp-content\/uploads\/2024\/05\/raveneau-de-lussan-defoe-exquemelin-histoire-des-avanturiers-flibustiers-qui-se-sont-signalez-dans-les-indes-nouvelle-edition-corrigee-augmentee-de-l-.jpg\",\"contentUrl\":\"https:\/\/clavreuil-wordpress.logiciel-arteo.fr\/wp-content\/uploads\/2024\/05\/raveneau-de-lussan-defoe-exquemelin-histoire-des-avanturiers-flibustiers-qui-se-sont-signalez-dans-les-indes-nouvelle-edition-corrigee-augmentee-de-l-.jpg\",\"width\":1895,\"height\":2526},{\"@type\":\"BreadcrumbList\",\"@id\":\"https:\/\/clavreuil-wordpress.logiciel-arteo.fr\/en\/exquemelin-raveneau-de-lussan-defoe-histoire-des-avanturiers-flibustiers-qui-se-sont-signalez-dans-les-indes-nouvelle-edition-corrigee-augmentee-de-lhistoire-des-pirates-anglois-depu\/#breadcrumb\",\"itemListElement\":[{\"@type\":\"ListItem\",\"position\":1,\"name\":\"Accueil\",\"item\":\"https:\/\/clavreuil-wordpress.logiciel-arteo.fr\/\"},{\"@type\":\"ListItem\",\"position\":2,\"name\":\"All our books\",\"item\":\"https:\/\/clavreuil-wordpress.logiciel-arteo.fr\/en\/all-our-books\/\"},{\"@type\":\"ListItem\",\"position\":3,\"name\":\"EXQUEMELIN RAVENEAU DE LUSSAN &amp; DEFOE Histoire des...\"}]},{\"@type\":\"WebSite\",\"@id\":\"https:\/\/clavreuil-wordpress.logiciel-arteo.fr\/#website\",\"url\":\"https:\/\/clavreuil-wordpress.logiciel-arteo.fr\/\",\"name\":\"Libairie Clavreuil\",\"description\":\"\",\"publisher\":{\"@id\":\"https:\/\/clavreuil-wordpress.logiciel-arteo.fr\/#organization\"},\"potentialAction\":[{\"@type\":\"SearchAction\",\"target\":{\"@type\":\"EntryPoint\",\"urlTemplate\":\"https:\/\/clavreuil-wordpress.logiciel-arteo.fr\/?s={search_term_string}\"},\"query-input\":{\"@type\":\"PropertyValueSpecification\",\"valueRequired\":true,\"valueName\":\"search_term_string\"}}],\"inLanguage\":\"en-US\"},{\"@type\":\"Organization\",\"@id\":\"https:\/\/clavreuil-wordpress.logiciel-arteo.fr\/#organization\",\"name\":\"Libairie Clavreuil\",\"url\":\"https:\/\/clavreuil-wordpress.logiciel-arteo.fr\/\",\"logo\":{\"@type\":\"ImageObject\",\"inLanguage\":\"en-US\",\"@id\":\"https:\/\/clavreuil-wordpress.logiciel-arteo.fr\/#\/schema\/logo\/image\/\",\"url\":\"https:\/\/clavreuil-wordpress.logiciel-arteo.fr\/wp-content\/uploads\/2021\/05\/LOGO_PNG_DATE-_gold.png\",\"contentUrl\":\"https:\/\/clavreuil-wordpress.logiciel-arteo.fr\/wp-content\/uploads\/2021\/05\/LOGO_PNG_DATE-_gold.png\",\"width\":2083,\"height\":1917,\"caption\":\"Libairie Clavreuil\"},\"image\":{\"@id\":\"https:\/\/clavreuil-wordpress.logiciel-arteo.fr\/#\/schema\/logo\/image\/\"}}]}<\/script>\n<!-- \/ Yoast SEO plugin. -->","yoast_head_json":{"title":"EXQUEMELIN RAVENEAU DE LUSSAN &amp; DEFOE Histoire des avanturiers flibustiers qui se sont signalez dans les Indes... Nouvelle \u00e9dition Corrig\u00e9e &amp; Augment\u00e9e de l'Histoire des Pirates Anglois depuis leur Etablissement dans l'Isle de la Providence jusqu'\u00e0 pr\u00e9sent. - Libairie Clavreuil","robots":{"index":"noindex","follow":"follow","max-snippet":"max-snippet:-1","max-image-preview":"max-image-preview:large","max-video-preview":"max-video-preview:-1"},"og_locale":"en_US","og_type":"article","og_title":"EXQUEMELIN RAVENEAU DE LUSSAN &amp; DEFOE Histoire des avanturiers flibustiers qui se sont signalez dans les Indes... Nouvelle \u00e9dition Corrig\u00e9e &amp; Augment\u00e9e de l'Histoire des Pirates Anglois depuis leur Etablissement dans l'Isle de la Providence jusqu'\u00e0 pr\u00e9sent. - Libairie Clavreuil","og_description":"4 volumes, 12mo (166 x 94 mm) 1 engraved frontispiece, 6 nn.ll., 394pp, 1 nn.l. and 5 engraved folding plates for volume I; 1 nn.l., 428 pp. and 2 engraved folding plates for volume II ; 1 nn.l., 346 pp. for volume III ; LX, 356 pp., 1 nn.l. for volume IV. Contemporary mottled sheep, spines gilt with raised bands (some expert overall restorations).","og_url":"https:\/\/clavreuil-wordpress.logiciel-arteo.fr\/en\/exquemelin-raveneau-de-lussan-defoe-histoire-des-avanturiers-flibustiers-qui-se-sont-signalez-dans-les-indes-nouvelle-edition-corrigee-augmentee-de-lhistoire-des-pirates-anglois-depu\/","og_site_name":"Libairie Clavreuil","article_modified_time":"2024-05-02T13:54:39+00:00","og_image":[{"width":1895,"height":2526,"url":"https:\/\/clavreuil-wordpress.logiciel-arteo.fr\/wp-content\/uploads\/2024\/05\/raveneau-de-lussan-defoe-exquemelin-histoire-des-avanturiers-flibustiers-qui-se-sont-signalez-dans-les-indes-nouvelle-edition-corrigee-augmentee-de-l-.jpg","type":"image\/jpeg"}],"twitter_card":"summary_large_image","twitter_misc":{"Est. reading time":"1 minute"},"schema":{"@context":"https:\/\/schema.org","@graph":[{"@type":"WebPage","@id":"https:\/\/clavreuil-wordpress.logiciel-arteo.fr\/en\/exquemelin-raveneau-de-lussan-defoe-histoire-des-avanturiers-flibustiers-qui-se-sont-signalez-dans-les-indes-nouvelle-edition-corrigee-augmentee-de-lhistoire-des-pirates-anglois-depu\/","url":"https:\/\/clavreuil-wordpress.logiciel-arteo.fr\/en\/exquemelin-raveneau-de-lussan-defoe-histoire-des-avanturiers-flibustiers-qui-se-sont-signalez-dans-les-indes-nouvelle-edition-corrigee-augmentee-de-lhistoire-des-pirates-anglois-depu\/","name":"EXQUEMELIN RAVENEAU DE LUSSAN &amp; DEFOE Histoire des avanturiers flibustiers qui se sont signalez dans les Indes... Nouvelle \u00e9dition Corrig\u00e9e &amp; Augment\u00e9e de l'Histoire des Pirates Anglois depuis leur Etablissement dans l'Isle de la Providence jusqu'\u00e0 pr\u00e9sent. - Libairie Clavreuil","isPartOf":{"@id":"https:\/\/clavreuil-wordpress.logiciel-arteo.fr\/#website"},"primaryImageOfPage":{"@id":"https:\/\/clavreuil-wordpress.logiciel-arteo.fr\/en\/exquemelin-raveneau-de-lussan-defoe-histoire-des-avanturiers-flibustiers-qui-se-sont-signalez-dans-les-indes-nouvelle-edition-corrigee-augmentee-de-lhistoire-des-pirates-anglois-depu\/#primaryimage"},"image":{"@id":"https:\/\/clavreuil-wordpress.logiciel-arteo.fr\/en\/exquemelin-raveneau-de-lussan-defoe-histoire-des-avanturiers-flibustiers-qui-se-sont-signalez-dans-les-indes-nouvelle-edition-corrigee-augmentee-de-lhistoire-des-pirates-anglois-depu\/#primaryimage"},"thumbnailUrl":"https:\/\/clavreuil-wordpress.logiciel-arteo.fr\/wp-content\/uploads\/2024\/05\/raveneau-de-lussan-defoe-exquemelin-histoire-des-avanturiers-flibustiers-qui-se-sont-signalez-dans-les-indes-nouvelle-edition-corrigee-augmentee-de-l-.jpg","datePublished":"2024-05-02T13:53:59+00:00","dateModified":"2024-05-02T13:54:39+00:00","breadcrumb":{"@id":"https:\/\/clavreuil-wordpress.logiciel-arteo.fr\/en\/exquemelin-raveneau-de-lussan-defoe-histoire-des-avanturiers-flibustiers-qui-se-sont-signalez-dans-les-indes-nouvelle-edition-corrigee-augmentee-de-lhistoire-des-pirates-anglois-depu\/#breadcrumb"},"inLanguage":"en-US","potentialAction":[{"@type":"ReadAction","target":["https:\/\/clavreuil-wordpress.logiciel-arteo.fr\/en\/exquemelin-raveneau-de-lussan-defoe-histoire-des-avanturiers-flibustiers-qui-se-sont-signalez-dans-les-indes-nouvelle-edition-corrigee-augmentee-de-lhistoire-des-pirates-anglois-depu\/"]}]},{"@type":"ImageObject","inLanguage":"en-US","@id":"https:\/\/clavreuil-wordpress.logiciel-arteo.fr\/en\/exquemelin-raveneau-de-lussan-defoe-histoire-des-avanturiers-flibustiers-qui-se-sont-signalez-dans-les-indes-nouvelle-edition-corrigee-augmentee-de-lhistoire-des-pirates-anglois-depu\/#primaryimage","url":"https:\/\/clavreuil-wordpress.logiciel-arteo.fr\/wp-content\/uploads\/2024\/05\/raveneau-de-lussan-defoe-exquemelin-histoire-des-avanturiers-flibustiers-qui-se-sont-signalez-dans-les-indes-nouvelle-edition-corrigee-augmentee-de-l-.jpg","contentUrl":"https:\/\/clavreuil-wordpress.logiciel-arteo.fr\/wp-content\/uploads\/2024\/05\/raveneau-de-lussan-defoe-exquemelin-histoire-des-avanturiers-flibustiers-qui-se-sont-signalez-dans-les-indes-nouvelle-edition-corrigee-augmentee-de-l-.jpg","width":1895,"height":2526},{"@type":"BreadcrumbList","@id":"https:\/\/clavreuil-wordpress.logiciel-arteo.fr\/en\/exquemelin-raveneau-de-lussan-defoe-histoire-des-avanturiers-flibustiers-qui-se-sont-signalez-dans-les-indes-nouvelle-edition-corrigee-augmentee-de-lhistoire-des-pirates-anglois-depu\/#breadcrumb","itemListElement":[{"@type":"ListItem","position":1,"name":"Accueil","item":"https:\/\/clavreuil-wordpress.logiciel-arteo.fr\/"},{"@type":"ListItem","position":2,"name":"All our books","item":"https:\/\/clavreuil-wordpress.logiciel-arteo.fr\/en\/all-our-books\/"},{"@type":"ListItem","position":3,"name":"EXQUEMELIN RAVENEAU DE LUSSAN &amp; DEFOE Histoire des..."}]},{"@type":"WebSite","@id":"https:\/\/clavreuil-wordpress.logiciel-arteo.fr\/#website","url":"https:\/\/clavreuil-wordpress.logiciel-arteo.fr\/","name":"Libairie Clavreuil","description":"","publisher":{"@id":"https:\/\/clavreuil-wordpress.logiciel-arteo.fr\/#organization"},"potentialAction":[{"@type":"SearchAction","target":{"@type":"EntryPoint","urlTemplate":"https:\/\/clavreuil-wordpress.logiciel-arteo.fr\/?s={search_term_string}"},"query-input":{"@type":"PropertyValueSpecification","valueRequired":true,"valueName":"search_term_string"}}],"inLanguage":"en-US"},{"@type":"Organization","@id":"https:\/\/clavreuil-wordpress.logiciel-arteo.fr\/#organization","name":"Libairie Clavreuil","url":"https:\/\/clavreuil-wordpress.logiciel-arteo.fr\/","logo":{"@type":"ImageObject","inLanguage":"en-US","@id":"https:\/\/clavreuil-wordpress.logiciel-arteo.fr\/#\/schema\/logo\/image\/","url":"https:\/\/clavreuil-wordpress.logiciel-arteo.fr\/wp-content\/uploads\/2021\/05\/LOGO_PNG_DATE-_gold.png","contentUrl":"https:\/\/clavreuil-wordpress.logiciel-arteo.fr\/wp-content\/uploads\/2021\/05\/LOGO_PNG_DATE-_gold.png","width":2083,"height":1917,"caption":"Libairie Clavreuil"},"image":{"@id":"https:\/\/clavreuil-wordpress.logiciel-arteo.fr\/#\/schema\/logo\/image\/"}}]}},"_links":{"self":[{"href":"https:\/\/clavreuil-wordpress.logiciel-arteo.fr\/en\/wp-json\/wp\/v2\/product\/77117","targetHints":{"allow":["GET"]}}],"collection":[{"href":"https:\/\/clavreuil-wordpress.logiciel-arteo.fr\/en\/wp-json\/wp\/v2\/product"}],"about":[{"href":"https:\/\/clavreuil-wordpress.logiciel-arteo.fr\/en\/wp-json\/wp\/v2\/types\/product"}],"replies":[{"embeddable":true,"href":"https:\/\/clavreuil-wordpress.logiciel-arteo.fr\/en\/wp-json\/wp\/v2\/comments?post=77117"}],"wp:featuredmedia":[{"embeddable":true,"href":"https:\/\/clavreuil-wordpress.logiciel-arteo.fr\/en\/wp-json\/wp\/v2\/media\/77106"}],"wp:attachment":[{"href":"https:\/\/clavreuil-wordpress.logiciel-arteo.fr\/en\/wp-json\/wp\/v2\/media?parent=77117"}],"wp:term":[{"taxonomy":"product_brand","embeddable":true,"href":"https:\/\/clavreuil-wordpress.logiciel-arteo.fr\/en\/wp-json\/wp\/v2\/product_brand?post=77117"},{"taxonomy":"product_cat","embeddable":true,"href":"https:\/\/clavreuil-wordpress.logiciel-arteo.fr\/en\/wp-json\/wp\/v2\/product_cat?post=77117"},{"taxonomy":"product_tag","embeddable":true,"href":"https:\/\/clavreuil-wordpress.logiciel-arteo.fr\/en\/wp-json\/wp\/v2\/product_tag?post=77117"}],"curies":[{"name":"wp","href":"https:\/\/api.w.org\/{rel}","templated":true}]}}