{"id":77237,"date":"2025-02-07T13:22:38","date_gmt":"2025-02-07T12:22:38","guid":{"rendered":"https:\/\/clavreuil-wordpress.logiciel-arteo.fr\/du-chatelet-emilie-institutions-de-physique-2\/"},"modified":"2025-02-14T11:10:45","modified_gmt":"2025-02-14T10:10:45","slug":"du-chatelet-emilie-institutions-de-physique-2","status":"publish","type":"product","link":"https:\/\/clavreuil-wordpress.logiciel-arteo.fr\/en\/du-chatelet-emilie-institutions-de-physique-2\/","title":{"rendered":"DU CH\u00c2TELET \u00c9milie Institutions de physique."},"content":{"rendered":"<p style=\"text-align:justify\"><i>Barbier, II, 928-d&nbsp;; Caillet, I, 3307; Poggendorff, I, 424&nbsp;; Qu\u00e9rard, II, 621&nbsp;; Mireille&nbsp;Touzery,&nbsp;\u00ab&nbsp;\u00c9milie Du Ch\u00e2telet, un passeur scientifique au XVIII<sup>e<\/sup>&nbsp;si\u00e8cle&nbsp;\u00bb,&nbsp;La revue pour l\u2019histoire du CNRS, 21&nbsp;|&nbsp;2008.<\/i><\/p>\n<p style=\"text-align:justify\"><span style=\"font-variant:small-caps\">First edition.<\/span><\/p>\n<p style=\"text-align:justify\"><i>Institutions de Physique<\/i> is an innovative work in which \u00c9milie du Ch\u00e2telet combines the scientific theories of Newton and the metaphysics of Leibniz. In this it reflects \u00c9milie du Ch\u00e2telet&#8217;s varied education.<\/p>\n<p style=\"text-align:justify\">She first learned about Newtonism from Voltaire, and their work together helped to spread Newton&#8217;s theories in France. The Marquise&#8217;s Ch\u00e2teau de Cirey included a physics laboratory, the first private one in Europe.<\/p>\n<p style=\"text-align:justify\">Although she was so convinced of Newton&#8217;s theories that she became a proponent of them, she remained critical and curious. She studied metaphysics with Samuel Koenig. Koenig, a pupil of Jean Bernoulli, introduced her to Leibniz.<\/p>\n<p style=\"text-align:justify\">Armed with this dual education, she wrote her<i> Institutions de physique<\/i> in 1740 which remains \u00ab&nbsp;jusqu\u2019\u00e0 aujourd\u2019hui une des plus nettes expositions de la doctrine de Leibniz en fran\u00e7ais&nbsp;\u00bb (Touzery).<\/p>\n<p style=\"text-align:justify\">The book quickly became a resounding critical success. Koenig then tried to pass himself off as the author, leaving Madame du Ch\u00e2telet as mere redactor. The scientist then called on Maupertuis to set the record straight, as it was he who had recommended her to Koenig.<\/p>\n<p style=\"text-align:justify\">Voltaire supported her and wrote \u00ab&nbsp;Il a paru au commencement de cette ann\u00e9e un ouvrage qui ferait honneur \u00e0 notre si\u00e8cle&nbsp;\u00bb (Exposition du livre des <i>Institutions Physiques <\/i>dans laquelle on examine les id\u00e9es de Leibnitz, 1740)<\/p>\n<p style=\"text-align:justify\">In 1742, the <i>Institutions de physique<\/i> was republished. \u00c9milie du Ch\u00e2telet included new answers to the various quarrels that the book had provoked with Mairan. The work was also translated into German and Italian.<\/p>\n<p style=\"text-align:justify\"><span style=\"font-variant:small-caps\">Provenance<\/span><\/p>\n<p style=\"text-align:justify\">Jean Bernoulli II (1710-1790), bookplate.<\/p>\n<p style=\"text-align:justify\">This is an important scientific provenance, as it highlights the complexity of the relationships between different eighteenth-century scientists.<\/p>\n<p style=\"text-align:justify\">In September 1739, Madame du Ch\u00e2telet asked Maupertuis: \u00ab&nbsp;Avez-vous eu la bont\u00e9 d\u2019\u00e9crire \u00e0 M. Bernoulli&nbsp;? Cela me devient plus n\u00e9cessaire que jamais&nbsp;; car je d\u00e9sesp\u00e8re de garder Koenig&nbsp;\u00bb. This was Bernoulli II. Koning&#8217;s teaching no longer suited her; their personalities were too far apart. So she asked for another tutor, and who better than the son of the scientist she was defending.<\/p>\n<p style=\"text-align:justify\">Although Bernoulli never became the Marquise&#8217;s teacher, he nevertheless kept up a lively correspondence with her, and she welcomed him to Cirey in 1739.<\/p>\n<p style=\"text-align:justify\">In particular, she asked him to send her her father&#8217;s manuscript, the Comercium Epistolicum.<\/p>\n<p style=\"text-align:justify\">The Marquise then wrote a long letter to Bernoulli on 30 June 1740, in which she reviewed in detail the history of the writing of the Institutions in order to refute all the accusations made by Koenig:<\/p>\n<p style=\"text-align:justify\">\u00ab&nbsp;Je suis trop heureuse Monsieur que les indiscr\u00e9tions de Koenig m&#8217;ayent laiss\u00e9 aupr\u00e8s de vous le m\u00e9rite de la confiance. [\u2026] Le d\u00e9tail de ses proc\u00e9d\u00e9s avec moi sont un tissu de bassesses qu&#8217;il auroit \u00e9t\u00e9 ais\u00e9 d&#8217;oublier avec lui, mais il y a joint une perfidie affreuse.<\/p>\n<p style=\"text-align:justify\">J&#8217;avois compos\u00e9 dans mon loisir de Cirey des <i>El\u00e9mens de phisique<\/i> que je destinois pour mon fils et qu&#8217;une femme de mes amies qui \u00e9tois \u00e0 Cirey me persuada de faire imprimer [\u2026].<\/p>\n<p style=\"text-align:justify\">Elle fit un voyage Expr\u00e8s \u00e0 Paris pour le porter et il fut approuv\u00e9 par m<sup>r<\/sup>&nbsp;Pitot en 1738, c&#8217;est \u00e0 dire environ un an avant que vous me fissi\u00e9s l&#8217;honneur de venir \u00e0 Cirey avec m<sup>r<\/sup>&nbsp;de Maupertuis et par cons\u00e9quent un an avant que je conusse Koenig.<\/p>\n<p style=\"text-align:justify\">Ce livre s&#8217;imprima tr\u00e8s lentement parce que mon libraire qui ne me connoissoit point [\u2026]<\/p>\n<p style=\"text-align:justify\">Enfin en vivant avec Mr&nbsp;de Koenig je parlois souvent de m\u00e9taphisique avec lui, dans le voyage surtout en venant icy elle faisoit le sujet de nos Entretiens. Il me parla de celle de Leibnitz et me fit naitre l&#8217;envie de la connoitre. &nbsp;[\u2026] J&#8217;avois commenc\u00e9 mon ouvrage par quelques chapitres de m\u00e9taphisique, j&#8217;eus envie d&#8217;y donner une id\u00e9e de celle de Leibnitz qui je vous l\u2019avoue me plut infiniment. [\u2026]<\/p>\n<p style=\"text-align:justify\">Le livre \u00e9toit plus [qu\u2019]\u00e0 moiti\u00e9 imprim\u00e9, l&#8217;engageai le libraire \u00e0 recommencer les feuilles o\u00f9 je voulois mettre ma nouvelles m\u00e9taphisique, et \u00e0 faire quelques cartons, et je me mis \u00e0 travailler. [\u2026]. Ainsi je me voyois \u00e0 la veille de jouir du plaisir de l&#8217;incognito mais je ne fus pas plut\u00f4t partie que Mr&nbsp;de Koenig le dit \u00e0 tout le monde ajoutant que j&#8217;avois fait un livre qui ne valoit rien, qu&#8217;il m&#8217;en avoit fait un autre et que je ne l&#8217;avois pas suffisamment pay\u00e9 de sa peine. Jug\u00e9s du bruit que cela fit, cela me revint de toutes parts, et je vous avoue que je fus outr\u00e9e.<\/p>\n<p style=\"text-align:justify\">Je balan\u00e7ai longtems si je retirerois mon livre. Enfin je pris le parti de le laisser paroitre parce qu&#8217;apr\u00e8s le bruit que cela avoit fait il y avoit encore plus d&#8217;inconv\u00e9nient \u00e0 le retirer, et que de plus cela n&#8217;\u00e9toit gu\u00e8res possible, \u00e9tant presque fini d&#8217;imprimer. Cependant je l&#8217;ay suspendu tant que j&#8217;ay pu, et enfin il va paroitre, et tout le monde sait qu&#8217;il est de moi.<\/p>\n<p style=\"text-align:justify\">[\u2026]Mr&nbsp;de Koenig a escrit depuis peu une lettre \u00e0 Mr&nbsp;de V. qui sufiroit pour le faire mettre aux petites maisons. Il lui fait entr&#8217;autres entendre qu&#8217;il escrira contre mon livre, mais il m&#8217;a fait tout le mal qu&#8217;il me peut faire et je ne lui r\u00e9pondrai que par le silence et le m\u00e9pris. Voil\u00e0 Monsieur le mot de l&#8217;\u00e9nigme.<\/p>\n<p style=\"text-align:justify\">Je vous enverrai l\u2019ouvrage d\u00e8s qu&#8217;il paroitra, non pas qu&#8217;il soit digne de vous, mais parce que j&#8217;esp\u00e8re que par amiti\u00e9 pour moi vous vous y int\u00e9resser\u00e9s&nbsp;\u00bb.<\/p>\n<p style=\"text-align:justify\">It is possible that our copy is the one discussed in the letter, making it a presentation copy.<\/p>\n<p style=\"text-align:justify\">Corners rubbed, joint of first cover split.<\/p>\n","protected":false},"excerpt":{"rendered":"<p style=\"text-align:justify\">8vo of 3 unn.l., 450pp. 14 unn.l. and 11 plates. Calf, triple gilt fillet on covers, spine gilt with raised band, red morocco title-piece, gilt edges (<i>contemporary binding<\/i>).<\/p>\n","protected":false},"featured_media":77593,"comment_status":"open","ping_status":"closed","template":"","meta":{"_acf_changed":false},"product_brand":[],"product_cat":[550],"product_tag":[1450,1339,1335,1235],"class_list":{"0":"post-77237","1":"product","2":"type-product","3":"status-publish","4":"has-post-thumbnail","6":"product_cat-science","7":"product_tag-first-edition","8":"product_tag-general-physics","9":"product_tag-physics","10":"product_tag-women","11":"pa_type-de-livre-printed-book","13":"first","14":"instock","15":"shipping-taxable","16":"product-type-simple"},"acf":[],"yoast_head":"<!-- This site is optimized with the Yoast SEO plugin v24.3 - https:\/\/yoast.com\/wordpress\/plugins\/seo\/ -->\n<title>DU CH\u00c2TELET \u00c9milie Institutions de physique. - Libairie Clavreuil<\/title>\n<meta name=\"robots\" content=\"noindex, follow, max-snippet:-1, max-image-preview:large, max-video-preview:-1\" \/>\n<meta property=\"og:locale\" content=\"en_US\" \/>\n<meta property=\"og:type\" content=\"article\" \/>\n<meta property=\"og:title\" content=\"DU CH\u00c2TELET \u00c9milie Institutions de physique. - Libairie Clavreuil\" \/>\n<meta property=\"og:description\" content=\"8vo of 3 unn.l., 450pp. 14 unn.l. and 11 plates. Calf, triple gilt fillet on covers, spine gilt with raised band, red morocco title-piece, gilt edges (contemporary binding).\" \/>\n<meta property=\"og:url\" content=\"https:\/\/clavreuil-wordpress.logiciel-arteo.fr\/en\/du-chatelet-emilie-institutions-de-physique-2\/\" \/>\n<meta property=\"og:site_name\" content=\"Libairie Clavreuil\" \/>\n<meta property=\"article:modified_time\" content=\"2025-02-14T10:10:45+00:00\" \/>\n<meta property=\"og:image\" content=\"https:\/\/clavreuil-wordpress.logiciel-arteo.fr\/wp-content\/uploads\/2025\/02\/emilie-du-chatelet-institutions-de-physique-9751-67a5f9b6331f7.jpg\" \/>\n\t<meta property=\"og:image:width\" content=\"800\" \/>\n\t<meta property=\"og:image:height\" content=\"800\" \/>\n\t<meta property=\"og:image:type\" content=\"image\/jpeg\" \/>\n<meta name=\"twitter:card\" content=\"summary_large_image\" \/>\n<meta name=\"twitter:label1\" content=\"Est. reading time\" \/>\n\t<meta name=\"twitter:data1\" content=\"5 minutes\" \/>\n<script type=\"application\/ld+json\" class=\"yoast-schema-graph\">{\"@context\":\"https:\/\/schema.org\",\"@graph\":[{\"@type\":\"WebPage\",\"@id\":\"https:\/\/clavreuil-wordpress.logiciel-arteo.fr\/en\/du-chatelet-emilie-institutions-de-physique-2\/\",\"url\":\"https:\/\/clavreuil-wordpress.logiciel-arteo.fr\/en\/du-chatelet-emilie-institutions-de-physique-2\/\",\"name\":\"DU CH\u00c2TELET \u00c9milie Institutions de physique. - Libairie Clavreuil\",\"isPartOf\":{\"@id\":\"https:\/\/clavreuil-wordpress.logiciel-arteo.fr\/#website\"},\"primaryImageOfPage\":{\"@id\":\"https:\/\/clavreuil-wordpress.logiciel-arteo.fr\/en\/du-chatelet-emilie-institutions-de-physique-2\/#primaryimage\"},\"image\":{\"@id\":\"https:\/\/clavreuil-wordpress.logiciel-arteo.fr\/en\/du-chatelet-emilie-institutions-de-physique-2\/#primaryimage\"},\"thumbnailUrl\":\"https:\/\/clavreuil-wordpress.logiciel-arteo.fr\/wp-content\/uploads\/2025\/02\/emilie-du-chatelet-institutions-de-physique-9751-67a5f9b6331f7.jpg\",\"datePublished\":\"2025-02-07T12:22:38+00:00\",\"dateModified\":\"2025-02-14T10:10:45+00:00\",\"breadcrumb\":{\"@id\":\"https:\/\/clavreuil-wordpress.logiciel-arteo.fr\/en\/du-chatelet-emilie-institutions-de-physique-2\/#breadcrumb\"},\"inLanguage\":\"en-US\",\"potentialAction\":[{\"@type\":\"ReadAction\",\"target\":[\"https:\/\/clavreuil-wordpress.logiciel-arteo.fr\/en\/du-chatelet-emilie-institutions-de-physique-2\/\"]}]},{\"@type\":\"ImageObject\",\"inLanguage\":\"en-US\",\"@id\":\"https:\/\/clavreuil-wordpress.logiciel-arteo.fr\/en\/du-chatelet-emilie-institutions-de-physique-2\/#primaryimage\",\"url\":\"https:\/\/clavreuil-wordpress.logiciel-arteo.fr\/wp-content\/uploads\/2025\/02\/emilie-du-chatelet-institutions-de-physique-9751-67a5f9b6331f7.jpg\",\"contentUrl\":\"https:\/\/clavreuil-wordpress.logiciel-arteo.fr\/wp-content\/uploads\/2025\/02\/emilie-du-chatelet-institutions-de-physique-9751-67a5f9b6331f7.jpg\",\"width\":800,\"height\":800},{\"@type\":\"BreadcrumbList\",\"@id\":\"https:\/\/clavreuil-wordpress.logiciel-arteo.fr\/en\/du-chatelet-emilie-institutions-de-physique-2\/#breadcrumb\",\"itemListElement\":[{\"@type\":\"ListItem\",\"position\":1,\"name\":\"Accueil\",\"item\":\"https:\/\/clavreuil-wordpress.logiciel-arteo.fr\/\"},{\"@type\":\"ListItem\",\"position\":2,\"name\":\"All our books\",\"item\":\"https:\/\/clavreuil-wordpress.logiciel-arteo.fr\/en\/all-our-books\/\"},{\"@type\":\"ListItem\",\"position\":3,\"name\":\"DU CH\u00c2TELET \u00c9milie Institutions de physique.\"}]},{\"@type\":\"WebSite\",\"@id\":\"https:\/\/clavreuil-wordpress.logiciel-arteo.fr\/#website\",\"url\":\"https:\/\/clavreuil-wordpress.logiciel-arteo.fr\/\",\"name\":\"Libairie Clavreuil\",\"description\":\"\",\"publisher\":{\"@id\":\"https:\/\/clavreuil-wordpress.logiciel-arteo.fr\/#organization\"},\"potentialAction\":[{\"@type\":\"SearchAction\",\"target\":{\"@type\":\"EntryPoint\",\"urlTemplate\":\"https:\/\/clavreuil-wordpress.logiciel-arteo.fr\/?s={search_term_string}\"},\"query-input\":{\"@type\":\"PropertyValueSpecification\",\"valueRequired\":true,\"valueName\":\"search_term_string\"}}],\"inLanguage\":\"en-US\"},{\"@type\":\"Organization\",\"@id\":\"https:\/\/clavreuil-wordpress.logiciel-arteo.fr\/#organization\",\"name\":\"Libairie Clavreuil\",\"url\":\"https:\/\/clavreuil-wordpress.logiciel-arteo.fr\/\",\"logo\":{\"@type\":\"ImageObject\",\"inLanguage\":\"en-US\",\"@id\":\"https:\/\/clavreuil-wordpress.logiciel-arteo.fr\/#\/schema\/logo\/image\/\",\"url\":\"https:\/\/clavreuil-wordpress.logiciel-arteo.fr\/wp-content\/uploads\/2021\/05\/LOGO_PNG_DATE-_gold.png\",\"contentUrl\":\"https:\/\/clavreuil-wordpress.logiciel-arteo.fr\/wp-content\/uploads\/2021\/05\/LOGO_PNG_DATE-_gold.png\",\"width\":2083,\"height\":1917,\"caption\":\"Libairie Clavreuil\"},\"image\":{\"@id\":\"https:\/\/clavreuil-wordpress.logiciel-arteo.fr\/#\/schema\/logo\/image\/\"}}]}<\/script>\n<!-- \/ Yoast SEO plugin. -->","yoast_head_json":{"title":"DU CH\u00c2TELET \u00c9milie Institutions de physique. - Libairie Clavreuil","robots":{"index":"noindex","follow":"follow","max-snippet":"max-snippet:-1","max-image-preview":"max-image-preview:large","max-video-preview":"max-video-preview:-1"},"og_locale":"en_US","og_type":"article","og_title":"DU CH\u00c2TELET \u00c9milie Institutions de physique. - Libairie Clavreuil","og_description":"8vo of 3 unn.l., 450pp. 14 unn.l. and 11 plates. Calf, triple gilt fillet on covers, spine gilt with raised band, red morocco title-piece, gilt edges (contemporary binding).","og_url":"https:\/\/clavreuil-wordpress.logiciel-arteo.fr\/en\/du-chatelet-emilie-institutions-de-physique-2\/","og_site_name":"Libairie Clavreuil","article_modified_time":"2025-02-14T10:10:45+00:00","og_image":[{"width":800,"height":800,"url":"https:\/\/clavreuil-wordpress.logiciel-arteo.fr\/wp-content\/uploads\/2025\/02\/emilie-du-chatelet-institutions-de-physique-9751-67a5f9b6331f7.jpg","type":"image\/jpeg"}],"twitter_card":"summary_large_image","twitter_misc":{"Est. reading time":"5 minutes"},"schema":{"@context":"https:\/\/schema.org","@graph":[{"@type":"WebPage","@id":"https:\/\/clavreuil-wordpress.logiciel-arteo.fr\/en\/du-chatelet-emilie-institutions-de-physique-2\/","url":"https:\/\/clavreuil-wordpress.logiciel-arteo.fr\/en\/du-chatelet-emilie-institutions-de-physique-2\/","name":"DU CH\u00c2TELET \u00c9milie Institutions de physique. - Libairie Clavreuil","isPartOf":{"@id":"https:\/\/clavreuil-wordpress.logiciel-arteo.fr\/#website"},"primaryImageOfPage":{"@id":"https:\/\/clavreuil-wordpress.logiciel-arteo.fr\/en\/du-chatelet-emilie-institutions-de-physique-2\/#primaryimage"},"image":{"@id":"https:\/\/clavreuil-wordpress.logiciel-arteo.fr\/en\/du-chatelet-emilie-institutions-de-physique-2\/#primaryimage"},"thumbnailUrl":"https:\/\/clavreuil-wordpress.logiciel-arteo.fr\/wp-content\/uploads\/2025\/02\/emilie-du-chatelet-institutions-de-physique-9751-67a5f9b6331f7.jpg","datePublished":"2025-02-07T12:22:38+00:00","dateModified":"2025-02-14T10:10:45+00:00","breadcrumb":{"@id":"https:\/\/clavreuil-wordpress.logiciel-arteo.fr\/en\/du-chatelet-emilie-institutions-de-physique-2\/#breadcrumb"},"inLanguage":"en-US","potentialAction":[{"@type":"ReadAction","target":["https:\/\/clavreuil-wordpress.logiciel-arteo.fr\/en\/du-chatelet-emilie-institutions-de-physique-2\/"]}]},{"@type":"ImageObject","inLanguage":"en-US","@id":"https:\/\/clavreuil-wordpress.logiciel-arteo.fr\/en\/du-chatelet-emilie-institutions-de-physique-2\/#primaryimage","url":"https:\/\/clavreuil-wordpress.logiciel-arteo.fr\/wp-content\/uploads\/2025\/02\/emilie-du-chatelet-institutions-de-physique-9751-67a5f9b6331f7.jpg","contentUrl":"https:\/\/clavreuil-wordpress.logiciel-arteo.fr\/wp-content\/uploads\/2025\/02\/emilie-du-chatelet-institutions-de-physique-9751-67a5f9b6331f7.jpg","width":800,"height":800},{"@type":"BreadcrumbList","@id":"https:\/\/clavreuil-wordpress.logiciel-arteo.fr\/en\/du-chatelet-emilie-institutions-de-physique-2\/#breadcrumb","itemListElement":[{"@type":"ListItem","position":1,"name":"Accueil","item":"https:\/\/clavreuil-wordpress.logiciel-arteo.fr\/"},{"@type":"ListItem","position":2,"name":"All our books","item":"https:\/\/clavreuil-wordpress.logiciel-arteo.fr\/en\/all-our-books\/"},{"@type":"ListItem","position":3,"name":"DU CH\u00c2TELET \u00c9milie Institutions de physique."}]},{"@type":"WebSite","@id":"https:\/\/clavreuil-wordpress.logiciel-arteo.fr\/#website","url":"https:\/\/clavreuil-wordpress.logiciel-arteo.fr\/","name":"Libairie Clavreuil","description":"","publisher":{"@id":"https:\/\/clavreuil-wordpress.logiciel-arteo.fr\/#organization"},"potentialAction":[{"@type":"SearchAction","target":{"@type":"EntryPoint","urlTemplate":"https:\/\/clavreuil-wordpress.logiciel-arteo.fr\/?s={search_term_string}"},"query-input":{"@type":"PropertyValueSpecification","valueRequired":true,"valueName":"search_term_string"}}],"inLanguage":"en-US"},{"@type":"Organization","@id":"https:\/\/clavreuil-wordpress.logiciel-arteo.fr\/#organization","name":"Libairie Clavreuil","url":"https:\/\/clavreuil-wordpress.logiciel-arteo.fr\/","logo":{"@type":"ImageObject","inLanguage":"en-US","@id":"https:\/\/clavreuil-wordpress.logiciel-arteo.fr\/#\/schema\/logo\/image\/","url":"https:\/\/clavreuil-wordpress.logiciel-arteo.fr\/wp-content\/uploads\/2021\/05\/LOGO_PNG_DATE-_gold.png","contentUrl":"https:\/\/clavreuil-wordpress.logiciel-arteo.fr\/wp-content\/uploads\/2021\/05\/LOGO_PNG_DATE-_gold.png","width":2083,"height":1917,"caption":"Libairie Clavreuil"},"image":{"@id":"https:\/\/clavreuil-wordpress.logiciel-arteo.fr\/#\/schema\/logo\/image\/"}}]}},"_links":{"self":[{"href":"https:\/\/clavreuil-wordpress.logiciel-arteo.fr\/en\/wp-json\/wp\/v2\/product\/77237","targetHints":{"allow":["GET"]}}],"collection":[{"href":"https:\/\/clavreuil-wordpress.logiciel-arteo.fr\/en\/wp-json\/wp\/v2\/product"}],"about":[{"href":"https:\/\/clavreuil-wordpress.logiciel-arteo.fr\/en\/wp-json\/wp\/v2\/types\/product"}],"replies":[{"embeddable":true,"href":"https:\/\/clavreuil-wordpress.logiciel-arteo.fr\/en\/wp-json\/wp\/v2\/comments?post=77237"}],"wp:featuredmedia":[{"embeddable":true,"href":"https:\/\/clavreuil-wordpress.logiciel-arteo.fr\/en\/wp-json\/wp\/v2\/media\/77593"}],"wp:attachment":[{"href":"https:\/\/clavreuil-wordpress.logiciel-arteo.fr\/en\/wp-json\/wp\/v2\/media?parent=77237"}],"wp:term":[{"taxonomy":"product_brand","embeddable":true,"href":"https:\/\/clavreuil-wordpress.logiciel-arteo.fr\/en\/wp-json\/wp\/v2\/product_brand?post=77237"},{"taxonomy":"product_cat","embeddable":true,"href":"https:\/\/clavreuil-wordpress.logiciel-arteo.fr\/en\/wp-json\/wp\/v2\/product_cat?post=77237"},{"taxonomy":"product_tag","embeddable":true,"href":"https:\/\/clavreuil-wordpress.logiciel-arteo.fr\/en\/wp-json\/wp\/v2\/product_tag?post=77237"}],"curies":[{"name":"wp","href":"https:\/\/api.w.org\/{rel}","templated":true}]}}