{"id":77240,"date":"2025-02-07T13:23:19","date_gmt":"2025-02-07T12:23:19","guid":{"rendered":"https:\/\/clavreuil-wordpress.logiciel-arteo.fr\/compagnie-des-indes-decret-de-la-convention-nationale-du-17e-jour-du-1er-mois-de-lan-second-de-la-republique-francaise-une-et-indivisible-qui-supprime-les-compagnies-financieres-2\/"},"modified":"2025-02-14T11:11:18","modified_gmt":"2025-02-14T10:11:18","slug":"compagnie-des-indes-decret-de-la-convention-nationale-du-17e-jour-du-1er-mois-de-lan-second-de-la-republique-francaise-une-et-indivisible-qui-supprime-les-compagnies-financieres-2","status":"publish","type":"product","link":"https:\/\/clavreuil-wordpress.logiciel-arteo.fr\/en\/compagnie-des-indes-decret-de-la-convention-nationale-du-17e-jour-du-1er-mois-de-lan-second-de-la-republique-francaise-une-et-indivisible-qui-supprime-les-compagnies-financieres-2\/","title":{"rendered":"COMPAGNIE DES INDES D\u00e9cret de la Convention Nationale,..."},"content":{"rendered":"<p style=\"text-align:justify\">Provincial printing of the decree confirming the abolition of financial companies, in particular that of the Compagnie des Indes, drafted in 8 main points but with a few details added. This new version contains clarifications in point IV and specifies, among other things, that the liquidators will be authorised to remove seals and will be obliged to make an inventory of the objects granted.<\/p>\n","protected":false},"excerpt":{"rendered":"<p>4to (226 x 177 mm) de 4 pp., disbound.<\/p>\n","protected":false},"featured_media":77444,"comment_status":"open","ping_status":"closed","template":"","meta":{"_acf_changed":false},"product_brand":[],"product_cat":[536],"product_tag":[1209,1232],"class_list":{"0":"post-77240","1":"product","2":"type-product","3":"status-publish","4":"has-post-thumbnail","6":"product_cat-right-economy","7":"product_tag-economics","8":"product_tag-law","9":"pa_auteur-compagnie-des-indes-2","10":"pa_type-de-livre-printed-book","12":"first","13":"instock","14":"shipping-taxable","15":"purchasable","16":"product-type-simple"},"acf":[],"yoast_head":"<!-- This site is optimized with the Yoast SEO plugin v24.3 - https:\/\/yoast.com\/wordpress\/plugins\/seo\/ -->\n<title>COMPAGNIE DES INDES  D\u00e9cret de la Convention Nationale, du 17e jour du 1er mois de l&#039;an second de la R\u00e9publique fran\u00e7aise, une et indivisible, qui supprime les Compagnies financi\u00e8res. - Libairie Clavreuil<\/title>\n<meta name=\"robots\" content=\"noindex, follow, max-snippet:-1, max-image-preview:large, max-video-preview:-1\" \/>\n<meta property=\"og:locale\" content=\"en_US\" \/>\n<meta property=\"og:type\" content=\"article\" \/>\n<meta property=\"og:title\" content=\"COMPAGNIE DES INDES  D\u00e9cret de la Convention Nationale, du 17e jour du 1er mois de l&#039;an second de la R\u00e9publique fran\u00e7aise, une et indivisible, qui supprime les Compagnies financi\u00e8res. - Libairie Clavreuil\" \/>\n<meta property=\"og:description\" content=\"4to (226 x 177 mm) de 4 pp., disbound.\" \/>\n<meta property=\"og:url\" content=\"https:\/\/clavreuil-wordpress.logiciel-arteo.fr\/en\/compagnie-des-indes-decret-de-la-convention-nationale-du-17e-jour-du-1er-mois-de-lan-second-de-la-republique-francaise-une-et-indivisible-qui-supprime-les-compagnies-financieres-2\/\" \/>\n<meta property=\"og:site_name\" content=\"Libairie Clavreuil\" \/>\n<meta property=\"article:modified_time\" content=\"2025-02-14T10:11:18+00:00\" \/>\n<meta property=\"og:image\" content=\"https:\/\/clavreuil-wordpress.logiciel-arteo.fr\/wp-content\/uploads\/2025\/02\/compagnie-des-indes-decret-de-la-convention-nationale-du-17e-jour-du-1er-mois-de-l-an-second-de-la-republique-francaise-une-et-indivisible-q-67a5f9fec72ea.jpg\" \/>\n\t<meta property=\"og:image:width\" content=\"430\" \/>\n\t<meta property=\"og:image:height\" content=\"323\" \/>\n\t<meta property=\"og:image:type\" content=\"image\/jpeg\" \/>\n<meta name=\"twitter:card\" content=\"summary_large_image\" \/>\n<script type=\"application\/ld+json\" class=\"yoast-schema-graph\">{\"@context\":\"https:\/\/schema.org\",\"@graph\":[{\"@type\":\"WebPage\",\"@id\":\"https:\/\/clavreuil-wordpress.logiciel-arteo.fr\/en\/compagnie-des-indes-decret-de-la-convention-nationale-du-17e-jour-du-1er-mois-de-lan-second-de-la-republique-francaise-une-et-indivisible-qui-supprime-les-compagnies-financieres-2\/\",\"url\":\"https:\/\/clavreuil-wordpress.logiciel-arteo.fr\/en\/compagnie-des-indes-decret-de-la-convention-nationale-du-17e-jour-du-1er-mois-de-lan-second-de-la-republique-francaise-une-et-indivisible-qui-supprime-les-compagnies-financieres-2\/\",\"name\":\"COMPAGNIE DES INDES D\u00e9cret de la Convention Nationale, du 17e jour du 1er mois de l'an second de la R\u00e9publique fran\u00e7aise, une et indivisible, qui supprime les Compagnies financi\u00e8res. - Libairie Clavreuil\",\"isPartOf\":{\"@id\":\"https:\/\/clavreuil-wordpress.logiciel-arteo.fr\/#website\"},\"primaryImageOfPage\":{\"@id\":\"https:\/\/clavreuil-wordpress.logiciel-arteo.fr\/en\/compagnie-des-indes-decret-de-la-convention-nationale-du-17e-jour-du-1er-mois-de-lan-second-de-la-republique-francaise-une-et-indivisible-qui-supprime-les-compagnies-financieres-2\/#primaryimage\"},\"image\":{\"@id\":\"https:\/\/clavreuil-wordpress.logiciel-arteo.fr\/en\/compagnie-des-indes-decret-de-la-convention-nationale-du-17e-jour-du-1er-mois-de-lan-second-de-la-republique-francaise-une-et-indivisible-qui-supprime-les-compagnies-financieres-2\/#primaryimage\"},\"thumbnailUrl\":\"https:\/\/clavreuil-wordpress.logiciel-arteo.fr\/wp-content\/uploads\/2025\/02\/compagnie-des-indes-decret-de-la-convention-nationale-du-17e-jour-du-1er-mois-de-l-an-second-de-la-republique-francaise-une-et-indivisible-q-67a5f9fec72ea.jpg\",\"datePublished\":\"2025-02-07T12:23:19+00:00\",\"dateModified\":\"2025-02-14T10:11:18+00:00\",\"breadcrumb\":{\"@id\":\"https:\/\/clavreuil-wordpress.logiciel-arteo.fr\/en\/compagnie-des-indes-decret-de-la-convention-nationale-du-17e-jour-du-1er-mois-de-lan-second-de-la-republique-francaise-une-et-indivisible-qui-supprime-les-compagnies-financieres-2\/#breadcrumb\"},\"inLanguage\":\"en-US\",\"potentialAction\":[{\"@type\":\"ReadAction\",\"target\":[\"https:\/\/clavreuil-wordpress.logiciel-arteo.fr\/en\/compagnie-des-indes-decret-de-la-convention-nationale-du-17e-jour-du-1er-mois-de-lan-second-de-la-republique-francaise-une-et-indivisible-qui-supprime-les-compagnies-financieres-2\/\"]}]},{\"@type\":\"ImageObject\",\"inLanguage\":\"en-US\",\"@id\":\"https:\/\/clavreuil-wordpress.logiciel-arteo.fr\/en\/compagnie-des-indes-decret-de-la-convention-nationale-du-17e-jour-du-1er-mois-de-lan-second-de-la-republique-francaise-une-et-indivisible-qui-supprime-les-compagnies-financieres-2\/#primaryimage\",\"url\":\"https:\/\/clavreuil-wordpress.logiciel-arteo.fr\/wp-content\/uploads\/2025\/02\/compagnie-des-indes-decret-de-la-convention-nationale-du-17e-jour-du-1er-mois-de-l-an-second-de-la-republique-francaise-une-et-indivisible-q-67a5f9fec72ea.jpg\",\"contentUrl\":\"https:\/\/clavreuil-wordpress.logiciel-arteo.fr\/wp-content\/uploads\/2025\/02\/compagnie-des-indes-decret-de-la-convention-nationale-du-17e-jour-du-1er-mois-de-l-an-second-de-la-republique-francaise-une-et-indivisible-q-67a5f9fec72ea.jpg\",\"width\":430,\"height\":323},{\"@type\":\"BreadcrumbList\",\"@id\":\"https:\/\/clavreuil-wordpress.logiciel-arteo.fr\/en\/compagnie-des-indes-decret-de-la-convention-nationale-du-17e-jour-du-1er-mois-de-lan-second-de-la-republique-francaise-une-et-indivisible-qui-supprime-les-compagnies-financieres-2\/#breadcrumb\",\"itemListElement\":[{\"@type\":\"ListItem\",\"position\":1,\"name\":\"Accueil\",\"item\":\"https:\/\/clavreuil-wordpress.logiciel-arteo.fr\/\"},{\"@type\":\"ListItem\",\"position\":2,\"name\":\"All our books\",\"item\":\"https:\/\/clavreuil-wordpress.logiciel-arteo.fr\/en\/all-our-books\/\"},{\"@type\":\"ListItem\",\"position\":3,\"name\":\"COMPAGNIE DES INDES D\u00e9cret de la Convention Nationale,...\"}]},{\"@type\":\"WebSite\",\"@id\":\"https:\/\/clavreuil-wordpress.logiciel-arteo.fr\/#website\",\"url\":\"https:\/\/clavreuil-wordpress.logiciel-arteo.fr\/\",\"name\":\"Libairie Clavreuil\",\"description\":\"\",\"publisher\":{\"@id\":\"https:\/\/clavreuil-wordpress.logiciel-arteo.fr\/#organization\"},\"potentialAction\":[{\"@type\":\"SearchAction\",\"target\":{\"@type\":\"EntryPoint\",\"urlTemplate\":\"https:\/\/clavreuil-wordpress.logiciel-arteo.fr\/?s={search_term_string}\"},\"query-input\":{\"@type\":\"PropertyValueSpecification\",\"valueRequired\":true,\"valueName\":\"search_term_string\"}}],\"inLanguage\":\"en-US\"},{\"@type\":\"Organization\",\"@id\":\"https:\/\/clavreuil-wordpress.logiciel-arteo.fr\/#organization\",\"name\":\"Libairie Clavreuil\",\"url\":\"https:\/\/clavreuil-wordpress.logiciel-arteo.fr\/\",\"logo\":{\"@type\":\"ImageObject\",\"inLanguage\":\"en-US\",\"@id\":\"https:\/\/clavreuil-wordpress.logiciel-arteo.fr\/#\/schema\/logo\/image\/\",\"url\":\"https:\/\/clavreuil-wordpress.logiciel-arteo.fr\/wp-content\/uploads\/2021\/05\/LOGO_PNG_DATE-_gold.png\",\"contentUrl\":\"https:\/\/clavreuil-wordpress.logiciel-arteo.fr\/wp-content\/uploads\/2021\/05\/LOGO_PNG_DATE-_gold.png\",\"width\":2083,\"height\":1917,\"caption\":\"Libairie Clavreuil\"},\"image\":{\"@id\":\"https:\/\/clavreuil-wordpress.logiciel-arteo.fr\/#\/schema\/logo\/image\/\"}}]}<\/script>\n<!-- \/ Yoast SEO plugin. -->","yoast_head_json":{"title":"COMPAGNIE DES INDES  D\u00e9cret de la Convention Nationale, du 17e jour du 1er mois de l'an second de la R\u00e9publique fran\u00e7aise, une et indivisible, qui supprime les Compagnies financi\u00e8res. - Libairie Clavreuil","robots":{"index":"noindex","follow":"follow","max-snippet":"max-snippet:-1","max-image-preview":"max-image-preview:large","max-video-preview":"max-video-preview:-1"},"og_locale":"en_US","og_type":"article","og_title":"COMPAGNIE DES INDES  D\u00e9cret de la Convention Nationale, du 17e jour du 1er mois de l'an second de la R\u00e9publique fran\u00e7aise, une et indivisible, qui supprime les Compagnies financi\u00e8res. - Libairie Clavreuil","og_description":"4to (226 x 177 mm) de 4 pp., disbound.","og_url":"https:\/\/clavreuil-wordpress.logiciel-arteo.fr\/en\/compagnie-des-indes-decret-de-la-convention-nationale-du-17e-jour-du-1er-mois-de-lan-second-de-la-republique-francaise-une-et-indivisible-qui-supprime-les-compagnies-financieres-2\/","og_site_name":"Libairie Clavreuil","article_modified_time":"2025-02-14T10:11:18+00:00","og_image":[{"width":430,"height":323,"url":"https:\/\/clavreuil-wordpress.logiciel-arteo.fr\/wp-content\/uploads\/2025\/02\/compagnie-des-indes-decret-de-la-convention-nationale-du-17e-jour-du-1er-mois-de-l-an-second-de-la-republique-francaise-une-et-indivisible-q-67a5f9fec72ea.jpg","type":"image\/jpeg"}],"twitter_card":"summary_large_image","schema":{"@context":"https:\/\/schema.org","@graph":[{"@type":"WebPage","@id":"https:\/\/clavreuil-wordpress.logiciel-arteo.fr\/en\/compagnie-des-indes-decret-de-la-convention-nationale-du-17e-jour-du-1er-mois-de-lan-second-de-la-republique-francaise-une-et-indivisible-qui-supprime-les-compagnies-financieres-2\/","url":"https:\/\/clavreuil-wordpress.logiciel-arteo.fr\/en\/compagnie-des-indes-decret-de-la-convention-nationale-du-17e-jour-du-1er-mois-de-lan-second-de-la-republique-francaise-une-et-indivisible-qui-supprime-les-compagnies-financieres-2\/","name":"COMPAGNIE DES INDES D\u00e9cret de la Convention Nationale, du 17e jour du 1er mois de l'an second de la R\u00e9publique fran\u00e7aise, une et indivisible, qui supprime les Compagnies financi\u00e8res. - Libairie Clavreuil","isPartOf":{"@id":"https:\/\/clavreuil-wordpress.logiciel-arteo.fr\/#website"},"primaryImageOfPage":{"@id":"https:\/\/clavreuil-wordpress.logiciel-arteo.fr\/en\/compagnie-des-indes-decret-de-la-convention-nationale-du-17e-jour-du-1er-mois-de-lan-second-de-la-republique-francaise-une-et-indivisible-qui-supprime-les-compagnies-financieres-2\/#primaryimage"},"image":{"@id":"https:\/\/clavreuil-wordpress.logiciel-arteo.fr\/en\/compagnie-des-indes-decret-de-la-convention-nationale-du-17e-jour-du-1er-mois-de-lan-second-de-la-republique-francaise-une-et-indivisible-qui-supprime-les-compagnies-financieres-2\/#primaryimage"},"thumbnailUrl":"https:\/\/clavreuil-wordpress.logiciel-arteo.fr\/wp-content\/uploads\/2025\/02\/compagnie-des-indes-decret-de-la-convention-nationale-du-17e-jour-du-1er-mois-de-l-an-second-de-la-republique-francaise-une-et-indivisible-q-67a5f9fec72ea.jpg","datePublished":"2025-02-07T12:23:19+00:00","dateModified":"2025-02-14T10:11:18+00:00","breadcrumb":{"@id":"https:\/\/clavreuil-wordpress.logiciel-arteo.fr\/en\/compagnie-des-indes-decret-de-la-convention-nationale-du-17e-jour-du-1er-mois-de-lan-second-de-la-republique-francaise-une-et-indivisible-qui-supprime-les-compagnies-financieres-2\/#breadcrumb"},"inLanguage":"en-US","potentialAction":[{"@type":"ReadAction","target":["https:\/\/clavreuil-wordpress.logiciel-arteo.fr\/en\/compagnie-des-indes-decret-de-la-convention-nationale-du-17e-jour-du-1er-mois-de-lan-second-de-la-republique-francaise-une-et-indivisible-qui-supprime-les-compagnies-financieres-2\/"]}]},{"@type":"ImageObject","inLanguage":"en-US","@id":"https:\/\/clavreuil-wordpress.logiciel-arteo.fr\/en\/compagnie-des-indes-decret-de-la-convention-nationale-du-17e-jour-du-1er-mois-de-lan-second-de-la-republique-francaise-une-et-indivisible-qui-supprime-les-compagnies-financieres-2\/#primaryimage","url":"https:\/\/clavreuil-wordpress.logiciel-arteo.fr\/wp-content\/uploads\/2025\/02\/compagnie-des-indes-decret-de-la-convention-nationale-du-17e-jour-du-1er-mois-de-l-an-second-de-la-republique-francaise-une-et-indivisible-q-67a5f9fec72ea.jpg","contentUrl":"https:\/\/clavreuil-wordpress.logiciel-arteo.fr\/wp-content\/uploads\/2025\/02\/compagnie-des-indes-decret-de-la-convention-nationale-du-17e-jour-du-1er-mois-de-l-an-second-de-la-republique-francaise-une-et-indivisible-q-67a5f9fec72ea.jpg","width":430,"height":323},{"@type":"BreadcrumbList","@id":"https:\/\/clavreuil-wordpress.logiciel-arteo.fr\/en\/compagnie-des-indes-decret-de-la-convention-nationale-du-17e-jour-du-1er-mois-de-lan-second-de-la-republique-francaise-une-et-indivisible-qui-supprime-les-compagnies-financieres-2\/#breadcrumb","itemListElement":[{"@type":"ListItem","position":1,"name":"Accueil","item":"https:\/\/clavreuil-wordpress.logiciel-arteo.fr\/"},{"@type":"ListItem","position":2,"name":"All our books","item":"https:\/\/clavreuil-wordpress.logiciel-arteo.fr\/en\/all-our-books\/"},{"@type":"ListItem","position":3,"name":"COMPAGNIE DES INDES D\u00e9cret de la Convention Nationale,..."}]},{"@type":"WebSite","@id":"https:\/\/clavreuil-wordpress.logiciel-arteo.fr\/#website","url":"https:\/\/clavreuil-wordpress.logiciel-arteo.fr\/","name":"Libairie Clavreuil","description":"","publisher":{"@id":"https:\/\/clavreuil-wordpress.logiciel-arteo.fr\/#organization"},"potentialAction":[{"@type":"SearchAction","target":{"@type":"EntryPoint","urlTemplate":"https:\/\/clavreuil-wordpress.logiciel-arteo.fr\/?s={search_term_string}"},"query-input":{"@type":"PropertyValueSpecification","valueRequired":true,"valueName":"search_term_string"}}],"inLanguage":"en-US"},{"@type":"Organization","@id":"https:\/\/clavreuil-wordpress.logiciel-arteo.fr\/#organization","name":"Libairie Clavreuil","url":"https:\/\/clavreuil-wordpress.logiciel-arteo.fr\/","logo":{"@type":"ImageObject","inLanguage":"en-US","@id":"https:\/\/clavreuil-wordpress.logiciel-arteo.fr\/#\/schema\/logo\/image\/","url":"https:\/\/clavreuil-wordpress.logiciel-arteo.fr\/wp-content\/uploads\/2021\/05\/LOGO_PNG_DATE-_gold.png","contentUrl":"https:\/\/clavreuil-wordpress.logiciel-arteo.fr\/wp-content\/uploads\/2021\/05\/LOGO_PNG_DATE-_gold.png","width":2083,"height":1917,"caption":"Libairie Clavreuil"},"image":{"@id":"https:\/\/clavreuil-wordpress.logiciel-arteo.fr\/#\/schema\/logo\/image\/"}}]}},"_links":{"self":[{"href":"https:\/\/clavreuil-wordpress.logiciel-arteo.fr\/en\/wp-json\/wp\/v2\/product\/77240","targetHints":{"allow":["GET"]}}],"collection":[{"href":"https:\/\/clavreuil-wordpress.logiciel-arteo.fr\/en\/wp-json\/wp\/v2\/product"}],"about":[{"href":"https:\/\/clavreuil-wordpress.logiciel-arteo.fr\/en\/wp-json\/wp\/v2\/types\/product"}],"replies":[{"embeddable":true,"href":"https:\/\/clavreuil-wordpress.logiciel-arteo.fr\/en\/wp-json\/wp\/v2\/comments?post=77240"}],"wp:featuredmedia":[{"embeddable":true,"href":"https:\/\/clavreuil-wordpress.logiciel-arteo.fr\/en\/wp-json\/wp\/v2\/media\/77444"}],"wp:attachment":[{"href":"https:\/\/clavreuil-wordpress.logiciel-arteo.fr\/en\/wp-json\/wp\/v2\/media?parent=77240"}],"wp:term":[{"taxonomy":"product_brand","embeddable":true,"href":"https:\/\/clavreuil-wordpress.logiciel-arteo.fr\/en\/wp-json\/wp\/v2\/product_brand?post=77240"},{"taxonomy":"product_cat","embeddable":true,"href":"https:\/\/clavreuil-wordpress.logiciel-arteo.fr\/en\/wp-json\/wp\/v2\/product_cat?post=77240"},{"taxonomy":"product_tag","embeddable":true,"href":"https:\/\/clavreuil-wordpress.logiciel-arteo.fr\/en\/wp-json\/wp\/v2\/product_tag?post=77240"}],"curies":[{"name":"wp","href":"https:\/\/api.w.org\/{rel}","templated":true}]}}