{"id":77277,"date":"2025-02-10T14:05:08","date_gmt":"2025-02-10T13:05:08","guid":{"rendered":"https:\/\/clavreuil-wordpress.logiciel-arteo.fr\/anonyme-decret-de-la-convention-nationale-du-17e-jour-du-premier-mois-de-lan-second-de-la-republique-francoise-une-indivisible-qui-supprime-les-compagnies-financieres-2\/"},"modified":"2025-02-14T11:12:15","modified_gmt":"2025-02-14T10:12:15","slug":"anonyme-decret-de-la-convention-nationale-du-17e-jour-du-premier-mois-de-lan-second-de-la-republique-francoise-une-indivisible-qui-supprime-les-compagnies-financieres-2","status":"publish","type":"product","link":"https:\/\/clavreuil-wordpress.logiciel-arteo.fr\/en\/anonyme-decret-de-la-convention-nationale-du-17e-jour-du-premier-mois-de-lan-second-de-la-republique-francoise-une-indivisible-qui-supprime-les-compagnies-financieres-2\/","title":{"rendered":"[ANONYME] D\u00e9cret de la Convention Nationale, du 17e..."},"content":{"rendered":"<p style=\"text-align:justify\">Provincial printing of the definitive 8-point version (with the 4 additions to point IV) of the decree confirming the abolition of the Compagnie des Indes, whose goods and merchandise on French territory were placed under seal. Very fine copy with deckle edges.<\/p>\n","protected":false},"excerpt":{"rendered":"<p style=\"text-align:justify\">4to (265 x 209 mm) 4 pp.<\/p>\n","protected":false},"featured_media":0,"comment_status":"open","ping_status":"closed","template":"","meta":{"_acf_changed":false},"product_brand":[],"product_cat":[536],"product_tag":[1209,1232],"class_list":{"0":"post-77277","1":"product","2":"type-product","3":"status-publish","5":"product_cat-right-economy","6":"product_tag-economics","7":"product_tag-law","8":"pa_auteur-anonyme-4","9":"pa_type-de-livre-printed-book","11":"first","12":"instock","13":"shipping-taxable","14":"purchasable","15":"product-type-simple"},"acf":[],"yoast_head":"<!-- This site is optimized with the Yoast SEO plugin v24.3 - https:\/\/yoast.com\/wordpress\/plugins\/seo\/ -->\n<title>[ANONYME]  D\u00e9cret de la Convention Nationale, du 17e jour du premier mois de l&#039;an second de la R\u00e9publique Fran\u00e7oise, une &amp; indivisible, qui supprime les Compagnies financi\u00e8res. - Libairie Clavreuil<\/title>\n<meta name=\"robots\" content=\"noindex, follow, max-snippet:-1, max-image-preview:large, max-video-preview:-1\" \/>\n<meta property=\"og:locale\" content=\"en_US\" \/>\n<meta property=\"og:type\" content=\"article\" \/>\n<meta property=\"og:title\" content=\"[ANONYME]  D\u00e9cret de la Convention Nationale, du 17e jour du premier mois de l&#039;an second de la R\u00e9publique Fran\u00e7oise, une &amp; indivisible, qui supprime les Compagnies financi\u00e8res. - Libairie Clavreuil\" \/>\n<meta property=\"og:description\" content=\"4to (265 x 209 mm) 4 pp.\" \/>\n<meta property=\"og:url\" content=\"https:\/\/clavreuil-wordpress.logiciel-arteo.fr\/en\/anonyme-decret-de-la-convention-nationale-du-17e-jour-du-premier-mois-de-lan-second-de-la-republique-francoise-une-indivisible-qui-supprime-les-compagnies-financieres-2\/\" \/>\n<meta property=\"og:site_name\" content=\"Libairie Clavreuil\" \/>\n<meta property=\"article:modified_time\" content=\"2025-02-14T10:12:15+00:00\" \/>\n<meta name=\"twitter:card\" content=\"summary_large_image\" \/>\n<script type=\"application\/ld+json\" class=\"yoast-schema-graph\">{\"@context\":\"https:\/\/schema.org\",\"@graph\":[{\"@type\":\"WebPage\",\"@id\":\"https:\/\/clavreuil-wordpress.logiciel-arteo.fr\/en\/anonyme-decret-de-la-convention-nationale-du-17e-jour-du-premier-mois-de-lan-second-de-la-republique-francoise-une-indivisible-qui-supprime-les-compagnies-financieres-2\/\",\"url\":\"https:\/\/clavreuil-wordpress.logiciel-arteo.fr\/en\/anonyme-decret-de-la-convention-nationale-du-17e-jour-du-premier-mois-de-lan-second-de-la-republique-francoise-une-indivisible-qui-supprime-les-compagnies-financieres-2\/\",\"name\":\"[ANONYME] D\u00e9cret de la Convention Nationale, du 17e jour du premier mois de l'an second de la R\u00e9publique Fran\u00e7oise, une &amp; indivisible, qui supprime les Compagnies financi\u00e8res. - Libairie Clavreuil\",\"isPartOf\":{\"@id\":\"https:\/\/clavreuil-wordpress.logiciel-arteo.fr\/#website\"},\"datePublished\":\"2025-02-10T13:05:08+00:00\",\"dateModified\":\"2025-02-14T10:12:15+00:00\",\"breadcrumb\":{\"@id\":\"https:\/\/clavreuil-wordpress.logiciel-arteo.fr\/en\/anonyme-decret-de-la-convention-nationale-du-17e-jour-du-premier-mois-de-lan-second-de-la-republique-francoise-une-indivisible-qui-supprime-les-compagnies-financieres-2\/#breadcrumb\"},\"inLanguage\":\"en-US\",\"potentialAction\":[{\"@type\":\"ReadAction\",\"target\":[\"https:\/\/clavreuil-wordpress.logiciel-arteo.fr\/en\/anonyme-decret-de-la-convention-nationale-du-17e-jour-du-premier-mois-de-lan-second-de-la-republique-francoise-une-indivisible-qui-supprime-les-compagnies-financieres-2\/\"]}]},{\"@type\":\"BreadcrumbList\",\"@id\":\"https:\/\/clavreuil-wordpress.logiciel-arteo.fr\/en\/anonyme-decret-de-la-convention-nationale-du-17e-jour-du-premier-mois-de-lan-second-de-la-republique-francoise-une-indivisible-qui-supprime-les-compagnies-financieres-2\/#breadcrumb\",\"itemListElement\":[{\"@type\":\"ListItem\",\"position\":1,\"name\":\"Accueil\",\"item\":\"https:\/\/clavreuil-wordpress.logiciel-arteo.fr\/\"},{\"@type\":\"ListItem\",\"position\":2,\"name\":\"All our books\",\"item\":\"https:\/\/clavreuil-wordpress.logiciel-arteo.fr\/en\/all-our-books\/\"},{\"@type\":\"ListItem\",\"position\":3,\"name\":\"[ANONYME] D\u00e9cret de la Convention Nationale, du 17e...\"}]},{\"@type\":\"WebSite\",\"@id\":\"https:\/\/clavreuil-wordpress.logiciel-arteo.fr\/#website\",\"url\":\"https:\/\/clavreuil-wordpress.logiciel-arteo.fr\/\",\"name\":\"Libairie Clavreuil\",\"description\":\"\",\"publisher\":{\"@id\":\"https:\/\/clavreuil-wordpress.logiciel-arteo.fr\/#organization\"},\"potentialAction\":[{\"@type\":\"SearchAction\",\"target\":{\"@type\":\"EntryPoint\",\"urlTemplate\":\"https:\/\/clavreuil-wordpress.logiciel-arteo.fr\/?s={search_term_string}\"},\"query-input\":{\"@type\":\"PropertyValueSpecification\",\"valueRequired\":true,\"valueName\":\"search_term_string\"}}],\"inLanguage\":\"en-US\"},{\"@type\":\"Organization\",\"@id\":\"https:\/\/clavreuil-wordpress.logiciel-arteo.fr\/#organization\",\"name\":\"Libairie Clavreuil\",\"url\":\"https:\/\/clavreuil-wordpress.logiciel-arteo.fr\/\",\"logo\":{\"@type\":\"ImageObject\",\"inLanguage\":\"en-US\",\"@id\":\"https:\/\/clavreuil-wordpress.logiciel-arteo.fr\/#\/schema\/logo\/image\/\",\"url\":\"https:\/\/clavreuil-wordpress.logiciel-arteo.fr\/wp-content\/uploads\/2021\/05\/LOGO_PNG_DATE-_gold.png\",\"contentUrl\":\"https:\/\/clavreuil-wordpress.logiciel-arteo.fr\/wp-content\/uploads\/2021\/05\/LOGO_PNG_DATE-_gold.png\",\"width\":2083,\"height\":1917,\"caption\":\"Libairie Clavreuil\"},\"image\":{\"@id\":\"https:\/\/clavreuil-wordpress.logiciel-arteo.fr\/#\/schema\/logo\/image\/\"}}]}<\/script>\n<!-- \/ Yoast SEO plugin. -->","yoast_head_json":{"title":"[ANONYME]  D\u00e9cret de la Convention Nationale, du 17e jour du premier mois de l'an second de la R\u00e9publique Fran\u00e7oise, une &amp; indivisible, qui supprime les Compagnies financi\u00e8res. - Libairie Clavreuil","robots":{"index":"noindex","follow":"follow","max-snippet":"max-snippet:-1","max-image-preview":"max-image-preview:large","max-video-preview":"max-video-preview:-1"},"og_locale":"en_US","og_type":"article","og_title":"[ANONYME]  D\u00e9cret de la Convention Nationale, du 17e jour du premier mois de l'an second de la R\u00e9publique Fran\u00e7oise, une &amp; indivisible, qui supprime les Compagnies financi\u00e8res. - Libairie Clavreuil","og_description":"4to (265 x 209 mm) 4 pp.","og_url":"https:\/\/clavreuil-wordpress.logiciel-arteo.fr\/en\/anonyme-decret-de-la-convention-nationale-du-17e-jour-du-premier-mois-de-lan-second-de-la-republique-francoise-une-indivisible-qui-supprime-les-compagnies-financieres-2\/","og_site_name":"Libairie Clavreuil","article_modified_time":"2025-02-14T10:12:15+00:00","twitter_card":"summary_large_image","schema":{"@context":"https:\/\/schema.org","@graph":[{"@type":"WebPage","@id":"https:\/\/clavreuil-wordpress.logiciel-arteo.fr\/en\/anonyme-decret-de-la-convention-nationale-du-17e-jour-du-premier-mois-de-lan-second-de-la-republique-francoise-une-indivisible-qui-supprime-les-compagnies-financieres-2\/","url":"https:\/\/clavreuil-wordpress.logiciel-arteo.fr\/en\/anonyme-decret-de-la-convention-nationale-du-17e-jour-du-premier-mois-de-lan-second-de-la-republique-francoise-une-indivisible-qui-supprime-les-compagnies-financieres-2\/","name":"[ANONYME] D\u00e9cret de la Convention Nationale, du 17e jour du premier mois de l'an second de la R\u00e9publique Fran\u00e7oise, une &amp; indivisible, qui supprime les Compagnies financi\u00e8res. - Libairie Clavreuil","isPartOf":{"@id":"https:\/\/clavreuil-wordpress.logiciel-arteo.fr\/#website"},"datePublished":"2025-02-10T13:05:08+00:00","dateModified":"2025-02-14T10:12:15+00:00","breadcrumb":{"@id":"https:\/\/clavreuil-wordpress.logiciel-arteo.fr\/en\/anonyme-decret-de-la-convention-nationale-du-17e-jour-du-premier-mois-de-lan-second-de-la-republique-francoise-une-indivisible-qui-supprime-les-compagnies-financieres-2\/#breadcrumb"},"inLanguage":"en-US","potentialAction":[{"@type":"ReadAction","target":["https:\/\/clavreuil-wordpress.logiciel-arteo.fr\/en\/anonyme-decret-de-la-convention-nationale-du-17e-jour-du-premier-mois-de-lan-second-de-la-republique-francoise-une-indivisible-qui-supprime-les-compagnies-financieres-2\/"]}]},{"@type":"BreadcrumbList","@id":"https:\/\/clavreuil-wordpress.logiciel-arteo.fr\/en\/anonyme-decret-de-la-convention-nationale-du-17e-jour-du-premier-mois-de-lan-second-de-la-republique-francoise-une-indivisible-qui-supprime-les-compagnies-financieres-2\/#breadcrumb","itemListElement":[{"@type":"ListItem","position":1,"name":"Accueil","item":"https:\/\/clavreuil-wordpress.logiciel-arteo.fr\/"},{"@type":"ListItem","position":2,"name":"All our books","item":"https:\/\/clavreuil-wordpress.logiciel-arteo.fr\/en\/all-our-books\/"},{"@type":"ListItem","position":3,"name":"[ANONYME] D\u00e9cret de la Convention Nationale, du 17e..."}]},{"@type":"WebSite","@id":"https:\/\/clavreuil-wordpress.logiciel-arteo.fr\/#website","url":"https:\/\/clavreuil-wordpress.logiciel-arteo.fr\/","name":"Libairie Clavreuil","description":"","publisher":{"@id":"https:\/\/clavreuil-wordpress.logiciel-arteo.fr\/#organization"},"potentialAction":[{"@type":"SearchAction","target":{"@type":"EntryPoint","urlTemplate":"https:\/\/clavreuil-wordpress.logiciel-arteo.fr\/?s={search_term_string}"},"query-input":{"@type":"PropertyValueSpecification","valueRequired":true,"valueName":"search_term_string"}}],"inLanguage":"en-US"},{"@type":"Organization","@id":"https:\/\/clavreuil-wordpress.logiciel-arteo.fr\/#organization","name":"Libairie Clavreuil","url":"https:\/\/clavreuil-wordpress.logiciel-arteo.fr\/","logo":{"@type":"ImageObject","inLanguage":"en-US","@id":"https:\/\/clavreuil-wordpress.logiciel-arteo.fr\/#\/schema\/logo\/image\/","url":"https:\/\/clavreuil-wordpress.logiciel-arteo.fr\/wp-content\/uploads\/2021\/05\/LOGO_PNG_DATE-_gold.png","contentUrl":"https:\/\/clavreuil-wordpress.logiciel-arteo.fr\/wp-content\/uploads\/2021\/05\/LOGO_PNG_DATE-_gold.png","width":2083,"height":1917,"caption":"Libairie Clavreuil"},"image":{"@id":"https:\/\/clavreuil-wordpress.logiciel-arteo.fr\/#\/schema\/logo\/image\/"}}]}},"_links":{"self":[{"href":"https:\/\/clavreuil-wordpress.logiciel-arteo.fr\/en\/wp-json\/wp\/v2\/product\/77277","targetHints":{"allow":["GET"]}}],"collection":[{"href":"https:\/\/clavreuil-wordpress.logiciel-arteo.fr\/en\/wp-json\/wp\/v2\/product"}],"about":[{"href":"https:\/\/clavreuil-wordpress.logiciel-arteo.fr\/en\/wp-json\/wp\/v2\/types\/product"}],"replies":[{"embeddable":true,"href":"https:\/\/clavreuil-wordpress.logiciel-arteo.fr\/en\/wp-json\/wp\/v2\/comments?post=77277"}],"wp:attachment":[{"href":"https:\/\/clavreuil-wordpress.logiciel-arteo.fr\/en\/wp-json\/wp\/v2\/media?parent=77277"}],"wp:term":[{"taxonomy":"product_brand","embeddable":true,"href":"https:\/\/clavreuil-wordpress.logiciel-arteo.fr\/en\/wp-json\/wp\/v2\/product_brand?post=77277"},{"taxonomy":"product_cat","embeddable":true,"href":"https:\/\/clavreuil-wordpress.logiciel-arteo.fr\/en\/wp-json\/wp\/v2\/product_cat?post=77277"},{"taxonomy":"product_tag","embeddable":true,"href":"https:\/\/clavreuil-wordpress.logiciel-arteo.fr\/en\/wp-json\/wp\/v2\/product_tag?post=77277"}],"curies":[{"name":"wp","href":"https:\/\/api.w.org\/{rel}","templated":true}]}}