{"id":77344,"date":"2025-02-11T14:52:29","date_gmt":"2025-02-11T13:52:29","guid":{"rendered":"https:\/\/clavreuil-wordpress.logiciel-arteo.fr\/colonies-loi-relative-aux-troupes-coloniales-donnee-a-paris-le-29-juin-1792-lan-iv-de-la-liberte\/"},"modified":"2025-02-11T15:00:43","modified_gmt":"2025-02-11T14:00:43","slug":"colonies-loi-relative-aux-troupes-coloniales-donnee-a-paris-le-29-juin-1792-lan-iv-de-la-liberte","status":"publish","type":"product","link":"https:\/\/clavreuil-wordpress.logiciel-arteo.fr\/en\/colonies-loi-relative-aux-troupes-coloniales-donnee-a-paris-le-29-juin-1792-lan-iv-de-la-liberte\/","title":{"rendered":"COLONIES Loi relative aux troupes coloniales. Donn\u00e9e \u00e0..."},"content":{"rendered":"<p style=\"text-align:justify\">Provincial printing of this law passed during the short period of revolutionary France was under the reign of the Constitutional Monarchy to which Louis XVI swore allegiance on 14 September 1791. This law placed \u2018all the regiments &amp; battalions of Isle de France, Bourbon, Pondicherry, Port-au-Prince, Cape Town, Martinique, Guadeloupe, Guyana, Africa, Saint-Pierre de Miquelon ; the auxiliary battalion &amp; the volunteer corps of Bourbon, which was not included in this decree, the companies of the Pipayes of Pondicherry, &amp; all other troops paid &amp; employed in the defence of the colonies &amp; overseas possessions, will in future be under the direction of the Department of War\u2019.<\/p>\n","protected":false},"excerpt":{"rendered":"<p style=\"text-align:justify\">4to (228 x 178 mm) 4 pp., disbound.<\/p>\n","protected":false},"featured_media":77341,"comment_status":"open","ping_status":"closed","template":"","meta":{"_acf_changed":false},"product_brand":[],"product_cat":[552],"product_tag":[1209,1232],"class_list":{"0":"post-77344","1":"product","2":"type-product","3":"status-publish","4":"has-post-thumbnail","6":"product_cat-travel","7":"product_tag-economics","8":"product_tag-law","9":"pa_auteur-colonies-2","10":"pa_type-de-livre-printed-book","12":"first","13":"instock","14":"sale","15":"shipping-taxable","16":"purchasable","17":"product-type-simple"},"acf":[],"yoast_head":"<!-- This site is optimized with the Yoast SEO plugin v24.3 - https:\/\/yoast.com\/wordpress\/plugins\/seo\/ -->\n<title>COLONIES  Loi relative aux troupes coloniales. Donn\u00e9e \u00e0 Paris le 29 juin 1792, l&#039;an IV de la libert\u00e9. - Libairie Clavreuil<\/title>\n<meta name=\"robots\" content=\"noindex, follow, max-snippet:-1, max-image-preview:large, max-video-preview:-1\" \/>\n<meta property=\"og:locale\" content=\"en_US\" \/>\n<meta property=\"og:type\" content=\"article\" \/>\n<meta property=\"og:title\" content=\"COLONIES  Loi relative aux troupes coloniales. Donn\u00e9e \u00e0 Paris le 29 juin 1792, l&#039;an IV de la libert\u00e9. - Libairie Clavreuil\" \/>\n<meta property=\"og:description\" content=\"4to (228 x 178 mm) 4 pp., disbound.\" \/>\n<meta property=\"og:url\" content=\"https:\/\/clavreuil-wordpress.logiciel-arteo.fr\/en\/colonies-loi-relative-aux-troupes-coloniales-donnee-a-paris-le-29-juin-1792-lan-iv-de-la-liberte\/\" \/>\n<meta property=\"og:site_name\" content=\"Libairie Clavreuil\" \/>\n<meta property=\"article:modified_time\" content=\"2025-02-11T14:00:43+00:00\" \/>\n<meta property=\"og:image\" content=\"https:\/\/clavreuil-wordpress.logiciel-arteo.fr\/wp-content\/uploads\/2025\/02\/colonies-loi-relative-aux-troupes-coloniales-donnee-a-paris-le-29-juin-1792-l-an-iv-de-la-liberte-9731-67ab4cd7a53d8.jpg\" \/>\n\t<meta property=\"og:image:width\" content=\"800\" \/>\n\t<meta property=\"og:image:height\" content=\"375\" \/>\n\t<meta property=\"og:image:type\" content=\"image\/jpeg\" \/>\n<meta name=\"twitter:card\" content=\"summary_large_image\" \/>\n<meta name=\"twitter:label1\" content=\"Est. reading time\" \/>\n\t<meta name=\"twitter:data1\" content=\"1 minute\" \/>\n<script type=\"application\/ld+json\" class=\"yoast-schema-graph\">{\"@context\":\"https:\/\/schema.org\",\"@graph\":[{\"@type\":\"WebPage\",\"@id\":\"https:\/\/clavreuil-wordpress.logiciel-arteo.fr\/en\/colonies-loi-relative-aux-troupes-coloniales-donnee-a-paris-le-29-juin-1792-lan-iv-de-la-liberte\/\",\"url\":\"https:\/\/clavreuil-wordpress.logiciel-arteo.fr\/en\/colonies-loi-relative-aux-troupes-coloniales-donnee-a-paris-le-29-juin-1792-lan-iv-de-la-liberte\/\",\"name\":\"COLONIES Loi relative aux troupes coloniales. Donn\u00e9e \u00e0 Paris le 29 juin 1792, l'an IV de la libert\u00e9. - Libairie Clavreuil\",\"isPartOf\":{\"@id\":\"https:\/\/clavreuil-wordpress.logiciel-arteo.fr\/#website\"},\"primaryImageOfPage\":{\"@id\":\"https:\/\/clavreuil-wordpress.logiciel-arteo.fr\/en\/colonies-loi-relative-aux-troupes-coloniales-donnee-a-paris-le-29-juin-1792-lan-iv-de-la-liberte\/#primaryimage\"},\"image\":{\"@id\":\"https:\/\/clavreuil-wordpress.logiciel-arteo.fr\/en\/colonies-loi-relative-aux-troupes-coloniales-donnee-a-paris-le-29-juin-1792-lan-iv-de-la-liberte\/#primaryimage\"},\"thumbnailUrl\":\"https:\/\/clavreuil-wordpress.logiciel-arteo.fr\/wp-content\/uploads\/2025\/02\/colonies-loi-relative-aux-troupes-coloniales-donnee-a-paris-le-29-juin-1792-l-an-iv-de-la-liberte-9731-67ab4cd7a53d8.jpg\",\"datePublished\":\"2025-02-11T13:52:29+00:00\",\"dateModified\":\"2025-02-11T14:00:43+00:00\",\"breadcrumb\":{\"@id\":\"https:\/\/clavreuil-wordpress.logiciel-arteo.fr\/en\/colonies-loi-relative-aux-troupes-coloniales-donnee-a-paris-le-29-juin-1792-lan-iv-de-la-liberte\/#breadcrumb\"},\"inLanguage\":\"en-US\",\"potentialAction\":[{\"@type\":\"ReadAction\",\"target\":[\"https:\/\/clavreuil-wordpress.logiciel-arteo.fr\/en\/colonies-loi-relative-aux-troupes-coloniales-donnee-a-paris-le-29-juin-1792-lan-iv-de-la-liberte\/\"]}]},{\"@type\":\"ImageObject\",\"inLanguage\":\"en-US\",\"@id\":\"https:\/\/clavreuil-wordpress.logiciel-arteo.fr\/en\/colonies-loi-relative-aux-troupes-coloniales-donnee-a-paris-le-29-juin-1792-lan-iv-de-la-liberte\/#primaryimage\",\"url\":\"https:\/\/clavreuil-wordpress.logiciel-arteo.fr\/wp-content\/uploads\/2025\/02\/colonies-loi-relative-aux-troupes-coloniales-donnee-a-paris-le-29-juin-1792-l-an-iv-de-la-liberte-9731-67ab4cd7a53d8.jpg\",\"contentUrl\":\"https:\/\/clavreuil-wordpress.logiciel-arteo.fr\/wp-content\/uploads\/2025\/02\/colonies-loi-relative-aux-troupes-coloniales-donnee-a-paris-le-29-juin-1792-l-an-iv-de-la-liberte-9731-67ab4cd7a53d8.jpg\",\"width\":800,\"height\":375},{\"@type\":\"BreadcrumbList\",\"@id\":\"https:\/\/clavreuil-wordpress.logiciel-arteo.fr\/en\/colonies-loi-relative-aux-troupes-coloniales-donnee-a-paris-le-29-juin-1792-lan-iv-de-la-liberte\/#breadcrumb\",\"itemListElement\":[{\"@type\":\"ListItem\",\"position\":1,\"name\":\"Accueil\",\"item\":\"https:\/\/clavreuil-wordpress.logiciel-arteo.fr\/\"},{\"@type\":\"ListItem\",\"position\":2,\"name\":\"All our books\",\"item\":\"https:\/\/clavreuil-wordpress.logiciel-arteo.fr\/en\/all-our-books\/\"},{\"@type\":\"ListItem\",\"position\":3,\"name\":\"COLONIES Loi relative aux troupes coloniales. Donn\u00e9e \u00e0...\"}]},{\"@type\":\"WebSite\",\"@id\":\"https:\/\/clavreuil-wordpress.logiciel-arteo.fr\/#website\",\"url\":\"https:\/\/clavreuil-wordpress.logiciel-arteo.fr\/\",\"name\":\"Libairie Clavreuil\",\"description\":\"\",\"publisher\":{\"@id\":\"https:\/\/clavreuil-wordpress.logiciel-arteo.fr\/#organization\"},\"potentialAction\":[{\"@type\":\"SearchAction\",\"target\":{\"@type\":\"EntryPoint\",\"urlTemplate\":\"https:\/\/clavreuil-wordpress.logiciel-arteo.fr\/?s={search_term_string}\"},\"query-input\":{\"@type\":\"PropertyValueSpecification\",\"valueRequired\":true,\"valueName\":\"search_term_string\"}}],\"inLanguage\":\"en-US\"},{\"@type\":\"Organization\",\"@id\":\"https:\/\/clavreuil-wordpress.logiciel-arteo.fr\/#organization\",\"name\":\"Libairie Clavreuil\",\"url\":\"https:\/\/clavreuil-wordpress.logiciel-arteo.fr\/\",\"logo\":{\"@type\":\"ImageObject\",\"inLanguage\":\"en-US\",\"@id\":\"https:\/\/clavreuil-wordpress.logiciel-arteo.fr\/#\/schema\/logo\/image\/\",\"url\":\"https:\/\/clavreuil-wordpress.logiciel-arteo.fr\/wp-content\/uploads\/2021\/05\/LOGO_PNG_DATE-_gold.png\",\"contentUrl\":\"https:\/\/clavreuil-wordpress.logiciel-arteo.fr\/wp-content\/uploads\/2021\/05\/LOGO_PNG_DATE-_gold.png\",\"width\":2083,\"height\":1917,\"caption\":\"Libairie Clavreuil\"},\"image\":{\"@id\":\"https:\/\/clavreuil-wordpress.logiciel-arteo.fr\/#\/schema\/logo\/image\/\"}}]}<\/script>\n<!-- \/ Yoast SEO plugin. -->","yoast_head_json":{"title":"COLONIES  Loi relative aux troupes coloniales. Donn\u00e9e \u00e0 Paris le 29 juin 1792, l'an IV de la libert\u00e9. - Libairie Clavreuil","robots":{"index":"noindex","follow":"follow","max-snippet":"max-snippet:-1","max-image-preview":"max-image-preview:large","max-video-preview":"max-video-preview:-1"},"og_locale":"en_US","og_type":"article","og_title":"COLONIES  Loi relative aux troupes coloniales. Donn\u00e9e \u00e0 Paris le 29 juin 1792, l'an IV de la libert\u00e9. - Libairie Clavreuil","og_description":"4to (228 x 178 mm) 4 pp., disbound.","og_url":"https:\/\/clavreuil-wordpress.logiciel-arteo.fr\/en\/colonies-loi-relative-aux-troupes-coloniales-donnee-a-paris-le-29-juin-1792-lan-iv-de-la-liberte\/","og_site_name":"Libairie Clavreuil","article_modified_time":"2025-02-11T14:00:43+00:00","og_image":[{"width":800,"height":375,"url":"https:\/\/clavreuil-wordpress.logiciel-arteo.fr\/wp-content\/uploads\/2025\/02\/colonies-loi-relative-aux-troupes-coloniales-donnee-a-paris-le-29-juin-1792-l-an-iv-de-la-liberte-9731-67ab4cd7a53d8.jpg","type":"image\/jpeg"}],"twitter_card":"summary_large_image","twitter_misc":{"Est. reading time":"1 minute"},"schema":{"@context":"https:\/\/schema.org","@graph":[{"@type":"WebPage","@id":"https:\/\/clavreuil-wordpress.logiciel-arteo.fr\/en\/colonies-loi-relative-aux-troupes-coloniales-donnee-a-paris-le-29-juin-1792-lan-iv-de-la-liberte\/","url":"https:\/\/clavreuil-wordpress.logiciel-arteo.fr\/en\/colonies-loi-relative-aux-troupes-coloniales-donnee-a-paris-le-29-juin-1792-lan-iv-de-la-liberte\/","name":"COLONIES Loi relative aux troupes coloniales. Donn\u00e9e \u00e0 Paris le 29 juin 1792, l'an IV de la libert\u00e9. - Libairie Clavreuil","isPartOf":{"@id":"https:\/\/clavreuil-wordpress.logiciel-arteo.fr\/#website"},"primaryImageOfPage":{"@id":"https:\/\/clavreuil-wordpress.logiciel-arteo.fr\/en\/colonies-loi-relative-aux-troupes-coloniales-donnee-a-paris-le-29-juin-1792-lan-iv-de-la-liberte\/#primaryimage"},"image":{"@id":"https:\/\/clavreuil-wordpress.logiciel-arteo.fr\/en\/colonies-loi-relative-aux-troupes-coloniales-donnee-a-paris-le-29-juin-1792-lan-iv-de-la-liberte\/#primaryimage"},"thumbnailUrl":"https:\/\/clavreuil-wordpress.logiciel-arteo.fr\/wp-content\/uploads\/2025\/02\/colonies-loi-relative-aux-troupes-coloniales-donnee-a-paris-le-29-juin-1792-l-an-iv-de-la-liberte-9731-67ab4cd7a53d8.jpg","datePublished":"2025-02-11T13:52:29+00:00","dateModified":"2025-02-11T14:00:43+00:00","breadcrumb":{"@id":"https:\/\/clavreuil-wordpress.logiciel-arteo.fr\/en\/colonies-loi-relative-aux-troupes-coloniales-donnee-a-paris-le-29-juin-1792-lan-iv-de-la-liberte\/#breadcrumb"},"inLanguage":"en-US","potentialAction":[{"@type":"ReadAction","target":["https:\/\/clavreuil-wordpress.logiciel-arteo.fr\/en\/colonies-loi-relative-aux-troupes-coloniales-donnee-a-paris-le-29-juin-1792-lan-iv-de-la-liberte\/"]}]},{"@type":"ImageObject","inLanguage":"en-US","@id":"https:\/\/clavreuil-wordpress.logiciel-arteo.fr\/en\/colonies-loi-relative-aux-troupes-coloniales-donnee-a-paris-le-29-juin-1792-lan-iv-de-la-liberte\/#primaryimage","url":"https:\/\/clavreuil-wordpress.logiciel-arteo.fr\/wp-content\/uploads\/2025\/02\/colonies-loi-relative-aux-troupes-coloniales-donnee-a-paris-le-29-juin-1792-l-an-iv-de-la-liberte-9731-67ab4cd7a53d8.jpg","contentUrl":"https:\/\/clavreuil-wordpress.logiciel-arteo.fr\/wp-content\/uploads\/2025\/02\/colonies-loi-relative-aux-troupes-coloniales-donnee-a-paris-le-29-juin-1792-l-an-iv-de-la-liberte-9731-67ab4cd7a53d8.jpg","width":800,"height":375},{"@type":"BreadcrumbList","@id":"https:\/\/clavreuil-wordpress.logiciel-arteo.fr\/en\/colonies-loi-relative-aux-troupes-coloniales-donnee-a-paris-le-29-juin-1792-lan-iv-de-la-liberte\/#breadcrumb","itemListElement":[{"@type":"ListItem","position":1,"name":"Accueil","item":"https:\/\/clavreuil-wordpress.logiciel-arteo.fr\/"},{"@type":"ListItem","position":2,"name":"All our books","item":"https:\/\/clavreuil-wordpress.logiciel-arteo.fr\/en\/all-our-books\/"},{"@type":"ListItem","position":3,"name":"COLONIES Loi relative aux troupes coloniales. Donn\u00e9e \u00e0..."}]},{"@type":"WebSite","@id":"https:\/\/clavreuil-wordpress.logiciel-arteo.fr\/#website","url":"https:\/\/clavreuil-wordpress.logiciel-arteo.fr\/","name":"Libairie Clavreuil","description":"","publisher":{"@id":"https:\/\/clavreuil-wordpress.logiciel-arteo.fr\/#organization"},"potentialAction":[{"@type":"SearchAction","target":{"@type":"EntryPoint","urlTemplate":"https:\/\/clavreuil-wordpress.logiciel-arteo.fr\/?s={search_term_string}"},"query-input":{"@type":"PropertyValueSpecification","valueRequired":true,"valueName":"search_term_string"}}],"inLanguage":"en-US"},{"@type":"Organization","@id":"https:\/\/clavreuil-wordpress.logiciel-arteo.fr\/#organization","name":"Libairie Clavreuil","url":"https:\/\/clavreuil-wordpress.logiciel-arteo.fr\/","logo":{"@type":"ImageObject","inLanguage":"en-US","@id":"https:\/\/clavreuil-wordpress.logiciel-arteo.fr\/#\/schema\/logo\/image\/","url":"https:\/\/clavreuil-wordpress.logiciel-arteo.fr\/wp-content\/uploads\/2021\/05\/LOGO_PNG_DATE-_gold.png","contentUrl":"https:\/\/clavreuil-wordpress.logiciel-arteo.fr\/wp-content\/uploads\/2021\/05\/LOGO_PNG_DATE-_gold.png","width":2083,"height":1917,"caption":"Libairie Clavreuil"},"image":{"@id":"https:\/\/clavreuil-wordpress.logiciel-arteo.fr\/#\/schema\/logo\/image\/"}}]}},"_links":{"self":[{"href":"https:\/\/clavreuil-wordpress.logiciel-arteo.fr\/en\/wp-json\/wp\/v2\/product\/77344","targetHints":{"allow":["GET"]}}],"collection":[{"href":"https:\/\/clavreuil-wordpress.logiciel-arteo.fr\/en\/wp-json\/wp\/v2\/product"}],"about":[{"href":"https:\/\/clavreuil-wordpress.logiciel-arteo.fr\/en\/wp-json\/wp\/v2\/types\/product"}],"replies":[{"embeddable":true,"href":"https:\/\/clavreuil-wordpress.logiciel-arteo.fr\/en\/wp-json\/wp\/v2\/comments?post=77344"}],"wp:featuredmedia":[{"embeddable":true,"href":"https:\/\/clavreuil-wordpress.logiciel-arteo.fr\/en\/wp-json\/wp\/v2\/media\/77341"}],"wp:attachment":[{"href":"https:\/\/clavreuil-wordpress.logiciel-arteo.fr\/en\/wp-json\/wp\/v2\/media?parent=77344"}],"wp:term":[{"taxonomy":"product_brand","embeddable":true,"href":"https:\/\/clavreuil-wordpress.logiciel-arteo.fr\/en\/wp-json\/wp\/v2\/product_brand?post=77344"},{"taxonomy":"product_cat","embeddable":true,"href":"https:\/\/clavreuil-wordpress.logiciel-arteo.fr\/en\/wp-json\/wp\/v2\/product_cat?post=77344"},{"taxonomy":"product_tag","embeddable":true,"href":"https:\/\/clavreuil-wordpress.logiciel-arteo.fr\/en\/wp-json\/wp\/v2\/product_tag?post=77344"}],"curies":[{"name":"wp","href":"https:\/\/api.w.org\/{rel}","templated":true}]}}