{"id":77350,"date":"2025-02-11T15:05:34","date_gmt":"2025-02-11T14:05:34","guid":{"rendered":"https:\/\/clavreuil-wordpress.logiciel-arteo.fr\/anonyme-ordonnance-du-bureau-des-finances-de-la-generalite-de-paris-concernant-la-suppression-des-das-saillies-en-pierre-en-bois-pratiquees-le-long-des-maisons-de-la-rue-de-tournon-du-22-j\/"},"modified":"2025-02-11T15:05:56","modified_gmt":"2025-02-11T14:05:56","slug":"anonyme-ordonnance-du-bureau-des-finances-de-la-generalite-de-paris-concernant-la-suppression-des-das-saillies-en-pierre-en-bois-pratiquees-le-long-des-maisons-de-la-rue-de-tournon-du-22-j","status":"publish","type":"product","link":"https:\/\/clavreuil-wordpress.logiciel-arteo.fr\/en\/anonyme-ordonnance-du-bureau-des-finances-de-la-generalite-de-paris-concernant-la-suppression-des-das-saillies-en-pierre-en-bois-pratiquees-le-long-des-maisons-de-la-rue-de-tournon-du-22-j\/","title":{"rendered":"[ANONYME] Ordonnance du Bureau des Finances de la..."},"content":{"rendered":"<p style=\"text-align:justify\">Official decree, organising the road system in Paris, in particular that of the rue de Tournon, which seems to have been very congested at the time. In effect, the decree orders that: \u2018all protrusions along the houses in the rue de Tournon, of whatever kind, &amp; in particular stone or wooden benches, bollards, stalls &amp; all sedentary, semi-sedentary or even mobile stalls, shall be removed &amp; demolished&#8230; by the tenants &amp; owners\u2019 under the threat of a fine. Good copy.<\/p>\n","protected":false},"excerpt":{"rendered":"<p>4to (250 x 200 mm) 3 pp., disbound.<\/p>\n","protected":false},"featured_media":77348,"comment_status":"open","ping_status":"closed","template":"","meta":{"_acf_changed":false},"product_brand":[],"product_cat":[536],"product_tag":[1232],"class_list":{"0":"post-77350","1":"product","2":"type-product","3":"status-publish","4":"has-post-thumbnail","6":"product_cat-right-economy","7":"product_tag-law","8":"pa_type-de-livre-printed-book","10":"first","11":"instock","12":"shipping-taxable","13":"purchasable","14":"product-type-simple"},"acf":[],"yoast_head":"<!-- This site is optimized with the Yoast SEO plugin v24.3 - https:\/\/yoast.com\/wordpress\/plugins\/seo\/ -->\n<title>[ANONYME]  Ordonnance du Bureau des Finances de la G\u00e9n\u00e9ralit\u00e9 de Paris, concernant la suppression des das saillies en pierre &amp; en bois, pratiqu\u00e9es le long des maisons de la rue de Tournon. Du 22 janvier 1783. - Libairie Clavreuil<\/title>\n<meta name=\"robots\" content=\"noindex, follow, max-snippet:-1, max-image-preview:large, max-video-preview:-1\" \/>\n<meta property=\"og:locale\" content=\"en_US\" \/>\n<meta property=\"og:type\" content=\"article\" \/>\n<meta property=\"og:title\" content=\"[ANONYME]  Ordonnance du Bureau des Finances de la G\u00e9n\u00e9ralit\u00e9 de Paris, concernant la suppression des das saillies en pierre &amp; en bois, pratiqu\u00e9es le long des maisons de la rue de Tournon. Du 22 janvier 1783. - Libairie Clavreuil\" \/>\n<meta property=\"og:description\" content=\"4to (250 x 200 mm) 3 pp., disbound.\" \/>\n<meta property=\"og:url\" content=\"https:\/\/clavreuil-wordpress.logiciel-arteo.fr\/en\/anonyme-ordonnance-du-bureau-des-finances-de-la-generalite-de-paris-concernant-la-suppression-des-das-saillies-en-pierre-en-bois-pratiquees-le-long-des-maisons-de-la-rue-de-tournon-du-22-j\/\" \/>\n<meta property=\"og:site_name\" content=\"Libairie Clavreuil\" \/>\n<meta property=\"article:modified_time\" content=\"2025-02-11T14:05:56+00:00\" \/>\n<meta property=\"og:image\" content=\"https:\/\/clavreuil-wordpress.logiciel-arteo.fr\/wp-content\/uploads\/2025\/02\/anonyme-ordonnance-du-bureau-des-finances-de-la-generalite-de-paris-concernant-la-suppression-des-das-saillies-en-pierre-en-bois-pratiquees-67ab5914c7216-1.jpg\" \/>\n\t<meta property=\"og:image:width\" content=\"430\" \/>\n\t<meta property=\"og:image:height\" content=\"323\" \/>\n\t<meta property=\"og:image:type\" content=\"image\/jpeg\" \/>\n<meta name=\"twitter:card\" content=\"summary_large_image\" \/>\n<script type=\"application\/ld+json\" class=\"yoast-schema-graph\">{\"@context\":\"https:\/\/schema.org\",\"@graph\":[{\"@type\":\"WebPage\",\"@id\":\"https:\/\/clavreuil-wordpress.logiciel-arteo.fr\/en\/anonyme-ordonnance-du-bureau-des-finances-de-la-generalite-de-paris-concernant-la-suppression-des-das-saillies-en-pierre-en-bois-pratiquees-le-long-des-maisons-de-la-rue-de-tournon-du-22-j\/\",\"url\":\"https:\/\/clavreuil-wordpress.logiciel-arteo.fr\/en\/anonyme-ordonnance-du-bureau-des-finances-de-la-generalite-de-paris-concernant-la-suppression-des-das-saillies-en-pierre-en-bois-pratiquees-le-long-des-maisons-de-la-rue-de-tournon-du-22-j\/\",\"name\":\"[ANONYME] Ordonnance du Bureau des Finances de la G\u00e9n\u00e9ralit\u00e9 de Paris, concernant la suppression des das saillies en pierre &amp; en bois, pratiqu\u00e9es le long des maisons de la rue de Tournon. Du 22 janvier 1783. - Libairie Clavreuil\",\"isPartOf\":{\"@id\":\"https:\/\/clavreuil-wordpress.logiciel-arteo.fr\/#website\"},\"primaryImageOfPage\":{\"@id\":\"https:\/\/clavreuil-wordpress.logiciel-arteo.fr\/en\/anonyme-ordonnance-du-bureau-des-finances-de-la-generalite-de-paris-concernant-la-suppression-des-das-saillies-en-pierre-en-bois-pratiquees-le-long-des-maisons-de-la-rue-de-tournon-du-22-j\/#primaryimage\"},\"image\":{\"@id\":\"https:\/\/clavreuil-wordpress.logiciel-arteo.fr\/en\/anonyme-ordonnance-du-bureau-des-finances-de-la-generalite-de-paris-concernant-la-suppression-des-das-saillies-en-pierre-en-bois-pratiquees-le-long-des-maisons-de-la-rue-de-tournon-du-22-j\/#primaryimage\"},\"thumbnailUrl\":\"https:\/\/clavreuil-wordpress.logiciel-arteo.fr\/wp-content\/uploads\/2025\/02\/anonyme-ordonnance-du-bureau-des-finances-de-la-generalite-de-paris-concernant-la-suppression-des-das-saillies-en-pierre-en-bois-pratiquees-67ab5914c7216-1.jpg\",\"datePublished\":\"2025-02-11T14:05:34+00:00\",\"dateModified\":\"2025-02-11T14:05:56+00:00\",\"breadcrumb\":{\"@id\":\"https:\/\/clavreuil-wordpress.logiciel-arteo.fr\/en\/anonyme-ordonnance-du-bureau-des-finances-de-la-generalite-de-paris-concernant-la-suppression-des-das-saillies-en-pierre-en-bois-pratiquees-le-long-des-maisons-de-la-rue-de-tournon-du-22-j\/#breadcrumb\"},\"inLanguage\":\"en-US\",\"potentialAction\":[{\"@type\":\"ReadAction\",\"target\":[\"https:\/\/clavreuil-wordpress.logiciel-arteo.fr\/en\/anonyme-ordonnance-du-bureau-des-finances-de-la-generalite-de-paris-concernant-la-suppression-des-das-saillies-en-pierre-en-bois-pratiquees-le-long-des-maisons-de-la-rue-de-tournon-du-22-j\/\"]}]},{\"@type\":\"ImageObject\",\"inLanguage\":\"en-US\",\"@id\":\"https:\/\/clavreuil-wordpress.logiciel-arteo.fr\/en\/anonyme-ordonnance-du-bureau-des-finances-de-la-generalite-de-paris-concernant-la-suppression-des-das-saillies-en-pierre-en-bois-pratiquees-le-long-des-maisons-de-la-rue-de-tournon-du-22-j\/#primaryimage\",\"url\":\"https:\/\/clavreuil-wordpress.logiciel-arteo.fr\/wp-content\/uploads\/2025\/02\/anonyme-ordonnance-du-bureau-des-finances-de-la-generalite-de-paris-concernant-la-suppression-des-das-saillies-en-pierre-en-bois-pratiquees-67ab5914c7216-1.jpg\",\"contentUrl\":\"https:\/\/clavreuil-wordpress.logiciel-arteo.fr\/wp-content\/uploads\/2025\/02\/anonyme-ordonnance-du-bureau-des-finances-de-la-generalite-de-paris-concernant-la-suppression-des-das-saillies-en-pierre-en-bois-pratiquees-67ab5914c7216-1.jpg\",\"width\":430,\"height\":323},{\"@type\":\"BreadcrumbList\",\"@id\":\"https:\/\/clavreuil-wordpress.logiciel-arteo.fr\/en\/anonyme-ordonnance-du-bureau-des-finances-de-la-generalite-de-paris-concernant-la-suppression-des-das-saillies-en-pierre-en-bois-pratiquees-le-long-des-maisons-de-la-rue-de-tournon-du-22-j\/#breadcrumb\",\"itemListElement\":[{\"@type\":\"ListItem\",\"position\":1,\"name\":\"Accueil\",\"item\":\"https:\/\/clavreuil-wordpress.logiciel-arteo.fr\/\"},{\"@type\":\"ListItem\",\"position\":2,\"name\":\"All our books\",\"item\":\"https:\/\/clavreuil-wordpress.logiciel-arteo.fr\/en\/all-our-books\/\"},{\"@type\":\"ListItem\",\"position\":3,\"name\":\"[ANONYME] Ordonnance du Bureau des Finances de la...\"}]},{\"@type\":\"WebSite\",\"@id\":\"https:\/\/clavreuil-wordpress.logiciel-arteo.fr\/#website\",\"url\":\"https:\/\/clavreuil-wordpress.logiciel-arteo.fr\/\",\"name\":\"Libairie Clavreuil\",\"description\":\"\",\"publisher\":{\"@id\":\"https:\/\/clavreuil-wordpress.logiciel-arteo.fr\/#organization\"},\"potentialAction\":[{\"@type\":\"SearchAction\",\"target\":{\"@type\":\"EntryPoint\",\"urlTemplate\":\"https:\/\/clavreuil-wordpress.logiciel-arteo.fr\/?s={search_term_string}\"},\"query-input\":{\"@type\":\"PropertyValueSpecification\",\"valueRequired\":true,\"valueName\":\"search_term_string\"}}],\"inLanguage\":\"en-US\"},{\"@type\":\"Organization\",\"@id\":\"https:\/\/clavreuil-wordpress.logiciel-arteo.fr\/#organization\",\"name\":\"Libairie Clavreuil\",\"url\":\"https:\/\/clavreuil-wordpress.logiciel-arteo.fr\/\",\"logo\":{\"@type\":\"ImageObject\",\"inLanguage\":\"en-US\",\"@id\":\"https:\/\/clavreuil-wordpress.logiciel-arteo.fr\/#\/schema\/logo\/image\/\",\"url\":\"https:\/\/clavreuil-wordpress.logiciel-arteo.fr\/wp-content\/uploads\/2021\/05\/LOGO_PNG_DATE-_gold.png\",\"contentUrl\":\"https:\/\/clavreuil-wordpress.logiciel-arteo.fr\/wp-content\/uploads\/2021\/05\/LOGO_PNG_DATE-_gold.png\",\"width\":2083,\"height\":1917,\"caption\":\"Libairie Clavreuil\"},\"image\":{\"@id\":\"https:\/\/clavreuil-wordpress.logiciel-arteo.fr\/#\/schema\/logo\/image\/\"}}]}<\/script>\n<!-- \/ Yoast SEO plugin. -->","yoast_head_json":{"title":"[ANONYME]  Ordonnance du Bureau des Finances de la G\u00e9n\u00e9ralit\u00e9 de Paris, concernant la suppression des das saillies en pierre &amp; en bois, pratiqu\u00e9es le long des maisons de la rue de Tournon. Du 22 janvier 1783. - Libairie Clavreuil","robots":{"index":"noindex","follow":"follow","max-snippet":"max-snippet:-1","max-image-preview":"max-image-preview:large","max-video-preview":"max-video-preview:-1"},"og_locale":"en_US","og_type":"article","og_title":"[ANONYME]  Ordonnance du Bureau des Finances de la G\u00e9n\u00e9ralit\u00e9 de Paris, concernant la suppression des das saillies en pierre &amp; en bois, pratiqu\u00e9es le long des maisons de la rue de Tournon. Du 22 janvier 1783. - Libairie Clavreuil","og_description":"4to (250 x 200 mm) 3 pp., disbound.","og_url":"https:\/\/clavreuil-wordpress.logiciel-arteo.fr\/en\/anonyme-ordonnance-du-bureau-des-finances-de-la-generalite-de-paris-concernant-la-suppression-des-das-saillies-en-pierre-en-bois-pratiquees-le-long-des-maisons-de-la-rue-de-tournon-du-22-j\/","og_site_name":"Libairie Clavreuil","article_modified_time":"2025-02-11T14:05:56+00:00","og_image":[{"width":430,"height":323,"url":"https:\/\/clavreuil-wordpress.logiciel-arteo.fr\/wp-content\/uploads\/2025\/02\/anonyme-ordonnance-du-bureau-des-finances-de-la-generalite-de-paris-concernant-la-suppression-des-das-saillies-en-pierre-en-bois-pratiquees-67ab5914c7216-1.jpg","type":"image\/jpeg"}],"twitter_card":"summary_large_image","schema":{"@context":"https:\/\/schema.org","@graph":[{"@type":"WebPage","@id":"https:\/\/clavreuil-wordpress.logiciel-arteo.fr\/en\/anonyme-ordonnance-du-bureau-des-finances-de-la-generalite-de-paris-concernant-la-suppression-des-das-saillies-en-pierre-en-bois-pratiquees-le-long-des-maisons-de-la-rue-de-tournon-du-22-j\/","url":"https:\/\/clavreuil-wordpress.logiciel-arteo.fr\/en\/anonyme-ordonnance-du-bureau-des-finances-de-la-generalite-de-paris-concernant-la-suppression-des-das-saillies-en-pierre-en-bois-pratiquees-le-long-des-maisons-de-la-rue-de-tournon-du-22-j\/","name":"[ANONYME] Ordonnance du Bureau des Finances de la G\u00e9n\u00e9ralit\u00e9 de Paris, concernant la suppression des das saillies en pierre &amp; en bois, pratiqu\u00e9es le long des maisons de la rue de Tournon. Du 22 janvier 1783. - Libairie Clavreuil","isPartOf":{"@id":"https:\/\/clavreuil-wordpress.logiciel-arteo.fr\/#website"},"primaryImageOfPage":{"@id":"https:\/\/clavreuil-wordpress.logiciel-arteo.fr\/en\/anonyme-ordonnance-du-bureau-des-finances-de-la-generalite-de-paris-concernant-la-suppression-des-das-saillies-en-pierre-en-bois-pratiquees-le-long-des-maisons-de-la-rue-de-tournon-du-22-j\/#primaryimage"},"image":{"@id":"https:\/\/clavreuil-wordpress.logiciel-arteo.fr\/en\/anonyme-ordonnance-du-bureau-des-finances-de-la-generalite-de-paris-concernant-la-suppression-des-das-saillies-en-pierre-en-bois-pratiquees-le-long-des-maisons-de-la-rue-de-tournon-du-22-j\/#primaryimage"},"thumbnailUrl":"https:\/\/clavreuil-wordpress.logiciel-arteo.fr\/wp-content\/uploads\/2025\/02\/anonyme-ordonnance-du-bureau-des-finances-de-la-generalite-de-paris-concernant-la-suppression-des-das-saillies-en-pierre-en-bois-pratiquees-67ab5914c7216-1.jpg","datePublished":"2025-02-11T14:05:34+00:00","dateModified":"2025-02-11T14:05:56+00:00","breadcrumb":{"@id":"https:\/\/clavreuil-wordpress.logiciel-arteo.fr\/en\/anonyme-ordonnance-du-bureau-des-finances-de-la-generalite-de-paris-concernant-la-suppression-des-das-saillies-en-pierre-en-bois-pratiquees-le-long-des-maisons-de-la-rue-de-tournon-du-22-j\/#breadcrumb"},"inLanguage":"en-US","potentialAction":[{"@type":"ReadAction","target":["https:\/\/clavreuil-wordpress.logiciel-arteo.fr\/en\/anonyme-ordonnance-du-bureau-des-finances-de-la-generalite-de-paris-concernant-la-suppression-des-das-saillies-en-pierre-en-bois-pratiquees-le-long-des-maisons-de-la-rue-de-tournon-du-22-j\/"]}]},{"@type":"ImageObject","inLanguage":"en-US","@id":"https:\/\/clavreuil-wordpress.logiciel-arteo.fr\/en\/anonyme-ordonnance-du-bureau-des-finances-de-la-generalite-de-paris-concernant-la-suppression-des-das-saillies-en-pierre-en-bois-pratiquees-le-long-des-maisons-de-la-rue-de-tournon-du-22-j\/#primaryimage","url":"https:\/\/clavreuil-wordpress.logiciel-arteo.fr\/wp-content\/uploads\/2025\/02\/anonyme-ordonnance-du-bureau-des-finances-de-la-generalite-de-paris-concernant-la-suppression-des-das-saillies-en-pierre-en-bois-pratiquees-67ab5914c7216-1.jpg","contentUrl":"https:\/\/clavreuil-wordpress.logiciel-arteo.fr\/wp-content\/uploads\/2025\/02\/anonyme-ordonnance-du-bureau-des-finances-de-la-generalite-de-paris-concernant-la-suppression-des-das-saillies-en-pierre-en-bois-pratiquees-67ab5914c7216-1.jpg","width":430,"height":323},{"@type":"BreadcrumbList","@id":"https:\/\/clavreuil-wordpress.logiciel-arteo.fr\/en\/anonyme-ordonnance-du-bureau-des-finances-de-la-generalite-de-paris-concernant-la-suppression-des-das-saillies-en-pierre-en-bois-pratiquees-le-long-des-maisons-de-la-rue-de-tournon-du-22-j\/#breadcrumb","itemListElement":[{"@type":"ListItem","position":1,"name":"Accueil","item":"https:\/\/clavreuil-wordpress.logiciel-arteo.fr\/"},{"@type":"ListItem","position":2,"name":"All our books","item":"https:\/\/clavreuil-wordpress.logiciel-arteo.fr\/en\/all-our-books\/"},{"@type":"ListItem","position":3,"name":"[ANONYME] Ordonnance du Bureau des Finances de la..."}]},{"@type":"WebSite","@id":"https:\/\/clavreuil-wordpress.logiciel-arteo.fr\/#website","url":"https:\/\/clavreuil-wordpress.logiciel-arteo.fr\/","name":"Libairie Clavreuil","description":"","publisher":{"@id":"https:\/\/clavreuil-wordpress.logiciel-arteo.fr\/#organization"},"potentialAction":[{"@type":"SearchAction","target":{"@type":"EntryPoint","urlTemplate":"https:\/\/clavreuil-wordpress.logiciel-arteo.fr\/?s={search_term_string}"},"query-input":{"@type":"PropertyValueSpecification","valueRequired":true,"valueName":"search_term_string"}}],"inLanguage":"en-US"},{"@type":"Organization","@id":"https:\/\/clavreuil-wordpress.logiciel-arteo.fr\/#organization","name":"Libairie Clavreuil","url":"https:\/\/clavreuil-wordpress.logiciel-arteo.fr\/","logo":{"@type":"ImageObject","inLanguage":"en-US","@id":"https:\/\/clavreuil-wordpress.logiciel-arteo.fr\/#\/schema\/logo\/image\/","url":"https:\/\/clavreuil-wordpress.logiciel-arteo.fr\/wp-content\/uploads\/2021\/05\/LOGO_PNG_DATE-_gold.png","contentUrl":"https:\/\/clavreuil-wordpress.logiciel-arteo.fr\/wp-content\/uploads\/2021\/05\/LOGO_PNG_DATE-_gold.png","width":2083,"height":1917,"caption":"Libairie Clavreuil"},"image":{"@id":"https:\/\/clavreuil-wordpress.logiciel-arteo.fr\/#\/schema\/logo\/image\/"}}]}},"_links":{"self":[{"href":"https:\/\/clavreuil-wordpress.logiciel-arteo.fr\/en\/wp-json\/wp\/v2\/product\/77350","targetHints":{"allow":["GET"]}}],"collection":[{"href":"https:\/\/clavreuil-wordpress.logiciel-arteo.fr\/en\/wp-json\/wp\/v2\/product"}],"about":[{"href":"https:\/\/clavreuil-wordpress.logiciel-arteo.fr\/en\/wp-json\/wp\/v2\/types\/product"}],"replies":[{"embeddable":true,"href":"https:\/\/clavreuil-wordpress.logiciel-arteo.fr\/en\/wp-json\/wp\/v2\/comments?post=77350"}],"wp:featuredmedia":[{"embeddable":true,"href":"https:\/\/clavreuil-wordpress.logiciel-arteo.fr\/en\/wp-json\/wp\/v2\/media\/77348"}],"wp:attachment":[{"href":"https:\/\/clavreuil-wordpress.logiciel-arteo.fr\/en\/wp-json\/wp\/v2\/media?parent=77350"}],"wp:term":[{"taxonomy":"product_brand","embeddable":true,"href":"https:\/\/clavreuil-wordpress.logiciel-arteo.fr\/en\/wp-json\/wp\/v2\/product_brand?post=77350"},{"taxonomy":"product_cat","embeddable":true,"href":"https:\/\/clavreuil-wordpress.logiciel-arteo.fr\/en\/wp-json\/wp\/v2\/product_cat?post=77350"},{"taxonomy":"product_tag","embeddable":true,"href":"https:\/\/clavreuil-wordpress.logiciel-arteo.fr\/en\/wp-json\/wp\/v2\/product_tag?post=77350"}],"curies":[{"name":"wp","href":"https:\/\/api.w.org\/{rel}","templated":true}]}}